{"id":916,"date":"2015-01-05T17:44:23","date_gmt":"2015-01-05T17:44:23","guid":{"rendered":"http:\/\/magdaumer.pl\/home\/?page_id=916"},"modified":"2016-02-27T00:41:00","modified_gmt":"2016-02-27T00:41:00","slug":"jutro-warszawa","status":"publish","type":"page","link":"https:\/\/magdaumer.pl\/home\/spiewnik\/jutro-warszawa\/","title":{"rendered":"Jutro Warszawa"},"content":{"rendered":"<p><span style=\"font-family: verdana, geneva, sans-serif;\"><b><span style=\"color: #000080;\"><span style=\"font-size: large;\">Jutro Warszawa<\/span><\/span><br \/> <span style=\"color: #6699ff; font-size: small;\">(s\u0142. W. M\u0142ynarski, muz. J. Matuszkiewicz)<\/span><span style=\"color: #3399ff; font-size: small;\"><br \/> <\/span><br \/> <span style=\"color: #666666;\"><br \/> <\/span><\/b><span style=\"color: #333333;\">Te dziewczyny, co powstanie \u015bwi\u0119towa\u0142y<br \/> O swych czynach opowiada\u0107 nie umia\u0142y<br \/> Je\u015bli pad\u0142y, pad\u0142y cicho jak te k\u0142osy<br \/> Je\u015bli \u017cyj\u0105, wplot\u0105 kwiaty w jasne w\u0142osy<br \/> Te dziewczyny, co powstanie \u015bwi\u0119towa\u0142y<br \/> W tamte dni we w\u0142osy kwiat\u00f3w nie wplata\u0142y<br \/> Je\u015bli pad\u0142y, nosz\u0105 dzi\u015b imiona s\u0142awy<br \/> Je\u015bli \u017cyj\u0105, to powr\u00f3c\u0105 do Warszawy<\/span><\/span><\/p>\n<p><span style=\"color: #333333; font-family: verdana, geneva, sans-serif;\">Warszawa przecie\u017c jest tam gdzie by\u0142a, do niej idziemy<\/span><br \/><span style=\"color: #333333; font-family: verdana, geneva, sans-serif;\"> Wojna po \u015bwiecie nas rozrzuci\u0142a, lecz si\u0119 znajdziemy<\/span><br \/><span style=\"color: #333333; font-family: verdana, geneva, sans-serif;\"> Potem do ziemi si\u0119 pok\u0142onimy brukom rozdartym<\/span><br \/><span style=\"color: #333333; font-family: verdana, geneva, sans-serif;\"> I za\u015bpiewamy jak te dziewczyny w czterdziestym czwartym<\/span><br \/><span style=\"color: #333333; font-family: verdana, geneva, sans-serif;\"> \u017be jeszcze przyjdzie czas odbudowy, czas kochania<\/span><br \/><span style=\"color: #333333; font-family: verdana, geneva, sans-serif;\"> \u017be ludzie dumnie podnios\u0105 g\u0142owy, dzie\u0144 nowy wstanie<\/span><br \/><span style=\"color: #333333; font-family: verdana, geneva, sans-serif;\"> I \u015bwie\u017c\u0105 barw\u0105 si\u0119 zazieleni w \u0141azienkach trawa<\/span><br \/><span style=\"color: #333333; font-family: verdana, geneva, sans-serif;\"> Dzisiaj przed nami szmat obcej ziemi, jutro Warszawa<\/span><\/p>\n<p>&nbsp;<\/p>\n<audio class=\"wp-audio-shortcode\" id=\"audio-916-1\" preload=\"none\" style=\"width: 100%;\" controls=\"controls\"><source type=\"audio\/mpeg\" src=\"http:\/\/magdaumer.pl\/home\/wp-content\/uploads\/2014\/12\/jutrowarszawa.mp3?_=1\" \/><a href=\"http:\/\/magdaumer.pl\/home\/wp-content\/uploads\/2014\/12\/jutrowarszawa.mp3\">http:\/\/magdaumer.pl\/home\/wp-content\/uploads\/2014\/12\/jutrowarszawa.mp3<\/a><\/audio>\n<p>&nbsp;<\/p>\n","protected":false},"excerpt":{"rendered":"<p>Jutro Warszawa (s\u0142. W. M\u0142ynarski, muz. J. Matuszkiewicz) Te dziewczyny, co powstanie \u015bwi\u0119towa\u0142y O swych czynach opowiada\u0107 nie umia\u0142y Je\u015bli pad\u0142y, pad\u0142y cicho jak te k\u0142osy Je\u015bli \u017cyj\u0105, wplot\u0105 kwiaty w jasne w\u0142osy Te dziewczyny, co powstanie \u015bwi\u0119towa\u0142y W tamte dni we w\u0142osy kwiat\u00f3w nie wplata\u0142y Je\u015bli pad\u0142y, nosz\u0105 dzi\u015b imiona s\u0142awy Je\u015bli \u017cyj\u0105, to &hellip; <a href=\"https:\/\/magdaumer.pl\/home\/spiewnik\/jutro-warszawa\/\" class=\"more-link\">Czytaj dalej <span class=\"screen-reader-text\">Jutro Warszawa<\/span> <span class=\"meta-nav\">&rarr;<\/span><\/a><\/p>\n","protected":false},"author":1,"featured_media":0,"parent":29,"menu_order":42,"comment_status":"closed","ping_status":"closed","template":"","meta":{"footnotes":""},"class_list":["post-916","page","type-page","status-publish","hentry"],"_links":{"self":[{"href":"https:\/\/magdaumer.pl\/home\/wp-json\/wp\/v2\/pages\/916","targetHints":{"allow":["GET"]}}],"collection":[{"href":"https:\/\/magdaumer.pl\/home\/wp-json\/wp\/v2\/pages"}],"about":[{"href":"https:\/\/magdaumer.pl\/home\/wp-json\/wp\/v2\/types\/page"}],"author":[{"embeddable":true,"href":"https:\/\/magdaumer.pl\/home\/wp-json\/wp\/v2\/users\/1"}],"replies":[{"embeddable":true,"href":"https:\/\/magdaumer.pl\/home\/wp-json\/wp\/v2\/comments?post=916"}],"version-history":[{"count":4,"href":"https:\/\/magdaumer.pl\/home\/wp-json\/wp\/v2\/pages\/916\/revisions"}],"predecessor-version":[{"id":1909,"href":"https:\/\/magdaumer.pl\/home\/wp-json\/wp\/v2\/pages\/916\/revisions\/1909"}],"up":[{"embeddable":true,"href":"https:\/\/magdaumer.pl\/home\/wp-json\/wp\/v2\/pages\/29"}],"wp:attachment":[{"href":"https:\/\/magdaumer.pl\/home\/wp-json\/wp\/v2\/media?parent=916"}],"curies":[{"name":"wp","href":"https:\/\/api.w.org\/{rel}","templated":true}]}}