{"id":912,"date":"2015-01-05T17:43:22","date_gmt":"2015-01-05T17:43:22","guid":{"rendered":"http:\/\/magdaumer.pl\/home\/?page_id=912"},"modified":"2016-02-27T00:36:56","modified_gmt":"2016-02-27T00:36:56","slug":"jesli-myslisz","status":"publish","type":"page","link":"https:\/\/magdaumer.pl\/home\/spiewnik\/jesli-myslisz\/","title":{"rendered":"Je\u015bli my\u015blisz"},"content":{"rendered":"<p><span style=\"font-family: verdana, geneva, sans-serif;\"><b><span style=\"color: #000080; font-size: 14pt;\">Je\u015bli my\u015blisz<\/span><br \/> <span style=\"color: #6699ff; font-size: small;\">(s\u0142. A. Woyciechowski, muz. K. Knittel)<\/span><span style=\"color: #3399ff; font-size: small;\"><br \/> <\/span><br \/> <span style=\"color: #666666;\"><br \/> <\/span><\/b><span style=\"color: #333333;\">Jeste\u015b taki wiecznie zaj\u0119ty<br \/> Ci\u0105gle patrzysz w przeciwn\u0105 stron\u0119<br \/> Wiesz, \u017ce jedno twoje spojrzenie<br \/> To mi zwr\u00f3ci, co ju\u017c stracone<br \/> Ja mam tyle pustych wieczor\u00f3w<br \/> Wtork\u00f3w, pi\u0105tk\u00f3w i niedziel<br \/> Wi\u0119c chcia\u0142am ci\u0119 kiedy\u015b zobaczy\u0107<br \/> Chcia\u0142am ci kiedy\u015b powiedzie\u0107<\/span><\/span><\/p>\n<p><span style=\"color: #333333; font-family: verdana, geneva, sans-serif;\">Je\u015bli my\u015blisz, \u017ce ja ci\u0119 nie kocham to si\u0119 mylisz<\/span><br \/><span style=\"color: #333333; font-family: verdana, geneva, sans-serif;\"> Ja ci przecie\u017c to mog\u0119 w ka\u017cdej chwili<\/span><br \/><span style=\"color: #333333; font-family: verdana, geneva, sans-serif;\"> Wyszepta\u0107, wy\u015bpiewa\u0107, powiedzie\u0107 \u2013 jak wolisz<\/span><br \/><span style=\"color: #333333; font-family: verdana, geneva, sans-serif;\"> Tak szybko, w dw\u00f3ch s\u0142owach lub ca\u0142kiem powoli<\/span><br \/><span style=\"color: #333333; font-family: verdana, geneva, sans-serif;\"> Je\u015bli my\u015blisz, \u017ce ja ci\u0119 nie kocham \u2013 jeste\u015b w b\u0142\u0119dzie<\/span><br \/><span style=\"color: #333333; font-family: verdana, geneva, sans-serif;\"> Ja ci przecie\u017c to mog\u0119 zawsze, wsz\u0119dzie<\/span><\/p>\n<p><span style=\"color: #333333; font-family: verdana, geneva, sans-serif;\">A ty jeste\u015b taki uparty<\/span><br \/><span style=\"color: #333333; font-family: verdana, geneva, sans-serif;\"> Ci\u0105gle patrzysz w przeciwn\u0105 stron\u0119<\/span><br \/><span style=\"color: #333333; font-family: verdana, geneva, sans-serif;\"> Wiesz, \u017ce jedno twoje spojrzenie<\/span><br \/><span style=\"color: #333333; font-family: verdana, geneva, sans-serif;\"> To mi zwr\u00f3ci, co ju\u017c stracone<\/span><br \/><span style=\"color: #333333; font-family: verdana, geneva, sans-serif;\"> Ja mam do\u015b\u0107 pustych wieczor\u00f3w<\/span><br \/><span style=\"color: #333333; font-family: verdana, geneva, sans-serif;\"> Wtork\u00f3w, pi\u0105tk\u00f3w, niedziel<\/span><br \/><span style=\"color: #333333; font-family: verdana, geneva, sans-serif;\"> Chcia\u0142am ci\u0119 dzisiaj zobaczy\u0107<\/span><br \/><span style=\"color: #333333; font-family: verdana, geneva, sans-serif;\"> Chcia\u0142am ci w ko\u0144cu powiedzie\u0107<\/span><\/p>\n<p><span style=\"color: #333333; font-family: verdana, geneva, sans-serif;\">Je\u015bli my\u015blisz, \u017ce ja ci\u0119 nie kocham to nie wiesz<\/span><br \/><span style=\"color: #333333; font-family: verdana, geneva, sans-serif;\"> Ile tracisz przez takie my\u015blenie, ile tracisz<\/span><br \/><span style=\"color: #333333; font-family: verdana, geneva, sans-serif;\"> Wieczor\u00f3w przy \u015bwiecach i rank\u00f3w przy kawie<\/span><br \/><span style=\"color: #333333; font-family: verdana, geneva, sans-serif;\"> I zakl\u0119\u0107 tysi\u0119cy i marze\u0144 na jawie<\/span><br \/><span style=\"color: #333333; font-family: verdana, geneva, sans-serif;\"> Je\u015bli my\u015blisz, \u017ce ja ci\u0119 nie kocham \u2013 to p\u00f3\u0142 biedy<\/span><br \/><span style=\"color: #333333; font-family: verdana, geneva, sans-serif;\"> Ja ci przecie\u017c to powiem, tylko kiedy?<\/span><\/p>\n<p>&nbsp;<\/p>\n<audio class=\"wp-audio-shortcode\" id=\"audio-912-1\" preload=\"none\" style=\"width: 100%;\" controls=\"controls\"><source type=\"audio\/mpeg\" src=\"http:\/\/magdaumer.pl\/home\/wp-content\/uploads\/2014\/12\/jeslimyslisz.mp3?_=1\" \/><a href=\"http:\/\/magdaumer.pl\/home\/wp-content\/uploads\/2014\/12\/jeslimyslisz.mp3\">http:\/\/magdaumer.pl\/home\/wp-content\/uploads\/2014\/12\/jeslimyslisz.mp3<\/a><\/audio>\n","protected":false},"excerpt":{"rendered":"<p>Je\u015bli my\u015blisz (s\u0142. A. Woyciechowski, muz. K. Knittel) Jeste\u015b taki wiecznie zaj\u0119ty Ci\u0105gle patrzysz w przeciwn\u0105 stron\u0119 Wiesz, \u017ce jedno twoje spojrzenie To mi zwr\u00f3ci, co ju\u017c stracone Ja mam tyle pustych wieczor\u00f3w Wtork\u00f3w, pi\u0105tk\u00f3w i niedziel Wi\u0119c chcia\u0142am ci\u0119 kiedy\u015b zobaczy\u0107 Chcia\u0142am ci kiedy\u015b powiedzie\u0107 Je\u015bli my\u015blisz, \u017ce ja ci\u0119 nie kocham to si\u0119 &hellip; <a href=\"https:\/\/magdaumer.pl\/home\/spiewnik\/jesli-myslisz\/\" class=\"more-link\">Czytaj dalej <span class=\"screen-reader-text\">Je\u015bli my\u015blisz<\/span> <span class=\"meta-nav\">&rarr;<\/span><\/a><\/p>\n","protected":false},"author":1,"featured_media":0,"parent":29,"menu_order":40,"comment_status":"closed","ping_status":"closed","template":"","meta":{"footnotes":""},"class_list":["post-912","page","type-page","status-publish","hentry"],"_links":{"self":[{"href":"https:\/\/magdaumer.pl\/home\/wp-json\/wp\/v2\/pages\/912","targetHints":{"allow":["GET"]}}],"collection":[{"href":"https:\/\/magdaumer.pl\/home\/wp-json\/wp\/v2\/pages"}],"about":[{"href":"https:\/\/magdaumer.pl\/home\/wp-json\/wp\/v2\/types\/page"}],"author":[{"embeddable":true,"href":"https:\/\/magdaumer.pl\/home\/wp-json\/wp\/v2\/users\/1"}],"replies":[{"embeddable":true,"href":"https:\/\/magdaumer.pl\/home\/wp-json\/wp\/v2\/comments?post=912"}],"version-history":[{"count":4,"href":"https:\/\/magdaumer.pl\/home\/wp-json\/wp\/v2\/pages\/912\/revisions"}],"predecessor-version":[{"id":1906,"href":"https:\/\/magdaumer.pl\/home\/wp-json\/wp\/v2\/pages\/912\/revisions\/1906"}],"up":[{"embeddable":true,"href":"https:\/\/magdaumer.pl\/home\/wp-json\/wp\/v2\/pages\/29"}],"wp:attachment":[{"href":"https:\/\/magdaumer.pl\/home\/wp-json\/wp\/v2\/media?parent=912"}],"curies":[{"name":"wp","href":"https:\/\/api.w.org\/{rel}","templated":true}]}}