{"id":908,"date":"2015-01-05T17:42:27","date_gmt":"2015-01-05T17:42:27","guid":{"rendered":"http:\/\/magdaumer.pl\/home\/?page_id=908"},"modified":"2016-02-27T00:34:30","modified_gmt":"2016-02-27T00:34:30","slug":"jeszcze-poczekajmy","status":"publish","type":"page","link":"https:\/\/magdaumer.pl\/home\/spiewnik\/jeszcze-poczekajmy\/","title":{"rendered":"Jeszcze poczekajmy"},"content":{"rendered":"<p><span style=\"font-family: verdana, geneva, sans-serif;\"><b><span style=\"color: #000080; font-size: 14pt;\">Jeszcze poczekajmy<\/span><br \/> <span style=\"color: #6699ff; font-size: small;\">(s\u0142. B. Brok, muz. J. Wasowski)<\/span><span style=\"color: #3399ff; font-size: small;\"><br \/> <\/span><br \/> <span style=\"color: #666666;\"><br \/> <\/span><\/b><span style=\"color: #333333;\">O nas nie zaszumi wiatr ko\u0142ysaniem bz\u00f3w<br \/> O nas nie za\u015bpiewa ptak nie za\u015bpiewa ju\u017c<br \/> O nas powie kto\u015b ze smutkiem<br \/> Szkoda, \u017ce to szcz\u0119\u015bcie takie kr\u00f3tkie<\/span><\/span><\/p>\n<p><span style=\"color: #333333; font-family: verdana, geneva, sans-serif;\">Jeszcze poczekajmy jeszcze si\u0119 nie spieszmy<\/span><br \/><span style=\"color: #333333; font-family: verdana, geneva, sans-serif;\"> Smutkom si\u0119 nie dajmy zwie\u015b\u0107<\/span><br \/><span style=\"color: #333333; font-family: verdana, geneva, sans-serif;\"> Roz\u017calonym naszym sercom nie wierzmy<\/span><br \/><span style=\"color: #333333; font-family: verdana, geneva, sans-serif;\"> Jeszcze poczekajmy jeszcze si\u0119 nie spieszmy<\/span><br \/><span style=\"color: #333333; font-family: verdana, geneva, sans-serif;\"> Mo\u017cna jeszcze tyle znie\u015b\u0107<\/span><br \/><span style=\"color: #333333; font-family: verdana, geneva, sans-serif;\"> Tylko w nasz\u0105 mi\u0142o\u015b\u0107 zn\u00f3w uwierzmy<\/span><br \/><span style=\"color: #333333; font-family: verdana, geneva, sans-serif;\"> Nauczy\u0142o si\u0119 serce serca twego bicia<\/span><br \/><span style=\"color: #333333; font-family: verdana, geneva, sans-serif;\"> Tylko ju\u017c tak chce bi\u0107<\/span><br \/><span style=\"color: #333333; font-family: verdana, geneva, sans-serif;\"> I nie trzeba mu \u017cycia<\/span><br \/><span style=\"color: #333333; font-family: verdana, geneva, sans-serif;\"> Je\u015bli nie dla Ciebie \u017cy\u0107<\/span><\/p>\n<p><span style=\"color: #333333; font-family: verdana, geneva, sans-serif;\">Jeszcze poczekajmy jeszcze si\u0119 nie spieszmy<\/span><br \/><span style=\"color: #333333; font-family: verdana, geneva, sans-serif;\"> Jeszcze mi\u0142y p\u00f3ki czas<\/span><br \/><span style=\"color: #333333; font-family: verdana, geneva, sans-serif;\"> Mi\u0142o\u015bci naszej jeszcze raz uwierzmy<\/span><\/p>\n<p><span style=\"color: #333333; font-family: verdana, geneva, sans-serif;\">Do nas, do nas znowu \u015bmia\u0142by si\u0119 ca\u0142y \u015bwiat<\/span><br \/><span style=\"color: #333333; font-family: verdana, geneva, sans-serif;\"> Dla nas ko\u0142ysaniem drzew szumia\u0142by zn\u00f3w wiatr<\/span><br \/><span style=\"color: #333333; font-family: verdana, geneva, sans-serif;\"> O nas, \u017ce my zn\u00f3w ze sob\u0105<\/span><br \/><span style=\"color: #333333; font-family: verdana, geneva, sans-serif;\"> \u017be si\u0119 spe\u0142nia szcz\u0119\u015bcie moje z Tob\u0105<\/span><\/p>\n<p><span style=\"color: #333333; font-family: verdana, geneva, sans-serif;\">Jeszcze poczekajmy jeszcze si\u0119 nie spieszmy<\/span><br \/><span style=\"color: #333333; font-family: verdana, geneva, sans-serif;\"> Smutkom si\u0119 nie dajmy zwie\u015b\u0107<\/span><br \/><span style=\"color: #333333; font-family: verdana, geneva, sans-serif;\"> Roz\u017calonym naszym sercom nie wierzmy<\/span><br \/><span style=\"color: #333333; font-family: verdana, geneva, sans-serif;\"> Jeszcze poczekajmy jeszcze si\u0119 nie spieszmy<\/span><br \/><span style=\"color: #333333; font-family: verdana, geneva, sans-serif;\"> Mo\u017cna jeszcze tyle znie\u015b\u0107<\/span><br \/><span style=\"color: #333333; font-family: verdana, geneva, sans-serif;\"> Tylko w nasz\u0105 mi\u0142o\u015b\u0107 zn\u00f3w uwierzmy<\/span><br \/><span style=\"color: #333333; font-family: verdana, geneva, sans-serif;\"> Nauczy\u0142o si\u0119 serce serca twego bicia<\/span><br \/><span style=\"color: #333333; font-family: verdana, geneva, sans-serif;\"> Tylko ju\u017c tak chce bi\u0107<\/span><br \/><span style=\"color: #333333; font-family: verdana, geneva, sans-serif;\"> I nie trzeba mu \u017cycia<\/span><br \/><span style=\"color: #333333; font-family: verdana, geneva, sans-serif;\"> Je\u015bli nie dla Ciebie \u017cy\u0107<\/span><\/p>\n<p><span style=\"color: #333333; font-family: verdana, geneva, sans-serif;\">Jeszcze poczekajmy jeszcze si\u0119 nie spieszmy<\/span><br \/><span style=\"color: #333333; font-family: verdana, geneva, sans-serif;\"> Jeszcze mi\u0142y p\u00f3ki czas<\/span><br \/><span style=\"color: #333333; font-family: verdana, geneva, sans-serif;\"> Mi\u0142o\u015bci naszej jeszcze raz uwierzmy<\/span><br \/><span style=\"color: #333333; font-family: verdana, geneva, sans-serif;\"> Mi\u0142o\u015bci naszej jeszcze raz uwierzmy<\/span><\/p>\n<p>&nbsp;<\/p>\n<audio class=\"wp-audio-shortcode\" id=\"audio-908-1\" preload=\"none\" style=\"width: 100%;\" controls=\"controls\"><source type=\"audio\/mpeg\" src=\"http:\/\/magdaumer.pl\/home\/wp-content\/uploads\/2014\/12\/jeszczepoczekajmy.mp3?_=1\" \/><a href=\"http:\/\/magdaumer.pl\/home\/wp-content\/uploads\/2014\/12\/jeszczepoczekajmy.mp3\">http:\/\/magdaumer.pl\/home\/wp-content\/uploads\/2014\/12\/jeszczepoczekajmy.mp3<\/a><\/audio>\n<p>&nbsp;<\/p>\n","protected":false},"excerpt":{"rendered":"<p>Jeszcze poczekajmy (s\u0142. B. Brok, muz. J. Wasowski) O nas nie zaszumi wiatr ko\u0142ysaniem bz\u00f3w O nas nie za\u015bpiewa ptak nie za\u015bpiewa ju\u017c O nas powie kto\u015b ze smutkiem Szkoda, \u017ce to szcz\u0119\u015bcie takie kr\u00f3tkie Jeszcze poczekajmy jeszcze si\u0119 nie spieszmy Smutkom si\u0119 nie dajmy zwie\u015b\u0107 Roz\u017calonym naszym sercom nie wierzmy Jeszcze poczekajmy jeszcze si\u0119 &hellip; <a href=\"https:\/\/magdaumer.pl\/home\/spiewnik\/jeszcze-poczekajmy\/\" class=\"more-link\">Czytaj dalej <span class=\"screen-reader-text\">Jeszcze poczekajmy<\/span> <span class=\"meta-nav\">&rarr;<\/span><\/a><\/p>\n","protected":false},"author":1,"featured_media":0,"parent":29,"menu_order":38,"comment_status":"closed","ping_status":"closed","template":"","meta":{"footnotes":""},"class_list":["post-908","page","type-page","status-publish","hentry"],"_links":{"self":[{"href":"https:\/\/magdaumer.pl\/home\/wp-json\/wp\/v2\/pages\/908","targetHints":{"allow":["GET"]}}],"collection":[{"href":"https:\/\/magdaumer.pl\/home\/wp-json\/wp\/v2\/pages"}],"about":[{"href":"https:\/\/magdaumer.pl\/home\/wp-json\/wp\/v2\/types\/page"}],"author":[{"embeddable":true,"href":"https:\/\/magdaumer.pl\/home\/wp-json\/wp\/v2\/users\/1"}],"replies":[{"embeddable":true,"href":"https:\/\/magdaumer.pl\/home\/wp-json\/wp\/v2\/comments?post=908"}],"version-history":[{"count":3,"href":"https:\/\/magdaumer.pl\/home\/wp-json\/wp\/v2\/pages\/908\/revisions"}],"predecessor-version":[{"id":1904,"href":"https:\/\/magdaumer.pl\/home\/wp-json\/wp\/v2\/pages\/908\/revisions\/1904"}],"up":[{"embeddable":true,"href":"https:\/\/magdaumer.pl\/home\/wp-json\/wp\/v2\/pages\/29"}],"wp:attachment":[{"href":"https:\/\/magdaumer.pl\/home\/wp-json\/wp\/v2\/media?parent=908"}],"curies":[{"name":"wp","href":"https:\/\/api.w.org\/{rel}","templated":true}]}}