{"id":894,"date":"2015-01-05T17:24:58","date_gmt":"2015-01-05T17:24:58","guid":{"rendered":"http:\/\/magdaumer.pl\/home\/?page_id=894"},"modified":"2016-02-27T00:26:33","modified_gmt":"2016-02-27T00:26:33","slug":"jak-zatrzymac-chwile-te","status":"publish","type":"page","link":"https:\/\/magdaumer.pl\/home\/spiewnik\/jak-zatrzymac-chwile-te\/","title":{"rendered":"Jak zatrzyma\u0107 chwil\u0119 t\u0119"},"content":{"rendered":"<p><span style=\"font-family: verdana, geneva, sans-serif;\"><b><span style=\"color: #000080; font-size: 14pt;\">Jak zatrzyma\u0107 chwil\u0119 t\u0119<\/span><br \/> <span style=\"color: #6699ff; font-size: small;\">(s\u0142. J. Przybora, muz. J. Wasowski)<\/span><span style=\"color: #3399ff; font-size: small;\"><br \/> <\/span><br \/> <span style=\"color: #666666;\"><br \/> <\/span><\/b><span style=\"color: #333333;\">Jak zatrzyma\u0107 t\u0119 chwil\u0119 jesienn\u0105<br \/> plam\u0119 s\u0142o\u0144ca na s\u0142ot d\u0142ugim pa\u015bmie<br \/> te ostatnie motyle przede mn\u0105<br \/> na tej r\u00f3\u017cy ostatniej, co ga\u015bnie?<br \/> Jak? Jak?<br \/> Jak zatrzyma\u0107 chwil\u0119 t\u0119?<br \/> Jak jej nie da\u0107 odej\u015b\u0107 w mg\u0142\u0119?<br \/> Jak jej nie da\u0107 odej\u015b\u0107 w mg\u0142\u0119?<br \/> W mg\u0142\u0119?<\/span><\/span><\/p>\n<p><span style=\"color: #333333; font-family: verdana, geneva, sans-serif;\">Jak zatrzyma\u0107 ten zegar w p\u00f3\u0142 kroku<\/span><br \/><span style=\"color: #333333; font-family: verdana, geneva, sans-serif;\"> co mu jest cichym \u015bwierszcz sekundnikiem?<\/span><br \/><span style=\"color: #333333; font-family: verdana, geneva, sans-serif;\"> Jak zatrzyma\u0107 ten po\u015bpiech ob\u0142ok\u00f3w<\/span><br \/><span style=\"color: #333333; font-family: verdana, geneva, sans-serif;\"> i ten wyraz twych oczu, nim zniknie?<\/span><br \/><span style=\"color: #333333; font-family: verdana, geneva, sans-serif;\"> Jak? Jak?<\/span><br \/><span style=\"color: #333333; font-family: verdana, geneva, sans-serif;\"> Jak zatrzyma\u0107 wszystko to?<\/span><br \/><span style=\"color: #333333; font-family: verdana, geneva, sans-serif;\"> Nie da\u0107, \u017ceby zasz\u0142o mg\u0142\u0105<\/span><br \/><span style=\"color: #333333; font-family: verdana, geneva, sans-serif;\"> nie da\u0107, \u017ceby zasz\u0142o mg\u0142\u0105<\/span><br \/><span style=\"color: #333333; font-family: verdana, geneva, sans-serif;\"> mg\u0142\u0105?<\/span><\/p>\n<p><span style=\"color: #333333; font-family: verdana, geneva, sans-serif;\">Jak zapobiec odej\u015bciu tej chwili<\/span><br \/><span style=\"color: #333333; font-family: verdana, geneva, sans-serif;\"> kt\u00f3ra z odej\u015b\u0107 si\u0119 sk\u0142ada a\u017c tylu?<\/span><br \/><span style=\"color: #333333; font-family: verdana, geneva, sans-serif;\"> Chyba tylko t\u0119 furtk\u0119 uchyli\u0107<\/span><br \/><span style=\"color: #333333; font-family: verdana, geneva, sans-serif;\"> i przez furtk\u0119 t\u0119 odej\u015b\u0107 z t\u0105 chwil\u0105<\/span><br \/><span style=\"color: #333333; font-family: verdana, geneva, sans-serif;\"> Tak, tak<\/span><br \/><span style=\"color: #333333; font-family: verdana, geneva, sans-serif;\"> wraz z jesienn\u0105 chwil\u0105 t\u0105<\/span><br \/><span style=\"color: #333333; font-family: verdana, geneva, sans-serif;\"> odej\u015b\u0107, zasnu\u0107 siebie mg\u0142\u0105<\/span><br \/><span style=\"color: #333333; font-family: verdana, geneva, sans-serif;\"> odej\u015b\u0107, zasnu\u0107 siebie mg\u0142\u0105<\/span><br \/><span style=\"color: #333333; font-family: verdana, geneva, sans-serif;\"> mg\u0142\u0105<\/span><\/p>\n<p>&nbsp;<\/p>\n<audio class=\"wp-audio-shortcode\" id=\"audio-894-1\" preload=\"none\" style=\"width: 100%;\" controls=\"controls\"><source type=\"audio\/mpeg\" src=\"http:\/\/magdaumer.pl\/home\/wp-content\/uploads\/2014\/12\/jakzatrzymacchwilete.mp3?_=1\" \/><a href=\"http:\/\/magdaumer.pl\/home\/wp-content\/uploads\/2014\/12\/jakzatrzymacchwilete.mp3\">http:\/\/magdaumer.pl\/home\/wp-content\/uploads\/2014\/12\/jakzatrzymacchwilete.mp3<\/a><\/audio>\n","protected":false},"excerpt":{"rendered":"<p>Jak zatrzyma\u0107 chwil\u0119 t\u0119 (s\u0142. J. Przybora, muz. J. Wasowski) Jak zatrzyma\u0107 t\u0119 chwil\u0119 jesienn\u0105 plam\u0119 s\u0142o\u0144ca na s\u0142ot d\u0142ugim pa\u015bmie te ostatnie motyle przede mn\u0105 na tej r\u00f3\u017cy ostatniej, co ga\u015bnie? Jak? Jak? Jak zatrzyma\u0107 chwil\u0119 t\u0119? Jak jej nie da\u0107 odej\u015b\u0107 w mg\u0142\u0119? Jak jej nie da\u0107 odej\u015b\u0107 w mg\u0142\u0119? W mg\u0142\u0119? Jak &hellip; <a href=\"https:\/\/magdaumer.pl\/home\/spiewnik\/jak-zatrzymac-chwile-te\/\" class=\"more-link\">Czytaj dalej <span class=\"screen-reader-text\">Jak zatrzyma\u0107 chwil\u0119 t\u0119<\/span> <span class=\"meta-nav\">&rarr;<\/span><\/a><\/p>\n","protected":false},"author":1,"featured_media":0,"parent":29,"menu_order":31,"comment_status":"closed","ping_status":"closed","template":"","meta":{"footnotes":""},"class_list":["post-894","page","type-page","status-publish","hentry"],"_links":{"self":[{"href":"https:\/\/magdaumer.pl\/home\/wp-json\/wp\/v2\/pages\/894","targetHints":{"allow":["GET"]}}],"collection":[{"href":"https:\/\/magdaumer.pl\/home\/wp-json\/wp\/v2\/pages"}],"about":[{"href":"https:\/\/magdaumer.pl\/home\/wp-json\/wp\/v2\/types\/page"}],"author":[{"embeddable":true,"href":"https:\/\/magdaumer.pl\/home\/wp-json\/wp\/v2\/users\/1"}],"replies":[{"embeddable":true,"href":"https:\/\/magdaumer.pl\/home\/wp-json\/wp\/v2\/comments?post=894"}],"version-history":[{"count":3,"href":"https:\/\/magdaumer.pl\/home\/wp-json\/wp\/v2\/pages\/894\/revisions"}],"predecessor-version":[{"id":1896,"href":"https:\/\/magdaumer.pl\/home\/wp-json\/wp\/v2\/pages\/894\/revisions\/1896"}],"up":[{"embeddable":true,"href":"https:\/\/magdaumer.pl\/home\/wp-json\/wp\/v2\/pages\/29"}],"wp:attachment":[{"href":"https:\/\/magdaumer.pl\/home\/wp-json\/wp\/v2\/media?parent=894"}],"curies":[{"name":"wp","href":"https:\/\/api.w.org\/{rel}","templated":true}]}}