{"id":888,"date":"2015-01-05T14:25:36","date_gmt":"2015-01-05T14:25:36","guid":{"rendered":"http:\/\/magdaumer.pl\/home\/?page_id=888"},"modified":"2016-02-27T00:23:47","modified_gmt":"2016-02-27T00:23:47","slug":"ja-pana-z-soba-zabiore","status":"publish","type":"page","link":"https:\/\/magdaumer.pl\/home\/spiewnik\/ja-pana-z-soba-zabiore\/","title":{"rendered":"Ja pana z sob\u0105 zabior\u0119"},"content":{"rendered":"<p><span style=\"font-family: verdana, geneva, sans-serif;\"><b><span style=\"color: #666666;\"><span style=\"color: #000080; font-size: 14pt;\">Ja pana z sob\u0105 zabior\u0119<\/span><br \/> <span style=\"color: #6699ff; font-size: small;\">(s\u0142. J. Przybora, muz. J. Wasowski)<\/span><span style=\"color: #3399ff; font-size: small;\"><br \/> <\/span><br \/> <span style=\"color: #666666;\"><br \/> <\/span><\/span><\/b><span style=\"color: #333333;\">Ja pana z sob\u0105 zabior\u0119<br \/> W nieznan\u0105 podr\u00f3\u017c dalek\u0105<br \/> Sympatia moim wyborem<br \/> Powodowa\u0142a poniek\u0105d<br \/> Na towarzysza podr\u00f3\u017cy<br \/> Przewidzia\u0142 pana m\u00f3j plan<br \/> Nie b\u0119dzie panu si\u0119 d\u0142u\u017cy\u0107<br \/> Nie po\u017ca\u0142uje pan!<\/span><\/span><\/p>\n<p><span style=\"color: #333333; font-family: verdana, geneva, sans-serif;\">Pomkniemy tras\u0105 przecudn\u0105<\/span><br \/><span style=\"color: #333333; font-family: verdana, geneva, sans-serif;\"> Widok\u00f3w, przyg\u00f3d i zjawisk<\/span><br \/><span style=\"color: #333333; font-family: verdana, geneva, sans-serif;\"> Gdy troszk\u0119 b\u0119dzie nam nudno<\/span><br \/><span style=\"color: #333333; font-family: verdana, geneva, sans-serif;\"> To wtedy czym\u015b si\u0119 rozbawim<\/span><br \/><span style=\"color: #333333; font-family: verdana, geneva, sans-serif;\"> A gdyby wspomnie\u0144 z\u0142e duchy<\/span><br \/><span style=\"color: #333333; font-family: verdana, geneva, sans-serif;\"> W niedobry pchn\u0119\u0142y nas stan<\/span><br \/><span style=\"color: #333333; font-family: verdana, geneva, sans-serif;\"> Dodamy sobie otuchy<\/span><br \/><span style=\"color: #333333; font-family: verdana, geneva, sans-serif;\"> Nie po\u017ca\u0142uje pan! Nie po\u017ca\u0142uje pan!<\/span><br \/><span style=\"color: #333333; font-family: verdana, geneva, sans-serif;\"> Nie po\u017ca\u0142uje pan! O nie!<\/span><\/p>\n<p><span style=\"color: #333333; font-family: verdana, geneva, sans-serif;\">Ja pana w podr\u00f3\u017c wzi\u0105\u0107 pragn\u0119<\/span><br \/><span style=\"color: #333333; font-family: verdana, geneva, sans-serif;\"> Pan czemu waha si\u0119 przeto?<\/span><br \/><span style=\"color: #333333; font-family: verdana, geneva, sans-serif;\"> To chyba raczej jest \u0142adne<\/span><br \/><span style=\"color: #333333; font-family: verdana, geneva, sans-serif;\"> Wyjecha\u0107 z mi\u0142\u0105 kobiet\u0105?<\/span><br \/><span style=\"color: #333333; font-family: verdana, geneva, sans-serif;\"> Podr\u00f3\u017cy takiej na pewno<\/span><br \/><span style=\"color: #333333; font-family: verdana, geneva, sans-serif;\"> I krajobrazu w niej zmian<\/span><br \/><span style=\"color: #333333; font-family: verdana, geneva, sans-serif;\"> Doznaj\u0105c rzeczy tych ze mn\u0105<\/span><br \/><span style=\"color: #333333; font-family: verdana, geneva, sans-serif;\"> Nie po\u017ca\u0142uje pan!<\/span><\/p>\n<p><span style=\"color: #333333; font-family: verdana, geneva, sans-serif;\">A kiedy cel osi\u0105gniemy<\/span><br \/><span style=\"color: #333333; font-family: verdana, geneva, sans-serif;\"> Po trasy czarach tak wielu<\/span><br \/><span style=\"color: #333333; font-family: verdana, geneva, sans-serif;\"> Okaza\u0107 mo\u017ce si\u0119, \u017ce my<\/span><br \/><span style=\"color: #333333; font-family: verdana, geneva, sans-serif;\"> Podr\u00f3\u017cujemy bez celu<\/span><br \/><span style=\"color: #333333; font-family: verdana, geneva, sans-serif;\"> W podr\u00f3\u017cy samej jest jednak<\/span><br \/><span style=\"color: #333333; font-family: verdana, geneva, sans-serif;\"> Cel pi\u0119kny te\u017c w sobie sam<\/span><br \/><span style=\"color: #333333; font-family: verdana, geneva, sans-serif;\"> Niech pan si\u0119 dla niej da zjedna\u0107<\/span><br \/><span style=\"color: #333333; font-family: verdana, geneva, sans-serif;\"> nie po\u017ca\u0142uje pan! Nie po\u017ca\u0142uje pan!<\/span><br \/><span style=\"color: #333333; font-family: verdana, geneva, sans-serif;\"> Nie po\u017ca\u0142uje pan! O, nie!<\/span><\/p>\n<p>&nbsp;<\/p>\n<audio class=\"wp-audio-shortcode\" id=\"audio-888-1\" preload=\"none\" style=\"width: 100%;\" controls=\"controls\"><source type=\"audio\/mpeg\" src=\"http:\/\/magdaumer.pl\/home\/wp-content\/uploads\/2014\/12\/japanazsobazabiore.mp3?_=1\" \/><a href=\"http:\/\/magdaumer.pl\/home\/wp-content\/uploads\/2014\/12\/japanazsobazabiore.mp3\">http:\/\/magdaumer.pl\/home\/wp-content\/uploads\/2014\/12\/japanazsobazabiore.mp3<\/a><\/audio>\n","protected":false},"excerpt":{"rendered":"<p>Ja pana z sob\u0105 zabior\u0119 (s\u0142. J. Przybora, muz. J. Wasowski) Ja pana z sob\u0105 zabior\u0119 W nieznan\u0105 podr\u00f3\u017c dalek\u0105 Sympatia moim wyborem Powodowa\u0142a poniek\u0105d Na towarzysza podr\u00f3\u017cy Przewidzia\u0142 pana m\u00f3j plan Nie b\u0119dzie panu si\u0119 d\u0142u\u017cy\u0107 Nie po\u017ca\u0142uje pan! Pomkniemy tras\u0105 przecudn\u0105 Widok\u00f3w, przyg\u00f3d i zjawisk Gdy troszk\u0119 b\u0119dzie nam nudno To wtedy czym\u015b &hellip; <a href=\"https:\/\/magdaumer.pl\/home\/spiewnik\/ja-pana-z-soba-zabiore\/\" class=\"more-link\">Czytaj dalej <span class=\"screen-reader-text\">Ja pana z sob\u0105 zabior\u0119<\/span> <span class=\"meta-nav\">&rarr;<\/span><\/a><\/p>\n","protected":false},"author":1,"featured_media":0,"parent":29,"menu_order":29,"comment_status":"closed","ping_status":"closed","template":"","meta":{"footnotes":""},"class_list":["post-888","page","type-page","status-publish","hentry"],"_links":{"self":[{"href":"https:\/\/magdaumer.pl\/home\/wp-json\/wp\/v2\/pages\/888","targetHints":{"allow":["GET"]}}],"collection":[{"href":"https:\/\/magdaumer.pl\/home\/wp-json\/wp\/v2\/pages"}],"about":[{"href":"https:\/\/magdaumer.pl\/home\/wp-json\/wp\/v2\/types\/page"}],"author":[{"embeddable":true,"href":"https:\/\/magdaumer.pl\/home\/wp-json\/wp\/v2\/users\/1"}],"replies":[{"embeddable":true,"href":"https:\/\/magdaumer.pl\/home\/wp-json\/wp\/v2\/comments?post=888"}],"version-history":[{"count":5,"href":"https:\/\/magdaumer.pl\/home\/wp-json\/wp\/v2\/pages\/888\/revisions"}],"predecessor-version":[{"id":1894,"href":"https:\/\/magdaumer.pl\/home\/wp-json\/wp\/v2\/pages\/888\/revisions\/1894"}],"up":[{"embeddable":true,"href":"https:\/\/magdaumer.pl\/home\/wp-json\/wp\/v2\/pages\/29"}],"wp:attachment":[{"href":"https:\/\/magdaumer.pl\/home\/wp-json\/wp\/v2\/media?parent=888"}],"curies":[{"name":"wp","href":"https:\/\/api.w.org\/{rel}","templated":true}]}}