{"id":763,"date":"2014-12-18T10:46:44","date_gmt":"2014-12-18T10:46:44","guid":{"rendered":"http:\/\/magdaumer.pl\/home\/?page_id=763"},"modified":"2016-02-27T00:02:12","modified_gmt":"2016-02-27T00:02:12","slug":"763-2","status":"publish","type":"page","link":"https:\/\/magdaumer.pl\/home\/spiewnik\/763-2\/","title":{"rendered":"Dorotka"},"content":{"rendered":"<p><span style=\"font-family: verdana, geneva, sans-serif;\"><b><span style=\"color: #000080; font-size: 14pt;\">Dorotka<\/span><br \/> <span style=\"color: #6699ff; font-size: small;\">(s\u0142. J. Porazi\u0144ska, melodia tradycyjna)<\/span><span style=\"color: #3399ff; font-size: small;\"><br \/> <\/span><br \/> <span style=\"color: #666666;\"><br \/> <\/span><\/b><span style=\"color: #333333;\">Ta Dorotka, ta malusia, ta malusia<br \/> ta\u0144cowa\u0142a dokolusia, dokolusia<br \/> ta\u0144cowa\u0142a rann\u0105 ros\u0105, rann\u0105 ros\u0105<br \/> i tupa\u0142a n\u00f3\u017ck\u0105 bos\u0105, n\u00f3\u017ck\u0105 bos\u0105<\/span><\/span><\/p>\n<p><span style=\"color: #333333; font-family: verdana, geneva, sans-serif;\">Ta Dorotka, ta malusia, ta malusia<\/span><br \/><span style=\"color: #333333; font-family: verdana, geneva, sans-serif;\"> ta\u0144cowa\u0142a dokolusia, dokolusia<\/span><br \/><span style=\"color: #333333; font-family: verdana, geneva, sans-serif;\"> ta\u0144cowa\u0142a i w po\u0142udnie, i w po\u0142udnie<\/span><br \/><span style=\"color: #333333; font-family: verdana, geneva, sans-serif;\"> kiedy s\u0142onko grza\u0142o cudnie, grza\u0142o cudnie<\/span><\/p>\n<p><span style=\"color: #333333; font-family: verdana, geneva, sans-serif;\">Ta Dorotka, ta malusia, ta malusia<\/span><br \/><span style=\"color: #333333; font-family: verdana, geneva, sans-serif;\"> ta\u0144cowa\u0142a dokolusia, dokolusia<\/span><br \/><span style=\"color: #333333; font-family: verdana, geneva, sans-serif;\"> ta\u0144cowa\u0142a i z wieczora, i z wieczora<\/span><br \/><span style=\"color: #333333; font-family: verdana, geneva, sans-serif;\"> gdy sz\u0142o s\u0142onko do jeziora, do jeziora<\/span><\/p>\n<p><span style=\"color: #333333; font-family: verdana, geneva, sans-serif;\">Teraz \u015bpi ju\u017c w kolebusi, w kolebusi<\/span><br \/><span style=\"color: #333333; font-family: verdana, geneva, sans-serif;\"> na r\u00f3\u017cowej, na podusi, na podusi<\/span><br \/><span style=\"color: #333333; font-family: verdana, geneva, sans-serif;\"> Chodzi Senek ko\u0142o p\u0142otka, ko\u0142o p\u0142otka:<\/span><br \/><span style=\"color: #333333; font-family: verdana, geneva, sans-serif;\"> &#8222;Cicho, bo tam \u015bpi Dorotka, \u015bpi Dorotka&#8230;&#8221;<\/span><\/p>\n<p>&nbsp;<\/p>\n<audio class=\"wp-audio-shortcode\" id=\"audio-763-1\" preload=\"none\" style=\"width: 100%;\" controls=\"controls\"><source type=\"audio\/mpeg\" src=\"http:\/\/magdaumer.pl\/home\/wp-content\/uploads\/2014\/12\/dorotka.mp3?_=1\" \/><a href=\"http:\/\/magdaumer.pl\/home\/wp-content\/uploads\/2014\/12\/dorotka.mp3\">http:\/\/magdaumer.pl\/home\/wp-content\/uploads\/2014\/12\/dorotka.mp3<\/a><\/audio>\n","protected":false},"excerpt":{"rendered":"<p>Dorotka (s\u0142. J. Porazi\u0144ska, melodia tradycyjna) Ta Dorotka, ta malusia, ta malusia ta\u0144cowa\u0142a dokolusia, dokolusia ta\u0144cowa\u0142a rann\u0105 ros\u0105, rann\u0105 ros\u0105 i tupa\u0142a n\u00f3\u017ck\u0105 bos\u0105, n\u00f3\u017ck\u0105 bos\u0105 Ta Dorotka, ta malusia, ta malusia ta\u0144cowa\u0142a dokolusia, dokolusia ta\u0144cowa\u0142a i w po\u0142udnie, i w po\u0142udnie kiedy s\u0142onko grza\u0142o cudnie, grza\u0142o cudnie Ta Dorotka, ta malusia, ta malusia ta\u0144cowa\u0142a &hellip; <a href=\"https:\/\/magdaumer.pl\/home\/spiewnik\/763-2\/\" class=\"more-link\">Czytaj dalej <span class=\"screen-reader-text\">Dorotka<\/span> <span class=\"meta-nav\">&rarr;<\/span><\/a><\/p>\n","protected":false},"author":1,"featured_media":0,"parent":29,"menu_order":19,"comment_status":"closed","ping_status":"closed","template":"","meta":{"footnotes":""},"class_list":["post-763","page","type-page","status-publish","hentry"],"_links":{"self":[{"href":"https:\/\/magdaumer.pl\/home\/wp-json\/wp\/v2\/pages\/763","targetHints":{"allow":["GET"]}}],"collection":[{"href":"https:\/\/magdaumer.pl\/home\/wp-json\/wp\/v2\/pages"}],"about":[{"href":"https:\/\/magdaumer.pl\/home\/wp-json\/wp\/v2\/types\/page"}],"author":[{"embeddable":true,"href":"https:\/\/magdaumer.pl\/home\/wp-json\/wp\/v2\/users\/1"}],"replies":[{"embeddable":true,"href":"https:\/\/magdaumer.pl\/home\/wp-json\/wp\/v2\/comments?post=763"}],"version-history":[{"count":6,"href":"https:\/\/magdaumer.pl\/home\/wp-json\/wp\/v2\/pages\/763\/revisions"}],"predecessor-version":[{"id":1877,"href":"https:\/\/magdaumer.pl\/home\/wp-json\/wp\/v2\/pages\/763\/revisions\/1877"}],"up":[{"embeddable":true,"href":"https:\/\/magdaumer.pl\/home\/wp-json\/wp\/v2\/pages\/29"}],"wp:attachment":[{"href":"https:\/\/magdaumer.pl\/home\/wp-json\/wp\/v2\/media?parent=763"}],"curies":[{"name":"wp","href":"https:\/\/api.w.org\/{rel}","templated":true}]}}