{"id":760,"date":"2014-12-18T10:44:48","date_gmt":"2014-12-18T10:44:48","guid":{"rendered":"http:\/\/magdaumer.pl\/home\/?page_id=760"},"modified":"2016-03-02T18:58:40","modified_gmt":"2016-03-02T18:58:40","slug":"deszcz","status":"publish","type":"page","link":"https:\/\/magdaumer.pl\/home\/spiewnik\/deszcz\/","title":{"rendered":"Deszcz"},"content":{"rendered":"<p><span style=\"font-family: verdana, geneva, sans-serif;\"><b><span style=\"font-size: 14pt;\"><span style=\"color: #000080;\">D<\/span><span style=\"color: #000080;\">eszcz<\/span><\/span><br \/> <span style=\"color: #6699ff; font-size: small;\">(s\u0142. K. I. Ga\u0142czy\u0144ski, muz. W. Szpilman)<\/span><span style=\"color: #3399ff; font-size: small;\"><br \/> <\/span><\/b><\/span><\/p>\n<p><span style=\"font-family: verdana, geneva, sans-serif;\"><br \/>M\u00f3wi\u0142am tobie ju\u017c pi\u0119\u0107dziesi\u0105t kilka razy<\/span><br \/><span style=\"color: #333333; font-family: verdana, geneva, sans-serif; line-height: 1.5;\">\u017beby\u015b ju\u017c poszed\u0142 sobie, przecie\u017c pada deszcz<br \/><\/span><span style=\"color: #333333; font-family: verdana, geneva, sans-serif; line-height: 1.5;\">To takie \u015bmieszne takie sta\u0107 tak twarz przy twarzy,<br \/><\/span><span style=\"color: #333333; font-family: verdana, geneva, sans-serif; line-height: 1.5;\">To jest naprawd\u0119 niebywale \u015bmieszna rzecz.<\/span><\/p>\n<p><span style=\"font-family: verdana, geneva, sans-serif;\">\u017beby tak w oczy patrze\u0107, patrze\u0107, kto to widzia\u0142?<\/span><br \/><span style=\"font-family: verdana, geneva, sans-serif;\"> \u017beby pod niebem taki niemy film bez s\u0142\u00f3w,<\/span><br \/><span style=\"font-family: verdana, geneva, sans-serif;\"> \u017beby tak r\u0119k\u0119 w r\u0119ku trzyma\u0107, kto to s\u0142ysza\u0142?<\/span><br \/><span style=\"font-family: verdana, geneva, sans-serif;\"> A przecie\u017c jutro tutaj si\u0119 spotkamy zn\u00f3w.<\/span><\/p>\n<p><span style=\"font-family: verdana, geneva, sans-serif;\">I tak si\u0119 trudno rozsta\u0107, i tak si\u0119 trudno rozsta\u0107<\/span><br \/><span style=\"font-family: verdana, geneva, sans-serif;\"> No, je\u015bli nawet troch\u0119 pada, to niech pada!<\/span><br \/><span style=\"font-family: verdana, geneva, sans-serif;\"> I tak si\u0119 trudno rozsta\u0107, i tak si\u0119 trudno rozsta\u0107<\/span><br \/><span style=\"font-family: verdana, geneva, sans-serif;\"> Nas chyba tutaj zaczarowa\u0107 musia\u0142 deszcz.<\/span><\/p>\n<p><span style=\"font-family: verdana, geneva, sans-serif;\">Na \u017boliborzu sa ulice takie \u015bliczne,<\/span><br \/><span style=\"font-family: verdana, geneva, sans-serif;\"> Takie topole, a w topalach taki wiatr,<\/span><br \/><span style=\"font-family: verdana, geneva, sans-serif;\"> Gdy przyjdzie wiecz\u00f3r \u015bwiec\u0105 \u015bwiat\u0142a elektryczne<\/span><br \/><span style=\"font-family: verdana, geneva, sans-serif;\"> I tak mi dobrze jakbym mia\u0142a osiem lat.<\/span><\/p>\n<p><span style=\"font-family: verdana, geneva, sans-serif;\">M\u00f3wisz kochana, ja ci m\u00f3wi\u0119 m\u00f3j kochany!<\/span><br \/><span style=\"font-family: verdana, geneva, sans-serif;\"> I tak idziemy i na prze\u0142aj, i na skos,<\/span><br \/><span style=\"font-family: verdana, geneva, sans-serif;\"> A w tej uliczce, kt\u00f3ra biegnie na Bielany<\/span><br \/><span style=\"font-family: verdana, geneva, sans-serif;\"> Jest tyle \u015bwiate\u0142, jakby Szopen nuci\u0142 co\u015b.<\/span><\/p>\n<p><span style=\"font-family: verdana, geneva, sans-serif;\">I tak si\u0119 trudno rozsta\u0107, i tak si\u0119 trudno rozsta\u0107<\/span><br \/><span style=\"font-family: verdana, geneva, sans-serif;\"> No, je\u015bli nawet troch\u0119 pada, to niech pada!<\/span><br \/><span style=\"font-family: verdana, geneva, sans-serif;\"> I tak si\u0119 trudno rozsta\u0107, i tak si\u0119 trudno rozsta\u0107<\/span><br \/><span style=\"font-family: verdana, geneva, sans-serif;\"> Nas chyba tutaj zaczarowa\u0107 musia\u0142 deszcz.<\/span><\/p>\n<p>&nbsp;<\/p>\n<audio class=\"wp-audio-shortcode\" id=\"audio-760-1\" preload=\"none\" style=\"width: 100%;\" controls=\"controls\"><source type=\"audio\/mpeg\" src=\"http:\/\/magdaumer.pl\/home\/wp-content\/uploads\/2014\/12\/deszcz.mp3?_=1\" \/><a href=\"http:\/\/magdaumer.pl\/home\/wp-content\/uploads\/2014\/12\/deszcz.mp3\">http:\/\/magdaumer.pl\/home\/wp-content\/uploads\/2014\/12\/deszcz.mp3<\/a><\/audio>\n","protected":false},"excerpt":{"rendered":"<p>Deszcz (s\u0142. K. I. Ga\u0142czy\u0144ski, muz. W. Szpilman) M\u00f3wi\u0142am tobie ju\u017c pi\u0119\u0107dziesi\u0105t kilka razy\u017beby\u015b ju\u017c poszed\u0142 sobie, przecie\u017c pada deszczTo takie \u015bmieszne takie sta\u0107 tak twarz przy twarzy,To jest naprawd\u0119 niebywale \u015bmieszna rzecz. \u017beby tak w oczy patrze\u0107, patrze\u0107, kto to widzia\u0142? \u017beby pod niebem taki niemy film bez s\u0142\u00f3w, \u017beby tak r\u0119k\u0119 w r\u0119ku &hellip; <a href=\"https:\/\/magdaumer.pl\/home\/spiewnik\/deszcz\/\" class=\"more-link\">Czytaj dalej <span class=\"screen-reader-text\">Deszcz<\/span> <span class=\"meta-nav\">&rarr;<\/span><\/a><\/p>\n","protected":false},"author":1,"featured_media":0,"parent":29,"menu_order":18,"comment_status":"closed","ping_status":"closed","template":"","meta":{"footnotes":""},"class_list":["post-760","page","type-page","status-publish","hentry"],"_links":{"self":[{"href":"https:\/\/magdaumer.pl\/home\/wp-json\/wp\/v2\/pages\/760","targetHints":{"allow":["GET"]}}],"collection":[{"href":"https:\/\/magdaumer.pl\/home\/wp-json\/wp\/v2\/pages"}],"about":[{"href":"https:\/\/magdaumer.pl\/home\/wp-json\/wp\/v2\/types\/page"}],"author":[{"embeddable":true,"href":"https:\/\/magdaumer.pl\/home\/wp-json\/wp\/v2\/users\/1"}],"replies":[{"embeddable":true,"href":"https:\/\/magdaumer.pl\/home\/wp-json\/wp\/v2\/comments?post=760"}],"version-history":[{"count":5,"href":"https:\/\/magdaumer.pl\/home\/wp-json\/wp\/v2\/pages\/760\/revisions"}],"predecessor-version":[{"id":2334,"href":"https:\/\/magdaumer.pl\/home\/wp-json\/wp\/v2\/pages\/760\/revisions\/2334"}],"up":[{"embeddable":true,"href":"https:\/\/magdaumer.pl\/home\/wp-json\/wp\/v2\/pages\/29"}],"wp:attachment":[{"href":"https:\/\/magdaumer.pl\/home\/wp-json\/wp\/v2\/media?parent=760"}],"curies":[{"name":"wp","href":"https:\/\/api.w.org\/{rel}","templated":true}]}}