{"id":746,"date":"2014-12-18T10:27:33","date_gmt":"2014-12-18T10:27:33","guid":{"rendered":"http:\/\/magdaumer.pl\/home\/?page_id=746"},"modified":"2016-02-26T23:58:54","modified_gmt":"2016-02-26T23:58:54","slug":"dawne-zabawne","status":"publish","type":"page","link":"https:\/\/magdaumer.pl\/home\/spiewnik\/dawne-zabawne\/","title":{"rendered":"Dawne, zabawne"},"content":{"rendered":"<p><span style=\"font-family: verdana, geneva, sans-serif;\"><b><span style=\"color: #000080; font-size: 14pt;\">Dawne, zabawne<\/span><br \/> <span style=\"color: #6699ff; font-size: small;\">(s\u0142. A. Osiecka, muz. W. Nahorny)<\/span><span style=\"color: #3399ff; font-size: small;\"><br \/> <\/span><br \/> <span style=\"color: #666666;\"><br \/> <\/span><\/b><span style=\"color: #333333;\">Wr\u00f3ci\u0142y dzi\u015b do mnie nad ranem<br \/> Jak z nieba zgubione jask\u00f3\u0142ki<br \/> Na d\u0142ug\u0105 niepami\u0119\u0107 skazane<br \/> Nasze dawne, zabawne poca\u0142unki<\/span><\/span><\/p>\n<p><span style=\"color: #333333; font-family: verdana, geneva, sans-serif;\">Te znad rzeczki, te z \u0142\u0105ki, te z lasu<\/span><br \/><span style=\"color: #333333; font-family: verdana, geneva, sans-serif;\"> Te pospieszne, bo nie masz ju\u017c czasu<\/span><br \/><span style=\"color: #333333; font-family: verdana, geneva, sans-serif;\"> Te gor\u0105ce, zdyszane i te senne, nad ranem<\/span><br \/><span style=\"color: #333333; font-family: verdana, geneva, sans-serif;\"> Te liryczne i \u015bliczne i pornograficzne<\/span><br \/><span style=\"color: #333333; font-family: verdana, geneva, sans-serif;\"> Te kradzione od \u017cony<\/span><br \/><span style=\"color: #333333; font-family: verdana, geneva, sans-serif;\"> I te k\u0142amstwem s\u0142odzone<\/span><br \/><span style=\"color: #333333; font-family: verdana, geneva, sans-serif;\"> Tamte z klatki schodowej i z windy<\/span><br \/><span style=\"color: #333333; font-family: verdana, geneva, sans-serif;\"> Te mi\u0119towe i te any\u017ckowe<\/span><br \/><span style=\"color: #333333; font-family: verdana, geneva, sans-serif;\"> I te inne od innych<\/span><br \/><span style=\"color: #333333; font-family: verdana, geneva, sans-serif;\"> A na ko\u0144cu te troszk\u0119 mokre od \u0142ez<\/span><br \/><span style=\"color: #333333; font-family: verdana, geneva, sans-serif;\"> Po kt\u00f3rych nie ma ju\u017c \u015bladu\u2026<\/span><br \/><span style=\"color: #333333; font-family: verdana, geneva, sans-serif;\"> A przecie\u017c jest.<\/span><\/p>\n<p>&nbsp;<\/p>\n<audio class=\"wp-audio-shortcode\" id=\"audio-746-1\" preload=\"none\" style=\"width: 100%;\" controls=\"controls\"><source type=\"audio\/mpeg\" src=\"http:\/\/magdaumer.pl\/home\/wp-content\/uploads\/2014\/12\/dawnezabawne1.mp3?_=1\" \/><a href=\"http:\/\/magdaumer.pl\/home\/wp-content\/uploads\/2014\/12\/dawnezabawne1.mp3\">http:\/\/magdaumer.pl\/home\/wp-content\/uploads\/2014\/12\/dawnezabawne1.mp3<\/a><\/audio>\n","protected":false},"excerpt":{"rendered":"<p>Dawne, zabawne (s\u0142. A. Osiecka, muz. W. Nahorny) Wr\u00f3ci\u0142y dzi\u015b do mnie nad ranem Jak z nieba zgubione jask\u00f3\u0142ki Na d\u0142ug\u0105 niepami\u0119\u0107 skazane Nasze dawne, zabawne poca\u0142unki Te znad rzeczki, te z \u0142\u0105ki, te z lasu Te pospieszne, bo nie masz ju\u017c czasu Te gor\u0105ce, zdyszane i te senne, nad ranem Te liryczne i \u015bliczne &hellip; <a href=\"https:\/\/magdaumer.pl\/home\/spiewnik\/dawne-zabawne\/\" class=\"more-link\">Czytaj dalej <span class=\"screen-reader-text\">Dawne, zabawne<\/span> <span class=\"meta-nav\">&rarr;<\/span><\/a><\/p>\n","protected":false},"author":1,"featured_media":0,"parent":29,"menu_order":15,"comment_status":"closed","ping_status":"closed","template":"","meta":{"footnotes":""},"class_list":["post-746","page","type-page","status-publish","hentry"],"_links":{"self":[{"href":"https:\/\/magdaumer.pl\/home\/wp-json\/wp\/v2\/pages\/746","targetHints":{"allow":["GET"]}}],"collection":[{"href":"https:\/\/magdaumer.pl\/home\/wp-json\/wp\/v2\/pages"}],"about":[{"href":"https:\/\/magdaumer.pl\/home\/wp-json\/wp\/v2\/types\/page"}],"author":[{"embeddable":true,"href":"https:\/\/magdaumer.pl\/home\/wp-json\/wp\/v2\/users\/1"}],"replies":[{"embeddable":true,"href":"https:\/\/magdaumer.pl\/home\/wp-json\/wp\/v2\/comments?post=746"}],"version-history":[{"count":9,"href":"https:\/\/magdaumer.pl\/home\/wp-json\/wp\/v2\/pages\/746\/revisions"}],"predecessor-version":[{"id":2329,"href":"https:\/\/magdaumer.pl\/home\/wp-json\/wp\/v2\/pages\/746\/revisions\/2329"}],"up":[{"embeddable":true,"href":"https:\/\/magdaumer.pl\/home\/wp-json\/wp\/v2\/pages\/29"}],"wp:attachment":[{"href":"https:\/\/magdaumer.pl\/home\/wp-json\/wp\/v2\/media?parent=746"}],"curies":[{"name":"wp","href":"https:\/\/api.w.org\/{rel}","templated":true}]}}