{"id":720,"date":"2014-12-18T09:51:23","date_gmt":"2014-12-18T09:51:23","guid":{"rendered":"http:\/\/magdaumer.pl\/home\/?page_id=720"},"modified":"2016-02-26T23:46:54","modified_gmt":"2016-02-26T23:46:54","slug":"artysty-smutny-walc","status":"publish","type":"page","link":"https:\/\/magdaumer.pl\/home\/spiewnik\/artysty-smutny-walc\/","title":{"rendered":"Artysty smutny walc"},"content":{"rendered":"<p><span style=\"font-family: verdana, geneva, sans-serif;\"><b><span style=\"color: #000080; font-size: 14pt;\">Artysty smutny walc<\/span><br \/> <span style=\"color: #6699ff; font-size: small;\">(s\u0142. W. M\u0142ynarski, muz. W. Borkowski)<\/span><span style=\"color: #3399ff; font-size: small;\"><br \/> <\/span><br \/> <span style=\"color: #666666;\"><br \/> <\/span><\/b><span style=\"color: #333333;\">K<span style=\"font-size: 12pt;\">ied<\/span>y\u015b w ko\u0144cu b\u0119dziesz sam<br \/> Nieodwo\u0142alnie sam<br \/> Sam wobec paru pyta\u0144<br \/> Znasz je dobrze<br \/> R\u00f3wnie dobrze jak ja znam<br \/> Jak znale\u017a\u0107 prawdy \u015blad?<br \/> I jak doko\u0142a \u015bwiat<br \/> Cho\u0107 troch\u0119 odmieni\u0107?<\/span><\/span><\/p>\n<p><span style=\"color: #333333; font-family: verdana, geneva, sans-serif;\">To artysty smutny walc<\/span><br \/><span style=\"color: #333333; font-family: verdana, geneva, sans-serif;\"> To jest okrutny walc<\/span><br \/><span style=\"color: #333333; font-family: verdana, geneva, sans-serif;\"> Artyst\u00f3w zimny B\u00f3g<\/span><br \/><span style=\"color: #333333; font-family: verdana, geneva, sans-serif;\"> Pytany o to milczy<\/span><br \/><span style=\"color: #333333; font-family: verdana, geneva, sans-serif;\"> On wie, wyrok zna<\/span><br \/><span style=\"color: #333333; font-family: verdana, geneva, sans-serif;\"> Nie znasz go<\/span><br \/><span style=\"color: #333333; font-family: verdana, geneva, sans-serif;\"> Nie zgadn\u0119 go ja<\/span><br \/><span style=\"color: #333333; font-family: verdana, geneva, sans-serif;\"> To artysty smutny walc<\/span><br \/><span style=\"color: #333333; font-family: verdana, geneva, sans-serif;\"> Po bia\u0142ej nocy kres<\/span><br \/><span style=\"color: #333333; font-family: verdana, geneva, sans-serif;\"> A\u017c z pustej butelki<\/span><br \/><span style=\"color: #333333; font-family: verdana, geneva, sans-serif;\"> Precz odfrunie ma\u0142y bies<\/span><\/p>\n<p><span style=\"color: #333333; font-family: verdana, geneva, sans-serif;\">Pewnie czyj\u015b ciep\u0142y gest<\/span><br \/><span style=\"color: #333333; font-family: verdana, geneva, sans-serif;\"> Znaczy i wart wi\u0119cej jest<\/span><br \/><span style=\"color: #333333; font-family: verdana, geneva, sans-serif;\"> Ni\u017ali aplauz ogromnych sal<\/span><br \/><span style=\"color: #333333; font-family: verdana, geneva, sans-serif;\"> S\u0142uszne s\u0105 my\u015bli te<\/span><br \/><span style=\"color: #333333; font-family: verdana, geneva, sans-serif;\"> Tak \u0142adnie pocieszasz si\u0119<\/span><br \/><span style=\"color: #333333; font-family: verdana, geneva, sans-serif;\"> Lecz trwo\u017cnie zimnym zmierzchem<\/span><br \/><span style=\"color: #333333; font-family: verdana, geneva, sans-serif;\"> Patrzysz w dal, dalek\u0105 dal<\/span><\/p>\n<p><span style=\"color: #333333; font-family: verdana, geneva, sans-serif;\">Kiedy\u015b w ko\u0144cu b\u0119dziesz sam<\/span><br \/><span style=\"color: #333333; font-family: verdana, geneva, sans-serif;\"> Nieodwo\u0142alnie sam<\/span><br \/><span style=\"color: #333333; font-family: verdana, geneva, sans-serif;\"> Sam wobec paru pyta\u0144<\/span><br \/><span style=\"color: #333333; font-family: verdana, geneva, sans-serif;\"> Znasz je dobrze<\/span><br \/><span style=\"color: #333333; font-family: verdana, geneva, sans-serif;\"> R\u00f3wnie dobrze jak ja znam<\/span><br \/><span style=\"color: #333333; font-family: verdana, geneva, sans-serif;\"> Jak znale\u017a\u0107 prawdy \u015blad?<\/span><br \/><span style=\"color: #333333; font-family: verdana, geneva, sans-serif;\"> I jak doko\u0142a \u015bwiat<\/span><br \/><span style=\"color: #333333; font-family: verdana, geneva, sans-serif;\"> Cho\u0107 troch\u0119 odmieni\u0107?<\/span><\/p>\n<p><span style=\"color: #333333; font-family: verdana, geneva, sans-serif;\">To artysty smutny walc<\/span><br \/><span style=\"color: #333333; font-family: verdana, geneva, sans-serif;\"> To jest okrutny walc<\/span><br \/><span style=\"color: #333333; font-family: verdana, geneva, sans-serif;\"> Artyst\u00f3w zimny B\u00f3g<\/span><br \/><span style=\"color: #333333; font-family: verdana, geneva, sans-serif;\"> Pytany o to milczy<\/span><br \/><span style=\"color: #333333; font-family: verdana, geneva, sans-serif;\"> On wie, wyrok zna<\/span><br \/><span style=\"color: #333333; font-family: verdana, geneva, sans-serif;\"> Nie znasz go<\/span><br \/><span style=\"color: #333333; font-family: verdana, geneva, sans-serif;\"> Nie zgadn\u0119 go ja<\/span><br \/><span style=\"color: #333333; font-family: verdana, geneva, sans-serif;\"> To jest walczyk z Losem<\/span><br \/><span style=\"color: #333333; font-family: verdana, geneva, sans-serif;\"> Co na wszystkich wyrok zna<\/span><br \/><span style=\"color: #333333; font-family: verdana, geneva, sans-serif;\"> Zgaduje go wielu<\/span><br \/><span style=\"color: #333333; font-family: verdana, geneva, sans-serif;\"> Wielu zgadnie<\/span><br \/><span style=\"color: #333333; font-family: verdana, geneva, sans-serif;\"> Lecz nie ja<\/span><br \/><span style=\"color: #333333; font-family: verdana, geneva, sans-serif;\"> Nie ja<\/span><\/p>\n<p>&nbsp;<\/p>\n<audio class=\"wp-audio-shortcode\" id=\"audio-720-1\" preload=\"none\" style=\"width: 100%;\" controls=\"controls\"><source type=\"audio\/mpeg\" src=\"http:\/\/magdaumer.pl\/home\/wp-content\/uploads\/2014\/12\/artystysmutnywalc.mp3?_=1\" \/><a href=\"http:\/\/magdaumer.pl\/home\/wp-content\/uploads\/2014\/12\/artystysmutnywalc.mp3\">http:\/\/magdaumer.pl\/home\/wp-content\/uploads\/2014\/12\/artystysmutnywalc.mp3<\/a><\/audio>\n","protected":false},"excerpt":{"rendered":"<p>Artysty smutny walc (s\u0142. W. M\u0142ynarski, muz. W. Borkowski) Kiedy\u015b w ko\u0144cu b\u0119dziesz sam Nieodwo\u0142alnie sam Sam wobec paru pyta\u0144 Znasz je dobrze R\u00f3wnie dobrze jak ja znam Jak znale\u017a\u0107 prawdy \u015blad? I jak doko\u0142a \u015bwiat Cho\u0107 troch\u0119 odmieni\u0107? To artysty smutny walc To jest okrutny walc Artyst\u00f3w zimny B\u00f3g Pytany o to milczy On &hellip; <a href=\"https:\/\/magdaumer.pl\/home\/spiewnik\/artysty-smutny-walc\/\" class=\"more-link\">Czytaj dalej <span class=\"screen-reader-text\">Artysty smutny walc<\/span> <span class=\"meta-nav\">&rarr;<\/span><\/a><\/p>\n","protected":false},"author":1,"featured_media":0,"parent":29,"menu_order":5,"comment_status":"closed","ping_status":"closed","template":"","meta":{"footnotes":""},"class_list":["post-720","page","type-page","status-publish","hentry"],"_links":{"self":[{"href":"https:\/\/magdaumer.pl\/home\/wp-json\/wp\/v2\/pages\/720","targetHints":{"allow":["GET"]}}],"collection":[{"href":"https:\/\/magdaumer.pl\/home\/wp-json\/wp\/v2\/pages"}],"about":[{"href":"https:\/\/magdaumer.pl\/home\/wp-json\/wp\/v2\/types\/page"}],"author":[{"embeddable":true,"href":"https:\/\/magdaumer.pl\/home\/wp-json\/wp\/v2\/users\/1"}],"replies":[{"embeddable":true,"href":"https:\/\/magdaumer.pl\/home\/wp-json\/wp\/v2\/comments?post=720"}],"version-history":[{"count":6,"href":"https:\/\/magdaumer.pl\/home\/wp-json\/wp\/v2\/pages\/720\/revisions"}],"predecessor-version":[{"id":1853,"href":"https:\/\/magdaumer.pl\/home\/wp-json\/wp\/v2\/pages\/720\/revisions\/1853"}],"up":[{"embeddable":true,"href":"https:\/\/magdaumer.pl\/home\/wp-json\/wp\/v2\/pages\/29"}],"wp:attachment":[{"href":"https:\/\/magdaumer.pl\/home\/wp-json\/wp\/v2\/media?parent=720"}],"curies":[{"name":"wp","href":"https:\/\/api.w.org\/{rel}","templated":true}]}}