{"id":718,"date":"2014-12-18T09:49:59","date_gmt":"2014-12-18T09:49:59","guid":{"rendered":"http:\/\/magdaumer.pl\/home\/?page_id=718"},"modified":"2016-02-26T23:55:08","modified_gmt":"2016-02-26T23:55:08","slug":"atramentowa-rumba","status":"publish","type":"page","link":"https:\/\/magdaumer.pl\/home\/spiewnik\/atramentowa-rumba\/","title":{"rendered":"Atramentowa rumba"},"content":{"rendered":"<p><span style=\"font-family: verdana, geneva, sans-serif;\"><b><span style=\"font-size: 14pt;\"><span style=\"color: #000080;\">A<\/span><span style=\"color: #000080;\">tramentowa rumba<\/span><\/span><br \/> <span style=\"color: #6699ff; font-size: small;\">(s\u0142. M. Sosnowski, muz. M. Muraszko)<br \/><\/span><span style=\"color: #3399ff; font-size: small;\"><br \/> <\/span><\/b><\/span><\/p>\n<p><span style=\"color: #333333; font-family: verdana, geneva, sans-serif;\">Atrament nocy serca zatruwa rytm<br \/> I gwiazdy ju\u017c nie \u015bwiec\u0105 i ksi\u0119\u017cyc znik\u0142<br \/> Strwo\u017cona my\u015bl, jak w klatce ptak<br \/> Trzepocze si\u0119 o pr\u0119ty krat<br \/> Czy b\u0119dzie \u015bwit, czy b\u0119dzie dzie\u0144, czy umar\u0142 \u015bwiat?<\/span><\/p>\n<p><span style=\"font-family: verdana, geneva, sans-serif;\">M\u00f3wi\u0142e\u015b: przyjmij w darze spokojny sen<\/span><br \/><span style=\"font-family: verdana, geneva, sans-serif;\"> To wszytko o czym marzysz, kochana, wiem<\/span><br \/><span style=\"font-family: verdana, geneva, sans-serif;\"> Czu\u0142o\u015bci\u0105 sw\u0105 obejmij mnie, ja nigdy nie porzuc\u0119 ci\u0119<\/span><br \/><span style=\"font-family: verdana, geneva, sans-serif;\"> Ukoj\u0119 b\u00f3l, pogrzebi\u0119 strach na duszy dnie.<\/span><\/p>\n<p><span style=\"font-family: verdana, geneva, sans-serif;\">S\u0142o\u0144ce, nie kryj swych promieni skrz\u0105cych<\/span><br \/><span style=\"font-family: verdana, geneva, sans-serif;\"> Daruj mi sw\u00f3j \u017car gor\u0105cy<\/span><br \/><span style=\"font-family: verdana, geneva, sans-serif;\"> Ca\u0142y blask podaruj mi<\/span><br \/><span style=\"font-family: verdana, geneva, sans-serif;\"> S\u0142o\u0144ce, nie kryj si\u0119 za horyzontem<\/span><br \/><span style=\"font-family: verdana, geneva, sans-serif;\"> Ogrzej sny na jawie dr\u017c\u0105ce<\/span><br \/><span style=\"font-family: verdana, geneva, sans-serif;\"> Pozw\u00f3l na szcz\u0119\u015bliwe dni<\/span><\/p>\n<p><span style=\"font-family: verdana, geneva, sans-serif;\">Co mi zosta\u0142o z \u017cycia pr\u00f3cz czterech \u015bcian?<\/span><br \/><span style=\"font-family: verdana, geneva, sans-serif;\"> Nigdy nie chcia\u0142am wiele, co dzisiaj mam?<\/span><br \/><span style=\"font-family: verdana, geneva, sans-serif;\"> Dobry sen znik\u0142, wch\u0142oni\u0119ty w czer\u0144<\/span><br \/><span style=\"font-family: verdana, geneva, sans-serif;\"> I odszed\u0142 ten, co kocha\u0142 mnie<\/span><br \/><span style=\"font-family: verdana, geneva, sans-serif;\"> Nie mam ju\u017c nic, nie ma ju\u017c nic, nie ma ju\u017c mnie<\/span><\/p>\n<p><span style=\"font-family: verdana, geneva, sans-serif;\">S\u0142o\u0144ce, chowasz si\u0119 za chmur opo\u0144cz\u0119<\/span><br \/><span style=\"font-family: verdana, geneva, sans-serif;\"> Gasisz jak nadzieja drwi\u0105co<\/span><br \/><span style=\"font-family: verdana, geneva, sans-serif;\"> Tulisz mrok w promieniach krwi<\/span><br \/><span style=\"font-family: verdana, geneva, sans-serif;\"> S\u0142o\u0144ce, ta noc nigdy si\u0119 nie sko\u0144czy<\/span><br \/><span style=\"font-family: verdana, geneva, sans-serif;\"> Anio\u0142 z\u0142y na dno mnie str\u0105ci<\/span><br \/><span style=\"font-family: verdana, geneva, sans-serif;\"> Los jak kat zatrza\u015bnie drzwi.<\/span><\/p>\n<p>&nbsp;<\/p>\n<audio class=\"wp-audio-shortcode\" id=\"audio-718-1\" preload=\"none\" style=\"width: 100%;\" controls=\"controls\"><source type=\"audio\/mpeg\" src=\"http:\/\/magdaumer.pl\/home\/wp-content\/uploads\/2014\/12\/atramentowarumba.mp3?_=1\" \/><a href=\"http:\/\/magdaumer.pl\/home\/wp-content\/uploads\/2014\/12\/atramentowarumba.mp3\">http:\/\/magdaumer.pl\/home\/wp-content\/uploads\/2014\/12\/atramentowarumba.mp3<\/a><\/audio>\n","protected":false},"excerpt":{"rendered":"<p>Atramentowa rumba (s\u0142. M. Sosnowski, muz. M. Muraszko) Atrament nocy serca zatruwa rytm I gwiazdy ju\u017c nie \u015bwiec\u0105 i ksi\u0119\u017cyc znik\u0142 Strwo\u017cona my\u015bl, jak w klatce ptak Trzepocze si\u0119 o pr\u0119ty krat Czy b\u0119dzie \u015bwit, czy b\u0119dzie dzie\u0144, czy umar\u0142 \u015bwiat? M\u00f3wi\u0142e\u015b: przyjmij w darze spokojny sen To wszytko o czym marzysz, kochana, wiem Czu\u0142o\u015bci\u0105 &hellip; <a href=\"https:\/\/magdaumer.pl\/home\/spiewnik\/atramentowa-rumba\/\" class=\"more-link\">Czytaj dalej <span class=\"screen-reader-text\">Atramentowa rumba<\/span> <span class=\"meta-nav\">&rarr;<\/span><\/a><\/p>\n","protected":false},"author":1,"featured_media":0,"parent":29,"menu_order":4,"comment_status":"closed","ping_status":"closed","template":"","meta":{"footnotes":""},"class_list":["post-718","page","type-page","status-publish","hentry"],"_links":{"self":[{"href":"https:\/\/magdaumer.pl\/home\/wp-json\/wp\/v2\/pages\/718","targetHints":{"allow":["GET"]}}],"collection":[{"href":"https:\/\/magdaumer.pl\/home\/wp-json\/wp\/v2\/pages"}],"about":[{"href":"https:\/\/magdaumer.pl\/home\/wp-json\/wp\/v2\/types\/page"}],"author":[{"embeddable":true,"href":"https:\/\/magdaumer.pl\/home\/wp-json\/wp\/v2\/users\/1"}],"replies":[{"embeddable":true,"href":"https:\/\/magdaumer.pl\/home\/wp-json\/wp\/v2\/comments?post=718"}],"version-history":[{"count":7,"href":"https:\/\/magdaumer.pl\/home\/wp-json\/wp\/v2\/pages\/718\/revisions"}],"predecessor-version":[{"id":1867,"href":"https:\/\/magdaumer.pl\/home\/wp-json\/wp\/v2\/pages\/718\/revisions\/1867"}],"up":[{"embeddable":true,"href":"https:\/\/magdaumer.pl\/home\/wp-json\/wp\/v2\/pages\/29"}],"wp:attachment":[{"href":"https:\/\/magdaumer.pl\/home\/wp-json\/wp\/v2\/media?parent=718"}],"curies":[{"name":"wp","href":"https:\/\/api.w.org\/{rel}","templated":true}]}}