{"id":431,"date":"2014-12-17T15:58:43","date_gmt":"2014-12-17T15:58:43","guid":{"rendered":"http:\/\/magdaumer.pl\/home\/?page_id=431"},"modified":"2016-01-07T00:38:11","modified_gmt":"2016-01-07T00:38:11","slug":"ksiazki","status":"publish","type":"page","link":"https:\/\/magdaumer.pl\/home\/plyty-ksiazki\/ksiazki\/","title":{"rendered":"Ksi\u0105\u017cki"},"content":{"rendered":"<div class='content-column one_half'><p><a href=\"http:\/\/magdaumer.pl\/home\/wp-content\/uploads\/2014\/12\/jaktrwogadwa.jpg\" data-rel=\"lightbox-image-0\" data-rl_title=\"\" data-rl_caption=\"\" title=\"\"><img loading=\"lazy\" decoding=\"async\" class=\"alignleft size-medium wp-image-507\" src=\"http:\/\/magdaumer.pl\/home\/wp-content\/uploads\/2014\/12\/jaktrwogadwa-214x300.jpg\" alt=\"Layout 2\" width=\"214\" height=\"300\" srcset=\"https:\/\/magdaumer.pl\/home\/wp-content\/uploads\/2014\/12\/jaktrwogadwa-214x300.jpg 214w, https:\/\/magdaumer.pl\/home\/wp-content\/uploads\/2014\/12\/jaktrwogadwa.jpg 286w\" sizes=\"auto, (max-width: 214px) 100vw, 214px\" \/><\/a><\/p>\n<p>&nbsp;<\/p>\n<p>&nbsp;<\/p>\n<p>&nbsp;<\/p>\n<p>&nbsp;<\/p>\n<p>&nbsp;<\/p>\n<p>&nbsp;<\/p>\n<p>&nbsp;<\/p>\n<p>Format: 17 x 24 cm<\/p>\n<p>Stron: 240<\/p>\n<p>Autorzy:<br \/>\nMagda Umer i Andrzej Poniedzielski<br \/><\/div>\n<div class='content-column one_half last_column'><p><a name=\"jaktrwogadwa\"><\/a> <span style=\"color: #008000;\"><b>JAK TRWOGA TO DO BLOGA 2008\/2009<\/b><\/span><br \/>\n<span style=\"color: #000000;\"><i> MTJ Agencja Artystyczna , 20<\/i><\/span><span style=\"color: #000000;\"><i>11<\/i><\/span><\/p>\n<p style=\"text-align: justify;\">Magda Umer i Andrzej Poniedzielski \u2013 dwie wybitne postaci polskiej kultury \u2013 pisz\u0105 wsp\u00f3lny bloog. Ksi\u0105\u017cka jest zapisem korespondencji internetowej z lat 2008 i 2009. Autorzy \u2013 to dwa r\u00f3\u017cne \u015bwiaty \u2013 ale tak samo wielka wra\u017cliwo\u015b\u0107, inteligencja i specyficzne poczucie humoru. Ta ostatnia cecha pozwala cz\u0119sto w szczeg\u00f3lny spos\u00f3b oswoi\u0107 si\u0119 nawet z najtrudniejszymi wyzwaniami, o kt\u00f3rych pisz\u0105 Autorzy a kt\u00f3re nas wszystkich spotykaj\u0105 w \u017cyciu. Magda Umer i Andrzej Poniedzielski mimo r\u00f3\u017cnic zdania i spojrzenia na zadany temat \u2013 potrafi\u0105 si\u0119 porozumie\u0107, zrozumie\u0107 a cz\u0119sto wr\u0119cz wzajemnie sobie pom\u00f3c. Po lekturze tej ksi\u0105\u017cki codzienno\u015b\u0107 a przede wszystkim sprawy trudne staj\u0105 si\u0119 nieoczekiwanie bardziej przyjazne&#8230;<br \/><\/div><div class='clear_column'><\/div>\n<p>&nbsp;<\/p>\n<p>&nbsp;<\/p>\n<div class='content-column one_half'><p><a href=\"http:\/\/magdaumer.pl\/home\/wp-content\/uploads\/2014\/12\/jaktrwoga_m.jpg\" data-rel=\"lightbox-image-1\" data-rl_title=\"\" data-rl_caption=\"\" title=\"\"><img loading=\"lazy\" decoding=\"async\" class=\"alignleft size-medium wp-image-506\" src=\"http:\/\/magdaumer.pl\/home\/wp-content\/uploads\/2014\/12\/jaktrwoga_m-214x300.jpg\" alt=\"jaktrwoga_m\" width=\"214\" height=\"300\" srcset=\"https:\/\/magdaumer.pl\/home\/wp-content\/uploads\/2014\/12\/jaktrwoga_m-214x300.jpg 214w, https:\/\/magdaumer.pl\/home\/wp-content\/uploads\/2014\/12\/jaktrwoga_m.jpg 249w\" sizes=\"auto, (max-width: 214px) 100vw, 214px\" \/><\/a><\/p>\n<p>&nbsp;<\/p>\n<p>&nbsp;<\/p>\n<p>&nbsp;<\/p>\n<p>&nbsp;<\/p>\n<p>&nbsp;<\/p>\n<p>&nbsp;<\/p>\n<p align=\"left\"><span style=\"font-size: small;\">Format: 14 x 21 cm<\/span><\/p>\n<p>Stron: 204<\/p>\n<p align=\"left\"><span style=\"font-size: small;\"> Autorzy:<br \/>\nMagda Umer i Andrzej Poniedzielski<\/span><\/p><\/div>\n<div class='content-column one_half last_column'><p><a name=\"jaktrwoga\"><\/a> <span style=\"color: #008000;\"><b>JAK TRWOGA TO DO BLOGA<\/b><\/span><br \/>\n<span style=\"color: #000000;\"><i> TRIO , 2008<\/i><\/span><\/p>\n<p style=\"text-align: justify;\"><span style=\"color: #000000;\">Ksi\u0105\u017cka jest zapisem korespondencji internetowej dw\u00f3ch wybitnych postaci polskiej kultury &#8211; Magdy Umer i Andrzeja Poniedzielskiego. Autorzy w swoich listach opowiadaj\u0105 o tym, co ceni\u0105, a czego nie, co kochaj\u0105, a co ich przera\u017ca, zwierzaj\u0105 si\u0119 swoich dziwnych stan\u00f3w, opisuj\u0105 codzienne sprawy.<\/span><br \/><\/div><div class='clear_column'><\/div>\n<p>&nbsp;<\/p>\n<div class='content-column one_half'><p><a href=\"http:\/\/magdaumer.pl\/home\/wp-content\/uploads\/2014\/12\/listy.jpg\" data-rel=\"lightbox-image-2\" data-rl_title=\"\" data-rl_caption=\"\" title=\"\"><img loading=\"lazy\" decoding=\"async\" class=\"alignleft size-medium wp-image-514\" src=\"http:\/\/magdaumer.pl\/home\/wp-content\/uploads\/2014\/12\/listy-236x300.jpg\" alt=\"listy\" width=\"236\" height=\"300\" srcset=\"https:\/\/magdaumer.pl\/home\/wp-content\/uploads\/2014\/12\/listy-236x300.jpg 236w, https:\/\/magdaumer.pl\/home\/wp-content\/uploads\/2014\/12\/listy.jpg 332w\" sizes=\"auto, (max-width: 236px) 100vw, 236px\" \/><\/a><\/p>\n<p>&nbsp;<\/p>\n<p>&nbsp;<\/p>\n<p>&nbsp;<\/p>\n<p>&nbsp;<\/p>\n<p>&nbsp;<\/p>\n<p>&nbsp;<\/p>\n<p align=\"left\"><span style=\"font-size: small;\">Do ksi\u0105\u017cki do\u0142\u0105czona jest p\u0142yta<br \/>\nCD &#8211; audiobook. Czytaj\u0105 Magda Umer<br \/>\ni Piotr Machalica.<\/span><\/p>\n<p align=\"left\"><span style=\"font-size: small;\">Format: 19,5 x 25 cm<\/span><\/p>\n<p align=\"left\"><span style=\"font-size: small;\">Stron: 216<\/span><\/p>\n<p>Autorzy:<br \/>\nAgnieszka Osiecka i Jeremi Przybora<\/p><\/div>\n<div class='content-column one_half last_column'><p><a name=\"listy\"><\/a><span style=\"color: #008000;\"><b>AGNIESZKI OSIECKIEJ I JEREMIEGO PRZYBORY<br \/>\nLISTY NA WYCZERPANYM PAPIERZE <\/b> <\/span><br \/>\n<span style=\"color: #000000;\"><i> Agora SA, 2010<br \/>\n<\/i><\/span><\/p>\n<p style=\"text-align: justify;\">Oddany do r\u0105k Czytelnik\u00f3w zbi\u00f3r list\u00f3w i poezji pisanych do siebie i dla siebie wzajemnie przez Agnieszk\u0119 Osieck\u0105 i Jeremiego Przybor\u0119 jest unikatem. Jak pisze Magda Umer, kt\u00f3ra z\u0142o\u017cy\u0142a te listy i wiersze: \u201eTakie talenty, takie urody, takie inteligencje i takie poczucia humoru zdarzaj\u0105 si\u0119 raz na 100 lat\u201d (\u2026) \u201eW tych piosenkach i w listach ich uczucie \u017cyje do dzi\u015b. Jak inkluzje \u2013 zatopione owady w bursztynie.\u201d<br \/>\nDo ksi\u0105\u017cki do\u0142\u0105czona jest p\u0142yta mp3. Listy czytaj\u0105 Magda Umer i Piotr Machalica.<br \/><\/div><div class='clear_column'><\/div>\n<p>&nbsp;<\/p>\n<div class='content-column one_half'><p><a href=\"http:\/\/magdaumer.pl\/home\/wp-content\/uploads\/2014\/12\/kobietametamuzyczna288x448.jpg\" data-rel=\"lightbox-image-3\" data-rl_title=\"\" data-rl_caption=\"\" title=\"\"><img loading=\"lazy\" decoding=\"async\" class=\"alignleft size-medium wp-image-508\" src=\"http:\/\/magdaumer.pl\/home\/wp-content\/uploads\/2014\/12\/kobietametamuzyczna288x448-192x300.jpg\" alt=\"kobietametamuzyczna288x448\" width=\"192\" height=\"300\" srcset=\"https:\/\/magdaumer.pl\/home\/wp-content\/uploads\/2014\/12\/kobietametamuzyczna288x448-192x300.jpg 192w, https:\/\/magdaumer.pl\/home\/wp-content\/uploads\/2014\/12\/kobietametamuzyczna288x448.jpg 288w\" sizes=\"auto, (max-width: 192px) 100vw, 192px\" \/><\/a><\/p>\n<p>&nbsp;<\/p>\n<p>&nbsp;<\/p>\n<p>&nbsp;<\/p>\n<p>&nbsp;<\/p>\n<p>&nbsp;<\/p>\n<p>&nbsp;<\/p>\n<p align=\"left\"><span style=\"font-size: small;\">Format: 15,5 x24 cm<\/span><\/p>\n<p>Stron: 224<\/p>\n<p align=\"left\"><span style=\"font-size: small;\"> Autor: Artur Cie\u015blar<\/span><\/p><\/div>\n<div class='content-column one_half last_column'><p><a name=\"kobietametamuzyczna\"><\/a> <span style=\"color: #008000;\"><b>KOBIETA METAMUZYCZNA.<br \/>\nRozmowy Artura Cie\u015blara<\/b><\/span><br \/>\n<span style=\"color: #000000;\"><i> Barbelo , 2014<\/i><\/span><\/p>\n<p style=\"text-align: justify;\"><span style=\"color: #000000;\">Kobieta metamuzyczna przemawia niczym barwnie skomponowana mozaika, pe\u0142na osobistych zwierze\u0144, wspomnie\u0144 z dzieci\u0144stwa, subtelnych pr\u00f3b opisania istoty muzycznej wra\u017cliwo\u015bci i tego co porusza najdelikatniejsze struny kobiecej psychiki. Ksi\u0105\u017cka odkrywa nieznane oblicza znanych i podziwianych kobiet. Rozm\u00f3wczyniami autora s\u0105: Gra\u017cyna Augu\u015bcik, Ania D\u0105browska, Urszula Dudziak, Katarzyna Groniec, Krystyna Janda, Gra\u017cyna \u0141obaszewska, Katarzyna Nosowska, S\u0142awa Przybylska, Jadwiga Rapp\u00e9, Maria Szab\u0142owska, <b>Magda Umer<\/b> i El\u017cbieta Zapendowska. T\u0119 barwn\u0105 konstelacj\u0119 gwiazd tworz\u0105 przede wszystkim tw\u00f3rczynie i wykonawczynie muzyki wielu gatunk\u00f3w, ale tak\u017ce muzyczne ekspertki. Historie bohaterek \u015bwiadcz\u0105 o odwa\u017cnych wyborach, o konsekwencji w spe\u0142nianiu swych marze\u0144, o wielkiej pasji, jak\u0105 jest dla nich muzyka. Nie uciekaj\u0105 one od szczerych wypowiedzi o sensie \u017cycia, o g\u0142\u0119boko skrywanych l\u0119kach, a tak\u017ce o swoich najwi\u0119kszych sukcesach, zar\u00f3wno prywatnych, jak i scenicznych. W tle wszystkich rozm\u00f3w rozbrzmiewaj\u0105 pytania o to, jak \u017cy\u0107 m\u0105drze i pi\u0119knie, jak roznieca\u0107 wewn\u0119trzny rezerwuar si\u0142 oraz inspiracji, jak dobrze przej\u015b\u0107 przez \u017cycie, pomimo \u015bwiadomo\u015bci nieuchronnego przemijania.<\/span><br \/><\/div><div class='clear_column'><\/div>\n","protected":false},"excerpt":{"rendered":"<p>&nbsp; &nbsp; &nbsp; &nbsp;<\/p>\n","protected":false},"author":1,"featured_media":0,"parent":25,"menu_order":4,"comment_status":"closed","ping_status":"closed","template":"","meta":{"footnotes":""},"class_list":["post-431","page","type-page","status-publish","hentry"],"_links":{"self":[{"href":"https:\/\/magdaumer.pl\/home\/wp-json\/wp\/v2\/pages\/431","targetHints":{"allow":["GET"]}}],"collection":[{"href":"https:\/\/magdaumer.pl\/home\/wp-json\/wp\/v2\/pages"}],"about":[{"href":"https:\/\/magdaumer.pl\/home\/wp-json\/wp\/v2\/types\/page"}],"author":[{"embeddable":true,"href":"https:\/\/magdaumer.pl\/home\/wp-json\/wp\/v2\/users\/1"}],"replies":[{"embeddable":true,"href":"https:\/\/magdaumer.pl\/home\/wp-json\/wp\/v2\/comments?post=431"}],"version-history":[{"count":5,"href":"https:\/\/magdaumer.pl\/home\/wp-json\/wp\/v2\/pages\/431\/revisions"}],"predecessor-version":[{"id":1438,"href":"https:\/\/magdaumer.pl\/home\/wp-json\/wp\/v2\/pages\/431\/revisions\/1438"}],"up":[{"embeddable":true,"href":"https:\/\/magdaumer.pl\/home\/wp-json\/wp\/v2\/pages\/25"}],"wp:attachment":[{"href":"https:\/\/magdaumer.pl\/home\/wp-json\/wp\/v2\/media?parent=431"}],"curies":[{"name":"wp","href":"https:\/\/api.w.org\/{rel}","templated":true}]}}