{"id":427,"date":"2014-12-17T15:57:51","date_gmt":"2014-12-17T15:57:51","guid":{"rendered":"http:\/\/magdaumer.pl\/home\/?page_id=427"},"modified":"2016-01-07T00:42:55","modified_gmt":"2016-01-07T00:42:55","slug":"audiobooki","status":"publish","type":"page","link":"https:\/\/magdaumer.pl\/home\/plyty-ksiazki\/audiobooki\/","title":{"rendered":"Audiobooki"},"content":{"rendered":"<div class='content-column one_half'><a href=\"http:\/\/magdaumer.pl\/home\/wp-content\/uploads\/2014\/12\/listy.jpg\" data-rel=\"lightbox-image-0\" data-rl_title=\"\" data-rl_caption=\"\" title=\"\"><img loading=\"lazy\" decoding=\"async\" class=\"alignleft size-medium wp-image-514\" src=\"http:\/\/magdaumer.pl\/home\/wp-content\/uploads\/2014\/12\/listy-236x300.jpg\" alt=\"listy\" width=\"236\" height=\"300\" srcset=\"https:\/\/magdaumer.pl\/home\/wp-content\/uploads\/2014\/12\/listy-236x300.jpg 236w, https:\/\/magdaumer.pl\/home\/wp-content\/uploads\/2014\/12\/listy.jpg 332w\" sizes=\"auto, (max-width: 236px) 100vw, 236px\" \/><\/a><\/p>\n<p>&nbsp;<\/p>\n<p>&nbsp;<\/p>\n<p>&nbsp;<\/p>\n<p>&nbsp;<\/p>\n<p>&nbsp;<\/p>\n<p>&nbsp;<\/p>\n<p align=\"justify\"><span style=\"color: #808080; font-size: small;\">Ksi\u0105\u017cka z p\u0142yt\u0105 CD (mp3)<\/span><\/p>\n<p align=\"justify\"><span style=\"color: #808080; font-size: small;\">Czas trwania CD: 4:05 h<\/span><\/p>\n<p align=\"justify\"><span style=\"color: #808080;\"> <span style=\"font-size: small;\">Czytaj\u0105:<\/span><br \/>\nMagda Umer i Piotr Machalica<\/span><\/p>\n<p align=\"justify\"><span style=\"color: #808080; font-size: small;\">Format ksi\u0105\u017cki: 20 x 25 cm<\/span><\/p>\n<p align=\"justify\"><span style=\"color: #808080; font-size: small;\">Stron: 216<\/span><\/p>\n<p align=\"justify\"><span style=\"color: #808080;\"> Autorzy:<br \/>\nAgnieszka Osiecka,<br \/>\nJeremi Przybora<\/span><\/p>\n<p align=\"justify\"><span style=\"color: #808080;\"> <span style=\"font-size: small;\">U\u0142o\u017cy\u0142a, opatrzy\u0142a przedmow\u0105<br \/>\ni komentarzami:<\/span><br \/>\nMagda Umer<\/span><\/p><\/div>\n<div class='content-column one_half last_column'><p style=\"text-align: justify;\"><a name=\"listy\"><\/a><span style=\"color: #008000;\"><b>AGNIESZKI OSIECKIEJ I JEREMIEGO PRZYBORY\u00a0LISTY<br \/>\nNA WYCZERPANYM PAPIERZE<\/b><\/span><br \/>\n<span style=\"color: #000000;\"> <i>Agora SA, 2010 <\/i><\/span><\/p>\n<p style=\"text-align: justify;\">Ksi\u0105\u017cka zawiera niepublikowan\u0105 wcze\u015bniej korespondencj\u0119<br \/>\nAgnieszki Osieckiej i Jeremiego Przybory z lat 1964-1966.<\/p>\n<p style=\"text-align: justify;\"><span style=\"font-size: small;\">Fragmenty wywiadu przeprowadzonego przez Teres\u0119 Drozd\u0119<br \/>\nz Magd\u0105 Umer na temat &#8222;List\u00f3w na&#8230;&#8221;\u00a0 (<\/span><span style=\"color: #000000;\"><span style=\"font-size: small;\"><a href=\"http:\/\/www.strefapiosenki.pl\/index.php?option=com_content&amp;task=view&amp;id=778\" target=\"new\"><span style=\"color: #000000;\">www.strefapiosenki.pl<\/span><\/a>):<\/span><\/span><\/p>\n<p style=\"text-align: justify;\">&#8222;<i><b>T.D.:<\/b> Ksi\u0105\u017cka z listami Osieckiej i Przybory jest bardzo pi\u0119kna i do\u0142\u0105czono do niej p\u0142yt\u0119 z nagranymi listami&#8230;<\/i><\/p>\n<p style=\"text-align: justify;\"><b>M.U.:<\/b> \u017byjemy w epoce, w kt\u00f3rej m\u0142odzi ludzie przesiadaj\u0105 si\u0119 na inny no\u015bnik i s\u0142uchaj\u0105 w samochodzie, a starsi maj\u0105 chore oczy i<span lang=\"en\">\u00a0<\/span>nie mog\u0105 przeczyta\u0107 ksi\u0105\u017cki. Dla wszystkich, kt\u00f3rzy nie mog\u0105 si\u0119gn\u0105\u0107 po ksi\u0105\u017ck\u0119, nagrali\u015bmy listy z Piotrem Machalic\u0105, z<span lang=\"en\">\u00a0<\/span>nadziej\u0119, \u017ce nie zrobili\u015bmy im krzywdy. Taka pozorna &#8222;bylejako\u015b\u0107&#8221; przy czytaniu jest zamierzona. Bardzo chcia\u0142am, aby nie by\u0142o to &#8222;aktorskie&#8221; czytanie, tylko takie surowe, zwyczajne, dziwi\u0105ce si\u0119 s\u0142owom czytanym &#8222;po raz pierwszy&#8221;, pr\u00f3buj\u0105ce jedynie odda\u0107 sens.&#8221;<\/p><\/div><div class='clear_column'><\/div>\n<p>&nbsp;<\/p>\n<p>&nbsp;<\/p>\n<div class='content-column one_half'><p><a href=\"http:\/\/magdaumer.pl\/home\/wp-content\/uploads\/2014\/12\/rozmowy_m.jpg\" data-rel=\"lightbox-image-1\" data-rl_title=\"\" data-rl_caption=\"\" title=\"\"><img loading=\"lazy\" decoding=\"async\" class=\"alignleft size-full wp-image-490\" src=\"http:\/\/magdaumer.pl\/home\/wp-content\/uploads\/2014\/12\/rozmowy_m.jpg\" alt=\"rozmowy_m\" width=\"249\" height=\"234\" \/><\/a><\/p>\n<p>&nbsp;<\/p>\n<p>&nbsp;<\/p>\n<p>&nbsp;<\/p>\n<p>&nbsp;<\/p>\n<p>&nbsp;<\/p>\n<p align=\"left\"><span style=\"color: #808080; font-size: small;\">Ksi\u0105\u017ceczka z p\u0142yt\u0105 CD (mp3)<\/span><\/p>\n<p align=\"left\"><span style=\"color: #808080; font-size: small;\">Czas trwania: 5:43 h<\/span><\/p>\n<p align=\"left\"><span style=\"color: #808080;\"> <span style=\"font-size: small;\">Czyta:<\/span><br \/>\nMagda Umer <\/span><\/p>\n<p align=\"left\"><span style=\"color: #808080; font-size: small;\">Format ksi\u0105\u017cki: 15 x 15,8 cm<\/span><\/p>\n<p align=\"left\"><span style=\"color: #808080; font-size: small;\">Stron: 32<\/span><\/p>\n<p align=\"left\"><span style=\"color: #808080;\"> Autor:<br \/>\n<\/span> <span style=\"color: #808080;\">Agnieszka Osiecka<\/span><\/p><\/div>\n<div class='content-column one_half last_column'><p><a name=\"rozmowy\"><\/a><span style=\"color: #008000;\"><b>ROZMOWY W TA\u0143CU<\/b><\/span><br \/>\n<span style=\"color: #000000;\"> <i>AGORA SA, 2010 (CD)<\/i><\/span><\/p>\n<p style=\"text-align: justify;\">To zapis najd\u0142u\u017cszego wywiadu jakiego udzieli\u0142a Agnieszka Osiecka. A<span lang=\"en\">\u00a0<\/span>w\u0142a\u015bciwie jakiego udziela\u0142a, bo przeprowadza\u0142a go przez kilka miesi\u0119cy na prze\u0142omie 1991\/1992 roku. W dodatku udzieli\u0142a tego wywiadu sobie samej! Mo\u017ce dlatego, \u017ce nie znosi\u0142a procesu autoryzacji, a mo\u017ce dlatego \u017ce coraz trudniej znosi\u0142a kontakty z dziennikarzami. W<span lang=\"en\">\u00a0<\/span>ka\u017cdym razie mia\u0142a ogromn\u0105 potrzeb\u0119 zrozumienia czas\u00f3w, kt\u00f3re nadesz\u0142y i zapisania ich \u201ena gor\u0105co\u201d &#8211; fragment wst\u0119pu Magdy Umer<\/p>\n<p style=\"text-align: justify;\">W ksi\u0105\u017cce, do kt\u00f3rej do\u0142\u0105czony jest audiobook \u2013 wybrane przez Magd\u0119<span lang=\"en\">\u00a0<\/span>Felis fragmenty \u201eRozm\u00f3w\u201d oraz wst\u0119p napisany przez Magd\u0119 Umer.<\/p><\/div><div class='clear_column'><\/div>\n<p>&nbsp;<\/p>\n<div class='content-column one_half'><p><a href=\"http:\/\/magdaumer.pl\/home\/wp-content\/uploads\/2014\/12\/bajki2.jpg\" data-rel=\"lightbox-image-2\" data-rl_title=\"\" data-rl_caption=\"\" title=\"\"><img loading=\"lazy\" decoding=\"async\" class=\"alignleft size-full wp-image-499\" src=\"http:\/\/magdaumer.pl\/home\/wp-content\/uploads\/2014\/12\/bajki2.jpg\" alt=\"bajki2\" width=\"130\" height=\"136\" \/><\/a> <a href=\"http:\/\/magdaumer.pl\/home\/wp-content\/uploads\/2014\/12\/bajki1.jpg\" data-rel=\"lightbox-image-3\" data-rl_title=\"\" data-rl_caption=\"\" title=\"\"><img loading=\"lazy\" decoding=\"async\" class=\"alignleft size-full wp-image-498\" src=\"http:\/\/magdaumer.pl\/home\/wp-content\/uploads\/2014\/12\/bajki1.jpg\" alt=\"bajki1\" width=\"130\" height=\"137\" \/><\/a><\/p>\n<p>&nbsp;<\/p>\n<p>&nbsp;<\/p>\n<p>&nbsp;<\/p>\n<p align=\"left\"><span style=\"color: #808080; font-size: small;\">20 ksi\u0105\u017cek z p\u0142ytami CD (audio)<\/span><\/p>\n<p align=\"left\"><span style=\"color: #808080; font-size: small;\">Czas trwania: 13-14 min.<\/span><\/p>\n<p align=\"left\"><span style=\"color: #808080;\"> <span style=\"font-size: small;\">Czytaj\u0105:<\/span><br \/>\nMagda Umer i Wojciech Mann<\/span><\/p>\n<p align=\"left\"><span style=\"color: #808080; font-size: small;\">Format ksi\u0105\u017cki: 18,5 x 19, 5 cm<\/span><\/p>\n<p align=\"left\"><span style=\"color: #808080; font-size: small;\">Stron: 38<\/span><\/p>\n<p align=\"left\"><span style=\"color: #808080;\"> Autor:<br \/>\n<\/span><span style=\"color: #808080;\">Grzegorz Kasdepke<br \/>\ni Jaros\u0142aw Miko\u0142ajewski<\/span><\/p><\/div>\n<div class='content-column one_half last_column'><p><a name=\"bajki\"><\/a><span style=\"color: #008000;\"><b>NAJPI\u0118KNIEJSZE BAJKI \u015aWIATA<\/b><\/span><br \/>\n<span style=\"color: #000000;\"> <i>Agora SA, 2005, 20 ksi\u0105\u017cek z p\u0142ytami CD (Audio)<\/i><\/span><\/p>\n<p style=\"text-align: justify;\">To niezwyk\u0142a seria dwudziestu klasycznych bajek znanych i kochanych od pokole\u0144, ale opowiedzianych i namalowanych na nowo.<\/p>\n<p style=\"text-align: justify;\">Do ka\u017cdej ksi\u0105\u017ceczki z bajk\u0105 do\u0142\u0105czona jest p\u0142yta CD. Kolekcja prezentuje takie klasyczne bajki jak: &#8222;Czerwony Kapturek&#8221;, &#8222;Kot w butach&#8221;, czy &#8222;Calineczka&#8221; we wsp\u00f3\u0142czesnej reinterpretacji dw\u00f3ch wybitnych autor\u00f3w &#8211; Grzegorza Kasdepke i Jaros\u0142awa Miko\u0142ajewskiego. Szat\u0119 graficzn\u0105 serii przygotowali znakomici ilustratorzy: Agnieszka \u017belewska, Pawe\u0142 Pawlak i El\u017cbieta Wasiuczy\u0144ska, a na p\u0142ytach CD bajki czytaj\u0105 Magda Umer i Wojciech Mann.<\/p><\/div><div class='clear_column'><\/div>\n<p>&nbsp;<\/p>\n<div class='content-column one_half'><p><a href=\"http:\/\/magdaumer.pl\/home\/wp-content\/uploads\/2014\/12\/bajki3.jpg\" data-rel=\"lightbox-image-4\" data-rl_title=\"\" data-rl_caption=\"\" title=\"\"><img loading=\"lazy\" decoding=\"async\" class=\"alignleft size-full wp-image-500\" src=\"http:\/\/magdaumer.pl\/home\/wp-content\/uploads\/2014\/12\/bajki3.jpg\" alt=\"bajki3\" width=\"130\" height=\"136\" \/><\/a> <a href=\"http:\/\/magdaumer.pl\/home\/wp-content\/uploads\/2014\/12\/bajki7.jpg\" data-rel=\"lightbox-image-5\" data-rl_title=\"\" data-rl_caption=\"\" title=\"\"><img loading=\"lazy\" decoding=\"async\" class=\"alignleft size-full wp-image-501\" src=\"http:\/\/magdaumer.pl\/home\/wp-content\/uploads\/2014\/12\/bajki7.jpg\" alt=\"bajki7\" width=\"130\" height=\"139\" \/><\/a><\/p>\n<p>&nbsp;<\/p>\n<p>&nbsp;<\/p>\n<p>&nbsp;<\/p>\n<p><a href=\"http:\/\/magdaumer.pl\/home\/wp-content\/uploads\/2014\/12\/bajki.jpg\" data-rel=\"lightbox-image-6\" data-rl_title=\"\" data-rl_caption=\"\" title=\"\"><img loading=\"lazy\" decoding=\"async\" class=\"alignleft size-full wp-image-497\" src=\"http:\/\/magdaumer.pl\/home\/wp-content\/uploads\/2014\/12\/bajki.jpg\" alt=\"bajki\" width=\"190\" height=\"256\" \/><\/a><\/p>\n<p>&nbsp;<\/p>\n<p>&nbsp;<\/p>\n<p>&nbsp;<\/p>\n<p>&nbsp;<\/p>\n<p>&nbsp;<\/p>\n<p>&nbsp;<\/p>\n<p>&nbsp;<\/p>\n<p align=\"left\"><span style=\"color: #808080;\">4 CD<\/span><\/p>\n<p align=\"left\"><span style=\"color: #808080;\">Wymiary: 13,8 x 18,8 cm<\/span><\/p><\/div>\n<div class='content-column one_half last_column'><p><a name=\"bajki\"><\/a><\/p>\n<p align=\"left\"><b> <span style=\"color: #008000;\"> TRUTUTUTU TRATATATA.<br \/>\nNAJPI\u0118KNIEJSZE BAJKI\u015aWIATA<\/span><\/b><\/p>\n<p><a name=\"bajki\"><\/a><\/p>\n<p align=\"justify\"><span style=\"color: #000000;\"> <i>Agora, 2011, 4 CD (Audio)<\/i><\/span><\/p>\n<p style=\"text-align: justify;\">Najpi\u0119kniejsze bajki \u015bwiata. To druga ods\u0142ona bajek z kotem &#8211; tym razem wy\u0142\u0105cznie w formie audio &#8211; bez ksi\u0105\u017ceczek. Na 4 p\u0142ytach zebranych zosta\u0142o 20 bajek opowiedzianych przez Jarka Miko\u0142ajewskiego i Grzegorza Kasdepke.<\/p>\n<p>__________<\/p>\n<p><b>Magda Umer przeczyta\u0142a nast\u0119puj\u0105ce bajki w serii:<\/b><\/p>\n<p>&#8211; CZERWONY KAPTUREK<br \/>\n&#8211; CALINECZKA<br \/>\n&#8211; O RYBAKU I Z\u0141OTEJ RYBCE<br \/>\n&#8211; KOPCIUSZEK<br \/>\n&#8211; \u015aPI\u0104CA KR\u00d3LEWNA<br \/>\n&#8211; \u017bABI KR\u00d3L<br \/>\n&#8211; JA\u015a I MA\u0141GOSIA<br \/>\n&#8211; NOWE SZATY CESARZA<br \/>\n&#8211; BRZYDKIE KACZ\u0104TKO<br \/>\n&#8211; TRZY \u015aWINKI<\/p>\n<p><a name=\"bajki\"><\/a><\/p><\/div><div class='clear_column'><\/div>\n","protected":false},"excerpt":{"rendered":"<p>&nbsp; &nbsp; &nbsp; &nbsp;<\/p>\n","protected":false},"author":1,"featured_media":0,"parent":25,"menu_order":2,"comment_status":"closed","ping_status":"closed","template":"","meta":{"footnotes":""},"class_list":["post-427","page","type-page","status-publish","hentry"],"_links":{"self":[{"href":"https:\/\/magdaumer.pl\/home\/wp-json\/wp\/v2\/pages\/427","targetHints":{"allow":["GET"]}}],"collection":[{"href":"https:\/\/magdaumer.pl\/home\/wp-json\/wp\/v2\/pages"}],"about":[{"href":"https:\/\/magdaumer.pl\/home\/wp-json\/wp\/v2\/types\/page"}],"author":[{"embeddable":true,"href":"https:\/\/magdaumer.pl\/home\/wp-json\/wp\/v2\/users\/1"}],"replies":[{"embeddable":true,"href":"https:\/\/magdaumer.pl\/home\/wp-json\/wp\/v2\/comments?post=427"}],"version-history":[{"count":9,"href":"https:\/\/magdaumer.pl\/home\/wp-json\/wp\/v2\/pages\/427\/revisions"}],"predecessor-version":[{"id":1442,"href":"https:\/\/magdaumer.pl\/home\/wp-json\/wp\/v2\/pages\/427\/revisions\/1442"}],"up":[{"embeddable":true,"href":"https:\/\/magdaumer.pl\/home\/wp-json\/wp\/v2\/pages\/25"}],"wp:attachment":[{"href":"https:\/\/magdaumer.pl\/home\/wp-json\/wp\/v2\/media?parent=427"}],"curies":[{"name":"wp","href":"https:\/\/api.w.org\/{rel}","templated":true}]}}