{"id":2799,"date":"2019-03-19T20:43:42","date_gmt":"2019-03-19T20:43:42","guid":{"rendered":"http:\/\/magdaumer.pl\/home\/?page_id=2799"},"modified":"2019-03-19T20:44:21","modified_gmt":"2019-03-19T20:44:21","slug":"sama-chciala","status":"publish","type":"page","link":"https:\/\/magdaumer.pl\/home\/spiewnik\/sama-chciala\/","title":{"rendered":"Sama chcia\u0142a"},"content":{"rendered":"<p style=\"line-height: 150%;\"><b><span style=\"font-size: 14.0pt; line-height: 150%; font-family: 'Verdana','sans-serif'; color: navy;\">Sama chcia\u0142a<\/span><\/b><b><span style=\"font-family: 'Verdana','sans-serif';\"><br \/>\n<span style=\"color: #6699ff; font-size: 10pt;\">(s\u0142. A. Osiecka, muz. S. Krajewski)<\/span><span style=\"color: #3399ff;\"><br \/>\n<\/span><br \/>\n<span style=\"color: #666666;\"><br \/>\n<\/span><\/span><\/b><span style=\"font-family: 'Verdana','sans-serif'; color: #333333;\">Tak si\u0119 urodzi\u0107 w niedziel\u0119 wiecz\u00f3r,<br \/>\nNie chcie\u0107, nie poczu\u0107, nie przeczu\u0107.<br \/>\nBy\u0107 jak przesy\u0142ka, jak paczka ma\u0142a,<br \/>\nSama chcia\u0142a, sama chcia\u0142a.<\/span><\/p>\n<p style=\"line-height: 150%;\"><span style=\"font-family: 'Verdana','sans-serif'; color: #333333;\">Tak chodzi\u0107 do szk\u00f3\u0142, wsz\u0119dzie po troszku,<br \/>\nMy\u015bli i nerwy mie\u0107 w proszku.<br \/>\nZnale\u017a\u0107 i zgubi\u0107, co matka da\u0142a.<br \/>\nSama chcia\u0142a, sama chcia\u0142a.<\/span><\/p>\n<p style=\"line-height: 150%;\"><span style=\"font-family: 'Verdana','sans-serif'; color: #333333;\">Tak si\u0119 niem\u0105drze w niem\u0105drych kocha\u0107,<br \/>\nNie trwa\u0107, nie czeka\u0107, nie szlocha\u0107.<br \/>\nPotem zazdro\u015bci\u0107 tej, co umia\u0142a\u2026<br \/>\nSama chcia\u0142a, sama chcia\u0142a.<\/span><\/p>\n<p style=\"line-height: 150%;\"><span style=\"font-family: 'Verdana','sans-serif'; color: #333333;\">Tak si\u0119 niem\u0105drze rozkocha\u0107 w tobie,<br \/>\nZ \u017calu za tob\u0105 wyp\u0142owie\u0107.<br \/>\nBy\u0107 nazbyt cicha lub nazbyt \u015bmia\u0142a,<br \/>\nSama chcia\u0142a, sama chcia\u0142a.<\/span><\/p>\n<p style=\"line-height: 150%;\"><span style=\"font-family: 'Verdana','sans-serif'; color: #333333;\">Tak nagle usta\u0107 w niedziel\u0119 wiecz\u00f3r,<br \/>\nNie czu\u0107, nie poczu\u0107, nie przeczu\u0107.<br \/>\nW\u015br\u00f3d jasnych buk\u00f3w zasn\u0105\u0107, jak ska\u0142a.<br \/>\nSama chcia\u0142a. Sama chcia\u0142a.<\/span><\/p>\n","protected":false},"excerpt":{"rendered":"<p>Sama chcia\u0142a (s\u0142. A. Osiecka, muz. S. Krajewski) Tak si\u0119 urodzi\u0107 w niedziel\u0119 wiecz\u00f3r, Nie chcie\u0107, nie poczu\u0107, nie przeczu\u0107. By\u0107 jak przesy\u0142ka, jak paczka ma\u0142a, Sama chcia\u0142a, sama chcia\u0142a. Tak chodzi\u0107 do szk\u00f3\u0142, wsz\u0119dzie po troszku, My\u015bli i nerwy mie\u0107 w proszku. Znale\u017a\u0107 i zgubi\u0107, co matka da\u0142a. Sama chcia\u0142a, sama chcia\u0142a. Tak si\u0119 &hellip; <a href=\"https:\/\/magdaumer.pl\/home\/spiewnik\/sama-chciala\/\" class=\"more-link\">Czytaj dalej <span class=\"screen-reader-text\">Sama chcia\u0142a<\/span> <span class=\"meta-nav\">&rarr;<\/span><\/a><\/p>\n","protected":false},"author":1,"featured_media":0,"parent":29,"menu_order":0,"comment_status":"closed","ping_status":"closed","template":"","meta":{"footnotes":""},"class_list":["post-2799","page","type-page","status-publish","hentry"],"_links":{"self":[{"href":"https:\/\/magdaumer.pl\/home\/wp-json\/wp\/v2\/pages\/2799","targetHints":{"allow":["GET"]}}],"collection":[{"href":"https:\/\/magdaumer.pl\/home\/wp-json\/wp\/v2\/pages"}],"about":[{"href":"https:\/\/magdaumer.pl\/home\/wp-json\/wp\/v2\/types\/page"}],"author":[{"embeddable":true,"href":"https:\/\/magdaumer.pl\/home\/wp-json\/wp\/v2\/users\/1"}],"replies":[{"embeddable":true,"href":"https:\/\/magdaumer.pl\/home\/wp-json\/wp\/v2\/comments?post=2799"}],"version-history":[{"count":1,"href":"https:\/\/magdaumer.pl\/home\/wp-json\/wp\/v2\/pages\/2799\/revisions"}],"predecessor-version":[{"id":2800,"href":"https:\/\/magdaumer.pl\/home\/wp-json\/wp\/v2\/pages\/2799\/revisions\/2800"}],"up":[{"embeddable":true,"href":"https:\/\/magdaumer.pl\/home\/wp-json\/wp\/v2\/pages\/29"}],"wp:attachment":[{"href":"https:\/\/magdaumer.pl\/home\/wp-json\/wp\/v2\/media?parent=2799"}],"curies":[{"name":"wp","href":"https:\/\/api.w.org\/{rel}","templated":true}]}}