{"id":2786,"date":"2019-03-19T20:24:46","date_gmt":"2019-03-19T20:24:46","guid":{"rendered":"http:\/\/magdaumer.pl\/home\/?page_id=2786"},"modified":"2019-03-19T20:42:33","modified_gmt":"2019-03-19T20:42:33","slug":"pa-role","status":"publish","type":"page","link":"https:\/\/magdaumer.pl\/home\/spiewnik\/pa-role\/","title":{"rendered":"Pa! &#8211; role"},"content":{"rendered":"<p style=\"line-height: 150%;\"><b><span style=\"font-size: 14.0pt; line-height: 150%; font-family: 'Verdana','sans-serif'; color: navy;\">Pa! &#8211; role<\/span><\/b><b><span style=\"font-family: 'Verdana','sans-serif';\"><br \/>\n<span style=\"color: #6699ff; font-size: 10pt;\">(s\u0142. polskie A. Poniedzielski, muz. G. Ferrio)<\/span><span style=\"color: #3399ff;\"><br \/>\n<\/span><br \/>\n<span style=\"color: #666666;\"><br \/>\n<\/span><\/span><\/b><em><span style=\"font-family: 'Verdana','sans-serif'; color: #333333;\">(Halo\u2026 halo\u2026 prosz\u0119 pani m\u00f3wi re\u017cyser\u2026 znany\u2026 znany re\u017cyser\u2026<br \/>\nCzy pani mnie s\u0142yszy? Ja bym chcia\u0142, \u017ceby pani u mnie zagra\u0142a, dobrze?)<\/span><\/em><\/p>\n<p style=\"line-height: 150%;\"><span style=\"font-family: 'Verdana','sans-serif'; color: #333333;\">Nie zagram ju\u017c, nie zagram ju\u017c<br \/>\n\u017badnej z r\u00f3l.<br \/>\n<em>(\u2026ale prosz\u0119 pani, to jest g\u0142\u00f3wna rola\u2026)<\/em><br \/>\n\u017badnej z r\u00f3l.<br \/>\n<em>(- uwa\u017cam, \u017ce projekt jest naprawd\u0119 bardzo ciekawy,<\/em><br \/>\n<em>niech pani to we\u017amie pod uwag\u0119)<\/em><br \/>\nUpomn\u0119 si\u0119 dzi\u015b o m\u00f3j \u015bmiech, o sens i b\u00f3l,<br \/>\n<em>(\u2026film robimy\u2026 czy pani to rozumie? Halo!)<\/em><br \/>\nNawet o b\u00f3l.<br \/>\n<em>(- albo dwa kr\u00f3tsze, taki mini serial\u2026 mo\u017ce nawet reklam\u0119, prosz\u0119 pani!)<\/em><br \/>\nNie. A propo\u2019s a \u2013 \u017cyciem moim \u017cy\u0107 wol\u0119,<br \/>\ngdyby pyta\u0142 kto\u015b. Ja po siebie wracam.<br \/>\n<em>(\u2026Ja mam bardzo dobry tytu\u0142 roboczy.<\/em><br \/>\n<em>Romeo i Julian\u2026 uwa\u017cam, \u017ce to jest to bardzo odkrywcze.)<\/em><br \/>\nSzumi mi w g\u0142owie wi\u015bniowy sad\u2026<br \/>\n<em>(eee, ja o sztuce, a pani o powid\u0142ach,<\/em><br \/>\n<em>to my si\u0119 nie dogadamy niestety, ojj)<\/em><br \/>\nTam sen nocy letniej na hu\u015btawce tych dwoje ko\u0142ysze,<br \/>\nJulia z Ofeli\u0105 b\u0142agaj\u0105 na cisz\u0119,<br \/>\nI lady Makbet zabiera do Spa<br \/>\nTrzy siostry i ju\u017c\u2026 ju\u017c \u017cadna z nich to ja\u2026<br \/>\n<em>(\u2026Ja rozumiem, \u017ce pani si\u0119 \u017cegna z tymi rolami, tak?)<\/em><br \/>\nPa role, pa role, pa role<br \/>\n<em>(prosz\u0119 pani, ja mam naprawd\u0119 szerokie plany wobec pani!)<\/em><br \/>\nPa role, pa role, pa role<br \/>\n<em>(filmowe\u2026 filmowe plany\u2026 pani to s\u0142yszy?!)<\/em><br \/>\nPa role, pa role, pa role<br \/>\nPa role, pa role, pa role<br \/>\nPa role naprawd\u0119, pa role,<br \/>\n<em>(tak pa role, parole\u2026)<\/em><br \/>\n&#8211; Ju\u017c siebie wol\u0119.<\/span><\/p>\n<p style=\"line-height: 150%;\"><span style=\"font-family: 'Verdana','sans-serif'; color: #333333;\"><em>(Ile to mo\u017cna powtarza\u0107\u2026 Zagrajmy w otwarte karty, dobrze?<\/em><br \/>\n<em>To by\u0142 pretekst.<\/em><br \/>\n<em>Ja bym chcia\u0142, \u017ceby pani zagra\u0142a w \u017cyciu\u2026 halo\u2026 halo\u2026)<\/em><br \/>\nNie zagram ju\u017c, nie zagram ju\u017c \u017cadnej z r\u00f3l,<br \/>\n<em>(w moim \u017cyciu \u017ceby pani zagra\u0142a\u2026 halo\u2026)<\/em><br \/>\n\u017badnej z r\u00f3l.<br \/>\n<em>(znajomo\u015b\u0107 proponuj\u0119\u2026 czy pani s\u0142yszy?)<\/em><br \/>\nUpomn\u0119 si\u0119 dzi\u015b o m\u00f3j \u015bmiech, o sens i b\u00f3l<br \/>\n<em>(prosz\u0119 pani \u2013 mi\u0142o\u015b\u0107\u2026 mi\u0142o\u015b\u0107!&#8230;)<\/em><br \/>\nNawet o b\u00f3l\u2026<br \/>\n<em>(\u2026ma\u0142\u017ce\u0144stwo\u2026 z pani\u0105 ma\u0142\u017ce\u0144stwo\u2026<\/em><br \/>\n<em>niech\u017ce pani zrozumie\u2026 halo\u2026 te\u017c nie?)<\/em><br \/>\nNie. A propo\u2019s a \u2013 \u017cyciem moim \u017cy\u0107 wol\u0119, gdyby pyta\u0142 kto\u015b\u2026<br \/>\nJa po siebie wracam.<br \/>\n<em>(Czy pani wie, \u017ce pani by by\u0142a wisienk\u0105 na torcie mojego \u017cycia?<\/em><br \/>\n<em>halo\u2026 halo\u2026!)<\/em><br \/>\nSzumi mi w g\u0142owie wi\u015bniowy sad\u2026<br \/>\n<em>(No tak, jest r\u00f3\u017cnica mi\u0119dzy tortem a sadem\u2026 oczywi\u015bcie\u2026)<\/em><br \/>\nTam sen nocy letniej na hu\u015btawce tych dwoje ko\u0142ysze,<br \/>\nJulia z Ofeli\u0105 b\u0142agaj\u0105 o cisz\u0119<br \/>\nI lady Makbet zabiera do Spa trzy siostry i ju\u017c,<br \/>\nju\u017c \u017cadna z nich \u2013 to ja\u2026<br \/>\n<em>(\u2026wie pani co? \u2026pani pozwoli,<\/em><br \/>\n<em>\u017ce ja si\u0119 poczuj\u0119 troch\u0119 wyrolowany)<\/em><\/span><\/p>\n<p style=\"line-height: 150%;\"><span style=\"font-family: 'Verdana','sans-serif'; color: #333333;\">Pa role, pa role, pa role<br \/>\nPa role, pa role, pa role<br \/>\n<em>(No i po co to powtarza\u0107 tyle razy?)<\/em><br \/>\nPa role, pa role, pa role<br \/>\n<em>(No nie rozumiem\u2026)<\/em><br \/>\nPa role, pa role, pa role<br \/>\nPa role, pa role<br \/>\nNaprawd\u0119 pa role! Ju\u017c siebie wol\u0119.<\/span><\/p>\n<p style=\"line-height: 150%;\"><em><span style=\"font-family: 'Verdana','sans-serif'; color: #333333;\">(\u2026rozumiem\u2026 No\u2026 rozumiem\u2026<br \/>\n\u2026No nic nie rozumiem, cholera no\u2026 naprawd\u0119.<br \/>\nCo pani robi\u2026? Pani p\u0142acze? Pani przestanie p\u0142aka\u0107, dobrze?!<br \/>\n\u2026To co\u2026 mo\u017ce jednak porozmawiamy, czy co?)<\/span><\/em><\/p>\n","protected":false},"excerpt":{"rendered":"<p>Pa! &#8211; role (s\u0142. polskie A. Poniedzielski, muz. G. Ferrio) (Halo\u2026 halo\u2026 prosz\u0119 pani m\u00f3wi re\u017cyser\u2026 znany\u2026 znany re\u017cyser\u2026 Czy pani mnie s\u0142yszy? Ja bym chcia\u0142, \u017ceby pani u mnie zagra\u0142a, dobrze?) Nie zagram ju\u017c, nie zagram ju\u017c \u017badnej z r\u00f3l. (\u2026ale prosz\u0119 pani, to jest g\u0142\u00f3wna rola\u2026) \u017badnej z r\u00f3l. (- uwa\u017cam, \u017ce projekt &hellip; <a href=\"https:\/\/magdaumer.pl\/home\/spiewnik\/pa-role\/\" class=\"more-link\">Czytaj dalej <span class=\"screen-reader-text\">Pa! &#8211; role<\/span> <span class=\"meta-nav\">&rarr;<\/span><\/a><\/p>\n","protected":false},"author":1,"featured_media":0,"parent":29,"menu_order":0,"comment_status":"closed","ping_status":"closed","template":"","meta":{"footnotes":""},"class_list":["post-2786","page","type-page","status-publish","hentry"],"_links":{"self":[{"href":"https:\/\/magdaumer.pl\/home\/wp-json\/wp\/v2\/pages\/2786","targetHints":{"allow":["GET"]}}],"collection":[{"href":"https:\/\/magdaumer.pl\/home\/wp-json\/wp\/v2\/pages"}],"about":[{"href":"https:\/\/magdaumer.pl\/home\/wp-json\/wp\/v2\/types\/page"}],"author":[{"embeddable":true,"href":"https:\/\/magdaumer.pl\/home\/wp-json\/wp\/v2\/users\/1"}],"replies":[{"embeddable":true,"href":"https:\/\/magdaumer.pl\/home\/wp-json\/wp\/v2\/comments?post=2786"}],"version-history":[{"count":2,"href":"https:\/\/magdaumer.pl\/home\/wp-json\/wp\/v2\/pages\/2786\/revisions"}],"predecessor-version":[{"id":2798,"href":"https:\/\/magdaumer.pl\/home\/wp-json\/wp\/v2\/pages\/2786\/revisions\/2798"}],"up":[{"embeddable":true,"href":"https:\/\/magdaumer.pl\/home\/wp-json\/wp\/v2\/pages\/29"}],"wp:attachment":[{"href":"https:\/\/magdaumer.pl\/home\/wp-json\/wp\/v2\/media?parent=2786"}],"curies":[{"name":"wp","href":"https:\/\/api.w.org\/{rel}","templated":true}]}}