{"id":2784,"date":"2019-03-19T20:18:06","date_gmt":"2019-03-19T20:18:06","guid":{"rendered":"http:\/\/magdaumer.pl\/home\/?page_id=2784"},"modified":"2019-03-19T20:19:10","modified_gmt":"2019-03-19T20:19:10","slug":"najcichszy-tekst","status":"publish","type":"page","link":"https:\/\/magdaumer.pl\/home\/spiewnik\/najcichszy-tekst\/","title":{"rendered":"Najcichszy tekst"},"content":{"rendered":"<p><span style=\"font-family: verdana, geneva, sans-serif; font-size: 14pt; color: #000080;\"><strong>Najcichszy tekst<\/strong><\/span><br \/>\n<span style=\"font-family: verdana, geneva, sans-serif;\"><strong><span style=\"font-size: 10pt; color: #6699ff;\">(s\u0142. J. Przybora, muz. M. Legrand)<\/span><\/p>\n<p><\/strong><span style=\"color: #333333;\">Nie g\u0142o\u015bniej snu<strong><br \/>\n<\/strong>Nie g\u0142o\u015bniej \u0142ez<strong><br \/>\n<\/strong>Nie g\u0142o\u015bniej tchu<strong><br \/>\n<\/strong>Zdyszanych serc<strong><br \/>\n<\/strong>Na skrawkach cisz<strong><br \/>\n<\/strong>Bezsennych sjest<strong><br \/>\n<\/strong>Nagrywam ci<strong><br \/>\n<\/strong>Serdeczny list<strong><br \/>\n<\/strong>Odwieczny tekst<strong><\/p>\n<p><\/strong>Jest cichszy od trzepotu \u0107my<\/span><\/span><br \/>\n<span style=\"font-family: verdana, geneva, sans-serif; color: #333333;\">Od szmeru s\u0142ot<\/span><br \/>\n<span style=\"font-family: verdana, geneva, sans-serif; color: #333333;\">W milczeniu mg\u0142y<\/span><br \/>\n<span style=\"font-family: verdana, geneva, sans-serif; color: #333333;\">Bezradny jak<\/span><br \/>\n<span style=\"font-family: verdana, geneva, sans-serif; color: #333333;\">Rozstajny znak<\/span><\/p>\n<p><span style=\"font-family: verdana, geneva, sans-serif; color: #333333;\">Nie, ty przecie\u017c mnie nigdy nie us\u0142yszysz<strong><br \/>\n<\/strong>Bo m\u00f3j list cichszy jest od ciszy<strong><\/p>\n<p><\/strong>Wyszeptany<strong><br \/>\n<\/strong>Niepisany<strong><br \/>\n<\/strong>List<strong><\/p>\n<p><\/strong>Nie g\u0142o\u015bniej snu<strong><br \/>\n<\/strong>Nie g\u0142o\u015bniej \u0142ez<strong><br \/>\n<\/strong>Nie g\u0142o\u015bniej tchu<strong><br \/>\n<\/strong>Zdyszanych serc<strong><br \/>\n<\/strong>Nagrywam ci <strong><br \/>\n<\/strong>Najcichszy tekst<strong><br \/>\n<\/strong>M\u00f3j list<strong><\/p>\n<p><\/strong>A w li\u015bcie tym<strong><br \/>\n<\/strong>Donosz\u0119 ci<strong><br \/>\n<\/strong>Za ma\u0142o si\u0142<strong><br \/>\n<\/strong>Za ci\u0119\u017ckie dni<strong><br \/>\n<\/strong>Za kr\u00f3tki sen<strong><br \/>\n<\/strong>Za d\u0142uga noc<strong><br \/>\n<\/strong>A kiedy \u015bni\u0119 <strong><br \/>\n<\/strong>\u015ani mi si\u0119 los<strong><br \/>\n<\/strong>M\u00f3j w\u0142asny los <strong><\/p>\n<p><\/strong>O gdyby\u015b m\u00f3g\u0142<strong><br \/>\n<\/strong>Przez \u015bwiata zgie\u0142k<strong><br \/>\n<\/strong>Przez szum i huk<strong><br \/>\n<\/strong>Us\u0142ysze\u0107 mnie<strong><br \/>\n<\/strong>O gdyby\u015b m\u00f3g\u0142<strong><br \/>\n<\/strong>I gdyby\u015b by\u0142&#8230;<strong><br \/>\n<\/strong>Jak mam szuka\u0107 i jak mam znale\u017a\u0107 gdzie\u015b Ci\u0119?<strong><br \/>\n<\/strong>Nie wiem Czy, ani kim Ty jeste\u015b<strong><br \/>\n<\/strong>Jak te s\u0142owa <strong><br \/>\n<\/strong>Adresowa\u0107 mam?<strong><\/p>\n<p><\/strong>Nie g\u0142o\u015bniej snu<strong><br \/>\n<\/strong>Nie g\u0142o\u015bniej \u0142ez<strong><br \/>\n<\/strong>Nie g\u0142o\u015bniej tchu<strong><br \/>\n<\/strong>Zm\u0119czonych serc<strong><br \/>\n<\/strong>Na skrawkach cisz<strong><br \/>\n<\/strong>Nagrywam Ci<strong><\/p>\n<p><\/strong>M\u00f3j list<\/span><\/p>\n","protected":false},"excerpt":{"rendered":"<p>Najcichszy tekst (s\u0142. J. Przybora, muz. M. Legrand) Nie g\u0142o\u015bniej snu Nie g\u0142o\u015bniej \u0142ez Nie g\u0142o\u015bniej tchu Zdyszanych serc Na skrawkach cisz Bezsennych sjest Nagrywam ci Serdeczny list Odwieczny tekst Jest cichszy od trzepotu \u0107my Od szmeru s\u0142ot W milczeniu mg\u0142y Bezradny jak Rozstajny znak Nie, ty przecie\u017c mnie nigdy nie us\u0142yszysz Bo m\u00f3j list &hellip; <a href=\"https:\/\/magdaumer.pl\/home\/spiewnik\/najcichszy-tekst\/\" class=\"more-link\">Czytaj dalej <span class=\"screen-reader-text\">Najcichszy tekst<\/span> <span class=\"meta-nav\">&rarr;<\/span><\/a><\/p>\n","protected":false},"author":1,"featured_media":0,"parent":29,"menu_order":0,"comment_status":"closed","ping_status":"closed","template":"","meta":{"footnotes":""},"class_list":["post-2784","page","type-page","status-publish","hentry"],"_links":{"self":[{"href":"https:\/\/magdaumer.pl\/home\/wp-json\/wp\/v2\/pages\/2784","targetHints":{"allow":["GET"]}}],"collection":[{"href":"https:\/\/magdaumer.pl\/home\/wp-json\/wp\/v2\/pages"}],"about":[{"href":"https:\/\/magdaumer.pl\/home\/wp-json\/wp\/v2\/types\/page"}],"author":[{"embeddable":true,"href":"https:\/\/magdaumer.pl\/home\/wp-json\/wp\/v2\/users\/1"}],"replies":[{"embeddable":true,"href":"https:\/\/magdaumer.pl\/home\/wp-json\/wp\/v2\/comments?post=2784"}],"version-history":[{"count":1,"href":"https:\/\/magdaumer.pl\/home\/wp-json\/wp\/v2\/pages\/2784\/revisions"}],"predecessor-version":[{"id":2785,"href":"https:\/\/magdaumer.pl\/home\/wp-json\/wp\/v2\/pages\/2784\/revisions\/2785"}],"up":[{"embeddable":true,"href":"https:\/\/magdaumer.pl\/home\/wp-json\/wp\/v2\/pages\/29"}],"wp:attachment":[{"href":"https:\/\/magdaumer.pl\/home\/wp-json\/wp\/v2\/media?parent=2784"}],"curies":[{"name":"wp","href":"https:\/\/api.w.org\/{rel}","templated":true}]}}