{"id":2778,"date":"2019-03-19T20:00:59","date_gmt":"2019-03-19T20:00:59","guid":{"rendered":"http:\/\/magdaumer.pl\/home\/?page_id=2778"},"modified":"2019-03-19T20:01:25","modified_gmt":"2019-03-19T20:01:25","slug":"czas-rozpalic-piec","status":"publish","type":"page","link":"https:\/\/magdaumer.pl\/home\/spiewnik\/czas-rozpalic-piec\/","title":{"rendered":"Czas rozpali\u0107 piec"},"content":{"rendered":"<p style=\"line-height: 150%;\"><b><span style=\"font-size: 14.0pt; line-height: 150%; font-family: 'Verdana','sans-serif'; color: navy;\">Czas rozpali\u0107 piec<\/span><\/b><b><span style=\"font-family: 'Verdana','sans-serif';\"><br \/>\n<span style=\"color: #6699ff; font-size: 10pt;\">(s\u0142. J. Wo\u0142ek, muz. W. Nahorny)<\/span><span style=\"color: #3399ff;\"><br \/>\n<\/span><br \/>\n<span style=\"color: #666666;\"><br \/>\n<\/span><\/span><\/b><span style=\"font-family: 'Verdana','sans-serif'; color: #333333;\">Mrok jak kosmaty pies<br \/>\nPatrz wrzesie\u0144 ju\u017c, czas rozpali\u0107 piec.<br \/>\nPosmutnia\u0142o w ogrodzie i<br \/>\nNagle postarza\u0142o si\u0119<br \/>\nMia\u0142e\u015b przecie\u017c by\u0107, autobus tw\u00f3j szed\u0142,<br \/>\nTak jest ju\u017c p\u00f3\u017ano.<br \/>\nWr\u00f3\u0107 w lampy ciep\u0142y kr\u0105g\u2026<br \/>\nDo szafy p\u0142aszcz\u2026 jab\u0142kami pachnie dom.<br \/>\nPrzemoczony poeto si\u0105d\u017a, sko\u0144cz ten sw\u00f3j niezwyk\u0142y wiersz.<br \/>\nPusta kartka i tylko zn\u00f3w ogarek \u015bwiecy.<\/span><\/p>\n<p style=\"line-height: 150%;\"><span style=\"font-family: 'Verdana','sans-serif'; color: #333333;\">Dla ciebie dzi\u015b kupi\u0142am ten zielony pled<br \/>\nOstatnie jab\u0142ka z drzewa postr\u0105ca\u0142 wiatr,<br \/>\nA mia\u0142e\u015b zerwa\u0107\u2026<br \/>\nTak ma\u0142o ciebie mam,<br \/>\nKilka m\u0105drych zda\u0144,<br \/>\nTo wszystko.<\/span><\/p>\n<p style=\"line-height: 150%;\"><span style=\"font-family: 'Verdana','sans-serif'; color: #333333;\">Mrok jak kosmaty pies, patrz wrzesie\u0144 ju\u017c<br \/>\nI w domu huczy piec.<br \/>\nPosmutnia\u0142o w ogrodzie, c\u00f3\u017c, postarza\u0142o nagle si\u0119.<br \/>\nMia\u0142e\u015b przecie\u017c by\u0107, autobus m\u00f3j szed\u0142,<br \/>\n\u2026 Tak jest ju\u017c p\u00f3\u017ano.<br \/>\nTam lampy ciep\u0142y kr\u0105g, zn\u00f3w twoja twarz,<br \/>\nJab\u0142kami pachnie dom.<br \/>\nPowiesz pewnie: poeto si\u0105d\u017a,<br \/>\nSko\u0144cz ten sw\u00f3j niezwyk\u0142y wiersz\u2026<br \/>\n\u2026 Pusta kartka\u2026 i tylko zn\u00f3w ogarek \u015bwiecy.<\/span><\/p>\n<p style=\"line-height: 150%;\"><span style=\"font-family: 'Verdana','sans-serif'; color: #333333;\">Dla ciebie dzi\u015b kupi\u0142em tych chryzantem p\u0119k,<br \/>\nA tutaj jab\u0142ka z drzew postr\u0105ca\u0142 wiatr.<br \/>\n\u2026 A mia\u0142e\u015b zerwa\u0107\u2026<br \/>\nTak ma\u0142o ze mnie masz, zatroskana twarz,<br \/>\nPrzepraszam ci\u0119.<br \/>\nTy mnie przepraszasz?<br \/>\nTak przepraszam ci\u0119\u2026 itd.<\/span><\/p>\n","protected":false},"excerpt":{"rendered":"<p>Czas rozpali\u0107 piec (s\u0142. J. Wo\u0142ek, muz. W. Nahorny) Mrok jak kosmaty pies Patrz wrzesie\u0144 ju\u017c, czas rozpali\u0107 piec. Posmutnia\u0142o w ogrodzie i Nagle postarza\u0142o si\u0119 Mia\u0142e\u015b przecie\u017c by\u0107, autobus tw\u00f3j szed\u0142, Tak jest ju\u017c p\u00f3\u017ano. Wr\u00f3\u0107 w lampy ciep\u0142y kr\u0105g\u2026 Do szafy p\u0142aszcz\u2026 jab\u0142kami pachnie dom. Przemoczony poeto si\u0105d\u017a, sko\u0144cz ten sw\u00f3j niezwyk\u0142y wiersz. &hellip; <a href=\"https:\/\/magdaumer.pl\/home\/spiewnik\/czas-rozpalic-piec\/\" class=\"more-link\">Czytaj dalej <span class=\"screen-reader-text\">Czas rozpali\u0107 piec<\/span> <span class=\"meta-nav\">&rarr;<\/span><\/a><\/p>\n","protected":false},"author":1,"featured_media":0,"parent":29,"menu_order":0,"comment_status":"closed","ping_status":"closed","template":"","meta":{"footnotes":""},"class_list":["post-2778","page","type-page","status-publish","hentry"],"_links":{"self":[{"href":"https:\/\/magdaumer.pl\/home\/wp-json\/wp\/v2\/pages\/2778","targetHints":{"allow":["GET"]}}],"collection":[{"href":"https:\/\/magdaumer.pl\/home\/wp-json\/wp\/v2\/pages"}],"about":[{"href":"https:\/\/magdaumer.pl\/home\/wp-json\/wp\/v2\/types\/page"}],"author":[{"embeddable":true,"href":"https:\/\/magdaumer.pl\/home\/wp-json\/wp\/v2\/users\/1"}],"replies":[{"embeddable":true,"href":"https:\/\/magdaumer.pl\/home\/wp-json\/wp\/v2\/comments?post=2778"}],"version-history":[{"count":1,"href":"https:\/\/magdaumer.pl\/home\/wp-json\/wp\/v2\/pages\/2778\/revisions"}],"predecessor-version":[{"id":2779,"href":"https:\/\/magdaumer.pl\/home\/wp-json\/wp\/v2\/pages\/2778\/revisions\/2779"}],"up":[{"embeddable":true,"href":"https:\/\/magdaumer.pl\/home\/wp-json\/wp\/v2\/pages\/29"}],"wp:attachment":[{"href":"https:\/\/magdaumer.pl\/home\/wp-json\/wp\/v2\/media?parent=2778"}],"curies":[{"name":"wp","href":"https:\/\/api.w.org\/{rel}","templated":true}]}}