{"id":2744,"date":"2019-02-10T22:48:02","date_gmt":"2019-02-10T22:48:02","guid":{"rendered":"http:\/\/magdaumer.pl\/home\/?page_id=2744"},"modified":"2019-02-10T22:49:26","modified_gmt":"2019-02-10T22:49:26","slug":"odmienia-wszystko-czas","status":"publish","type":"page","link":"https:\/\/magdaumer.pl\/home\/spiewnik\/odmienia-wszystko-czas\/","title":{"rendered":"Odmienia wszystko czas"},"content":{"rendered":"<p style=\"line-height: 150%;\"><b><span style=\"font-size: 14.0pt; line-height: 150%; font-family: 'Verdana','sans-serif'; color: navy;\">Odmienia wszystko czas<\/span><\/b><b><span style=\"font-family: 'Verdana','sans-serif';\"><br \/>\n<span style=\"color: #6699ff; font-size: 10pt;\">(s\u0142. polskie W. M\u0142ynarski \/H. Hupfeld\/, muz. M. Steiner)<\/span><span style=\"color: #3399ff;\"><br \/>\n<\/span><br \/>\n<span style=\"color: #666666;\"><br \/>\n<\/span><\/span><\/b><span style=\"font-family: 'Verdana','sans-serif'; color: #333333;\">To chyba jest jedyny film, na kt\u00f3rym zawsze p\u0142acz\u0119,<br \/>\nChusteczk\u0119 \u0142zami znacz\u0119, nie mo\u017ce by\u0107 inaczej.<br \/>\nKiedy nagle \u015bwiat\u0142o zga\u015bnie i ekran l\u015bni srebrzy\u015bcie,<br \/>\nJa na ekran wbiegam i\u2026 I siadam tam, tu\u017c przy piani\u015bcie<br \/>\nI wiem, \u017ce d\u0142ugo prosi\u0107 nie musz\u0119 wcale go,<br \/>\nBy chc\u0105c osuszy\u0107 moje \u0142zy, melodi\u0119 zagra\u0142 sw\u0105.<\/span><\/p>\n<p style=\"line-height: 150%;\"><span style=\"font-family: 'Verdana','sans-serif'; color: #333333;\">Odmienia wszystko czas<br \/>\nI zn\u00f3w po\u0142\u0105czy nas nie\u015bmia\u0142y losu gest.<br \/>\nS\u0105 inne znaki przestankowe, opr\u00f3cz \u0142ez\u2026<br \/>\nNapisz\u0119 nowy list i nag\u0142y szcz\u0119\u015bcia b\u0142ysk<br \/>\nPo\u0142o\u017cy smutkom kres.<br \/>\nGdzie\u015b nasza Casablanca jest, ja wiem, \u017ce jest\u2026<\/span><\/p>\n<p style=\"line-height: 150%;\"><span style=\"font-family: 'Verdana','sans-serif'; color: #333333;\">Tam si\u0119 spotkamy, w szumie bia\u0142ych fal,<br \/>\nTy Humphrey Bogart z twoj\u0105 femme fatale.<br \/>\nPo\u0142\u0105czy nas sw\u0105 si\u0142\u0105 mi\u0142o\u015b\u0107 ta, dla kt\u00f3rej nie istnieje czas\u2026<br \/>\nI cho\u0107 kolejny raz odmieni wszystko czas, nie zmieni tego nie,<br \/>\n\u017be odt\u0105d musisz ju\u017c na zawsze pokocha\u0107 mnie.<\/span><\/p>\n","protected":false},"excerpt":{"rendered":"<p>Odmienia wszystko czas (s\u0142. polskie W. M\u0142ynarski \/H. Hupfeld\/, muz. M. Steiner) To chyba jest jedyny film, na kt\u00f3rym zawsze p\u0142acz\u0119, Chusteczk\u0119 \u0142zami znacz\u0119, nie mo\u017ce by\u0107 inaczej. Kiedy nagle \u015bwiat\u0142o zga\u015bnie i ekran l\u015bni srebrzy\u015bcie, Ja na ekran wbiegam i\u2026 I siadam tam, tu\u017c przy piani\u015bcie I wiem, \u017ce d\u0142ugo prosi\u0107 nie musz\u0119 wcale &hellip; <a href=\"https:\/\/magdaumer.pl\/home\/spiewnik\/odmienia-wszystko-czas\/\" class=\"more-link\">Czytaj dalej <span class=\"screen-reader-text\">Odmienia wszystko czas<\/span> <span class=\"meta-nav\">&rarr;<\/span><\/a><\/p>\n","protected":false},"author":1,"featured_media":0,"parent":29,"menu_order":0,"comment_status":"closed","ping_status":"closed","template":"","meta":{"footnotes":""},"class_list":["post-2744","page","type-page","status-publish","hentry"],"_links":{"self":[{"href":"https:\/\/magdaumer.pl\/home\/wp-json\/wp\/v2\/pages\/2744","targetHints":{"allow":["GET"]}}],"collection":[{"href":"https:\/\/magdaumer.pl\/home\/wp-json\/wp\/v2\/pages"}],"about":[{"href":"https:\/\/magdaumer.pl\/home\/wp-json\/wp\/v2\/types\/page"}],"author":[{"embeddable":true,"href":"https:\/\/magdaumer.pl\/home\/wp-json\/wp\/v2\/users\/1"}],"replies":[{"embeddable":true,"href":"https:\/\/magdaumer.pl\/home\/wp-json\/wp\/v2\/comments?post=2744"}],"version-history":[{"count":1,"href":"https:\/\/magdaumer.pl\/home\/wp-json\/wp\/v2\/pages\/2744\/revisions"}],"predecessor-version":[{"id":2745,"href":"https:\/\/magdaumer.pl\/home\/wp-json\/wp\/v2\/pages\/2744\/revisions\/2745"}],"up":[{"embeddable":true,"href":"https:\/\/magdaumer.pl\/home\/wp-json\/wp\/v2\/pages\/29"}],"wp:attachment":[{"href":"https:\/\/magdaumer.pl\/home\/wp-json\/wp\/v2\/media?parent=2744"}],"curies":[{"name":"wp","href":"https:\/\/api.w.org\/{rel}","templated":true}]}}