{"id":2732,"date":"2019-02-10T22:10:25","date_gmt":"2019-02-10T22:10:25","guid":{"rendered":"http:\/\/magdaumer.pl\/home\/?page_id=2732"},"modified":"2019-02-10T22:11:31","modified_gmt":"2019-02-10T22:11:31","slug":"co-sie-z-tym-stalo","status":"publish","type":"page","link":"https:\/\/magdaumer.pl\/home\/spiewnik\/co-sie-z-tym-stalo\/","title":{"rendered":"Co si\u0119 z tym sta\u0142o"},"content":{"rendered":"<p style=\"line-height: 150%;\"><b><span style=\"font-size: 14.0pt; line-height: 150%; font-family: 'Verdana','sans-serif'; color: navy;\">Co si\u0119 z tym sta\u0142o<\/span><\/b><b><span style=\"font-family: 'Verdana','sans-serif';\"><br \/>\n<span style=\"color: #6699ff; font-size: 10pt;\">(s\u0142. i muz. M. Hemar)<\/span><span style=\"color: #3399ff;\"><br \/>\n<\/span><br \/>\n<span style=\"color: #666666;\"><br \/>\n<\/span><\/span><\/b><span style=\"font-family: 'Verdana','sans-serif'; color: #333333;\">Kiedy ryba przep\u0142ynie, kiedy w\u0105\u017c si\u0119 prze\u015blizgnie,<br \/>\nGdy nietoperz przeleci u poddasza\u2026<br \/>\nNie ma \u015bladu na stawie, ni w powietrzu, ni w trawie<br \/>\n&#8211; i tak w\u0142a\u015bnie min\u0119\u0142a mi\u0142o\u015b\u0107 nasza.<\/span><\/p>\n<p style=\"line-height: 150%;\"><span style=\"font-family: 'Verdana','sans-serif'; color: #333333;\">Niby nic si\u0119 nie sta\u0142o, co\u015b przemkn\u0119\u0142o, przewia\u0142o.<br \/>\nCzemu z tym si\u0119 pogodzi\u0107 nie umiem?<br \/>\nCzemu z tym si\u0119 nie godz\u0119? Chodz\u0119 noc\u0105 i chodz\u0119\u2026<br \/>\nI nie rozumiem, nie rozumiem, nie rozumiem.<\/span><\/p>\n<p style=\"line-height: 150%;\"><span style=\"font-family: 'Verdana','sans-serif'; color: #333333;\">Co si\u0119 z tym sta\u0142o, gdzie to posz\u0142o, gdzie to jest?<br \/>\nGdzie jest ogromny \u015bwiat mi\u0142o\u015bci naszej?<br \/>\nWspomnienie jakie\u015b, jaki\u015b u\u015bmiech, jaki\u015b gest,<br \/>\nJak duch po nocy wraca i serce straszy.<\/span><\/p>\n<p style=\"line-height: 150%;\"><span style=\"font-family: 'Verdana','sans-serif'; color: #333333;\">Gdzie ciemne oczy twe b\u0142yszcz\u0105ce w gwiazdach \u0142ez?<br \/>\nGdzie s\u0105 ramiona twe rozpi\u0119te przy mnie blisko?<br \/>\nCo si\u0119 z tym sta\u0142o, gdzie to posz\u0142o, gdzie to jest?<br \/>\nAch, zmarnowa\u0142e\u015b wszystko.<\/span><\/p>\n<p style=\"line-height: 150%;\"><span style=\"font-family: 'Verdana','sans-serif'; color: #333333;\">Jedna chwila i druga, kropla \u0142ez, garstka \u015bmiechu,<br \/>\nNiespodzianie, przypadkiem, przelotem.<br \/>\n\u017bycie p\u0142ynie, ucieka, wci\u0105\u017c jest dalej,<br \/>\nJak rzeka, kt\u00f3ra nigdy nie wraca si\u0119 z powrotem.<\/span><\/p>\n<p style=\"line-height: 150%;\"><span style=\"font-family: 'Verdana','sans-serif'; color: #333333;\">Twoje s\u0142owa radosne, twe przysi\u0119gi mi\u0142osne,<br \/>\nCzemu drogi do nich znale\u017a\u0107 nie umiem?<br \/>\nWczoraj, dzi\u015b, przed godzin\u0105 by\u0142am twoj\u0105 jedyn\u0105\u2026<br \/>\nNie rozumiem, nie rozumiem, nie zrozumiem.<\/span><\/p>\n<p style=\"line-height: 150%;\"><span style=\"font-family: 'Verdana','sans-serif'; color: #333333;\">Co si\u0119 z tym sta\u0142o, gdzie to posz\u0142o, gdzie to jest?<br \/>\nGdzie jest ogromny \u015bwiat mi\u0142o\u015bci naszej?<br \/>\nWspomnienie jakie\u015b, jaki\u015b u\u015bmiech, jaki\u015b gest,<br \/>\nJak duch po nocy wraca i serce straszy.<br \/>\nGdzie ciemnie oczy twe b\u0142yszcz\u0105ce w gwiazdach \u0142ez?<br \/>\nGdzie s\u0105 ramiona twe rozpi\u0119te przy mnie blisko?<br \/>\nCo si\u0119 z tym sta\u0142o, gdzie to posz\u0142o, gdzie to jest?<br \/>\nAch, zmarnowa\u0142e\u015b wszystko.<\/span><\/p>\n","protected":false},"excerpt":{"rendered":"<p>Co si\u0119 z tym sta\u0142o (s\u0142. i muz. M. Hemar) Kiedy ryba przep\u0142ynie, kiedy w\u0105\u017c si\u0119 prze\u015blizgnie, Gdy nietoperz przeleci u poddasza\u2026 Nie ma \u015bladu na stawie, ni w powietrzu, ni w trawie &#8211; i tak w\u0142a\u015bnie min\u0119\u0142a mi\u0142o\u015b\u0107 nasza. Niby nic si\u0119 nie sta\u0142o, co\u015b przemkn\u0119\u0142o, przewia\u0142o. Czemu z tym si\u0119 pogodzi\u0107 nie umiem? &hellip; <a href=\"https:\/\/magdaumer.pl\/home\/spiewnik\/co-sie-z-tym-stalo\/\" class=\"more-link\">Czytaj dalej <span class=\"screen-reader-text\">Co si\u0119 z tym sta\u0142o<\/span> <span class=\"meta-nav\">&rarr;<\/span><\/a><\/p>\n","protected":false},"author":1,"featured_media":0,"parent":29,"menu_order":0,"comment_status":"closed","ping_status":"closed","template":"","meta":{"footnotes":""},"class_list":["post-2732","page","type-page","status-publish","hentry"],"_links":{"self":[{"href":"https:\/\/magdaumer.pl\/home\/wp-json\/wp\/v2\/pages\/2732","targetHints":{"allow":["GET"]}}],"collection":[{"href":"https:\/\/magdaumer.pl\/home\/wp-json\/wp\/v2\/pages"}],"about":[{"href":"https:\/\/magdaumer.pl\/home\/wp-json\/wp\/v2\/types\/page"}],"author":[{"embeddable":true,"href":"https:\/\/magdaumer.pl\/home\/wp-json\/wp\/v2\/users\/1"}],"replies":[{"embeddable":true,"href":"https:\/\/magdaumer.pl\/home\/wp-json\/wp\/v2\/comments?post=2732"}],"version-history":[{"count":1,"href":"https:\/\/magdaumer.pl\/home\/wp-json\/wp\/v2\/pages\/2732\/revisions"}],"predecessor-version":[{"id":2735,"href":"https:\/\/magdaumer.pl\/home\/wp-json\/wp\/v2\/pages\/2732\/revisions\/2735"}],"up":[{"embeddable":true,"href":"https:\/\/magdaumer.pl\/home\/wp-json\/wp\/v2\/pages\/29"}],"wp:attachment":[{"href":"https:\/\/magdaumer.pl\/home\/wp-json\/wp\/v2\/media?parent=2732"}],"curies":[{"name":"wp","href":"https:\/\/api.w.org\/{rel}","templated":true}]}}