{"id":2729,"date":"2019-02-10T21:39:31","date_gmt":"2019-02-10T21:39:31","guid":{"rendered":"http:\/\/magdaumer.pl\/home\/?page_id=2729"},"modified":"2019-02-10T21:40:19","modified_gmt":"2019-02-10T21:40:19","slug":"pejzaz-bez-ciebie","status":"publish","type":"page","link":"https:\/\/magdaumer.pl\/home\/spiewnik\/pejzaz-bez-ciebie\/","title":{"rendered":"Pejza\u017c bez ciebie"},"content":{"rendered":"<p style=\"line-height: 150%;\"><b><span style=\"font-size: 14.0pt; line-height: 150%; font-family: 'Verdana','sans-serif'; color: navy;\">Pejza\u017c bez ciebie<\/span><\/b><b><span style=\"font-family: 'Verdana','sans-serif';\"><br \/>\n<span style=\"color: #6699ff;\">(s\u0142. J. Przybora, muz. J. Wasowski)<\/span><span style=\"color: #3399ff;\"><br \/>\n<\/span><br \/>\n<span style=\"color: #666666;\"><br \/>\n<\/span><\/span><\/b><span style=\"font-family: 'Verdana','sans-serif'; color: #333333;\">Wrzesie\u0144 jak dywan, jakich nie bywa cz\u0119sto, ostatnio.<br \/>\nP\u0142owozielony dywan zdobiony s\u0142o\u0144cem dostatnio.<br \/>\nPejza\u017c gor\u0105cy r\u017cysk i stygn\u0105cych gwiazd w zimnym niebie<br \/>\nSmutku, co zawis\u0142 kluczem \u017curawi\u2026 Pejza\u017c bez ciebie\u2026<\/span><\/p>\n<p style=\"line-height: 150%;\"><span style=\"font-family: 'Verdana','sans-serif'; color: #333333;\">Dzie\u0144 za dniem, sen za snem, pe\u0142nia i n\u00f3w, i s\u0142o\u0144ce zn\u00f3w.<br \/>\nNoce i dni wci\u0105\u017c nazbyt \u0142adne, zmierzchy i \u015bwity bezradne.<\/span><\/p>\n<p style=\"line-height: 150%;\"><span style=\"font-family: 'Verdana','sans-serif'; color: #333333;\">Rower zm\u0119czony, p\u0142osz\u0105c gawrony sunie dro\u017cyn\u0105,<br \/>\nJedzie listonosz, ju\u017c pod czerwon\u0105 jest jarz\u0119bin\u0105,<br \/>\nNa skwar narzeka\u2026 Ma dla mnie przekaz\u2026 Z\u0142otych sto dziewi\u0119\u0107\u2026<br \/>\nT\u0105 sam\u0105 drog\u0105 wraca\u2026 Nikogo\u2026 Pejza\u017c bez ciebie\u2026<\/span><\/p>\n<p style=\"line-height: 150%;\"><span style=\"font-family: 'Verdana','sans-serif'; color: #333333;\">Dzie\u0144 za dniem, sen za snem, pe\u0142nia i n\u00f3w, i s\u0142o\u0144ce zn\u00f3w.<br \/>\nNoce i dni wci\u0105\u017c nazbyt \u0142adne, zmierzchy i \u015bwity bezradne\u2026<\/span><\/p>\n<p style=\"line-height: 150%;\"><span style=\"font-family: 'Verdana','sans-serif'; color: #333333;\">Na horyzoncie topi si\u0119 s\u0142o\u0144ce w z\u0142ocie czerwonym.<br \/>\nRzek\u0105 nadp\u0142ywa siwa flotylla mgie\u0142ek wieczornych.<br \/>\nId\u0119 przez pole, gdzie dwie topole, drzewo przy drzewie\u2026<br \/>\nPatrz\u0105 z wysoka w przestrze\u0144 jak otch\u0142a\u0144 \u2013 pejza\u017c bez ciebie.<\/span><\/p>\n<p style=\"line-height: 150%;\"><span style=\"font-family: 'Verdana','sans-serif'; color: #333333;\">(murmurando)<\/span><\/p>\n<p style=\"line-height: 150%;\"><span style=\"font-family: 'Verdana','sans-serif'; color: #333333;\">Chyba to sprawi\u0142 wrzesie\u0144, \u017ce prawie nic ju\u017c nie czuj\u0119,<br \/>\nS\u0142ucham, jak teraz upa\u0142 zamiera, cisz\u0105 pulsuje\u2026<br \/>\nPewno ci dobrze gdzie\u015b o tej porze, pewno przyjemnie.<br \/>\nA wokolutko \u2013 pejza\u017c bez smutku\u2026 Pejza\u017c beze mnie\u2026<\/span><\/p>\n<p style=\"line-height: 150%;\"><span style=\"font-family: 'Verdana','sans-serif'; color: #333333;\">Noce i dni, o kt\u00f3rych nie wiesz.<br \/>\nJesie\u0144 i pejza\u017c bez ciebie\u2026 Bez ciebie.<\/span><\/p>\n","protected":false},"excerpt":{"rendered":"<p>Pejza\u017c bez ciebie (s\u0142. J. Przybora, muz. J. Wasowski) Wrzesie\u0144 jak dywan, jakich nie bywa cz\u0119sto, ostatnio. P\u0142owozielony dywan zdobiony s\u0142o\u0144cem dostatnio. Pejza\u017c gor\u0105cy r\u017cysk i stygn\u0105cych gwiazd w zimnym niebie Smutku, co zawis\u0142 kluczem \u017curawi\u2026 Pejza\u017c bez ciebie\u2026 Dzie\u0144 za dniem, sen za snem, pe\u0142nia i n\u00f3w, i s\u0142o\u0144ce zn\u00f3w. Noce i dni wci\u0105\u017c &hellip; <a href=\"https:\/\/magdaumer.pl\/home\/spiewnik\/pejzaz-bez-ciebie\/\" class=\"more-link\">Czytaj dalej <span class=\"screen-reader-text\">Pejza\u017c bez ciebie<\/span> <span class=\"meta-nav\">&rarr;<\/span><\/a><\/p>\n","protected":false},"author":1,"featured_media":0,"parent":29,"menu_order":0,"comment_status":"closed","ping_status":"closed","template":"","meta":{"footnotes":""},"class_list":["post-2729","page","type-page","status-publish","hentry"],"_links":{"self":[{"href":"https:\/\/magdaumer.pl\/home\/wp-json\/wp\/v2\/pages\/2729","targetHints":{"allow":["GET"]}}],"collection":[{"href":"https:\/\/magdaumer.pl\/home\/wp-json\/wp\/v2\/pages"}],"about":[{"href":"https:\/\/magdaumer.pl\/home\/wp-json\/wp\/v2\/types\/page"}],"author":[{"embeddable":true,"href":"https:\/\/magdaumer.pl\/home\/wp-json\/wp\/v2\/users\/1"}],"replies":[{"embeddable":true,"href":"https:\/\/magdaumer.pl\/home\/wp-json\/wp\/v2\/comments?post=2729"}],"version-history":[{"count":2,"href":"https:\/\/magdaumer.pl\/home\/wp-json\/wp\/v2\/pages\/2729\/revisions"}],"predecessor-version":[{"id":2797,"href":"https:\/\/magdaumer.pl\/home\/wp-json\/wp\/v2\/pages\/2729\/revisions\/2797"}],"up":[{"embeddable":true,"href":"https:\/\/magdaumer.pl\/home\/wp-json\/wp\/v2\/pages\/29"}],"wp:attachment":[{"href":"https:\/\/magdaumer.pl\/home\/wp-json\/wp\/v2\/media?parent=2729"}],"curies":[{"name":"wp","href":"https:\/\/api.w.org\/{rel}","templated":true}]}}