{"id":2697,"date":"2019-02-10T21:18:31","date_gmt":"2019-02-10T21:18:31","guid":{"rendered":"http:\/\/magdaumer.pl\/home\/?page_id=2697"},"modified":"2019-02-10T21:19:23","modified_gmt":"2019-02-10T21:19:23","slug":"uciekaj-moje-serce","status":"publish","type":"page","link":"https:\/\/magdaumer.pl\/home\/spiewnik\/uciekaj-moje-serce\/","title":{"rendered":"Uciekaj, moje serce"},"content":{"rendered":"<p><span style=\"font-family: verdana, geneva, sans-serif;\"><span style=\"font-size: 14pt; color: #000080;\"><strong>Uciekaj, moje serce<\/strong><\/span><strong><br \/>\n<span style=\"color: #6699ff; font-size: 10pt;\">(s\u0142. A. Osiecka, muz. S. Krajewski)<\/span><\/p>\n<p><\/strong><span style=\"color: #333333;\">Gdzie\u015b w hotelowym korytarzu kr\u00f3tka chwila.<\/span><\/span><br \/>\n<span style=\"font-family: verdana, geneva, sans-serif; color: #333333;\">Splecione r\u0119ce gdzie\u015b na pla\u017cy, oczu b\u0142ysk\u2026<\/span><br \/>\n<span style=\"font-family: verdana, geneva, sans-serif; color: #333333;\">Wys\u0142any w biegu kr\u00f3tki list,<\/span><br \/>\n<span style=\"font-family: verdana, geneva, sans-serif; color: #333333;\">Stokrotka \u015bniegu \u2013 dobra my\u015bl\u2026<\/span><br \/>\n<span style=\"font-family: verdana, geneva, sans-serif; color: #333333;\">To wci\u0105\u017c za ma\u0142o, moje serce, \u017ceby \u017cy\u0107.<\/span><\/p>\n<p><span style=\"font-family: verdana, geneva, sans-serif; color: #333333;\">Uciekaj skoro \u015bwit, bo potem b\u0119dzie wstyd<\/span><br \/>\n<span style=\"font-family: verdana, geneva, sans-serif; color: #333333;\">I nie wybaczy nikt ch\u0142odu ust twych\u2026<\/span><\/p>\n<p><span style=\"font-family: verdana, geneva, sans-serif; color: #333333;\">Deszczowe wtorki, kt\u00f3re przyjd\u0105 po niedzielach,<\/span><br \/>\n<span style=\"font-family: verdana, geneva, sans-serif; color: #333333;\">Kropelka \u017calu, kt\u00f3rej winien jeste\u015b ty.<\/span><br \/>\n<span style=\"font-family: verdana, geneva, sans-serif; color: #333333;\">Nieprawda, \u017ce tak mia\u0142o by\u0107,<\/span><br \/>\n<span style=\"font-family: verdana, geneva, sans-serif; color: #333333;\">\u017be warto w byle pustk\u0119 i\u015b\u0107,<\/span><br \/>\n<span style=\"font-family: verdana, geneva, sans-serif; color: #333333;\">To wci\u0105\u017c za ma\u0142o, moje serce, \u017ceby \u017cy\u0107<\/span><\/p>\n<p><span style=\"font-family: verdana, geneva, sans-serif; color: #333333;\">Uciekaj skoro \u015bwit, bo potem b\u0119dzie wstyd<\/span><br \/>\n<span style=\"font-family: verdana, geneva, sans-serif; color: #333333;\">I nie wybaczy nikt, ch\u0142odu ust, braku s\u0142\u00f3w.<\/span><br \/>\n<span style=\"font-family: verdana, geneva, sans-serif; color: #333333;\">Uciekaj skoro \u015bwit, bo potem b\u0119dzie wstyd<\/span><br \/>\n<span style=\"font-family: verdana, geneva, sans-serif; color: #333333;\">I nie wybaczy nikt ch\u0142odu ust twych.<\/span><\/p>\n<p><span style=\"font-family: verdana, geneva, sans-serif; color: #333333;\">Odloty nag\u0142e i wstydliwe\u2026 Niezabawne.<\/span><br \/>\n<span style=\"font-family: verdana, geneva, sans-serif; color: #333333;\">Nic niewiedz\u0105cy, a zdradzony pies czy mi\u015b\u2026<\/span><br \/>\n<span style=\"font-family: verdana, geneva, sans-serif; color: #333333;\">\u017ba\u0142o\u015bnie chuda kwiat\u00f3w ki\u015b\u0107<\/span><br \/>\n<span style=\"font-family: verdana, geneva, sans-serif; color: #333333;\">I nowa z\u0142uda, nowa ni\u0107,<\/span><br \/>\n<span style=\"font-family: verdana, geneva, sans-serif; color: #333333;\">To wci\u0105\u017c za ma\u0142o, moje serce, \u017ceby \u017cy\u0107\u2026<\/span><\/p>\n<p><span style=\"font-family: verdana, geneva, sans-serif; color: #333333;\">Uciekaj skoro \u015bwit, bo potem b\u0119dzie wstyd<\/span><br \/>\n<span style=\"font-family: verdana, geneva, sans-serif; color: #333333;\">I nie wybaczy nikt ch\u0142odu ust, braku s\u0142\u00f3w\u2026<\/span><\/p>\n","protected":false},"excerpt":{"rendered":"<p>Uciekaj, moje serce (s\u0142. A. Osiecka, muz. S. Krajewski) Gdzie\u015b w hotelowym korytarzu kr\u00f3tka chwila. Splecione r\u0119ce gdzie\u015b na pla\u017cy, oczu b\u0142ysk\u2026 Wys\u0142any w biegu kr\u00f3tki list, Stokrotka \u015bniegu \u2013 dobra my\u015bl\u2026 To wci\u0105\u017c za ma\u0142o, moje serce, \u017ceby \u017cy\u0107. Uciekaj skoro \u015bwit, bo potem b\u0119dzie wstyd I nie wybaczy nikt ch\u0142odu ust twych\u2026 Deszczowe &hellip; <a href=\"https:\/\/magdaumer.pl\/home\/spiewnik\/uciekaj-moje-serce\/\" class=\"more-link\">Czytaj dalej <span class=\"screen-reader-text\">Uciekaj, moje serce<\/span> <span class=\"meta-nav\">&rarr;<\/span><\/a><\/p>\n","protected":false},"author":1,"featured_media":0,"parent":29,"menu_order":0,"comment_status":"closed","ping_status":"closed","template":"","meta":{"footnotes":""},"class_list":["post-2697","page","type-page","status-publish","hentry"],"_links":{"self":[{"href":"https:\/\/magdaumer.pl\/home\/wp-json\/wp\/v2\/pages\/2697","targetHints":{"allow":["GET"]}}],"collection":[{"href":"https:\/\/magdaumer.pl\/home\/wp-json\/wp\/v2\/pages"}],"about":[{"href":"https:\/\/magdaumer.pl\/home\/wp-json\/wp\/v2\/types\/page"}],"author":[{"embeddable":true,"href":"https:\/\/magdaumer.pl\/home\/wp-json\/wp\/v2\/users\/1"}],"replies":[{"embeddable":true,"href":"https:\/\/magdaumer.pl\/home\/wp-json\/wp\/v2\/comments?post=2697"}],"version-history":[{"count":1,"href":"https:\/\/magdaumer.pl\/home\/wp-json\/wp\/v2\/pages\/2697\/revisions"}],"predecessor-version":[{"id":2724,"href":"https:\/\/magdaumer.pl\/home\/wp-json\/wp\/v2\/pages\/2697\/revisions\/2724"}],"up":[{"embeddable":true,"href":"https:\/\/magdaumer.pl\/home\/wp-json\/wp\/v2\/pages\/29"}],"wp:attachment":[{"href":"https:\/\/magdaumer.pl\/home\/wp-json\/wp\/v2\/media?parent=2697"}],"curies":[{"name":"wp","href":"https:\/\/api.w.org\/{rel}","templated":true}]}}