{"id":2042,"date":"2016-02-29T00:19:33","date_gmt":"2016-02-29T00:19:33","guid":{"rendered":"http:\/\/magdaumer.pl\/home\/?page_id=2042"},"modified":"2016-02-29T00:19:33","modified_gmt":"2016-02-29T00:19:33","slug":"konstanty-ildefons-dezynwoltura-galczynski","status":"publish","type":"page","link":"https:\/\/magdaumer.pl\/home\/prasa\/konstanty-ildefons-dezynwoltura-galczynski\/","title":{"rendered":"KONSTANTY ILDEFONS DEZYNWOLTURA GA\u0141CZY\u0143SKI"},"content":{"rendered":"<p style=\"text-align: center;\"><span style=\"color: #008000;\"><strong><span class=\"Apple-style-span\">KONSTANTY ILDEFONS DEZYNWOLTURA GA\u0141CZY\u0143SKI<\/span><\/strong><\/span><span class=\"Apple-style-span\"><br \/><\/span><\/p>\n<p style=\"text-align: justify;\" align=\"justify\"><i>\u201eDom na\u00a0wzg\u00f3rzu. Z\u00a0oknami dziesi\u0119cioma.<br \/>W\u00a0ka\u017cdym oknie pelargonia nieruchoma.<br \/>Dom ceglany w\u00a0s\u0142o\u0144cu si\u0119 rumieni<br \/>Jakby wielkie jab\u0142ko na\u00a0jesieni.<br \/>Pelargonie stoj\u0105 w\u00a0r\u00f3wnym rz\u0119dzie.<br \/>Dzikie wino zawiesza si\u0119 wsz\u0119dzie.\u201d<br \/>(1951 rok)<\/i><\/p>\n<p style=\"text-align: justify;\">Wr\u00f3ci\u0142am wczoraj z\u00a0Prania, na\u00a0Mazurach, gdzie znajduje si\u0119 najs\u0142ynniejsza le\u015bnicz\u00f3wka w\u00a0Polsce. Sp\u0119dzi\u0142 w\u00a0niej swoje ostatnie lata odkrywany przez coraz m\u0142odsze pokolenia, niezwyk\u0142y poeta, t\u0142umacz i\u00a0humorysta. Ani ta poezja, ani to\u00a0miejsce nie przypominaj\u0105 zakurzonego muzeum. Min\u0119\u0142o 55 lat od\u00a0Jego \u015bmierci, a\u00a0m\u0142odzi ludzie ci\u0105gle znajduj\u0105 co\u015b dla siebie w\u00a0wymy\u015blonych przez niego \u015bwiatach, wol\u0105 nonsensy od\u00a0sens\u00f3w i\u00a0tak jak On drwi\u0105 sobie z\u00a0patosu, w\u00a0jaki poniekt\u00f3rzy lubi\u0105 ubiera\u0107 wa\u017cne sprawy tego \u015bwiata. W\u00a0Le\u015bnicz\u00f3wce Pranie- zielone dzikie wino oplata okna ostatniego szcz\u0119\u015bliwego mieszkania poety. A\u00a0w\u00a0mieszkaniu biurko fotel , lampa, Zielona G\u0119\u015b, jak wierny pies \u201dprzy nodze\u201d biurka, , masa ciekawych zdj\u0119\u0107, obraz\u00f3w, komplet wszystkich wydanych ksi\u0105\u017cek. Dbaj\u0105 o\u00a0to miejsce z\u00a0niezwyk\u0142\u0105 czu\u0142o\u015bci\u0105 dzisiejsi gospodarze \u2013 poeta Wojciech Kass ze\u00a0swoj\u0105 \u017con\u0105 Jagienk\u0105. Dbaj\u0105 tak\u017ce o\u00a0to, aby to\u00a0miejsce t\u0119tni\u0142o \u017cyciem kulturalnym. To\u00a0wa\u017cne w\u00a0czasach kiedy nie t\u0119tni\u0105 nim w\u0142a\u015bciwie \u017cadne \u015brodki masowego przekazu, licz\u0105ce si\u0119 jedynie ze\u00a0\u201es\u0142uchalno\u015bci\u0105 \u201d i\u00a0\u201eogl\u0105dalno\u015bci\u0105\u201d. Pielgrzymuj\u0105 do\u00a0sanktuarium pana Konstantego ludzie z\u00a0ca\u0142ej Polski. Ludzie wdzi\u0119czni za\u00a0to, \u017ce\u00a0kiedy\u015b im te wiersze pomog\u0142y i\u00a0pomagaj\u0105 w\u00a0dalszym ci\u0105gu.<\/p>\n<p style=\"text-align: justify;\">I\u00a0ci\u0105gle ciekawi ich poeta jako cz\u0142owiek. I\u00a0historia jego wielkiej mi\u0142o\u015bci do\u00a0\u017cony- pi\u0119knej, srebrnej Natalii, kt\u00f3rej\u00a0tu sporo zdj\u0119\u0107 i\u00a0portret\u00f3w. Dla niej napisa\u0142 swoje najpi\u0119kniejsze wiersze, bo Ona by\u0142a najwa\u017cniejsza:<\/p>\n<p style=\"text-align: justify;\"><i>\u201eJedni m\u00f3wi\u0105 on jest nasz<br \/>Drudzy m\u00f3wi\u0105 on jest nasz<br \/>A\u00a0ja jestem tylko tw\u00f3j, jedyna.<\/i><\/p>\n<p style=\"text-align: justify;\">Jedni mnie kusz\u0105 na\u00a0Wsch\u00f3d,<br \/>Drudzy mnie ci\u0105gn\u0105 na\u00a0Zach\u00f3d,<br \/>A\u00a0ja wol\u0119, po\u00a0wyp\u0142acie, z\u00a0tob\u0105 i\u015b\u0107 do\u00a0kina.\u201d<\/p>\n<p style=\"text-align: justify;\">Po\u00a0latach, o\u00a0skomplikowanych w\u0119dr\u00f3wkach \u015bwiatopogl\u0105dowych poety, na\u0142ogach i\u00a0s\u0142abej konstrukcji psychicznej, chc\u0105 dyskutowa\u0107 jedynie studenci i\u00a0badacze literatury. Czytelnicy chc\u0105 czyta\u0107 wiersze, bo one pomagaj\u0105 im \u017cy\u0107.<\/p>\n<p style=\"text-align: justify;\"><i>\u201eJu\u017c tamci si\u0119 rozjechali<br \/>A\u00a0czemu oni zostali<br \/>I\u00a0tak si\u0119 ci\u0105gle trzymaj\u0105 za\u00a0r\u0119ce?<br \/>Jeszcze oboje tacy m\u0142odzi,<br \/>Ale\u00a0ona smutna i\u00a0on smutny chodzi,<br \/>Jakby tu mieli nie wr\u00f3ci\u0107 wi\u0119cej.<br \/>Ona ju\u017c sobie ust nie maluje<br \/>On pisze listy i\u00a0p\u0142acze;<br \/>Wieczorem snuj\u0105 si\u0119 ko\u0142o domu<br \/>Gryz\u0105 ich jakie\u015b rozpacze.\u201d<br \/>(\u201eDziwni letnicy\u201d)<\/i><\/p>\n<p style=\"text-align: justify;\">Jak bardzo \u015bpiewne s\u0105 te wiersze! Wierszo- piosenki. Nawet wtedy, kiedy nikt nie u\u0142o\u017cy do\u00a0nich swojej melodii. Wystarczy zapisa\u0107 na\u00a0pi\u0119ciolinii interwa\u0142y pana Ildefonsa\u2026<\/p>\n<p style=\"text-align: justify;\">Do\u00a0Prania przyjecha\u0142am na\u00a0fina\u0142 IV- go og\u00f3lnopolskiego konkursu recytatorskiego im.\u00a0K. I. Ga\u0142czy\u0144skiego. By\u0142am jurorem i\u00a0na w\u0142asne oczy widzia\u0142am, jak te wiersze w\u00a0wykonaniu m\u0142odych ludzi m\u0142odniej\u0105 i\u00a0pomagaj\u0105 s\u0142uchaj\u0105cym i\u00a0recytuj\u0105cym.<\/p>\n<p style=\"text-align: justify;\"><i>\u201e M\u00f3wi\u0142am tobie ju\u017c pi\u0119\u0107dziesi\u0105t kilka razy,<br \/>\u017beby\u015b ju\u017c poszed\u0142 sobie, przecie\u017c pada deszcz,<br \/>To\u00a0przecie\u017c \u015bmieszne takie, sta\u0107 tak twarz przy twarzy,<br \/>To\u00a0jest naprawd\u0119 nies\u0142ychanie \u015bmieszna rzecz;<br \/>\u017beby tak w\u00a0oczy patrze\u0107: kto to\u00a0widzia\u0142?<br \/>\u017beby pod\u00a0deszczem taki niemy film bez s\u0142\u00f3w,<br \/>\u017beby tak r\u0119k\u0119 w\u00a0r\u0119ku trzyma\u0107, kto to\u00a0s\u0142ysza\u0142<br \/>A\u00a0przecie\u017c jutro tutaj si\u0119 spotkamy zn\u00f3w \u2013<br \/>I\u00a0tak si\u0119 trudno rozsta\u0107 i\u00a0tak si\u0119 trudno rozsta\u0107<br \/>Bo je\u015bli nawet troch\u0119 pada, to\u00a0niech pada<br \/>I\u00a0tak si\u0119 trudno rozsta\u0107 i\u00a0tak si\u0119 trudno rozsta\u0107<br \/>Nas chyba tutaj zaczarowa\u0107 musia\u0142 deszcz\u2026\u201d<\/i><\/p>\n<p style=\"text-align: justify;\">A\u00a0wok\u00f3\u0142 zielony las, zielona scena, zielone g\u0119si na\u00a0ka\u017cdym kroku i\u00a0(troch\u0119 nawet za) zielony pomnik poety. Laureat Grand Prix m\u0142odziutki Jan Jasi\u0144ski z\u00a0Mielca otrzymuje z\u0142otego Watermana z\u00a0obowi\u0105zkowo zielonym atramentem\u2026 W\u00a0tutejszym sklepiku mo\u017cna kupi\u0107 p\u0142yt\u0119 niezwyk\u0142ej urody: \u201dKruchy \u015bwiat, kruche szk\u0142o\u201d- m\u00f3wi na\u00a0niej wiersze poety Wojciech Malajkat a\u00a0\u015bpiewa je Grzegorz Turnau. Jeste\u015bmy w\u00a0zaczarowanym \u015bwiecie:<\/p>\n<p style=\"text-align: justify;\"><i>\u201ea po\u00a0pogrzebie, pod\u00a0korniszon<br \/>niech epitafium mi napisz\u0105:<br \/>TU LE\u017bY MAGIK I\u00a0MA\u0141PISZON,<br \/>pod\u00a0spodem taki tekst:<br \/>\u201eLiryka , liryka , tkliwa dynamika,<br \/>angelologia i\u00a0dal.\u201d<\/i><\/p>\n<p style=\"text-align: justify;\">Na\u00a0tej tw\u00f3rczo\u015bci \u201dwychowa\u0142 si\u0119\u201d Jeremi Przybora i\u00a0Agnieszka Osiecka\u2026bardzo s\u0142ycha\u0107 to\u00a0w\u00a0ich tekstach. Opowiada\u0142 mi nawet Jeremi, \u017ce\u00a0kiedy\u015b zaczepi\u0142 go pan Konstanty i\u00a0pogratulowa\u0142 mu czego\u015b, co w\u0142a\u015bnie us\u0142ysza\u0142 przez radio. \u201eBy\u0142 to\u00a0wielki dzie\u0144 w\u00a0moim \u017cyciu, doda\u0142 mi wiary, \u017ce\u00a0to co robi\u0119 ma jaki\u015b sens, poza zabawianiem samego siebie i\u00a0zarabianiem na\u00a0\u017cycie \u201d- m\u00f3wi\u0142.<\/p>\n<p style=\"text-align: justify;\">M\u0142odziutka Agnieszka Osiecka jaki\u015b czas mieszka\u0142a w\u00a0le\u015bnicz\u00f3wce Pranie; przyja\u017ani\u0142a si\u0119 z\u00a0le\u015bniczym, panem Stachem Popowskim, a\u00a0ten pozwala\u0142 jej pracowa\u0107 przy biurku Mistrza. By\u0142a szcz\u0119\u015bliwa z\u00a0tego powodu i\u00a0czu\u0142a si\u0119 wyr\u00f3\u017cniona. Wiele Jego wierszy zna\u0142a na\u00a0pami\u0119\u0107. Podobnie jej koledzy i\u00a0kole\u017canki z\u00a0STS-u. Ca\u0142y kabarecik Olgi Lipi\u0144skiej, kt\u00f3ry\u00a0\u201ew\u0142a\u015bnie lecia\u0142\u201d przez \u0107wier\u0107 wieku w\u00a0Telewizji Polskiej \u2013 by\u0142 z\u00a0ducha Ga\u0142czy\u0144skiego; nie raz zreszt\u0105 si\u0119gano w\u00a0nim po\u00a0Jego teksty. A\u00a0Piotr Skrzynecki i\u00a0Piwnica pod\u00a0Baranami? A\u00a0Miron Bia\u0142oszewski? Wszyscy oni maj\u0105 za\u00a0co dzi\u0119kowa\u0107 poecie. I\u00a0mo\u017ce to\u00a0Najmniejszy Teatrzyk \u015awiata \u2013 \u201eZielona G\u0119\u015b\u201d, otworzy\u0142 drog\u0119 teatrzykom , kabaretom i\u00a0kabarecikom w\u00a0Polsce Ludowej\u2026<\/p>\n<p style=\"text-align: justify;\"><i>\u201e \u0141ezka i\u00a0groteska<br \/>Serca zawi\u0142o\u015b\u0107<br \/>I\u00a0ojczyzny mi\u0142o\u015b\u0107,<br \/>Ogie\u0144 i\u00a0dym.<br \/>I\u00a0pija\u0144stwo (wod\u0105) ze\u00a0\u017ar\u00f3d\u0142a Hipokrene,<br \/>I\u00a0piosenka z\u00a0nies\u0142ychanym refrenem:<br \/>Rym. Cym. Cym.\u201d<\/i><\/p>\n<p style=\"text-align: justify;\">Le\u015bnicz\u00f3wka Pranie\u2026<\/p>\n<p style=\"text-align: justify;\">Spa\u0142am tu wczoraj po\u00a0raz pierwszy w\u00a0\u017cyciu . Zapad\u0142am w\u00a0sen tak dobry i\u00a0g\u0142\u0119boki, \u017ce\u00a0nawet nie s\u0142ysza\u0142am burzy, o\u00a0kt\u00f3rej nazajutrz opowiedzieli mi gospodarze.<\/p>\n<p style=\"text-align: justify;\">I\u00a0przypomnia\u0142a mi si\u0119 \u201eWielkanoc Jana Sebastiana Bacha\u201d i\u00a0\u201eSanie\u201d i\u00a0cudowna \u201eKronika Olszty\u0144ska\u201d, a\u00a0szczeg\u00f3lnie ten fragment:<br \/><i><br \/>\u201eI gdy\u00a0cz\u0142owiek wejdzie w\u00a0las to\u00a0nie wie<br \/>Czy ma lat pi\u0119\u0107dziesi\u0105t czy dziewi\u0119\u0107<br \/>Patrzy w\u00a0las jak w\u00a0\u015bmieszny rysunek<br \/>I\u00a0przeciera o\u015blep\u0142e oczy,<br \/>Dzwonek le\u015bny poznaje, \u0107my p\u0142oszy<br \/>I\u00a0na serce k\u0142adzie mech, jak opatrunek.\u201d<\/i><\/p>\n<p style=\"text-align: justify;\">Ja mam lat i\u00a0pi\u0119\u0107dziesi\u0105t i\u00a0dziewi\u0119\u0107, czyli pi\u0119\u0107dziesi\u0105t dziewi\u0119\u0107 \u2013 i\u00a0ci\u0105gle bardzo ch\u0119tnie wchodz\u0119 w\u00a0zielony las tw\u00f3rczo\u015bci poety. I\u00a0Jego wiecznie zielone wiersze- evergreeny, k\u0142ad\u0119 sobie czasem na\u00a0serce\u2026jak opatrunek.<\/p>\n<p style=\"text-align: justify;\"><i>\u201eChcia\u0142bym wi\u0119cej ptak\u00f3w,<br \/>Drzew z\u00a0ptakami,<br \/>Wi\u0119cej blask\u00f3w, gwiazd, ob\u0142ok\u00f3w,<br \/>Trzcin, kaczek na\u00a0wodzie\u2026<\/i><\/p>\n<p style=\"text-align: justify;\">I\u00a0uchwyci\u0107 to\u00a0wszystko r\u0119kami,<br \/>Uca\u0142owa\u0107 to\u00a0wszystko ustami<br \/>I\u00a0tak zaj\u015b\u0107, jak s\u0142o\u0144ce zachodzi\u201d<\/p>\n<p align=\"right\">Czy wyobra\u017cacie sobie pa\u0144stwo pi\u0119kniejsze za(e)j\u015bcie?<br \/>Ja nie. Rym, cym, cym.<br \/>Magda Umer<br \/>P\u0119cice Ma\u0142e, 2008<\/p>\n<p align=\"right\"><b><a href=\"http:\/\/magdaumer.pl\/home\/prasa\/#top\">Do\u00a0spisu artyku\u0142\u00f3w<\/a><\/b><\/p>\n","protected":false},"excerpt":{"rendered":"<p>KONSTANTY ILDEFONS DEZYNWOLTURA GA\u0141CZY\u0143SKI \u201eDom na\u00a0wzg\u00f3rzu. Z\u00a0oknami dziesi\u0119cioma.W\u00a0ka\u017cdym oknie pelargonia nieruchoma.Dom ceglany w\u00a0s\u0142o\u0144cu si\u0119 rumieniJakby wielkie jab\u0142ko na\u00a0jesieni.Pelargonie stoj\u0105 w\u00a0r\u00f3wnym rz\u0119dzie.Dzikie wino zawiesza si\u0119 wsz\u0119dzie.\u201d(1951 rok) Wr\u00f3ci\u0142am wczoraj z\u00a0Prania, na\u00a0Mazurach, gdzie znajduje si\u0119 najs\u0142ynniejsza le\u015bnicz\u00f3wka w\u00a0Polsce. Sp\u0119dzi\u0142 w\u00a0niej swoje ostatnie lata odkrywany przez coraz m\u0142odsze pokolenia, niezwyk\u0142y poeta, t\u0142umacz i\u00a0humorysta. Ani ta poezja, ani to\u00a0miejsce &hellip; <a href=\"https:\/\/magdaumer.pl\/home\/prasa\/konstanty-ildefons-dezynwoltura-galczynski\/\" class=\"more-link\">Czytaj dalej <span class=\"screen-reader-text\">KONSTANTY ILDEFONS DEZYNWOLTURA GA\u0141CZY\u0143SKI<\/span> <span class=\"meta-nav\">&rarr;<\/span><\/a><\/p>\n","protected":false},"author":1,"featured_media":0,"parent":27,"menu_order":0,"comment_status":"closed","ping_status":"closed","template":"","meta":{"footnotes":""},"class_list":["post-2042","page","type-page","status-publish","hentry"],"_links":{"self":[{"href":"https:\/\/magdaumer.pl\/home\/wp-json\/wp\/v2\/pages\/2042","targetHints":{"allow":["GET"]}}],"collection":[{"href":"https:\/\/magdaumer.pl\/home\/wp-json\/wp\/v2\/pages"}],"about":[{"href":"https:\/\/magdaumer.pl\/home\/wp-json\/wp\/v2\/types\/page"}],"author":[{"embeddable":true,"href":"https:\/\/magdaumer.pl\/home\/wp-json\/wp\/v2\/users\/1"}],"replies":[{"embeddable":true,"href":"https:\/\/magdaumer.pl\/home\/wp-json\/wp\/v2\/comments?post=2042"}],"version-history":[{"count":1,"href":"https:\/\/magdaumer.pl\/home\/wp-json\/wp\/v2\/pages\/2042\/revisions"}],"predecessor-version":[{"id":2043,"href":"https:\/\/magdaumer.pl\/home\/wp-json\/wp\/v2\/pages\/2042\/revisions\/2043"}],"up":[{"embeddable":true,"href":"https:\/\/magdaumer.pl\/home\/wp-json\/wp\/v2\/pages\/27"}],"wp:attachment":[{"href":"https:\/\/magdaumer.pl\/home\/wp-json\/wp\/v2\/media?parent=2042"}],"curies":[{"name":"wp","href":"https:\/\/api.w.org\/{rel}","templated":true}]}}