{"id":2032,"date":"2016-02-29T00:14:57","date_gmt":"2016-02-29T00:14:57","guid":{"rendered":"http:\/\/magdaumer.pl\/home\/?page_id=2032"},"modified":"2016-02-29T00:14:57","modified_gmt":"2016-02-29T00:14:57","slug":"szczescie","status":"publish","type":"page","link":"https:\/\/magdaumer.pl\/home\/prasa\/szczescie\/","title":{"rendered":"SZCZ\u0118\u015aCIE"},"content":{"rendered":"<p align=\"center\"><span class=\"Apple-style-span\" style=\"color: #008000;\"><strong>SZCZ\u0118\u015aCIE<\/strong><\/span><span class=\"Apple-style-span\"><br \/><i>\u0179r\u00f3d\u0142o: Sens, lipiec 2009<\/i><\/span><\/p>\n<p style=\"text-align: justify;\">Od\u00a0kilku dni bij\u0119 si\u0119 z\u00a0my\u015blami, co by\u00a0tu napisa\u0107 na\u00a0zadany przez mi\u0142\u0105 pani\u0105 redaktor \u201eSensu\u201d temat: \u201dSzcz\u0119\u015bcie\u201d i\u00a0nagle wpada mi do\u00a0r\u0119ki gazeta z\u00a0interesuj\u0105cym wywiadem, przeprowadzonym z\u00a0pisarzem, panem Eustachym Rylskim.<\/p>\n<p style=\"text-align: justify;\">Wywiad nosi bezlitosny tytu\u0142:\u201d SZCZ\u0118\u015aCIE NIE WCHODZI W\u00a0RACHUB\u0118\u201d.<\/p>\n<p style=\"text-align: justify;\">Pozwol\u0119 sobie zacytowa\u0107 najistotniejszy fragment, bo chcia\u0142abym, aby si\u0119 sta\u0142 punktem wyj\u015bcia do\u00a0moich rozwa\u017ca\u0144 na\u00a0ten temat:<\/p>\n<p style=\"text-align: justify;\"><span class=\"Apple-style-span\">\u201e -Bywa pan szcz\u0119\u015bliwy? \u2013 (pyta pani Dorota Wodecka z\u00a0GW)<br \/>-Pochlebiam sobie, \u017ce\u00a0nigdy mi si\u0119 to\u00a0nie zdarzy\u0142o. Zadowolenie z\u00a0\u017cycia bierze si\u0119 z\u00a0sumy przyjemno\u015bci, jakich potrafimy do\u015bwiadczy\u0107, od\u00a0tych najdosadniejszych, jak seks czy dobre jedzenie, do\u00a0najsubtelniejszych, jak prze\u017cywanie sztuki. Szcz\u0119\u015bcie natomiast to\u00a0poczucie spe\u0142nienia w\u00a0\u017cyciu i\u00a0niczym niezm\u0105cona wiara w\u00a0jego sens i\u00a0celowo\u015b\u0107, jak r\u00f3wnie\u017c bezduszna odporno\u015b\u0107 na\u00a0cierpienia otaczaj\u0105cego nas \u015bwiata. W\u00a0moim przypadku nie wchodzi w\u00a0rachub\u0119. Pochlebiam sobie, \u017ce\u00a0nie wchodzi w\u00a0rachub\u0119.\u201d<\/span><\/p>\n<p style=\"text-align: justify;\">Ja niestety nie mog\u0119 sobie pochlebi\u0107, bo u\u00a0mnie wchodzi w\u00a0rachub\u0119. Chocia\u017c cz\u0119sto zadaj\u0119 sobie pytanie: czy mam prawo bywa\u0107 szcz\u0119\u015bliwa, kiedy tyle nieszcz\u0119\u015bcia naoko\u0142o? Bo przecie\u017c nawet je\u017celi nie mam prawa, to\u00a0bywam. Bezprawnie i\u00a0z\u00a0wyrzutami sumienia, ale\u00a0bywam. I\u00a0walcz\u0119 o\u00a0prawo do\u00a0szcz\u0119\u015bcia. Barykaduj\u0119 si\u0119 celowo przed\u00a0doniesieniami ze\u00a0\u015bwiata, wy\u0142\u0105czaj\u0105c wszystkie \u015brodki masowego przekazu, \u017ceby\u00a0cho\u0107by przez tydzie\u0144 poby\u0107 w\u00a0stanie b\u0142ogiej niewiedzy. I\u00a0bywam wtedy szcz\u0119\u015bliwa jak dziecko.<\/p>\n<p style=\"text-align: justify;\">Jest takie powiedzenie: \u201dNiewiele mu (jej) do\u00a0szcz\u0119\u015bcia potrzeba\u201d. Zawsze mam wra\u017cenie, \u017ce\u00a0to troch\u0119 o\u00a0mnie. Ju\u017c nie m\u00f3wi\u0119 o\u00a0prze\u017cywaniu sztuki, bo tym wype\u0142nione by\u0142o prawie ca\u0142e moje\u00a0\u017cycie. Zachwyca mnie wiele zwyczajnych rzeczy i\u00a0mam nadziej\u0119, \u017ce\u00a0nie myl\u0119 poj\u0119cia szcz\u0119\u015bcia z\u00a0zadowoleniem. Spr\u00f3bujmy si\u0119 odnie\u015b\u0107 do\u00a0przyk\u0142ad\u00f3w pana Eustachego. Zmierzmy si\u0119 z\u00a0banalnym problemem seksu, czy dobrego jedzenia, kt\u00f3re pisarz nazywa przyjemno\u015bciami dosadnymi.<\/p>\n<p style=\"text-align: justify;\">1)Seks<br \/>Czym innym jest zadowolenie z\u00a0seksu, spok\u00f3j zako\u0144cze\u0144 nerwowych, odpr\u0119\u017cenie i\u00a0uspokojenie daj\u0105ce zdrowie psychiczne, a\u00a0czym innym spotkanie osoby, z\u00a0kt\u00f3r\u0105 uprawianie seksu jest przygod\u0105 tak niezwyk\u0142\u0105, \u017ce\u00a0nie wymy\u015blono s\u0142\u00f3w do\u00a0jej opisania. To\u00a0jest chyba szcz\u0119\u015bcie: natrafi\u0107 na\u00a0t\u0119 sk\u00f3r\u0119, dotyk, zapach, blisko\u015b\u0107, czu\u0142o\u015b\u0107 i\u00a0niewys\u0142owion\u0105 rozkosz na\u00a0deser.<br \/>Nie wiem czy zdarza si\u0119 to\u00a0cz\u0119sto, ale\u00a0my\u015bl\u0119, \u017ce\u00a0wybra\u0144cami losu s\u0105 ci, kt\u00f3rym\u00a0si\u0119 zdarzy\u0142o. Cz\u0142owiek czuje si\u0119 wtedy szcz\u0119\u015bliwym zwierz\u0119ciem, a\u00a0nie czuje si\u0119 zak\u0142opotany swoj\u0105 zwierz\u0119co\u015bci\u0105. Nie tylko nie wstydzi si\u0119 tego drugiego zwierz\u0119cia, ale\u00a0jest mu wdzi\u0119czny za\u00a0wsp\u00f3lny bezwstyd. Niewykluczone \u017ce, jakby to\u00a0banalnie nie brzmia\u0142o, w\u00a0gr\u0119 wchodzi tu jeszcze uczucie mi\u0142o\u015bci. A\u00a0je\u015bli jeszcze do\u00a0tego dodamy, \u017ce\u00a0efektem tej\u00a0zabawy bywa stworzenie nowego cz\u0142owieka, o\u00a0kt\u00f3rym \u015bnimy i\u00a0marzymy\u2026czy mo\u017ce by\u0107 co\u015b szcz\u0119\u015bliwszego?<br \/>Niekt\u00f3rzy, (szczeg\u00f3lnie ci w\u00a0latach) twierdz\u0105, \u017ce\u00a0mo\u017ce. I\u00a0\u017ce tym czym\u015b jest:<\/p>\n<p style=\"text-align: justify;\">2)Dobre jedzenie<br \/>Czy dobre jedzenie mo\u017ce by\u0107 czym\u015b wi\u0119cej ni\u017c przyjemno\u015bci\u0105 dosadn\u0105?<br \/>Moim zdaniem mo\u017ce.<br \/>Czym innym jest zadowolenie z\u00a0dobrego obiadu, zaspokojenie uczucia g\u0142odu, nawet zachwyt nad\u00a0codzienn\u0105 pomidorow\u0105, lub niecodziennym sushi, a\u00a0czym innym posi\u0142ek na\u00a0\u015bwie\u017cym powietrzu, w\u00a0wymarzonym krajobrazie i\u00a0towarzystwie, z\u00a0cykadami b\u0105d\u017a ptakami, strumykiem lub falami morskimi, z\u00a0ulubion\u0105, szemrz\u0105c\u0105 muzyk\u0105 w\u00a0tle, z\u00a0sorbetem cytrynowym i\u00a0ceremoni\u0105 parzenia zielonej herbaty na\u00a0deser.<br \/>To\u00a0ju\u017c jest tzw. komplet kulinarny, ekstaza dla oczu i\u00a0uszu, szale\u0144stwo kubeczk\u00f3w smakowych i\u00a0te rzeczy. Par\u0119 razy uda\u0142o mi si\u0119 do\u015bwiadczy\u0107 takich prze\u017cy\u0107 i\u00a0trudno by\u00a0mi by\u0142o znale\u017a\u0107 inne s\u0142owo ni\u017c szcz\u0119\u015bcie. Szcz\u0119\u015bcie i\u00a0ju\u017c. Zadowolenie kubeczk\u00f3w smakowych szcz\u0119\u015bciu tych\u017ce kubeczk\u00f3w \u2013 nie dorasta do\u00a0pi\u0119t. A\u00a0w\u00a0wieku dojrza\u0142ym, kiedy libido ju\u017c tak nie zawraca g\u0142owy(to\u00a0znaczy mi\u0119dzy innymi g\u0142owy),szcz\u0119\u015bcie kubeczk\u00f3w smakowych, z\u00a0powodzeniem zast\u0119puje szcz\u0119\u015bcie typu omawianego wcze\u015bniej. Na\u00a0szcz\u0119\u015bcie.<br \/>Cz\u0119sto w\u0105tpi\u0119 w\u00a0to, aby \u017cycie mia\u0142o cel i\u00a0sens a\u00a0jednak nie zamieni\u0142abym go na\u00a0nie-\u017cycie.<br \/>I\u00a0bywam sobie bezkarnie szcz\u0119\u015bliwa; bez sensu i\u00a0bez celu.<br \/>Bywa\u0142am i\u00a0bywam tak\u017ce nieszcz\u0119\u015bliwa i\u00a0na temat nieszcz\u0119\u015bcia mog\u0142abym napisa\u0107 trzytomow\u0105 powie\u015b\u0107, ale\u00a0nie chcia\u0142abym. Na\u00a0szcz\u0119\u015bcie nie chcia\u0142abym.<br \/>Jako osoba do\u015bwiadczona w\u00a0nieszcz\u0119\u015bciu wysuwam nawet nie\u015bmia\u0142\u0105 hipotez\u0119, \u017ce\u00a0im cz\u0142owiek bardziej bywa\u0142 nieszcz\u0119\u015bliwy, tym lepiej potrafi doceni\u0107 szcz\u0119\u015bcie .<br \/>A\u00a0nawet byle szcz\u0119\u015bcie. I\u00a0dzi\u0119kowa\u0107 za\u00a0nie Bogu. Dzisiaj na\u00a0przyk\u0142ad wysz\u0142am ze\u00a0szpitala onkologicznego na\u00a0Ursynowie, w\u00a0kt\u00f3rym sp\u0119dzi\u0142am zaledwie p\u00f3\u0142 godziny i\u00a0zgodzi\u0142am si\u0119 ze\u00a0swoj\u0105 definicj\u0105 szcz\u0119\u015bcia sprzed lat. Dawno temu, na\u00a0pytanie ankieterki-poetki Magdy Czapi\u0144skiej, co to\u00a0jest szcz\u0119\u015bcie, odpowiedzia\u0142am bez zastanowienia:\u00a0<span class=\"Apple-style-span\">\u201d szcz\u0119\u015bcie to\u00a0brak nieszcz\u0119\u015b\u0107\u201d.<\/span><\/p>\n<p style=\"text-align: justify;\">I\u00a0dzisiaj, po\u00a0zastanowieniu, odpowiedzia\u0142abym chyba tak samo. I\u00a0doda\u0142a, \u017ce\u00a0o\u00a0szcz\u0119\u015bcie trzeba walczy\u0107, szcz\u0119\u015bcia trzeba si\u0119 na\u0142apa\u0107 na\u00a0zapas, \u017ceby\u00a0wspominanie go pomaga\u0142o w\u00a0mrokach \u017cycia. Nie tylko wtedy, kiedy jest szaro i\u00a0nieciekawie; tak\u017ce wtedy kiedy jest czarno i\u00a0beznadziejnie.<br \/>I\u00a0dobrze jest umie\u0107 nie traci\u0107 na\u00a0nie nadziei. Oczywi\u015bcie nadziei na\u00a0szcz\u0119\u015bcie.<\/p>\n<p style=\"text-align: justify;\">Nie tu , to\u00a0TAM. Pa ram pam pam.<\/p>\n<p>&nbsp;<\/p>\n<p align=\"right\">pozdrawiam Magda Umer<br \/>P\u0119cice Ma\u0142e 13 lipca 2009 roku<\/p>\n<p align=\"right\"><b><a href=\"http:\/\/magdaumer.pl\/home\/prasa\/#top\">Do\u00a0spisu artyku\u0142\u00f3w<\/a><\/b><\/p>\n","protected":false},"excerpt":{"rendered":"<p>SZCZ\u0118\u015aCIE\u0179r\u00f3d\u0142o: Sens, lipiec 2009 Od\u00a0kilku dni bij\u0119 si\u0119 z\u00a0my\u015blami, co by\u00a0tu napisa\u0107 na\u00a0zadany przez mi\u0142\u0105 pani\u0105 redaktor \u201eSensu\u201d temat: \u201dSzcz\u0119\u015bcie\u201d i\u00a0nagle wpada mi do\u00a0r\u0119ki gazeta z\u00a0interesuj\u0105cym wywiadem, przeprowadzonym z\u00a0pisarzem, panem Eustachym Rylskim. Wywiad nosi bezlitosny tytu\u0142:\u201d SZCZ\u0118\u015aCIE NIE WCHODZI W\u00a0RACHUB\u0118\u201d. Pozwol\u0119 sobie zacytowa\u0107 najistotniejszy fragment, bo chcia\u0142abym, aby si\u0119 sta\u0142 punktem wyj\u015bcia do\u00a0moich rozwa\u017ca\u0144 na\u00a0ten &hellip; <a href=\"https:\/\/magdaumer.pl\/home\/prasa\/szczescie\/\" class=\"more-link\">Czytaj dalej <span class=\"screen-reader-text\">SZCZ\u0118\u015aCIE<\/span> <span class=\"meta-nav\">&rarr;<\/span><\/a><\/p>\n","protected":false},"author":1,"featured_media":0,"parent":27,"menu_order":0,"comment_status":"closed","ping_status":"closed","template":"","meta":{"footnotes":""},"class_list":["post-2032","page","type-page","status-publish","hentry"],"_links":{"self":[{"href":"https:\/\/magdaumer.pl\/home\/wp-json\/wp\/v2\/pages\/2032","targetHints":{"allow":["GET"]}}],"collection":[{"href":"https:\/\/magdaumer.pl\/home\/wp-json\/wp\/v2\/pages"}],"about":[{"href":"https:\/\/magdaumer.pl\/home\/wp-json\/wp\/v2\/types\/page"}],"author":[{"embeddable":true,"href":"https:\/\/magdaumer.pl\/home\/wp-json\/wp\/v2\/users\/1"}],"replies":[{"embeddable":true,"href":"https:\/\/magdaumer.pl\/home\/wp-json\/wp\/v2\/comments?post=2032"}],"version-history":[{"count":1,"href":"https:\/\/magdaumer.pl\/home\/wp-json\/wp\/v2\/pages\/2032\/revisions"}],"predecessor-version":[{"id":2033,"href":"https:\/\/magdaumer.pl\/home\/wp-json\/wp\/v2\/pages\/2032\/revisions\/2033"}],"up":[{"embeddable":true,"href":"https:\/\/magdaumer.pl\/home\/wp-json\/wp\/v2\/pages\/27"}],"wp:attachment":[{"href":"https:\/\/magdaumer.pl\/home\/wp-json\/wp\/v2\/media?parent=2032"}],"curies":[{"name":"wp","href":"https:\/\/api.w.org\/{rel}","templated":true}]}}