{"id":2020,"date":"2016-02-29T00:10:23","date_gmt":"2016-02-29T00:10:23","guid":{"rendered":"http:\/\/magdaumer.pl\/home\/?page_id=2020"},"modified":"2016-02-29T00:10:23","modified_gmt":"2016-02-29T00:10:23","slug":"chce-sie-zyc-i-to-jak","status":"publish","type":"page","link":"https:\/\/magdaumer.pl\/home\/prasa\/chce-sie-zyc-i-to-jak\/","title":{"rendered":"CHCE SI\u0118 \u017bY\u0106. I TO JAK."},"content":{"rendered":"<p align=\"center\"><span style=\"color: #008000;\"><strong><span class=\"Apple-style-span\">CHCE SI\u0118 \u017bY\u0106. I\u00a0TO JAK.<\/span><\/strong><\/span><span class=\"Apple-style-span\"><br \/>\u0179r\u00f3d\u0142o: STYLE I\u00a0CHARAKTERY, nr\u00a01 (2010)<br \/><\/span><span class=\"Apple-style-span\"><i><br \/><\/i><\/span><\/p>\n<p align=\"justify\">Niedawno sko\u0144czy\u0142am 60 lat i\u00a0(niewykluczone, \u017ce\u00a0z\u00a0tego powodu) otrzyma\u0142am propozycj\u0119 od\u00a0moich ulubionych \u201eCharakter\u00f3w\u201d, aby \u201eod czasu do\u00a0czasu\u201d napisa\u0107 par\u0119 s\u0142\u00f3w na\u00a0temat umiej\u0119tno\u015bci radowania si\u0119 \u017cyciem w\u00a0sytuacji, kiedy tak naprawd\u0119 ma si\u0119 Je ju\u017c za\u00a0sob\u0105. Dawniej ludzie nie \u017cyli tak d\u0142ugo. Dawniej cz\u0142owiek w\u00a0moim wieku grza\u0142 si\u0119 przy piecu, przedrzemywa\u0142 kolejne dni, miesi\u0105ce, a\u00a0jak B\u00f3g da\u0142, to\u00a0i\u00a0lata. A\u00a0dzi\u015b? Moje\u00a0pokolenie otrzyma\u0142o od\u00a0Losu prezent: niedopuszczalnie m\u0142od\u0105 staro\u015b\u0107. I\u00a0wypada j\u0105 jako\u015b zagospodarowa\u0107. Jeszcze si\u0119 troch\u0119 widzi i\u00a0s\u0142yszy, jeszcze pami\u0119ta to\u00a0i\u00a0owo. Jeszcze si\u0119 nie chce umiera\u0107. A\u00a0nawet, szczeg\u00f3lnie w\u00a0dni s\u0142oneczne, chce si\u0119 \u017cy\u0107. I\u00a0to jak!<\/p>\n<p>Nie mo\u017cemy nadziwi\u0107 si\u0119 tej\u00a0ochocie, obserwujemy samych siebie ze\u00a0zdumieniem, ale\u00a0\u017cyjemy, jakby\u015bmy dopiero co zdj\u0119li szkolne tarcze. Snujemy plany na\u00a0przysz\u0142o\u015b\u0107, roztaczamy przed\u00a0sob\u0105 widoki i\u00a0nie rozpaczamy, \u017ce\u00a0staro\u015b\u0107 tu\u017c-tu\u017c. Bo w\u00a0ko\u0144cu ile mo\u017cna rozpacza\u0107? A\u00a0\u201etu\u017c-tu\u017c\u201d, to\u00a0znaczy gdzie? Z\u00a0kt\u00f3rej strony i\u00a0o\u00a0kt\u00f3rej\u00a0ona przyjdzie? Ka\u017cdy ma sw\u00f3j piasek w\u00a0klepsydrze, wi\u0119c warto ceni\u0107 ka\u017cd\u0105 chwil\u0119, jaka nam pozosta\u0142a. Nie marnowa\u0107 ani ziarenka czasu. Dzisiaj staro\u015b\u0107 musi si\u0119 wyszumie\u0107, jak powiedzia\u0142 kiedy\u015b m\u00f3j\u00a0r\u00f3wie\u015bnik Marek Kondrat.<br \/>Szumimy wi\u0119c, pracujemy, podr\u00f3\u017cujemy, ale\u00a0czasami co\u015b si\u0119 zacina, przeszkadza, ka\u017ce w\u0105tpi\u0107 i\u00a0podcina skrzyd\u0142a. Odbiera ochot\u0119 na\u00a0cokolwiek. Odwa\u017c\u0119 si\u0119 zaoferowa\u0107 co\u015b w\u00a0rodzaju recepty na\u00a0dotkliwe ataki poczucia bezsensu i\u00a0beznadziei. Mnie ratuje ona od\u00a0lat. Ot\u00f3\u017c w\u00a0dzieci\u0144stwie, kiedy by\u0142o mi smutno, k\u0142ad\u0142am si\u0119 do\u00a0\u0142\u00f3\u017cka, przykrywa\u0142am ko\u0142dr\u0105, tak \u017ceby\u00a0by\u0142o ciemno, \u017ceby\u00a0nic nie przeszkadza\u0142o w\u00a0wyobra\u017caniu sobie \u201eczego\u015b lepszego\u201d, i\u00a0uruchamia\u0142am ta\u015bm\u0119 ze\u00a0wspomnieniami cudownych chwil. To\u00a0mog\u0142o by\u0107 cokolwiek \u2013 rzeczy wa\u017cne i\u00a0niewa\u017cne. Uruchamia\u0142am pami\u0119\u0107\u2026 i, o\u00a0dziwo, po\u00a0chwili to\u00a0co\u015b przywo\u0142ywanego w\u00a0my\u015blach stawa\u0142o mi przed\u00a0oczyma; jakby cofa\u0142a si\u0119 ta\u015bma z\u00a0filmem mojego\u00a0\u017cycia. Pomaga\u0142o. Wychodzi\u0142am z\u00a0czarnego tunelu. Mo\u017ce i\u00a0teraz, po\u00a0latach, narzuc\u0119 t\u0119 metaforyczn\u0105 ko\u0142dr\u0119 na\u00a0g\u0142ow\u0119? Mo\u017ce to\u00a0pomo\u017ce nie tylko mnie? Chcia\u0142abym.<br \/>Moim zawodem od\u00a0czterdziestu lat jest mi\u0119dzy innymi \u015bpiewanie nieweso\u0142ych piosenek. Tak si\u0119 z\u0142o\u017cy\u0142o. I\u00a0mimo \u017ce\u00a0ten zaw\u00f3d nie przyni\u00f3s\u0142 mi zawodu, najcudowniejsze chwile zwi\u0105zane ze\u00a0\u015bpiewaniem wcale nie kojarz\u0105 mi si\u0119 ze\u00a0scen\u0105. Uwielbiam na\u00a0przyk\u0142ad \u015bpiewa\u0107 w\u00a0samochodzie razem z\u00a0kim\u015b, kto akurat \u015bpiewa w\u00a0radio albo na\u00a0ulubionej p\u0142ycie.<br \/>Ile ja si\u0119 na\u015bpiewa\u0142am z\u00a0najwspanialszymi wokalistami \u015bwiata, bez \u017cadnych kompleks\u00f3w<br \/>i\u00a0protest\u00f3w z\u00a0ich strony!<br \/>Kiedy\u015b z\u00a0moim starszym synem, Mateuszem, podr\u00f3\u017cowali\u015bmy samochodem po\u00a0Nowej Zelandii. Jechali\u015bmy, ogl\u0105daj\u0105c cudown\u0105 przyrod\u0119, niezliczone stada owiec, k\u00f3z, saren, i\u00a0\u015bpiewali\u015bmy sobie z\u00a0Dian\u0105 Krall piosenki z\u00a0p\u0142yty \u201eAll of you\u201d. Innym razem jecha\u0142am z\u00a0Krysi\u0105 Jand\u0105 do\u00a0Sieny i\u00a0przez ca\u0142\u0105 drog\u0119 przypomina\u0142y\u015bmy sobie piosenki z\u00a0naszego dzieci\u0144stwa i\u00a0m\u0142odo\u015bci. Dar\u0142y\u015bmy si\u0119 jak w\u00a0szkolnym autokarze, zapomnia\u0142y\u015bmy o\u00a0ca\u0142ym \u015bwiecie, a\u00a0siedz\u0105ce z\u00a0ty\u0142u dzieci na\u00a0pr\u00f3\u017cno usi\u0142owa\u0142y nam zasugerowa\u0107, \u017ce\u00a0chyba min\u0119\u0142y\u015bmy Sien\u0119\u2026<br \/>Do\u00a0dzisiaj tak\u017ce nie mog\u0119 zapomnie\u0107 pewnego wieczoru w\u00a0hotelu \u201eRaddisson\u201d w\u00a0Warszawie. To\u00a0by\u0142o kilka lat temu. Mia\u0142am tam spotka\u0107 si\u0119 z\u00a0pianist\u0105 Piwnicy pod\u00a0Baranami, panem Konradem Masty\u0142o, \u017ceby\u00a0ustali\u0107 tonacj\u0119 do\u00a0dw\u00f3ch piosenek Zygmunta Koniecznego. Konrad poprosi\u0142, \u017cebym wpad\u0142a po\u00a021., po\u00a0jego wyst\u0119pie. Przysz\u0142am o\u00a0um\u00f3wionej porze, d\u0142ugo jeszcze czeka\u0142am. Potem okaza\u0142o si\u0119, \u017ce\u00a0nie mo\u017cna skorzysta\u0107 z\u00a0fortepianu, bo tam na\u00a0Sali przemawiaj\u0105 bardzo wa\u017cni go\u015bcie. Zeszli\u015bmy wi\u0119c do\u00a0foyer, gdzie obok baru sta\u0142o ma\u0142e pianino. Wok\u00f3\u0142, na\u00a0wielu wygodnych fotelach, drzema\u0142a jaka\u015b du\u017ca grupa ludzi w\u00a0r\u00f3\u017cnym wieku. Bia\u0142ych, czarnych, kolorowych, ciekawie poubieranych. Najprawdopodobniej wycieczka, kt\u00f3ra\u00a0czeka\u0142a na\u00a0rozlokowanie po\u00a0pokojach. A\u00a0mo\u017ce na\u00a0autokar, kt\u00f3ry\u00a0powiezie ich dalej? Postanowili\u015bmy \u015bpiewa\u0107 cicho, \u017ceby\u00a0ich nie zbudzi\u0107. Ciche \u015bpiewanie to\u00a0moja specjalno\u015b\u0107, ale\u00a0gra\u0107 tak cicho jest ju\u017c trudniej. Niekt\u00f3rzy zacz\u0119li wi\u0119c przys\u0142uchiwa\u0107 si\u0119 z\u00a0ciekawo\u015bci\u0105. Tajemnicz\u0105 grup\u0119 obudzi\u0142y pi\u0119kne nuty Zygmunta. Zacz\u0119li ko\u0142ysa\u0107 si\u0119 do\u00a0rytmu i\u00a0nuci\u0107. Potem zacz\u0119li dopytywa\u0107 si\u0119, kto napisa\u0142 takie pi\u0119kne piosenki i\u00a0o\u00a0czym one s\u0105. Bardzo szybko opanowali melodi\u0119 i\u00a0zacz\u0119li \u015bpiewa\u0107 na\u00a0g\u0142osy. Czy\u015bciutko! Nie byli w\u00a0stanie nie \u015bpiewa\u0107! Patrzyli\u015bmy na\u00a0nich zachwyceni i\u00a0zdumieni. Scena jak z\u00a0filmu! Potem jeszcze do\u0142\u0105czyli do\u00a0nas Beata Rybotycka i\u00a0Jacek W\u00f3jcicki, i\u00a0rozpocz\u0119\u0142o si\u0119 wokalne szale\u0144stwo. Okaza\u0142o si\u0119, \u017ce\u00a0ta grupa z\u00a0pozoru przypadkowych wycieczkowicz\u00f3w, to\u00a0jaki\u015b s\u0142ynny ch\u00f3r! \u0141aman\u0105 angielszczyzn\u0105 opowiedzieli\u015bmy im o\u00a0Zygmuncie i\u00a0Piwnicy pod\u00a0Baranami, a\u00a0oni nam o\u00a0sobie. I\u00a0z\u00a0tej\u00a0nieoczekiwanej rado\u015bci zacz\u0119li\u015bmy wsp\u00f3lnie \u015bpiewa\u0107 s\u0142ynne evergreeny. By\u0142o bosko! Z\u00a0\u017calem wraca\u0142am do\u00a0domu, a\u00a0podobno oni \u015bpiewali do\u00a0rana! Do\u00a0dzisiaj na\u00a0wspomnienie tamtego wieczoru u\u015bmiecham si\u0119, jak g\u0142upia do\u00a0sera.<br \/>Ciekawe dlaczego m\u00f3wi si\u0119 \u201ejak g\u0142upia do\u00a0sera\u201d. Chcia\u0142abym to\u00a0wiedzie\u0107.<\/p>\n<p align=\"right\">Pozdrawiam<\/p>\n<p align=\"right\">Magda Umer<\/p>\n<p align=\"right\"><b><a href=\"http:\/\/magdaumer.pl\/home\/prasa\/#top\">Do\u00a0spisu artyku\u0142\u00f3w<\/a><\/b><\/p>\n","protected":false},"excerpt":{"rendered":"<p>CHCE SI\u0118 \u017bY\u0106. I\u00a0TO JAK.\u0179r\u00f3d\u0142o: STYLE I\u00a0CHARAKTERY, nr\u00a01 (2010) Niedawno sko\u0144czy\u0142am 60 lat i\u00a0(niewykluczone, \u017ce\u00a0z\u00a0tego powodu) otrzyma\u0142am propozycj\u0119 od\u00a0moich ulubionych \u201eCharakter\u00f3w\u201d, aby \u201eod czasu do\u00a0czasu\u201d napisa\u0107 par\u0119 s\u0142\u00f3w na\u00a0temat umiej\u0119tno\u015bci radowania si\u0119 \u017cyciem w\u00a0sytuacji, kiedy tak naprawd\u0119 ma si\u0119 Je ju\u017c za\u00a0sob\u0105. Dawniej ludzie nie \u017cyli tak d\u0142ugo. Dawniej cz\u0142owiek w\u00a0moim wieku grza\u0142 si\u0119 przy &hellip; <a href=\"https:\/\/magdaumer.pl\/home\/prasa\/chce-sie-zyc-i-to-jak\/\" class=\"more-link\">Czytaj dalej <span class=\"screen-reader-text\">CHCE SI\u0118 \u017bY\u0106. I TO JAK.<\/span> <span class=\"meta-nav\">&rarr;<\/span><\/a><\/p>\n","protected":false},"author":1,"featured_media":0,"parent":27,"menu_order":0,"comment_status":"closed","ping_status":"closed","template":"","meta":{"footnotes":""},"class_list":["post-2020","page","type-page","status-publish","hentry"],"_links":{"self":[{"href":"https:\/\/magdaumer.pl\/home\/wp-json\/wp\/v2\/pages\/2020","targetHints":{"allow":["GET"]}}],"collection":[{"href":"https:\/\/magdaumer.pl\/home\/wp-json\/wp\/v2\/pages"}],"about":[{"href":"https:\/\/magdaumer.pl\/home\/wp-json\/wp\/v2\/types\/page"}],"author":[{"embeddable":true,"href":"https:\/\/magdaumer.pl\/home\/wp-json\/wp\/v2\/users\/1"}],"replies":[{"embeddable":true,"href":"https:\/\/magdaumer.pl\/home\/wp-json\/wp\/v2\/comments?post=2020"}],"version-history":[{"count":1,"href":"https:\/\/magdaumer.pl\/home\/wp-json\/wp\/v2\/pages\/2020\/revisions"}],"predecessor-version":[{"id":2021,"href":"https:\/\/magdaumer.pl\/home\/wp-json\/wp\/v2\/pages\/2020\/revisions\/2021"}],"up":[{"embeddable":true,"href":"https:\/\/magdaumer.pl\/home\/wp-json\/wp\/v2\/pages\/27"}],"wp:attachment":[{"href":"https:\/\/magdaumer.pl\/home\/wp-json\/wp\/v2\/media?parent=2020"}],"curies":[{"name":"wp","href":"https:\/\/api.w.org\/{rel}","templated":true}]}}