{"id":2016,"date":"2016-02-29T00:09:02","date_gmt":"2016-02-29T00:09:02","guid":{"rendered":"http:\/\/magdaumer.pl\/home\/?page_id=2016"},"modified":"2016-02-29T00:09:02","modified_gmt":"2016-02-29T00:09:02","slug":"o-milosci-bez-pamieci","status":"publish","type":"page","link":"https:\/\/magdaumer.pl\/home\/prasa\/o-milosci-bez-pamieci\/","title":{"rendered":"O MI\u0141O\u015aCI BEZ PAMI\u0118CI"},"content":{"rendered":"<p style=\"text-align: center;\"><span style=\"color: #008000;\"><strong>O\u00a0MI\u0141O\u015aCI BEZ PAMI\u0118CI<\/strong><\/span><br \/><i>\u0179r\u00f3d\u0142o: STYLE I\u00a0CHARAKTERY nr\u00a03 (3)<\/i><\/p>\n<p style=\"text-align: justify;\" align=\"justify\">Razem z\u00a0moim s\u0105siadem Zbyszkiem Zamachowskim jecha\u0142am kiedy\u015b na\u00a0koncert do\u00a0Wroc\u0142awia. Mimo \u017ce\u00a0od lat mieszkamy na\u00a0jednej ulicy, to\u00a0widujemy si\u0119 rzadko, wi\u0119c ucieszyli\u015bmy si\u0119 oboje, \u017ce\u00a0nagadamy si\u0119 wreszcie do\u00a0woli.<br \/>Ju\u017c za\u00a0pierwszym zakr\u0119tem Zbyszek zacz\u0105\u0142 jak\u0105\u015b pasjonuj\u0105c\u0105 histori\u0119 o\u00a0tym, co si\u0119 wydarzy\u0142o w\u00a0ich teatrze. W\u00a0najciekawszym momencie zadzwoni\u0142 telefon. Zbyszek odebra\u0142 i\u00a0na tyle d\u0142ugo t\u0142umaczy\u0142 dziennikarzowi, dlaczego nie mo\u017ce udzieli\u0107 mu wywiadu do\u00a0jego zbyt kolorowego pisma, \u017ce\u00a0kiedy po\u00a0sko\u0144czonej rozmowie zapyta\u0142 mnie \u201eO czym to\u00a0ja m\u00f3wi\u0142em?\u201d \u2013 nie potrafi\u0142am odpowiedzie\u0107. Zapomnia\u0142am.<br \/>\u2013 No nic, potem sobie przypomn\u0119, to\u00a0doko\u0144czymy\u2026<\/p>\n<p style=\"text-align: justify;\">A\u00a0co u\u00a0ciebie?<\/p>\n<p style=\"text-align: justify;\">Zacz\u0119\u0142am opowiada\u0107, ale\u00a0tak, \u017ceby\u00a0nie by\u0142o smutno \u2013 same weso\u0142e historie. Sypa\u0142am anegdotami, Zbyszek \u015bmia\u0142 si\u0119 jak dziecko i\u00a0droga nam si\u0119 nie d\u0142u\u017cy\u0142a. Kiedy zbli\u017ca\u0142am si\u0119 do\u00a0puenty najciekawszej historii, znowu zadzwoni\u0142 telefon. Tym razem do\u00a0mnie. Tak d\u0142ugo ustala\u0142am z\u00a0d\u017awi\u0119kowcem terminy pracy w\u00a0studio, \u017ce\u00a0kiedy zako\u0144czy\u0142am rozmow\u0119, \u017cadne z\u00a0nas nie pami\u0119ta\u0142o, o\u00a0czym traktowa\u0142a moja pasjonuj\u0105ca opowie\u015b\u0107.<\/p>\n<p style=\"text-align: justify;\">\u2013 Na\u00a0pewno sobie nie mo\u017cesz przypomnie\u0107? \u2013 pyta\u0142am z\u00a0nadziej\u0105, bo wiedzia\u0142am, \u017ce\u00a0puenta by\u00a0go zachwyci\u0142a.<\/p>\n<p style=\"text-align: justify;\">\u2013 No\u2026 nie przypomn\u0119 sobie\u2026 za\u00a0Boga\u2026 bo jeszcze odpowiada\u0142em w\u00a0tym czasie na\u00a0SMS-y. Ale\u00a0poczekaj, poczekaj, zanim ty sobie przypomnisz, powiem ci co\u015b bardzo wa\u017cnego, co w\u0142a\u015bnie sobie przypomnia\u0142em i\u00a0ju\u017c od\u00a0dawna chcia\u0142em ci o\u00a0tym powiedzie\u0107.<\/p>\n<p style=\"text-align: justify;\">\u2013 M\u00f3w.<\/p>\n<p style=\"text-align: justify;\">Zacz\u0105\u0142 i\u00a0by\u0142o na\u00a0tyle ciekawie, \u017ce\u00a0wci\u0105gn\u0119\u0142am si\u0119 w\u00a0jego opowie\u015b\u0107 do\u00a0tego stopnia, \u017ce\u00a0zapomnia\u0142am o\u00a0przypominaniu sobie tej\u00a0(zapomnianej przed\u00a0chwil\u0105) mojej\u00a0opowie\u015bci. M\u00f3wi\u0142 d\u0142ugo i\u00a0wa\u017cna historia jeszcze nie dobiega\u0142a ko\u0144ca, gdy\u00a0niemal jednocze\u015bnie zadzwoni\u0142y nasze telefony. Zacz\u0119li\u015bmy si\u0119 \u015bmia\u0107, ale\u00a0odebrali\u015bmy je, bo dzwoni\u0142y nasze dzieci. Jak nietrudno si\u0119 domy\u015ble\u0107, po\u00a0rozmowach z\u00a0dzie\u0107mi nikt z\u00a0nas nie pami\u0119ta\u0142, o\u00a0czym wcze\u015bniej rozmawiali\u015bmy. Pami\u0119\u0107 si\u0119 na\u00a0nas obrazi\u0142a. I\u00a0tak by\u0142o jeszcze kilka razy, do\u00a0samego Wroc\u0142awia.<\/p>\n<p style=\"text-align: justify;\">Do\u00a0dzisiaj si\u0119 \u015bmiejemy na\u00a0wspomnienie tej\u00a0podr\u00f3\u017cy. Jedno jest pewne \u2013 gdyby\u00a0los znowu kiedy\u015b wys\u0142a\u0142 nas dok\u0105dkolwiek \u2013 b\u0119dzie o\u00a0czym pogada\u0107!<\/p>\n<p style=\"text-align: justify;\">Tylko jedn\u0105 opowiedzian\u0105 przez Zbyszka histori\u0119 zapami\u0119tam chyba na\u00a0ca\u0142e \u017cycie. Gdybym\u00a0jednak by\u0142a zbytni\u0105 optymistk\u0105, zajrz\u0119 sobie do\u00a0trzeciego numeru \u201eStyl\u00f3w i\u00a0Charakter\u00f3w\u201d, bo postanowi\u0142am opowiedzie\u0107 j\u0105 Pa\u0144stwu teraz\u2026<br \/>By\u0142am kiedy\u015b na\u00a0spacerze z\u00a0moim psem, niejakim Markotnym, i\u00a0zobaczy\u0142am na\u00a0\u0142\u0105ce ca\u0142uj\u0105cych si\u0119 i\u00a0przytulaj\u0105cych starszych ludzi.<\/p>\n<p style=\"text-align: justify;\">Do\u00a0tego stopnia starszych, \u017ce\u00a0nawet mnie zadziwi\u0142 ten widok. Poniewa\u017c kobieta wyda\u0142a mi si\u0119 kim\u015b bardzo podobnym do\u00a0pani J\u00f3zefy, czyli mamy Zbyszka, zapyta\u0142am go:<\/p>\n<p style=\"text-align: justify;\">\u2013 Czy to\u00a0mo\u017cliwe, \u017ceby\u00a0twoja mama przytula\u0142a si\u0119 intensywnie na\u00a0naszej \u0142\u0105ce do\u00a0jakiego\u015b obcego pana?!<\/p>\n<p style=\"text-align: justify;\">\u2013 Tak, tak \u2013 odpowiedzia\u0142, \u015bmiej\u0105c si\u0119. \u2013 Pos\u0142uchaj tylko, co to\u00a0by\u0142a za\u00a0historia. Ot\u00f3\u017c mama przyje\u017cd\u017ca\u0142a do\u00a0nas raz w\u00a0miesi\u0105cu,<br \/>nacieszy\u0107 si\u0119 wnukami.<\/p>\n<p style=\"text-align: justify;\">Po\u00a0nacieszeniu si\u0119 wraca\u0142a do\u00a0siebie, to\u00a0znaczy do\u00a0Brzezin pod\u00a0\u0141odzi\u0105. Zawsze odwozi\u0142em j\u0105 na\u00a0dworzec autobusowy. Kt\u00f3rego\u015b razu mia\u0142a ci\u0119\u017cszy baga\u017c i\u00a0poprosi\u0142em pana siedz\u0105cego obok w\u00a0autobusie, aby pom\u00f3g\u0142 mamie przy wysiadaniu \u2013 co obieca\u0142. Min\u0105\u0142 miesi\u0105c. Zn\u00f3w odwo\u017c\u0119 mam\u0119 na\u00a0ten sam dworzec i\u00a0zn\u00f3w ko\u0142o mamy siedzi ten sam pan. Okaza\u0142o si\u0119, \u017ce\u00a0on tak\u017ce przyje\u017cd\u017ca do\u00a0Warszawy raz w\u00a0miesi\u0105cu, chyba na\u00a0zebrania Zwi\u0105zku Przesiedle\u0144c\u00f3w, a\u00a0potem wraca do\u00a0siebie, do\u00a0\u0141odzi. Podr\u00f3\u017cowali tak kilka razy i\u00a0\u2013 co ci b\u0119d\u0119 d\u0142ugo opowiada\u0142 \u2013 w\u00a0\u0142\u00f3dzkiej restauracji \u201eAnatewka\u201d wyznali sobie mi\u0142o\u015b\u0107. Mama by\u0142a wdow\u0105 ju\u017c od\u00a0dwudziestu dziewi\u0119ciu lat, a\u00a0pan Mirek wdowcem od\u00a0o\u015bmiu. Gdy\u00a0upewnili si\u0119, \u017ce\u00a0razem jest im lepiej ni\u017c oddzielnie, postanowili mie\u0107 jeden adres \u2013 zamieszkali razem.<\/p>\n<p style=\"text-align: justify;\">Spyta\u0142am z\u00a0niedowierzaniem:<\/p>\n<p style=\"text-align: justify;\">\u2013 I\u00a0w\u00a0dalszym ci\u0105gu si\u0119 kochaj\u0105, mimo \u017ce\u00a0razem mieszkaj\u0105 na\u00a0co dzie\u0144?!<\/p>\n<p style=\"text-align: justify;\">\u2013 Jak papu\u017cki nieroz\u0142\u0105czki \u2013 powiedzia\u0142 Zbyszek. \u2013 Zakochani s\u0105 w\u00a0sobie bez pami\u0119ci! Sama widzia\u0142a\u015b na\u00a0\u0142\u0105ce, jak to\u00a0wygl\u0105da.<\/p>\n<p style=\"text-align: justify;\">Fakt. Widzia\u0142am. Zakochani bez pami\u0119ci\u2026 A\u00a0z\u00a0ni\u0105 r\u00f3\u017cnie bywa, co\u015b o\u00a0tym wiem\u2026 \u017beby tylko nie zapomnieli, kt\u00f3rego\u00a0i\u00a0o\u00a0kt\u00f3rej godzinie \u015blub.<\/p>\n<p style=\"text-align: justify;\">Bo ju\u017c po\u00a0zapowiedziach.<\/p>\n<p align=\"right\">Pozdrawiam<br \/>Magda Umer<span class=\"Apple-style-span\"><br \/><\/span><\/p>\n<p align=\"right\"><span class=\"Apple-style-span\"><b><a href=\"http:\/\/magdaumer.pl\/home\/prasa\/#top\">Do\u00a0spisu artyku\u0142\u00f3w<\/a><\/b><\/span><\/p>\n","protected":false},"excerpt":{"rendered":"<p>O\u00a0MI\u0141O\u015aCI BEZ PAMI\u0118CI\u0179r\u00f3d\u0142o: STYLE I\u00a0CHARAKTERY nr\u00a03 (3) Razem z\u00a0moim s\u0105siadem Zbyszkiem Zamachowskim jecha\u0142am kiedy\u015b na\u00a0koncert do\u00a0Wroc\u0142awia. Mimo \u017ce\u00a0od lat mieszkamy na\u00a0jednej ulicy, to\u00a0widujemy si\u0119 rzadko, wi\u0119c ucieszyli\u015bmy si\u0119 oboje, \u017ce\u00a0nagadamy si\u0119 wreszcie do\u00a0woli.Ju\u017c za\u00a0pierwszym zakr\u0119tem Zbyszek zacz\u0105\u0142 jak\u0105\u015b pasjonuj\u0105c\u0105 histori\u0119 o\u00a0tym, co si\u0119 wydarzy\u0142o w\u00a0ich teatrze. W\u00a0najciekawszym momencie zadzwoni\u0142 telefon. Zbyszek odebra\u0142 i\u00a0na tyle d\u0142ugo &hellip; <a href=\"https:\/\/magdaumer.pl\/home\/prasa\/o-milosci-bez-pamieci\/\" class=\"more-link\">Czytaj dalej <span class=\"screen-reader-text\">O MI\u0141O\u015aCI BEZ PAMI\u0118CI<\/span> <span class=\"meta-nav\">&rarr;<\/span><\/a><\/p>\n","protected":false},"author":1,"featured_media":0,"parent":27,"menu_order":0,"comment_status":"closed","ping_status":"closed","template":"","meta":{"footnotes":""},"class_list":["post-2016","page","type-page","status-publish","hentry"],"_links":{"self":[{"href":"https:\/\/magdaumer.pl\/home\/wp-json\/wp\/v2\/pages\/2016","targetHints":{"allow":["GET"]}}],"collection":[{"href":"https:\/\/magdaumer.pl\/home\/wp-json\/wp\/v2\/pages"}],"about":[{"href":"https:\/\/magdaumer.pl\/home\/wp-json\/wp\/v2\/types\/page"}],"author":[{"embeddable":true,"href":"https:\/\/magdaumer.pl\/home\/wp-json\/wp\/v2\/users\/1"}],"replies":[{"embeddable":true,"href":"https:\/\/magdaumer.pl\/home\/wp-json\/wp\/v2\/comments?post=2016"}],"version-history":[{"count":1,"href":"https:\/\/magdaumer.pl\/home\/wp-json\/wp\/v2\/pages\/2016\/revisions"}],"predecessor-version":[{"id":2017,"href":"https:\/\/magdaumer.pl\/home\/wp-json\/wp\/v2\/pages\/2016\/revisions\/2017"}],"up":[{"embeddable":true,"href":"https:\/\/magdaumer.pl\/home\/wp-json\/wp\/v2\/pages\/27"}],"wp:attachment":[{"href":"https:\/\/magdaumer.pl\/home\/wp-json\/wp\/v2\/media?parent=2016"}],"curies":[{"name":"wp","href":"https:\/\/api.w.org\/{rel}","templated":true}]}}