{"id":2002,"date":"2016-02-29T00:03:14","date_gmt":"2016-02-29T00:03:14","guid":{"rendered":"http:\/\/magdaumer.pl\/home\/?page_id=2002"},"modified":"2016-02-29T00:03:14","modified_gmt":"2016-02-29T00:03:14","slug":"kobiety-boleslawa-lesmiana","status":"publish","type":"page","link":"https:\/\/magdaumer.pl\/home\/prasa\/kobiety-boleslawa-lesmiana\/","title":{"rendered":"KOBIETY BOLES\u0141AWA LE\u015aMIANA"},"content":{"rendered":"<p style=\"text-align: center;\"><span style=\"color: #008000;\"><strong>KOBIETY BOLES\u0141AWA LE\u015aMIANA<\/strong><\/span><br \/><i><br \/><\/i><\/p>\n<p style=\"text-align: justify;\" align=\"justify\"><i>\u201eZnam ja na\u00a0pami\u0119\u0107 jedn\u0105 dziewczyn\u0119\u2026<br \/>Znam jej westchnienia i\u00a0mym ustom<br \/>Uleg\u0142o\u015b\u0107 pieszczotliwie zawi\u0142\u0105.<br \/>Nic w\u00a0niej nie by\u0142o, opr\u00f3cz u\u015bmiechu<br \/>I\u00a0przeznaczenia<br \/>I\u00a0kocha\u0142em j\u0105 za\u00a0to, \u017ce\u00a0nic wi\u0119cej<br \/>Nie by\u0142o.\u201d<\/i><\/p>\n<p style=\"text-align: justify;\">By\u0142 kruchy, nie\u015bmia\u0142y, male\u0144ki ,nie\u0142adny, niezaradny, chorowity, pe\u0142en kompleks\u00f3w i\u00a0w\u0105tpliwo\u015bci na\u00a0ka\u017cdy temat. Ale\u00a0mia\u0142 m\u0105dre i\u00a0kpi\u0105ce oczy, by\u0142 inteligentny , dowcipny , oczytany i\u00a0pisa\u0142, widzia\u0142, czu\u0142 -jak nikt.<\/p>\n<p style=\"text-align: justify;\">Boles\u0142aw Le\u015bmian, m\u00f3j\u00a0ukochany poeta.<br \/>Urodzi\u0142 si\u0119 w\u00a01877 roku a\u00a0zmar\u0142 w\u00a01937.<\/p>\n<p style=\"text-align: justify;\">Bliscy m\u00f3wili, \u017ce\u00a0na og\u00f3\u0142 nie by\u0142 szcz\u0119\u015bliwy, ale\u00a0stara\u0142 si\u0119 tego nie okazywa\u0107 . \u017by\u0142 w\u00a0\u015bwiecie przez siebie wymy\u015blonym, interesowa\u0142a go wy\u0142\u0105cznie literatura , sztuka , filozofia i\u00a0biologia. Nie by\u0142 w\u00a0stanie zarobi\u0107 na\u00a0utrzymanie siebie i\u00a0swojej rodziny . M\u00f3g\u0142 i\u00a0chcia\u0142 tylko pisa\u0107, a\u00a0za to\u00a0pisanie p\u0142acono mu grosze. I\u00a0nic mu si\u0119 w\u00a0\u017cyciu (opr\u00f3cz wierszy) nie udawa\u0142o .<\/p>\n<p style=\"text-align: justify;\">Ale\u00a0zacznijmy od\u00a0pocz\u0105tku.<br \/>Kiedy by\u0142 ma\u0142ym ch\u0142opcem rodzice nie tylko rozwiedli si\u0119 ,ale ojciec wykrad\u0142 tr\u00f3jk\u0119 ma\u0142ych dzieci matce. Po\u00a0prostu porwa\u0142 je. Mimo \u017ce\u00a0by\u0142 podobno najlepszym ojcem na\u00a0\u015bwiecie i\u00a0o\u017ceni\u0142 si\u0119 z\u00a0kobiet\u0105, kt\u00f3ra\u00a0t\u0119 matk\u0119 stara\u0142a si\u0119 zast\u0105pi\u0107 najlepiej jak umia\u0142a \u2013 ma\u0142y Bolek nie by\u0142 w\u00a0stanie wybaczy\u0107 jej tego, \u017ce\u00a0nie jest jego prawdziw\u0105 matk\u0105 \u2026Podobno przez d\u0142ugi czas trzyma\u0142 pod\u00a0poduszk\u0105 kartk\u0119, na\u00a0kt\u00f3rej by\u0142o napisane, \u017ce\u00a0gdyby nagle umar\u0142 \u2013to niechybnie otru\u0142a go ta straszna kobieta. Co prawda, z\u00a0up\u0142ywem lat , coraz mniej stanowczo odpycha\u0142 jej troskliwo\u015b\u0107 i\u00a0serdeczno\u015b\u0107, ale\u00a0dopiero po\u00a0jej \u015bmierci u\u015bwiadomi\u0142 sobie kogo straci\u0142. I\u00a0nie rozstawa\u0142 si\u0119 ze\u00a0star\u0105 szub\u0105 na\u00a0lisach, kt\u00f3r\u0105 macocha nosi\u0142a. Przytula\u0142 si\u0119 do\u00a0niej kiedy chcia\u0142 sobie przypomnie\u0107 T\u0119, kt\u00f3rej\u00a0ju\u017c nie by\u0142o.<\/p>\n<p style=\"text-align: justify;\">Ca\u0142e doros\u0142e \u017cycie b\u0119dzie szuka\u0142 matki w\u00a0kobietach, z\u00a0kt\u00f3rymi by\u0142.<br \/>Jego pierwsza wa\u017cna dziewczyna mia\u0142a 16 lat, nazywa\u0142a si\u0119 Celina Sunderland (tak jak jego mama Emma )i by\u0142a siostr\u0105 cioteczno- stryjeczn\u0105 .(Bardzo si\u0119 w\u00a0tej w\u00a0rodzinie ze\u00a0sob\u0105 \u017cenili) . Podobno opieku\u0144cza, pe\u0142na wdzi\u0119ku i\u00a0energii, bystra i\u00a0inteligentna. Te cechy skutecznie zast\u0119puj\u0105 urod\u0119 .By\u0142a malutka- jak Le\u015bmian- i\u00a0znajomi nazywali ich par\u0105 krasnoludk\u00f3w. Przyja\u017anili si\u0119 do\u00a0ko\u0144ca \u017cycia. Podobno poeta chcia\u0142 si\u0119 nawet \u017ceni\u0107, pojecha\u0142 do\u00a0Pary\u017ca, gdzie ona zacz\u0119\u0142a studiowa\u0107 malarstwo ,ale po\u00a0pierwsze by\u0142by to\u00a0zwi\u0105zek kazirodczy , a\u00a0po drugie, na\u00a0swoje nieszcz\u0119\u015bcie, Celina pozna\u0142a go w\u00a0Pary\u017cu ze\u00a0swoj\u0105 kole\u017cank\u0105 z\u00a0Akademii\u2013 pi\u0119kn\u0105 malark\u0105 Zofi\u0105 Chyli\u0144sk\u0105, dla kt\u00f3rej\u00a0straci\u0142 g\u0142ow\u0119 . Wkr\u00f3tce zosta\u0142a jego \u017con\u0105 . By\u0142a c\u00f3rk\u0105 lekarzy z\u00a0\u0141om\u017cy, marzy\u0142a o\u00a0karierze malarki i\u00a0\u017cyciu bohemy, ale\u00a0szybko przysz\u0142y na\u00a0\u015bwiat dzieci, a\u00a0ona zorientowa\u0142a si\u0119, \u017ce\u00a0ukochany m\u0105\u017c jest w\u0142a\u015bciwie trzecim dzieckiem, dziwnym, trudnym , ale\u00a0genialnym. I\u00a0\u017ce wszystko trzeba podporz\u0105dkowa\u0107 jego tw\u00f3rczo\u015bci .W to\u00a0nigdy nie w\u0105tpi\u0142a i\u00a0mo\u017ce dzi\u0119ki temu nigdy jej nie opu\u015bci\u0142.<\/p>\n<p style=\"text-align: justify;\">Kiedy go pozna\u0142a mia\u0142a 20 lat, a\u00a0on 28. Podobno by\u0142 na\u00a0dnie . Obszarpany, bez guzik\u00f3w i\u00a0bez ch\u0119ci do\u00a0\u017cycia .Nie sypia\u0142 po\u00a0nocach. Dokona\u0142 przera\u017caj\u0105cego odkrycia- straci\u0142 talent. Przesta\u0142 pisa\u0107. A\u00a0nic innego nie umia\u0142, mimo \u017ce\u00a0sko\u0144czy\u0142 prawo .(Zosta\u0142 nawet na\u00a0kr\u00f3tko radc\u0105 prawnym na\u00a0kolei, ale\u00a0go wyrzucili, bo si\u0119 kompletnie do\u00a0tego nie nadawa\u0142).Do niczego si\u0119 nie nadawa\u0142. \u015awiat nie zna\u0142 osoby bardziej niezaradnej .Nie wiedzia\u0142 na\u00a0przyk\u0142ad co si\u0119 robi z\u00a0brudn\u0105 bielizn\u0105, jak si\u0119 jej pozbywa. Wpad\u0142 na\u00a0pomys\u0142, \u017ce\u00a0b\u0119dzie j\u0105 pakowa\u0142 w\u00a0ma\u0142e paczuszki i\u00a0wynosi\u0142 na\u00a0miasto\u2026Ca\u0142y Pary\u017c by\u0142 nimi us\u0142any, a\u00a0on kupowa\u0142 sobie now\u0105 bielizn\u0119\u2026(Najgorsze chwile prze\u017cywa\u0142, gdy\u00a0kto\u015b podbiega\u0142 do\u00a0niego z\u00a0tym zawini\u0105tkiem, my\u015bl\u0105c, \u017ce\u00a0o\u00a0nim zapomnia\u0142\u2026)<\/p>\n<p style=\"text-align: justify;\">Ci\u0105gle kto\u015b mu pomaga\u0142, kto\u015b si\u0119 nim opiekowa\u0142. Tata wysy\u0142a\u0142 mu z\u00a0Polski buty, Miriam, czyli Zenon Przesmycki (dzisiaj powiedzieliby\u015bmy jego guru, s\u0142ynny wydawca \u201eChimery\u201d, odkrywca Norwida , bardzo wa\u017cna i\u00a0wp\u0142ywowa osoba w\u00a0\u015bwiecie literackim)- pieni\u0105dze, zaliczki i\u00a0zam\u00f3wienia. Bodaj on pierwszy pozna\u0142 si\u0119 na\u00a0wielkim talencie Le\u015bmiana i\u00a0do niego pisa\u0142 poeta w\u00a01905 roku z\u00a0Pary\u017ca, kiedy ju\u017c o\u017ceni\u0142 si\u0119 i\u00a0spodziewa\u0142 przyj\u015bcia na\u00a0\u015bwiat pierwszego dziecka :<\/p>\n<p style=\"text-align: justify;\">\u201dPod wzgl\u0119dem tw\u00f3rczo\u015bci jest mi teraz tak dobrze, jak nigdy. Pracuj\u0119 co dzie\u0144. Zawdzi\u0119czam to\u00a0mojej \u017conie, kt\u00f3ra\u00a0mnie z\u00a0upadk\u00f3w moich\u00a0w\u0142asnor\u0119cznie podnios\u0142a(\u2026)Wszystko wspaniale- brak tylko pieni\u0119dzy\u201d\u201d<\/p>\n<p style=\"text-align: justify;\">Pieni\u0105dze mia\u0142 przez 7 lat swojego \u017cycia. Dobrzy ludzie za\u0142atwili mu rejentur\u0119 w\u00a0Hrubieszowie, a\u00a0potem w\u00a0Zamo\u015bciu\u2026 Nie znosi\u0142 tej\u00a0pracy ,ale dawa\u0142a mu niezale\u017cno\u015b\u0107.<\/p>\n<p style=\"text-align: justify;\">\u017bona prowadzi\u0142a kancelari\u0119 (zamiast prowadzi\u0107 \u017cycie cyganerii i\u00a0wystawia\u0107 swoje obrazy) , zast\u0119pca, do\u00a0kt\u00f3rego mia\u0142 ca\u0142kowite zaufanie ,za\u0142atwia\u0142 wszystkie sprawy , a\u00a0on m\u00f3g\u0142 pisa\u0107 swoje najlepsze wiersze w\u00a0wygodnym i\u00a0ogrzewanym gabinecie , czyta\u0107 ksi\u0105\u017cki, wyje\u017cd\u017ca\u0107 za\u00a0granic\u0119 , \u201edo w\u00f3d\u201d, kszta\u0142ci\u0107 c\u00f3rki, i\u00a0jak najcz\u0119\u015bciej ucieka\u0107 do\u00a0Warszawy, w\u00a0kt\u00f3rej mieszka\u0142a jego ukochana i\u00a0najbli\u017csi przyjaciele, z\u00a0wielkim Franciszkiem Fiszerem na\u00a0czele.( To\u00a0on by\u0142 autorem s\u0142ynnej konstatacji \u201eZajecha\u0142a pusta doro\u017cka, z\u00a0kt\u00f3rej wysiad\u0142 Le\u015bmian\u201d.)<\/p>\n<p style=\"text-align: justify;\">Po\u00a0siedmiu latach wydarzy\u0142a si\u0119 tragedia. Jego zast\u0119pca zdefraudowa\u0142 ogromn\u0105 sum\u0119 pieni\u0119dzy ,upozorowa\u0142 w\u0142amanie i\u00a0uciek\u0142. Le\u015bmian cudem unikn\u0105\u0142 wi\u0119zienia, do\u00a0ko\u0144ca \u017cycia nie sp\u0142aci\u0142 d\u0142ug\u00f3w i\u00a0ci\u0119\u017cko rozchorowa\u0142 si\u0119 na\u00a0serce. To\u00a0serce by\u0142o ju\u017c od\u00a0d\u0142u\u017cszego czasu chore- w\u00a0sensie dos\u0142ownym( chorob\u0119 serca odziedziczy\u0142 po\u00a0ojcu ,a poza tym pracowa\u0142o na\u00a0to m.in.\u00a075 papieros\u00f3w wypalanych dziennie, zab\u00f3jczo czarna kawa , bezsenno\u015b\u0107 i\u00a0du\u017ce dawki piramidonu, kt\u00f3rym\u00a0leczy\u0142 ci\u0105g\u0142e b\u00f3le g\u0142owy) i\u00a0w\u00a0sensie metaforycznym. Pi\u0119knie napisa\u0142 o\u00a0tym jego stryjeczny brat-Jan Brzechwa: \u201dBoles\u0142aw nie mia\u0142 do\u015b\u0107 si\u0142, aby samodzielnie decydowa\u0107 o\u00a0swoim losie, szarpa\u0142 si\u0119 i\u00a0lawirowa\u0142 mi\u0119dzy \u017con\u0105 i\u00a0kochank\u0105, a\u00a0w\u00a0miar\u0119 jak c\u00f3rki dorasta\u0142y popada\u0142 w\u00a0nieustanne konflikty i\u00a0dr\u0119czy\u0142 si\u0119 sytuacj\u0105, z\u00a0kt\u00f3rej nie umia\u0142 znale\u017a\u0107 wyj\u015bcia\u2026<\/p>\n<p style=\"text-align: justify;\">U\u00a0Dory znajdowa\u0142 uspokojenie, czu\u0142o\u015b\u0107 i\u00a0opiek\u0119. Okazywa\u0142a mu troskliwo\u015b\u0107, kt\u00f3rej\u00a0nie da si\u0119 opisa\u0107. Po\u00a0katastrofie finansowej i\u00a0utracie rejentury zaopatrywa\u0142a go w\u00a0got\u00f3wk\u0119 i\u00a0\u017cywno\u015b\u0107 , kt\u00f3r\u0105 zanosi\u0142 rodzinie. Widzia\u0142em nie raz , jak przygotowywa\u0142a mu paczki z\u00a0mi\u0119sem i\u00a0wiktua\u0142ami\u201d\u2026<\/p>\n<p style=\"text-align: justify;\">Jan Brzechwa, autor( moim zdaniem) najpi\u0119kniejszego wspomnienia o\u00a0poecie, by\u0142 pos\u0142a\u0144cem mi\u0119dzy Le\u015bmianem , a\u00a0kobiet\u0105 jego \u017cycia. Dopuszczonym do\u00a0Tajemnicy.<\/p>\n<p style=\"text-align: justify;\">Dora Lebenthal.<br \/>Niezwyk\u0142a kobieta \u2013 a\u00a0w\u0142a\u015bciwie niezwyk\u0142y cz\u0142owiek. Nale\u017c\u0105 si\u0119 jej najpi\u0119kniejsze s\u0142owa.<\/p>\n<p style=\"text-align: justify;\">Jak si\u0119 poznali?<br \/>Latem 1917 roku przyjecha\u0142a do\u00a0I\u0142\u017cy , do\u00a0wsp\u00f3lnej ciotki na\u00a0wakacje , jego pierwsza wa\u017cna dziewczyna , siostra , kochanka i\u00a0bliski cz\u0142owiek -Celina Sunderland.<\/p>\n<p style=\"text-align: justify;\">Zabra\u0142a ze\u00a0sob\u0105 przyjaci\u00f3\u0142k\u0119, lekark\u0119 z\u00a0Warszawy, kt\u00f3ra\u00a0w\u0142a\u015bnie prze\u017cywa\u0142a kryzys ma\u0142\u017ce\u0144ski\u2026 Le\u015bmian przyjecha\u0142 sam , bez rodziny. Wybuch\u0142o uczucie , nad\u00a0kt\u00f3rym nikt nie by\u0142 w\u00a0stanie zapanowa\u0107 , i\u00a0kt\u00f3remu zawdzi\u0119czamy najpi\u0119kniejsze erotyki w\u00a0polskiej poezji.<\/p>\n<p style=\"text-align: justify;\">Le\u015bmian mia\u0142 wtedy 40 lat, chor\u0105 na\u00a0p\u0142uca \u017con\u0119 i\u00a0dwie ma\u0142e c\u00f3reczki- Duni\u0119 i\u00a0Lusi\u0119\u2026 By\u0142o wi\u0119c za\u00a0p\u00f3\u017ano na\u00a0szcz\u0119\u015bcie bez ranienia najbli\u017cszych i\u00a0bezbronnych.<\/p>\n<p style=\"text-align: justify;\">Z\u00a0ocala\u0142ych trzech list\u00f3w do\u00a0Dory wynika co prawda , \u017ce\u00a0na pocz\u0105tku chcieli sobie razem u\u0142o\u017cy\u0107 \u017cycie, \u017ce\u00a0starali si\u0119 o\u00a0prac\u0119 za\u00a0granic\u0105, (Dora nawet przesz\u0142a na\u00a0katolicyzm, aby m\u00f3c wzi\u0105\u0107 z\u00a0nim \u015blub), ale\u00a0ju\u017c wkr\u00f3tce zrozumieli oboje ,\u017ce decyzja o\u00a0pozostawieniu rodziny zrujnowa\u0142aby psychicznie nie tylko t\u0119 rodzin\u0119, ale\u00a0i\u00a0ich. Boles\u0142aw zdecydowa\u0142 si\u0119 na\u00a0podw\u00f3jne \u017cycie, a\u00a0Dora na\u00a0bycie \u201et\u0105 drug\u0105\u201d.<\/p>\n<p style=\"text-align: justify;\">I\u00a0by\u0142o tak przez dwadzie\u015bcia lat, a\u017c do\u00a0jego \u015bmierci. \u017bona i\u00a0coraz starsze c\u00f3rki udawa\u0142y, \u017ce\u00a0wszystko jest w\u00a0porz\u0105dku, chocia\u017c \u201ew ca\u0142ym Zamo\u015bciu m\u00f3wiono, \u017ce\u00a0pan rejent ma kogo\u015b w\u00a0Warszawie\u2026\u201d<\/p>\n<p style=\"text-align: justify;\">Ten kto\u015b mia\u0142 pi\u0119kne do\u0142eczki w\u00a0twarzy, pi\u0119kne z\u0119by i\u00a0ujmuj\u0105cy u\u015bmiech. \u201ePosiada\u0142a naturalny wdzi\u0119k i\u00a0zalotno\u015b\u0107, ale\u00a0nic w\u00a0niej nie by\u0142o sztucznego ani wymuszonego.\u201d- pisa\u0142 Brzechwa-: \u201dUwa\u017cali\u015bmy j\u0105 wszyscy za\u00a0kobiet\u0119 o\u00a0niezwyk\u0142ym charakterze. W\u00a0ka\u017cdej sytuacji by\u0142a pe\u0142na taktu i\u00a0delikatno\u015bci(\u2026)By\u0142a powszechnie lubiana, tote\u017c w\u00a0domu jej odbywa\u0142y si\u0119 cz\u0119sto zebrania towarzyskie. Ch\u0119tnie ta\u0144czy\u0142a ,ale Boles\u0142aw nie ta\u0144czy\u0142. Wdawa\u0142 si\u0119 natomiast w\u00a0rozmowy, zw\u0142aszcza z\u00a0lekarzami, na\u00a0temat odm\u0142adzania si\u0119. Sprawa ta stale go nurtowa\u0142a\u2026\u201d<\/p>\n<p style=\"text-align: justify;\">Zupe\u0142nie inaczej zachowa\u0142a w\u00a0pami\u0119ci kochank\u0119 ojca -Lusia- starsza c\u00f3rka poety. Wed\u0142ug niej by\u0142a to\u00a0kobieta straszna , niemoralna i\u00a0nieciekawa\u2026 \u201dDora by\u0142 brzydka. Nogi r\u00f3wne od\u00a0g\u00f3ry do\u00a0do\u0142u. Usta wywini\u0119te. Ko\u015bci policzkowe wydatne .Grube powieki opadaj\u0105ce na\u00a0oczy\u201d\u2026.Nic dziwnego, \u017ce\u00a0Le\u015bmian du\u017co bardziej kocha\u0142 swoj\u0105 m\u0142odsz\u0105 c\u00f3rk\u0119 Duni\u0119 . Lusia by\u0142a ulubienic\u0105 mamusi.<\/p>\n<p style=\"text-align: justify;\">Kiedy ca\u0142a rodzina Le\u015bmian\u00f3w z\u00a0dnia na\u00a0dzie\u0144 pozbawiona zosta\u0142a \u015brodk\u00f3w do\u00a0\u017cycia (bo na\u00a0pokrycie zad\u0142u\u017cenia posz\u0142y wszystkie oszcz\u0119dno\u015bci i\u00a0place na\u00a0Mokotowie i\u00a0to ci\u0105gle by\u0142o za\u00a0ma\u0142o, aby odda\u0107 d\u0142ugi) \u2013Dora sprzeda\u0142a swoje pi\u0119kne, ogromne mieszkanie przy Marsza\u0142kowskiej 148, ca\u0142e umeblowanie i\u00a0wyposa\u017cenie gabinetu lekarskiego. Straci\u0142a wszystko, \u017ceby\u00a0ratowa\u0107 ukochanego. Pracowa\u0142a ju\u017c tylko w\u00a0szpitalu \u015aw. \u0141azarza za\u00a0niewielk\u0105 pensj\u0119 i\u00a0wszystkimi si\u0142ami stara\u0142a si\u0119 podnie\u015b\u0107 na\u00a0duchu zdruzgotanego i\u00a0schorowanego poet\u0119. Jakby tego wszystkiego nie by\u0142o do\u015b\u0107 , zacz\u0119\u0142y si\u0119 ataki antysemickie prawicowej prasy(\u201ePrawdziwi Polacy\u201d uwa\u017cali, \u017ce\u00a0nie wystarczy zmieni\u0107 sobie nazwiska z\u00a0Lesman na\u00a0Le\u015bmian i\u00a0by\u0107 wyznania rzymsko \u2013 katolickiego, aby zas\u0142u\u017cy\u0107 na\u00a0miano polskiego poety. Szydzono z\u00a0jego wierszy).Mimo \u017ce\u00a0przyj\u0119to go do\u00a0Polskiej Akademii Literatury, dzi\u0119ki czemu m\u00f3g\u0142 przenie\u015b\u0107 rodzin\u0119 do\u00a0Warszawy i\u00a0jako tako utrzyma\u0107 si\u0119 przy \u017cyciu , nigdy ju\u017c nie doszed\u0142 do\u00a0siebie\u2026<\/p>\n<p style=\"text-align: justify;\">Przeczyta\u0142am wspomnienia dwudziestu os\u00f3b , kt\u00f3re zna\u0142y Le\u015bmiana osobi\u015bcie. Jest w\u00a0nich kilka wersji ostatniego dnia jego \u017cycia.<\/p>\n<p style=\"text-align: justify;\">By\u0142 ju\u017c bardzo schorowany , po\u00a0zawale, nie mia\u0142 si\u0142y chodzi\u0107. Tego dnia, by\u0107 mo\u017ce czuj\u0105c, \u017ce\u00a0jego dni s\u0105 policzone , bezskutecznie pr\u00f3bowa\u0142 za\u0142atwi\u0107 prac\u0119 dla swojej starszej c\u00f3rki, a\u00a0potem postanowi\u0142 rozm\u00f3wi\u0107 si\u0119 z\u00a0narzeczonym m\u0142odszej .<\/p>\n<p style=\"text-align: justify;\">Dziewczyna spotyka\u0142a si\u0119 od\u00a0jakiego\u015b czasu z\u00a0m\u0142odym literatem z\u00a0tak zwanej dobrej rodziny i\u00a0nie widzia\u0142a poza nim \u015bwiata . Kochaj\u0105cy ojciec postanowi\u0142 wybada\u0107 do\u00a0jakiego stopnia powa\u017cne s\u0105 jego zamiary. Us\u0142ysza\u0142 od\u00a0niego: \u201dJa \u017ceni\u0107 si\u0119 z\u00a0Wand\u0105? W\u00a0dzisiejszych czasach? Przecie\u017c ja nale\u017c\u0119 do\u00a0ONR-u, a\u00a0pan jest \u017cydowskiego pochodzenia. Pan widocznie nie dostrzega rzeczywisto\u015bci.\u201d<\/p>\n<p style=\"text-align: justify;\">W\u00a0dwie godziny potem Le\u015bmian umar\u0142 na\u00a0serce\u2026<br \/>Dzie\u0144 przed\u00a0pogrzebem Jan Brzechwa i\u00a0Dora spotkali si\u0119 w\u00a0tajemnicy przed\u00a0\u017con\u0105 i\u00a0dzie\u0107mi w\u00a0ko\u015bciele \u015bw.\u00a0Aleksandra, gdzie sta\u0142a nie zalutowana jeszcze trumna.<\/p>\n<p style=\"text-align: justify;\">\u201dBoles\u0142aw le\u017ca\u0142 w\u00a0niej jak ma\u0142a woskowa lalka(\u2026)I wtedy nast\u0105pi\u0142a scena godna le\u015bmianowskiej ballady. Dora pad\u0142a przy trumnie na\u00a0kolana i\u00a0przylgn\u0119\u0142a ustami do\u00a0ust zmar\u0142ego.\u201d Nast\u0119pnego dnia, do\u00a0karawanu wioz\u0105cego trumn\u0119 na\u00a0cmentarz nie pozwoli\u0142a wsi\u0105\u015b\u0107 rodzinie. W\u00a0tej ostatniej godzinie zabrak\u0142o jej si\u0142 na\u00a0bycie \u201et\u0105 drug\u0105\u201d. A\u00a0to by\u0142y ostatnie chwile z\u00a0ukochanym\u2026<\/p>\n<p style=\"text-align: justify;\">Wybuch\u0142a wojna.<br \/>\u017bona i\u00a0c\u00f3rki wyjecha\u0142y za\u00a0granic\u0119 i\u00a0nigdy ju\u017c nie wr\u00f3ci\u0142y do\u00a0Polski.<\/p>\n<p style=\"text-align: justify;\">W\u00a01940 roku ,uciekaj\u0105c przed\u00a0gettem , Celina i\u00a0Dora wyjecha\u0142y do\u00a0I\u0142\u017cy, kt\u00f3ra\u00a0kojarzy\u0142a im si\u0119 z\u00a0wszystkim , co najpi\u0119kniejsze w\u00a0ich \u017cyciu. Dora dosta\u0142a prac\u0119 w\u00a0szpitalu , mia\u0142y nadziej\u0119 na\u00a0przetrwanie i\u00a0chwile spokoju , ale\u00a0wkr\u00f3tce zaczepiono je na\u00a0rynku :\u201dpatrzcie, id\u0105 dwie \u017byd\u00f3wki, uciek\u0142y przed\u00a0gettem!\u201d<\/p>\n<p style=\"text-align: justify;\">Celina przestraszy\u0142a si\u0119 i\u00a0wyjecha\u0142a, a\u00a0Dora wynaj\u0119\u0142a pok\u00f3j u\u00a0nauczycielki J\u00f3zefy Waysowej i\u00a0postanowi\u0142a zosta\u0107 mimo wszystko . Leczy\u0142a najbiedniejszych i\u00a0zarazi\u0142a si\u0119 od\u00a0nich tyfusem.<\/p>\n<p style=\"text-align: justify;\">Chorowa\u0142a kr\u00f3tko. Przy \u0142\u00f3\u017cku mia\u0142a zdj\u0119cie Boles\u0142awa i\u00a0listy od\u00a0niego. Kiedy umar\u0142a, pani Waysowa postanowi\u0142a posprz\u0105ta\u0107 pok\u00f3j. Listy spali\u0142a. Dopiero po\u00a0wielu latach dowiedzia\u0142a si\u0119 kto je pisa\u0142\u2026<\/p>\n<p style=\"text-align: justify;\">P.S.<br \/>W\u00a01996 roku pojecha\u0142am do\u00a0I\u0142\u017cy \u201e\u015bladami tego uczucia\u201d. Widzia\u0142am to, co zosta\u0142o z\u00a0domu Sunderland\u00f3w i\u00a0to co zosta\u0142o ze\u00a0s\u0142ynnego \u201emalinowego chru\u015bniaka\u201d. Dora le\u017cy tam na\u00a0starym cmentarzu. Adam Bednarczyk (z\u00a0kt\u00f3rym mia\u0142am szcz\u0119\u015bcie rozmawia\u0107 d\u0142ugo), badacz dziej\u00f3w I\u0142\u017cy, odnalaz\u0142 akt zgonu :<\/p>\n<p style=\"text-align: justify;\">\u201eDzia\u0142o si\u0119 w\u00a0I\u0142\u017cy dnia dwudziestego czwartego stycznia tysi\u0105c dziewi\u0119\u0107set czterdziestego drugiego roku o\u00a0godzinie osiemnastej. Stawili si\u0119 pe\u0142noletni mieszka\u0144cy I\u0142\u017cy J\u00f3zef Jaroszek i\u00a0Stefan Jan Jaroszek i\u00a0o\u015bwiadczyli nam, \u017ce\u00a0dnia dwudziestego drugiego bie\u017c\u0105cego miesi\u0105ca i\u00a0roku o\u00a0godzinie dwudziestej , w\u00a0szpitalu \u015bw.\u00a0Ducha w\u00a0I\u0142\u017cy umar\u0142a Teodora Jadwiga Lebenthal, lat pi\u0119\u0107dziesi\u0105t siedem, dokt\u00f3r medycyny, c\u00f3rka Jakuba i\u00a0Cecylii z\u00a0Goldszten\u00f3w, zamieszka\u0142a w\u00a0I\u0142\u017cy, panna.\u201d<\/p>\n<p style=\"text-align: justify;\" align=\"right\">Magda Umer<\/p>\n<p style=\"text-align: justify;\" align=\"right\"><a href=\"http:\/\/magdaumer.pl\/home\/prasa\/#top\"><b>Do\u00a0spisu artyku\u0142\u00f3w<\/b><\/a><\/p>\n","protected":false},"excerpt":{"rendered":"<p>KOBIETY BOLES\u0141AWA LE\u015aMIANA \u201eZnam ja na\u00a0pami\u0119\u0107 jedn\u0105 dziewczyn\u0119\u2026Znam jej westchnienia i\u00a0mym ustomUleg\u0142o\u015b\u0107 pieszczotliwie zawi\u0142\u0105.Nic w\u00a0niej nie by\u0142o, opr\u00f3cz u\u015bmiechuI\u00a0przeznaczeniaI\u00a0kocha\u0142em j\u0105 za\u00a0to, \u017ce\u00a0nic wi\u0119cejNie by\u0142o.\u201d By\u0142 kruchy, nie\u015bmia\u0142y, male\u0144ki ,nie\u0142adny, niezaradny, chorowity, pe\u0142en kompleks\u00f3w i\u00a0w\u0105tpliwo\u015bci na\u00a0ka\u017cdy temat. Ale\u00a0mia\u0142 m\u0105dre i\u00a0kpi\u0105ce oczy, by\u0142 inteligentny , dowcipny , oczytany i\u00a0pisa\u0142, widzia\u0142, czu\u0142 -jak nikt. Boles\u0142aw Le\u015bmian, m\u00f3j\u00a0ukochany poeta.Urodzi\u0142 &hellip; <a href=\"https:\/\/magdaumer.pl\/home\/prasa\/kobiety-boleslawa-lesmiana\/\" class=\"more-link\">Czytaj dalej <span class=\"screen-reader-text\">KOBIETY BOLES\u0141AWA LE\u015aMIANA<\/span> <span class=\"meta-nav\">&rarr;<\/span><\/a><\/p>\n","protected":false},"author":1,"featured_media":0,"parent":27,"menu_order":0,"comment_status":"closed","ping_status":"closed","template":"","meta":{"footnotes":""},"class_list":["post-2002","page","type-page","status-publish","hentry"],"_links":{"self":[{"href":"https:\/\/magdaumer.pl\/home\/wp-json\/wp\/v2\/pages\/2002","targetHints":{"allow":["GET"]}}],"collection":[{"href":"https:\/\/magdaumer.pl\/home\/wp-json\/wp\/v2\/pages"}],"about":[{"href":"https:\/\/magdaumer.pl\/home\/wp-json\/wp\/v2\/types\/page"}],"author":[{"embeddable":true,"href":"https:\/\/magdaumer.pl\/home\/wp-json\/wp\/v2\/users\/1"}],"replies":[{"embeddable":true,"href":"https:\/\/magdaumer.pl\/home\/wp-json\/wp\/v2\/comments?post=2002"}],"version-history":[{"count":1,"href":"https:\/\/magdaumer.pl\/home\/wp-json\/wp\/v2\/pages\/2002\/revisions"}],"predecessor-version":[{"id":2003,"href":"https:\/\/magdaumer.pl\/home\/wp-json\/wp\/v2\/pages\/2002\/revisions\/2003"}],"up":[{"embeddable":true,"href":"https:\/\/magdaumer.pl\/home\/wp-json\/wp\/v2\/pages\/27"}],"wp:attachment":[{"href":"https:\/\/magdaumer.pl\/home\/wp-json\/wp\/v2\/media?parent=2002"}],"curies":[{"name":"wp","href":"https:\/\/api.w.org\/{rel}","templated":true}]}}