{"id":1976,"date":"2016-02-28T23:48:52","date_gmt":"2016-02-28T23:48:52","guid":{"rendered":"http:\/\/magdaumer.pl\/home\/?page_id=1976"},"modified":"2016-02-28T23:48:52","modified_gmt":"2016-02-28T23:48:52","slug":"wlosy-mokre-od-pocalunkow","status":"publish","type":"page","link":"https:\/\/magdaumer.pl\/home\/prasa\/wlosy-mokre-od-pocalunkow\/","title":{"rendered":"W\u0141OSY MOKRE OD POCA\u0141UNK\u00d3W"},"content":{"rendered":"<p align=\"center\"><span style=\"color: #008000;\"><b>W\u0141OSY MOKRE OD\u00a0POCA\u0141UNK\u00d3W<br \/>Z\u00a0CYKLU \u201eICH PIERWSZE MI\u0141O\u015aCI\u201d<\/b><\/span><br \/><i>Rozmawia\u0142 ANdrzej Babaryko<br \/><\/i><i>\u0179r\u00f3d\u0142o: Imperium \u2013 magazyn bestseller\u00f3w wydawany pod\u00a0patronatem<br \/>PWSTiTV i\u00a0teatru im.\u00a0Leona Schillera w\u00a0\u0141odzi (red. naczelny Marek Miller)<br \/>nr\u00a01 stycze\u0144 1993<\/i><br \/><i><br \/><\/i><\/p>\n<p style=\"text-align: justify;\" align=\"justify\"><b><br \/>AB: Zanim porozmawiamy o\u00a0pani pierwszych, m\u0142odzie\u0144czych mi\u0142o\u015bciach, chcia\u0142bym si\u0119 dowiedzie\u0107, na\u00a0jakie lata przypada\u0142a pani m\u0142odo\u015b\u0107, w\u00a0jakim domu si\u0119 pani wychowywa\u0142a ,do jakich chodzi\u0142a szk\u00f3\u0142?<\/b><br \/>-Urodzi\u0142am si\u0119 w\u00a0Warszawie, 9 pa\u017adziernika 1949 roku. Moj\u0105 mam\u0105 by\u0142a m\u0142odziutka 19-letnia dziewczyna, ju\u017c po\u00a0\u015blubie, ale\u00a0jeszcze przed\u00a0matur\u0105 ,a tat\u0105 21-letni ch\u0142opak, kt\u00f3ry\u00a0szykowa\u0142 si\u0119 na\u00a0studia prawnicze. Pochodzili z\u00a0bardzo biednych rodzin. Ich ojcowie byli komunistami, przed\u00a0wojn\u0105 siedzieli w\u00a0wi\u0119zieniach. Nie zna\u0142am swoich dziadk\u00f3w. A\u00a0babcie, biedne , schorowane kobiety, nic nie rozumia\u0142y z\u00a0nowego porz\u0105dku \u015bwiata i, na\u00a0wszelki wypadek, nie rozstawa\u0142y si\u0119 z\u00a0r\u00f3\u017ca\u0144cami. Moi rodzice wybrali drog\u0119 swoich ojc\u00f3w. Biednym ludziom \u0142atwo by\u0142o uwierzy\u0107 w\u00a0wy\u017cszo\u015b\u0107 ustroju komunistycznego nad\u00a0jakimkolwiek innym. Tym bardziej, \u017ce\u00a0od \u015bwitu do\u00a0zmierzchu tr\u0105bi\u0142y o\u00a0tym \u015brodki masowego przekazu : gazety, Radio, moja ukochana Kronika Filmowa (telewizji jeszcze wtedy nie by\u0142o). In\u017cynierowie dusz pisali dla nich wiersze, piosenki, ksi\u0105\u017cki, realizowali filmy. Przedstawiali prosty, czarno-bia\u0142y \u015bwiat.<br \/>Moi rodzice nie mieli poj\u0119cia o\u00a0prawdziwej historii i\u00a0prawdziwej polityce- ja przynajmniej bardzo chcia\u0142abym w\u00a0to wierzy\u0107. Katy\u0144, \u0142agry na\u00a0Wschodzie i\u00a0zbrodnie Stalina \u2013 to\u00a0by\u0142y sprawy, o\u00a0kt\u00f3rych dowiedzieli si\u0119 po\u00a0latach. Poza tym w\u00a0innym ustroju nigdy nie by\u0142oby ich sta\u0107 na\u00a0nauk\u0119. Uczono ich wi\u0119c, a\u00a0ja przebywa\u0142am kolejno :w komunistycznym \u017c\u0142obku, komunistycznym przedszkolu, komunistycznej szkole i\u00a0komunistycznej \u015bwietlicy. Pami\u0119tam, \u017ce\u00a0w\u00a0przedszkolu wisia\u0142y portrety Bieruta i\u00a0Rokossowskiego\u2026 O\u00a0Bierucie m\u00f3wiono nam, \u017ce\u00a0to najwa\u017cniejszy cz\u0142owiek w\u00a0Polsce, taki jakby kr\u00f3l, i\u00a0\u017ce bardzo kocha\u0142 dzieci. Kt\u00f3rego\u015b dnia starszaki z\u00a0naszego przedszkola (mi\u0119dzy innymi ja) pojecha\u0142y do\u00a0Domu Partii ogl\u0105da\u0107 naszego KR\u00d3LA w\u00a0otwartej trumnie. Najlepszy cz\u0142owiek na\u00a0\u015bwiecie i\u00a0najwi\u0119kszy przyjaciel dzieci nie \u017cy\u0142. P\u0142aka\u0142am trzy dni i\u00a0dobrze t\u0119 rozpacz pami\u0119tam\u2026 Wyci\u0119\u0142am sobie zdj\u0119cie Bieruta ze\u00a0\u201e\u015awierszczyka\u201d -by\u0142am w\u00a0\u017ca\u0142obie. Potem posz\u0142am do\u00a0szko\u0142y, w\u00a0kt\u00f3rej uczy\u0142am si\u0119 11 lat, czyli do\u00a0matury. Kocha\u0142am t\u0119 szko\u0142\u0119. Do\u00a0g\u0142owy mi nie przysz\u0142o, \u017ce\u00a0mog\u0105 mnie w\u00a0niej uczy\u0107 jakiej\u015b nieprawdy. Szok prze\u017cy\u0142am w\u00a0marcu 1968 roku. By\u0142am ju\u017c wtedy studentk\u0105 polonistyki na\u00a0Uniwersytecie Warszawskim Pierwsze zetkni\u0119cie z\u00a0polityk\u0105 i\u00a0histori\u0105. I\u00a0z\u00a0przyjaci\u00f3\u0142mi, kt\u00f3rzy\u00a0opowiedzieli mi zupe\u0142nie inn\u0105 histori\u0119 Polski. Przesta\u0142am wierzy\u0107 rodzicom i\u00a0to by\u0142o dla mnie najstraszniejsze. Na\u00a0jaki\u015b czas nawet uciek\u0142am z\u00a0domu i\u00a0mieszka\u0142am w\u00a0studenckiej \u201eDziekance\u201d\u2026 Podczas wydarze\u0144 marcowych wyg\u0142asza\u0142am p\u0142omienne przem\u00f3wienia w\u00a0Audytorium Maximum\u2026 Ale\u2026 mieli\u015bmy m\u00f3wi\u0107 o\u00a0mi\u0142o\u015bci.<\/p>\n<p style=\"text-align: justify;\"><b>AB: W\u0142a\u015bnie. Czy pami\u0119ta pani swoj\u0105 pierwsz\u0105 mi\u0142o\u015b\u0107?<\/b><br \/>MU: Mam powa\u017cne problemy z\u00a0ustaleniem, kto to\u00a0by\u0142\u2026 No bo czy mo\u017cna uzna\u0107 za\u00a0mi\u0142o\u015b\u0107 egzaltowane uczucie 13-letniej uczennicy szko\u0142y podstawowej do\u00a016-letniego Jarka, ucznia liceum, skoro nawet nie poca\u0142owali\u015bmy si\u0119 ani razu?<br \/><b><br \/>AB: Mo\u017ce mo\u017cna\u2026<\/b><br \/>MU: Dla mnie by\u0142 niesko\u0144czenie pi\u0119kny, bo podobny do\u00a0Mastroiannego\u2026 By\u0142 pierwszym ch\u0142opakiem, kt\u00f3ry\u00a0zadzwoni\u0142 do\u00a0moich rodzic\u00f3w i\u00a0zapyta\u0142, czy mo\u017ce mnie zabra\u0107 do\u00a0kina. Rodzice os\u0142upieli, bo spodziewali si\u0119 telefonu w\u00a0tej sprawie za\u00a0jakie\u015b dwa, trzy lata . Ale\u00a0pozwolili. Film nazywa\u0142 si\u0119 \u201dBia\u0142y Kanion\u201d .Musia\u0142am potem p\u00f3j\u015b\u0107 na\u00a0to drugi raz, bo niewiele zapami\u0119ta\u0142am .Ca\u0142y czas dr\u017ca\u0142am z\u00a0przej\u0119cia. M\u00f3j\u00a0Mastroianni obejrza\u0142 film w\u00a0skupieniu. By\u0142 niezwykle doros\u0142y i\u00a0elegancki. Wracali\u015bmy na\u00a0piechot\u0119, pada\u0142 \u015bnieg, by\u0142o bardzo romantycznie. Doszli\u015bmy do\u00a0bramy mojego\u00a0domu i\u00a0wtedy on spr\u00f3bowa\u0142 poca\u0142owa\u0107 mnie na\u00a0po\u017cegnanie .Zupe\u0142nie do\u00a0tego nie doros\u0142am .Cofn\u0119\u0142am jako\u015b tak w\u00a0ostatniej chwili buzi\u0119 i\u00a0on, pewnie niechc\u0105cy, poca\u0142owa\u0142 mnie we\u00a0w\u0142osy. Chyba uciek\u0142am. Wbieg\u0142am do\u00a0mieszkania, gdzie ca\u0142a rodzina z\u00a0przej\u0119ciem oczekiwa\u0142a na\u00a0m\u00f3j powr\u00f3t . Ju\u017c od\u00a0progu krzykn\u0119\u0142am: \u201dpopatrzcie na\u00a0moje w\u0142osy- ca\u0142e mokre od\u00a0poca\u0142unk\u00f3w\u201d. Strasznie tym zaimponowa\u0142am moim m\u0142odszym braciom, ale\u00a0sam pan widzi, \u017ce\u00a0by\u0142am wyj\u0105tkowo egzaltowan\u0105 kretynk\u0105.<br \/><b><br \/>AB: Czy zawsze zwierza\u0142a si\u0119 pani rodzicom?<br \/><\/b>MU: Zawsze, to\u00a0znaczy zawsze w\u00a0m\u0142odo\u015bci. Bardzo ich kocha\u0142am i\u00a0mia\u0142am do\u00a0nich ogromne zaufanie.<br \/><b><br \/>AB: Co by\u0142o potem?<\/b><br \/>MU: Potem Jarek d\u0142ugo nie dzwoni\u0142. Czeka\u0142am na\u00a0telefon tygodniami. Wtajemniczy\u0142am w\u00a0ca\u0142\u0105 spraw\u0119 moje\u00a0dwie najlepsze przyjaci\u00f3\u0142ki .Cierpia\u0142y razem ze\u00a0mn\u0105, \u015bledzi\u0142y go na\u00a0przerwach (liceum by\u0142o w\u00a0innym skrzydle tego samego budynku), wys\u0142uchiwa\u0142y cierpliwie, co na\u00a0temat tej\u00a0mi\u0142o\u015bci wypisywa\u0142am w\u00a0pami\u0119tniku. W\u00a0niedziel\u0119 chodzi\u0142y\u015bmy pod\u00a0jego okna, w\u0142a\u015bciwie nie wiadomo po\u00a0co (adres zdoby\u0142am w\u00a0gabinecie dentystycznym, gdzie by\u0142y kartoteki wszystkich uczni\u00f3w). Modli\u0142am si\u0119 o\u00a0jeszcze jedno spotkanie i\u00a0obiecywa\u0142am sobie, \u017ce\u00a0wtedy na\u00a0pewno si\u0119 z\u00a0nim poca\u0142uj\u0119 jak doros\u0142a kobieta. Widzia\u0142am jak to\u00a0robi\u0105 aktorki w\u00a0filmach i\u00a0w\u00a0lustrze przymierza\u0142am si\u0119 do\u00a0tego doros\u0142ego poca\u0142unku.<br \/>Po\u00a0czasie, kt\u00f3ry\u00a0wydawa\u0142 mi si\u0119 wieczno\u015bci\u0105, zadzwoni\u0142. Zn\u00f3w kino. Tym razem nawet tytu\u0142u nie zapami\u0119ta\u0142am. Wracamy na\u00a0piechot\u0119. Jarek nuci\u0142 znany wtedy szlagier: \u201dAgatko s\u0142odka Agatko, tak rzadko mnie ca\u0142ujesz, to\u00a0m\u00f3j pech\u201d. Znowu brama przed\u00a0domem, \u015bniegu brak, bo prawie wiosna. Romantycznie. Ja zakochana \u015bmiertelnie. Nachyli\u0142 si\u0119 nade mn\u0105 jak doros\u0142y m\u0119\u017cczyzna i\u00a0jak doros\u0142y m\u0119\u017cczyzna chcia\u0142 mnie poca\u0142owa\u0107. M\u00f3wi\u0142am sobie: \u201dJe\u017celi teraz stch\u00f3rzysz, to\u00a0on ju\u017c nigdy w\u00a0\u017cyciu nie spotka si\u0119 z\u00a0tob\u0105!\u201d Stch\u00f3rzy\u0142am. Nigdy w\u00a0\u017cyciu nie um\u00f3wi\u0142 si\u0119 ze\u00a0mn\u0105. Bardzo d\u0142ugo cierpia\u0142am z\u00a0tego powodu.<br \/><b><br \/>AB: I\u00a0naprawd\u0119 nigdy go pani nie spotka\u0142a?<br \/><\/b>MU: Spotyka\u0142am na\u00a0swoje nieszcz\u0119\u015bcie dosy\u0107 cz\u0119sto, bo przecie\u017c uczyli\u015bmy si\u0119 w\u00a0tym samym budynku. I\u00a0\u015bledzi\u0142am jego losy. Pami\u0119tam, \u017ce\u00a0kiedy zdawa\u0142 matur\u0119, to\u00a0w\u00a0gablocie szkolnej wywieszone by\u0142y zdj\u0119cia z\u00a0rozdania \u015bwiadectw maturalnych. Na\u00a0jednym z\u00a0nich, wcale nie na\u00a0pierwszym planie, wypatrzy\u0142am fragment jego profilu, w\u00a0p\u00f3\u0142mroku. Nikt opr\u00f3cz mnie nie domy\u015bli\u0142by si\u0119 chyba, \u017ce\u00a0to on .Poczeka\u0142am na\u00a0zmian\u0119 wystawy i\u00a0kupi\u0142am to\u00a0zdj\u0119cie od\u00a0autora za\u00a0cztery z\u0142ote. To\u00a0nie by\u0142y dla mnie ma\u0142e pieni\u0105dze. Chyba ze\u00a0dwa lata trzyma\u0142am \u201eprofil w\u00a0p\u00f3\u0142mroku\u201d w\u00a0ksi\u0105\u017cce pod\u00a0poduszk\u0105\u2026 A\u00a0on prawie nie zwraca\u0142 na\u00a0mnie uwagi, czasem zdawkowo si\u0119 u\u015bmiecha\u0142. Pewnie mia\u0142 ju\u017c jak\u0105\u015b dziewczyn\u0119, kt\u00f3ra\u00a0doros\u0142a do\u00a0ca\u0142owania, ale\u00a0ja na\u00a0szcz\u0119\u015bcie nigdy si\u0119 o\u00a0niej nie dowiedzia\u0142am. Dowiedzia\u0142am si\u0119 natomiast, \u017ce\u00a0Jarek studiuje medycyn\u0119 , potem wiedzia\u0142am tak\u017ce , w\u00a0kt\u00f3rym szpitalu pracuje\u2026<br \/>Po\u00a0wielu, wielu latach spotka\u0142am go przypadkiem na\u00a0ulicy, w\u00a0przej\u015bciu podziemnym. Szed\u0142 z\u00a0kwiatami, na\u00a0pewno od\u00a0jakich\u015b wdzi\u0119cznych pacjent\u00f3w. Mimo \u017ce\u00a0by\u0142am ju\u017c doros\u0142\u0105 i\u00a0do\u015bwiadczon\u0105 kobiet\u0105, zarumieni\u0142am si\u0119 od\u00a0st\u00f3p do\u00a0g\u0142\u00f3w. Dosta\u0142am wszystkie te kwiaty\u2026<br \/>Po\u00a0raz drugi zakocha\u0142am si\u0119 w\u00a0Jean-Paul Belmondo. Bez wzajemno\u015bci.<br \/><b><br \/>AB: A\u00a0po raz trzeci?<\/b><\/p>\n<p style=\"text-align: justify;\">MU: W\u00a0moim r\u00f3wie\u015bniku, koledze szkolnym. Mieli\u015bmy po\u00a0szesna\u015bcie lat, chodzili\u015bmy do\u00a0dziesi\u0105tej klasy, on na\u00a0francuski, a\u00a0ja na\u00a0\u0142acin\u0119.<br \/><b><br \/>AB: Co si\u0119 pani w\u00a0nim najbardziej podoba\u0142o?<br \/><\/b><br \/>MU: To, \u017ce\u00a0by\u0142 bardzo podobny do\u00a0Belmonda. I\u00a0jakby troch\u0119 bardziej osi\u0105galny. To\u00a0by\u0142a typowa szkolna mi\u0142o\u015b\u0107. Rozstawali\u015bmy si\u0119 tylko na\u00a0czas lekcji. Razem grali\u015bmy w\u00a0siatk\u00f3wk\u0119 (zdobyli\u015bmy mistrzostwo szko\u0142y w\u00a0tzw. mikstach!), ta\u0144czyli\u015bmy na\u00a0prywatkach i\u00a0zabawach szkolnych (zdobyli\u015bmy mistrzostwo szko\u0142y w\u00a0rock and rollu!) Byli\u015bmy znan\u0105 par\u0105 w\u00a0szkole i\u00a0nauczyciele chyba nas bardzo lubili, bo pami\u0119tam, \u017ce\u00a0kiedy na\u00a0studni\u00f3wce pok\u0142\u00f3cili\u015bmy si\u0119 i\u00a0on ta\u0144czy\u0142 z\u00a0inn\u0105 dziewczyn\u0105, a\u00a0ja z\u00a0innym ch\u0142opakiem i\u00a0wydawa\u0142o nam si\u0119, \u017ce\u00a0\u201eto ju\u017c naprawd\u0119 koniec\u201d- w\u0142a\u015bnie nauczyciele starali si\u0119 nas pogodzi\u0107 .<br \/>Uwielbiali\u015bmy \u201eKabaret Starszych Pan\u00f3w\u201d i\u00a0Beatles\u00f3w. Co miesi\u0105c powstawa\u0142y wtedy nowe piosenki Przybory i\u00a0Wasowskiego, Lennona i\u00a0Mc.Cartneya; pierwsze piosenki Ewy Demarczyk i\u00a0Koniecznego, Wojtka M\u0142ynarskiego i\u00a0Agnieszki Osieckiej , pi\u0119kne ballady Okud\u017cawy. Te piosenki towarzyszy\u0142y naszemu \u017cyciu uczuciowemu.<br \/>Dosy\u0107 wcze\u015bnie zacz\u0119li\u015bmy ze\u00a0sob\u0105 spa\u0107. Nie znali\u015bmy poj\u0119cia grzechu, nasi rodzice byli ateistami, a\u00a0nasze cia\u0142a bardzo ju\u017c tego zacz\u0119\u0142y si\u0119 domaga\u0107.<br \/><b><br \/>AB: Powiedzia\u0142a pani o\u00a0tym rodzicom?<br \/><\/b>MU: Nie. A\u017c tak odwa\u017cna nie by\u0142am. Chodzili\u015bmy przecie\u017c jeszcze do\u00a0szko\u0142y, wiedzia\u0142am, \u017ce\u00a0to troch\u0119 za\u00a0wcze\u015bnie, \u017ce\u00a0przed nami najtrudniejsze lata nauki. Ale\u00a0jako\u015b nie mia\u0142am o\u00a0to pretensji do\u00a0siebie, ani do\u00a0mojego Belmonda, tylko do\u00a0naszych niespokojnych cia\u0142. Na\u00a0szcz\u0119\u015bcie uczyli\u015bmy si\u0119 dobrze, zdali\u015bmy matur\u0119 i\u00a0egzaminy na\u00a0studia. On \u2013 na\u00a0elektronik\u0119, a\u00a0ja \u2013 na\u00a0polonistyk\u0119.<br \/>Nagle zacz\u0119\u0142o by\u0107 tak, \u017ce\u00a0te moje\u00a0studia, nowi przyjaciele, a\u00a0tak\u017ce zabawa w\u00a0studencki kabaret (zacz\u0119\u0142am \u015bpiewa\u0107, kiedy mia\u0142am 18 lat), \u017ce\u00a0to wszystko zacz\u0119\u0142o mnie bardzo oddala\u0107 od\u00a0elektronicznego \u015bwiata mojego\u00a0szkolnego ukochanego. \u0141\u0105czy\u0142y nas ju\u017c tylko noce. By\u0142 moj\u0105 poduszk\u0105 i\u00a0ko\u0142dr\u0105. Rozstanie by\u0142o jednak nieuniknione. Bardzo je oboje prze\u017cyli\u015bmy.<br \/>Potem jeszcze kilka razy by\u0142am zakochana. Prawie zawsze nieszcz\u0119\u015bliwie. Ja kocha\u0142am si\u0119 w\u00a0kilku m\u0119\u017cczyznach, kilku m\u0119\u017cczyzn kocha\u0142o si\u0119 we\u00a0mnie, ale\u00a0najcz\u0119\u015bciej nie byli to\u00a0ci sami m\u0119\u017cczy\u017ani .St\u0105d dramaty.<br \/><b><br \/>AB: I\u00a0st\u0105d tyle pi\u0119knych, ale\u00a0smutnych piosenek w\u00a0Pani wykonaniu?<br \/><\/b>MU: Na\u00a0pewno. Na\u00a0temat nieszcz\u0119\u015bliwych mi\u0142o\u015bci mog\u0142abym napisa\u0107 prac\u0119 doktorsk\u0105.<br \/><b><br \/>AB: A\u00a0t\u0119 szkoln\u0105 mi\u0142o\u015b\u0107 wspomina Pani czasami?<br \/><\/b>MU: Kilka razy pr\u00f3bowali\u015bmy do\u00a0siebie wraca\u0107. \u0141udzili\u015bmy si\u0119, \u017ce\u00a0mo\u017ce nam si\u0119 uda wsp\u00f3lne \u017cycie. Ale\u00a0nie uda\u0142o si\u0119. W\u00a0niczym nie przypominali\u015bmy siebie sprzed lat. Byli\u015bmy za\u00a0bardzo poranieni przesz\u0142o\u015bci\u0105. Jednego tylko nie \u017ca\u0142ujemy oboje-tego, \u017ce\u00a0podczas ostatniego nieudanego powrotu pocz\u0119li\u015bmy bardzo udanego syna- Mateusza. Nied\u0142ugo sko\u0144czy 15 lat. Bardzo go kochamy.<br \/>Uff\u2026 ale\u00a0mnie pan wyci\u0105gn\u0105\u0142 na\u00a0zwierzenia\u2026<br \/><b><br \/>AB: Pani tak ciekawie opowiada, \u017ce\u00a0zamierzam s\u0142ucha\u0107 dalej.<br \/><\/b>MU: Wi\u0119cej nie opowiem. Um\u00f3wili\u015bmy si\u0119 przecie\u017c na\u00a0opowie\u015b\u0107 o\u00a0m\u0142odzie\u0144czych mi\u0142o\u015bciach. Aby szczerze opowiedzie\u0107 o\u00a0tym, co dzia\u0142o si\u0119 w\u00a0latach p\u00f3\u017aniejszych, musia\u0142abym nabra\u0107 do\u00a0tych spraw wi\u0119kszego dystansu. Na\u00a0razie go nie mam.<br \/>\u2026A teraz ca\u0142kiem spokojnie wypijemy sobie trzeci\u0105 kaw\u0119\u2026<\/p>\n<p style=\"text-align: justify;\">P.S.<br \/>Pani Magda Umer niech\u0119tnie udziela wywiad\u00f3w prasowych. Pomimo to\u00a0dane mi by\u0142o odby\u0107 z\u00a0ni\u0105 dwie fascynuj\u0105ce rozmowy: o\u00a0\u017cyciu, cierpieniu, przyja\u017ani, sztuce i\u00a0o\u00a0mi\u0142o\u015bci. W\u00a0druku zosta\u0142o tylko tyle. Mo\u017ce a\u017c\u2026 tyle.<br \/>Jako autorowi jest mi troch\u0119 \u017cal. Jako cz\u0142owiek, a\u017c nadto rozumiem!<\/p>\n<p align=\"right\">Andrzej Babaryko<\/p>\n<p align=\"right\"><b><a href=\"http:\/\/magdaumer.pl\/home\/prasa\/#top\">Do\u00a0spisu artyku\u0142\u00f3w<\/a><\/b><\/p>\n","protected":false},"excerpt":{"rendered":"<p>W\u0141OSY MOKRE OD\u00a0POCA\u0141UNK\u00d3WZ\u00a0CYKLU \u201eICH PIERWSZE MI\u0141O\u015aCI\u201dRozmawia\u0142 ANdrzej Babaryko\u0179r\u00f3d\u0142o: Imperium \u2013 magazyn bestseller\u00f3w wydawany pod\u00a0patronatemPWSTiTV i\u00a0teatru im.\u00a0Leona Schillera w\u00a0\u0141odzi (red. naczelny Marek Miller)nr\u00a01 stycze\u0144 1993 AB: Zanim porozmawiamy o\u00a0pani pierwszych, m\u0142odzie\u0144czych mi\u0142o\u015bciach, chcia\u0142bym si\u0119 dowiedzie\u0107, na\u00a0jakie lata przypada\u0142a pani m\u0142odo\u015b\u0107, w\u00a0jakim domu si\u0119 pani wychowywa\u0142a ,do jakich chodzi\u0142a szk\u00f3\u0142?-Urodzi\u0142am si\u0119 w\u00a0Warszawie, 9 pa\u017adziernika 1949 roku. Moj\u0105 &hellip; <a href=\"https:\/\/magdaumer.pl\/home\/prasa\/wlosy-mokre-od-pocalunkow\/\" class=\"more-link\">Czytaj dalej <span class=\"screen-reader-text\">W\u0141OSY MOKRE OD POCA\u0141UNK\u00d3W<\/span> <span class=\"meta-nav\">&rarr;<\/span><\/a><\/p>\n","protected":false},"author":1,"featured_media":0,"parent":27,"menu_order":0,"comment_status":"closed","ping_status":"closed","template":"","meta":{"footnotes":""},"class_list":["post-1976","page","type-page","status-publish","hentry"],"_links":{"self":[{"href":"https:\/\/magdaumer.pl\/home\/wp-json\/wp\/v2\/pages\/1976","targetHints":{"allow":["GET"]}}],"collection":[{"href":"https:\/\/magdaumer.pl\/home\/wp-json\/wp\/v2\/pages"}],"about":[{"href":"https:\/\/magdaumer.pl\/home\/wp-json\/wp\/v2\/types\/page"}],"author":[{"embeddable":true,"href":"https:\/\/magdaumer.pl\/home\/wp-json\/wp\/v2\/users\/1"}],"replies":[{"embeddable":true,"href":"https:\/\/magdaumer.pl\/home\/wp-json\/wp\/v2\/comments?post=1976"}],"version-history":[{"count":1,"href":"https:\/\/magdaumer.pl\/home\/wp-json\/wp\/v2\/pages\/1976\/revisions"}],"predecessor-version":[{"id":1977,"href":"https:\/\/magdaumer.pl\/home\/wp-json\/wp\/v2\/pages\/1976\/revisions\/1977"}],"up":[{"embeddable":true,"href":"https:\/\/magdaumer.pl\/home\/wp-json\/wp\/v2\/pages\/27"}],"wp:attachment":[{"href":"https:\/\/magdaumer.pl\/home\/wp-json\/wp\/v2\/media?parent=1976"}],"curies":[{"name":"wp","href":"https:\/\/api.w.org\/{rel}","templated":true}]}}