{"id":1946,"date":"2016-02-28T23:33:48","date_gmt":"2016-02-28T23:33:48","guid":{"rendered":"http:\/\/magdaumer.pl\/home\/?page_id=1946"},"modified":"2016-02-28T23:33:48","modified_gmt":"2016-02-28T23:33:48","slug":"jej-portret","status":"publish","type":"page","link":"https:\/\/magdaumer.pl\/home\/prasa\/jej-portret\/","title":{"rendered":"Jej portret"},"content":{"rendered":"<p align=\"center\"><span style=\"color: #008000;\"><b>JEJ PORTRET<\/b><\/span><br \/>Ankieta<i><br \/><\/i><i>\u0179r\u00f3d\u0142o: Poradnik Domowy 2\/2010<\/i><\/p>\n<p>&nbsp;<\/p>\n<p align=\"justify\"><b>W\u00a0poniedzia\u0142ek rano\u2026<\/b><br \/>cz\u0119sto jest tak jak w\u00a0inne dni tygodnia. Bo moja \u201eniedziela\u201d jest wtedy, kiedy nie wyst\u0119puj\u0119, nie nagrywam, nie pisz\u0119.<\/p>\n<p><b>Na\u00a0scenie\u2026<\/b><br \/>ci\u0105gle mam wra\u017cenie, \u017ce\u00a0mam co\u015b wa\u017cnego ludziom do\u00a0powiedzenia.<br \/>Dlatego na\u00a0ni\u0105 jednak wychodz\u0119\u2026<\/p>\n<p><b>Plotki na\u00a0m\u00f3j temat \u2026<br \/><\/b>cz\u0119sto mnie rani\u0105. Nie umiem si\u0119 nimi nie przejmowa\u0107.<br \/>I\u00a0ci\u0105gle pracuj\u0119 nad\u00a0lepszym modelem pancerza obronnego.<\/p>\n<p><b>Mo\u017ce to\u00a0\u015bmieszne, ale\u00a0\u2026<br \/><\/b>nie dociera do\u00a0mnie to, \u017ce\u00a0mam 60 lat!<\/p>\n<p><b>Nie lubi\u0119 kobiet, kt\u00f3re \u2026<br \/><\/b>s\u0105 toksyczne. Wydzielaj\u0105 jad, udaj\u0105c anio\u0142y.<br \/>I\u00a0nie usprawiedliwia ich to, \u017ce\u00a0nie s\u0105 szcz\u0119\u015bliwe. Bo mo\u017ce dlatego nie s\u0105.<\/p>\n<p><b>Wola\u0142abym \u2026<br \/><\/b>by\u0107 zdrowsza.<\/p>\n<p><b>Nie umia\u0142bym \u017cy\u0107 \u2026<br \/><\/b>umia\u0142abym \u017cy\u0107. To\u00a0znaczy stara\u0142abym si\u0119 umie\u0107.<\/p>\n<p><b>Gdy\u00a0by\u0142am dzieckiem\u2026<br \/><\/b>bywa\u0142am w\u00a0ci\u0105gu jednego dnia kilka razy szcz\u0119\u015bliwa i\u00a0nieszcz\u0119\u015bliwa. Ta zmienno\u015b\u0107 nastroj\u00f3w zosta\u0142a mi do\u00a0dzisiaj. Ubolewam nad\u00a0tym.<\/p>\n<p><b>Mam s\u0142abo\u015b\u0107 do\u00a0\u2026<br \/><\/b>s\u0142o\u0144ca.<\/p>\n<p><b>Gotowanie \u2026<br \/><\/b>chyba ju\u017c umiem, ale\u00a0nie jest moj\u0105 pasj\u0105.<\/p>\n<p><b>Brakuje mi\u2026<br \/><\/b>ma\u0142ych dzieci! Du\u017cych zreszt\u0105 te\u017c\u2026<\/p>\n<p><b>Nie umiem\u2026<br \/><\/b>my\u015ble\u0107 jak in\u017cynierowie. Logicznie i\u00a0technicznie.<\/p>\n<p><b>Wielki \u015bwiat\u2026<br \/><\/b>ju\u017c chyba nie ma czego\u015b takiego, od\u00a0kiedy wynaleziono Internet.<\/p>\n<p><b>Pieni\u0105dze\u2026<\/b><br \/>ma\u0142a rzecz a\u00a0cieszy.<\/p>\n<p><b>Idea\u0142em m\u0119\u017cczyzny jest dla mnie\u2026<br \/><\/b>kilku m\u0119\u017cczyzn. Ale\u00a0ja lubi\u0119 nie-idea\u0142y.<\/p>\n<p><b>Je\u015bli chodzi o\u00a0seks\u2026<br \/><\/b>pytacie o\u00a0to kobiet\u0119 w\u00a0moim wieku\u2026?!\u015amia\u0142y jest ten Poradnik Domowy.<\/p>\n<p><b>Pragn\u0119\u2026<br \/><\/b>mie\u0107 wnuki.<\/p>\n<p><b>Mam natur\u0119\u2026<br \/><\/b>osoby coraz bardziej samotnej. Jestem odludkiem, kt\u00f3ry\u00a0lubi ludzi.<\/p>\n<p><b>Po\u00a0drugiej stronie lustra\u2026<br \/><\/b>co rano widz\u0119 jak\u0105\u015b starsz\u0105 pani\u0105 i\u00a0nie mog\u0119 si\u0119 nadziwi\u0107, \u017ce\u00a0to ja.<br \/>Coraz dziwniejsze te lustra.<\/p>\n<p><b>Moi rodzice\u2026<br \/><\/b>byli niewiele starsi ode mnie. I\u00a0nieszcz\u0119\u015bliwi. W\u00a0dzieci\u0144stwie bardzo ich kocha\u0142am,<br \/>ale\u00a0osobno.<\/p>\n<p><b>Nigdy\u2026<br \/><\/b>nie chcia\u0142abym si\u0119 z\u00a0Nimi na\u00a0nic zamieni\u0107. Smutne to.<\/p>\n<p><b>Wierz\u0119\u2026<\/b><br \/>\u017ce\u00a0jest co\u015b wi\u0119cej ni\u017c nasze zmys\u0142y. Chyba wierz\u0119 w\u00a0Boga.<\/p>\n<p><b>Zawsze\u2026<\/b><br \/>nie lubi\u0119 tego s\u0142owa. A\u00a0w\u00a0m\u0142odo\u015bci lubi\u0142am. Potem to\u00a0\u201ezawsze\u201d coraz kr\u00f3cej trwa\u0142o.<\/p>\n<p><b>Nie ma nic gorszego\u2026<\/b><br \/>ni\u017c uczucie \u017ce\u00a0si\u0119 nie jest nikomu potrzebnym, ni\u017c czarne chmury w\u00a0sercu i\u00a0w\u00a0g\u0142owie.<br \/>Ni\u017c dni bez s\u0142o\u0144ca. I\u00a0ni\u017c L\u0119k.<\/p>\n<p><b>Moi przyjaciele\u2026<br \/><\/b>rozja\u015bniaj\u0105 mi dni i\u00a0pozwalaj\u0105 zapomina\u0107 o\u00a0L\u0119ku. Mam nadziej\u0119, \u017ce\u00a0to jest wzajemne.<\/p>\n<p><b>W\u00a0trudnych chwilach\u2026<br \/><\/b>chowam si\u0119 przed\u00a0\u015bwiatem.<\/p>\n<p><b>Wstydz\u0119 si\u0119\u2026<br \/><\/b>za\u00a0ludzi, kt\u00f3rzy\u00a0wypisuj\u0105 straszne rzeczy na\u00a0forach internetowych. Gdyby\u00a0nie te fora, nie uwierzy\u0142abym chyba, \u017ce\u00a0w\u00a0nas mog\u0105 drzema\u0107 a\u017c takie obrzydliwo\u015bci. I\u00a0nie wszystko to\u00a0mo\u017cna usprawiedliwi\u0107 chorob\u0105 psychiczn\u0105. Na\u00a0tych forach \u201eCz\u0142owiek\u201d- to\u00a0nie brzmi dumnie. Rzuci\u0142abym przeciw nim has\u0142o: \u201dFora ze\u00a0dwora!\u201d<\/p>\n<p><b>Macierzy\u0144stwo\u2026<br \/><\/b>to\u00a0najcudowniejszy stan! Gdybym\u00a0mog\u0142a cofn\u0105\u0107 czas rodzi\u0142abym dziecko co dwa lata.<\/p>\n<p><b>Kocham\u2026<\/b><br \/>\u017cycie. Nad\u00a0\u017cycie, jak pi\u0119knie napisa\u0142 kiedy\u015b Wojtek M\u0142ynarski.<\/p>\n<p><b>Moja recepta na\u00a0udany zwi\u0105zek\u2026<br \/><\/b>nie mam takiej recepty i\u00a0nie wiem czy ona istnieje. Ale\u00a0trzeba si\u0119 chocia\u017c lubi\u0107. Samo \u201ekocha\u0107\u201d nie wystarczy na\u00a0d\u0142ugo, je\u015bli nie potrafimy si\u0119 polubi\u0107.<\/p>\n<p><b>Na\u00a0zakr\u0119cie\u2026<br \/><\/b>wida\u0107 prost\u0105 drog\u0119. Najcz\u0119\u015bciej. Tylko w\u00a0troch\u0119 innym kierunku. Zakr\u0119t to\u00a0sygna\u0142 zmiany, przygody, czasem konieczno\u015bci. Nie zawsze sygna\u0142 nieszcz\u0119\u015bcia, chocia\u017c bywa i\u00a0tak.<\/p>\n<p><b>Z\u00a0sentymentem wspominam\u2026<br \/><\/b>szcz\u0119\u015bliwe dzieci\u0144stwo moich\u00a0dzieci.<\/p>\n<p><b>Kiedy jestem zm\u0119czona\u2026<br \/><\/b>ja ju\u017c jestem przede wszystkim zm\u0119czona. \u0141atwiej by\u0142oby mi odpowiedzie\u0107 na\u00a0pytanie: \u201dkiedy nie jestem zm\u0119czona\u201d.<\/p>\n<p><b>Boje si\u0119\u2026<br \/><\/b>o\u00a0tyle rzeczy. O\u00a0los najbli\u017cszych i\u00a0najdalszych. O\u00a0los naszej planety i\u00a0naszego gatunku.<br \/>I\u00a0innych gatunk\u00f3w. I\u00a0drzew. W\u00a0baniu si\u0119 jestem niez\u0142a. Wyobra\u017ania szaleje.<\/p>\n<p><b>P\u0142acz\u0119\u2026<br \/><\/b>rzadko. Ju\u017c nie umiem pomaga\u0107 sobie \u0142zami.<\/p>\n<p><b>Chyba dojrza\u0142am do\u2026<br \/><\/b>o\u00a0dziwo , do\u00a0niczego nie dojrza\u0142am.<\/p>\n<p><b>Nie umiem odm\u00f3wi\u0107 sobie\u2026<br \/><\/b>kupowania i\u00a0czytania ksi\u0105\u017cek, chocia\u017c coraz bardziej bol\u0105 mnie oczy od\u00a0tego czytania.<br \/>Tu czuj\u0119 staro\u015b\u0107.<\/p>\n<p><b>Mam bzika na\u00a0punkcie\u2026<br \/><\/b>na\u00a0wielu punktach mam bzika. Tropikalnego.<\/p>\n<p><b>Zapach dzieci\u0144stwa\u2026<br \/><\/b>chyba zapach czysto\u015bci. Pasty do\u00a0pod\u0142ogi, ale\u00a0nie tylko. Dwa razy do\u00a0roku pomara\u0144czy<br \/>i\u00a0czekolady. Trudne pytanie.<\/p>\n<p><b>Oczy tej\u00a0ma\u0142ej\u2026<br \/><\/b>pi\u0119kna, cudowna piosenka Agnieszki i\u00a0Zygmunta, kt\u00f3r\u0105 mam szcz\u0119\u015bcie \u015bpiewa\u0107 ju\u017c ponad 20 lat. I\u00a0wiem, \u017ce\u00a0wa\u017cna dla dzisiejszych dwudziestolatk\u00f3w. Arcydzie\u0142o.<\/p>\n<p><b>Wzruszam si\u0119\u2026<br \/><\/b>za\u00a0cz\u0119sto .A tak bym\u00a0czasem chcia\u0142a si\u0119 nie wzrusza\u0107 przez czas jaki\u015b.<\/p>\n<p><b>Zakupy to\u00a0dla mnie\u2026<br \/><\/b>straszna strata czasu. Pobyt \u201ew rega\u0142ach\u201d, jak mawia Zbyszek Zamachowski, to\u00a0tracenie \u017cycia. Ale\u00a0wiem tak\u017ce, \u017ce\u00a0dla niekt\u00f3rych to\u00a0jeden z\u00a0sens\u00f3w \u017cycia. Zapominamy, \u017ce\u00a0niczego z\u00a0tego co kupili\u015bmy nie zabierzemy ze\u00a0sob\u0105 w\u00a0za\u015bwiaty.<\/p>\n<p><b>W\u00a0mojej torebce\u2026<\/b><br \/>tak jak w\u00a0mojej g\u0142owie \u2013 jest ba\u0142agan. Kiedy\u015b z\u00a0tym walczy\u0142am, teraz podda\u0142am si\u0119.<br \/>S\u0105 wi\u0119ksze nieszcz\u0119\u015bcia w\u00a0\u017cyciu.<\/p>\n<p><b>Uroda\u2026<br \/><\/b>nie narzekam. Mog\u0142o by\u0107 gorzej.<\/p>\n<p><b>M\u0119\u017cczyzna, kt\u00f3ry\u00a0mnie fascynuj \u2026<br \/><\/b>Leonardo da Vinci.<\/p>\n<p><b>Poczucie humoru \u2026<br \/><\/b>najcenniejszy dar. A\u00a0nawet bezcenny .<\/p>\n<p><b>O\u00a0pachn\u0105cym groszku\u2026<br \/><\/b>pi\u0119kna piosenka , kt\u00f3r\u0105 \u015bpiewa\u0142am kiedy\u015b z\u00a0Andrzejem Nardellim. I\u00a0ta piosenka i\u00a0Andrzej stoj\u0105 mi w\u00a0oczach\u2026jak \u0142zy.<\/p>\n<p><b>My\u015bl\u0119, \u017ce\u00a0B\u00f3g \u2026<br \/><\/b>jest o\u00a0krok od\u00a0za\u0142amania si\u0119. Nie ma \u0142atwych wybor\u00f3w.<\/p>\n<p><b>Odda\u0142bym du\u017co za\u2026<br \/><\/b>to, \u017ceby\u00a0na ca\u0142ym \u015bwiecie zapanowa\u0142 pok\u00f3j. \u017beby ludzie byli dla siebie dobrzy. To\u00a0samo napisa\u0142am w\u00a0wypracowaniu jako ma\u0142a dziewczynka. Marzenie \u017cycia.<\/p>\n<p><b>Do\u00a0furii doprowadza mnie\u2026<br \/><\/b>staram si\u0119 tak izolowa\u0107 od\u00a0\u015bwiata, \u017ceby\u00a0nie by\u0142 on w\u00a0stanie doprowadza\u0107 mnie do\u00a0furii\u2026samoobrona organizmu.<\/p>\n<p><b>Wolno\u015b\u0107 to\u00a0dla mnie\u2026<br \/><\/b>stan naturalny. Jedyny do\u00a0przyj\u0119cia.<\/p>\n<p><b>\u017byczy\u0142abym sobie\u2026<br \/><\/b>zdrowia. Sobie i\u00a0wszystkim.<\/p>\n<p><b>W\u00a0trudnych momentach m\u00f3wi\u0119 sobie \u2026<br \/><\/b>\u017ce\u00a0musz\u0105 min\u0105\u0107. Jak wszystko.<\/p>\n<p><b>M\u00f3j\u00a0autoportret\u2026<br \/><\/b>gdybym\u00a0wype\u0142nia\u0142a t\u0119 ankiet\u0119 jutro albo za\u00a0tydzie\u0144 u\u017cy\u0142abym mo\u017ce innych okre\u015ble\u0144 ale\u00a0my\u015bla\u0142abym podobnie. Tak mi si\u0119 wydaje.<\/p>\n<p><b>Moja dewiza \u017cyciowa\u2026<\/b><br \/>Stara\u0107 si\u0119 cieszy\u0107 byle czym i\u00a0nie narzeka\u0107 na\u00a0Los i\u00a0na g\u0142os\u2026<br \/>(Na\u00a0g\u0142os w\u00a0sensie \u2013 g\u0142o\u015bno).<\/p>\n<p align=\"right\"><b><a href=\"http:\/\/magdaumer.pl\/home\/prasa\/#top\">Do\u00a0spisu artyku\u0142\u00f3w<\/a><\/b><\/p>\n","protected":false},"excerpt":{"rendered":"<p>JEJ PORTRETAnkieta\u0179r\u00f3d\u0142o: Poradnik Domowy 2\/2010 &nbsp; W\u00a0poniedzia\u0142ek rano\u2026cz\u0119sto jest tak jak w\u00a0inne dni tygodnia. Bo moja \u201eniedziela\u201d jest wtedy, kiedy nie wyst\u0119puj\u0119, nie nagrywam, nie pisz\u0119. Na\u00a0scenie\u2026ci\u0105gle mam wra\u017cenie, \u017ce\u00a0mam co\u015b wa\u017cnego ludziom do\u00a0powiedzenia.Dlatego na\u00a0ni\u0105 jednak wychodz\u0119\u2026 Plotki na\u00a0m\u00f3j temat \u2026cz\u0119sto mnie rani\u0105. Nie umiem si\u0119 nimi nie przejmowa\u0107.I\u00a0ci\u0105gle pracuj\u0119 nad\u00a0lepszym modelem pancerza obronnego. Mo\u017ce &hellip; <a href=\"https:\/\/magdaumer.pl\/home\/prasa\/jej-portret\/\" class=\"more-link\">Czytaj dalej <span class=\"screen-reader-text\">Jej portret<\/span> <span class=\"meta-nav\">&rarr;<\/span><\/a><\/p>\n","protected":false},"author":1,"featured_media":0,"parent":27,"menu_order":0,"comment_status":"closed","ping_status":"closed","template":"","meta":{"footnotes":""},"class_list":["post-1946","page","type-page","status-publish","hentry"],"_links":{"self":[{"href":"https:\/\/magdaumer.pl\/home\/wp-json\/wp\/v2\/pages\/1946","targetHints":{"allow":["GET"]}}],"collection":[{"href":"https:\/\/magdaumer.pl\/home\/wp-json\/wp\/v2\/pages"}],"about":[{"href":"https:\/\/magdaumer.pl\/home\/wp-json\/wp\/v2\/types\/page"}],"author":[{"embeddable":true,"href":"https:\/\/magdaumer.pl\/home\/wp-json\/wp\/v2\/users\/1"}],"replies":[{"embeddable":true,"href":"https:\/\/magdaumer.pl\/home\/wp-json\/wp\/v2\/comments?post=1946"}],"version-history":[{"count":1,"href":"https:\/\/magdaumer.pl\/home\/wp-json\/wp\/v2\/pages\/1946\/revisions"}],"predecessor-version":[{"id":1947,"href":"https:\/\/magdaumer.pl\/home\/wp-json\/wp\/v2\/pages\/1946\/revisions\/1947"}],"up":[{"embeddable":true,"href":"https:\/\/magdaumer.pl\/home\/wp-json\/wp\/v2\/pages\/27"}],"wp:attachment":[{"href":"https:\/\/magdaumer.pl\/home\/wp-json\/wp\/v2\/media?parent=1946"}],"curies":[{"name":"wp","href":"https:\/\/api.w.org\/{rel}","templated":true}]}}