{"id":1757,"date":"2016-02-25T21:25:37","date_gmt":"2016-02-25T21:25:37","guid":{"rendered":"http:\/\/magdaumer.pl\/home\/?page_id=1757"},"modified":"2016-03-01T22:48:37","modified_gmt":"2016-03-01T22:48:37","slug":"widzisz-mala","status":"publish","type":"page","link":"https:\/\/magdaumer.pl\/home\/spiewnik\/widzisz-mala\/","title":{"rendered":"Widzisz ma\u0142a"},"content":{"rendered":"<p><span style=\"font-family: verdana, geneva, sans-serif;\"><b><span style=\"color: #000080; font-size: 14pt;\">Widzisz ma\u0142a<\/span><br \/><span style=\"color: #6699ff; font-size: small;\">(s\u0142. A. Osiecka, muz. J. Abramow)<\/span><span style=\"color: #3399ff; font-size: small;\"><br \/><\/span><br \/><span style=\"color: #666666;\"><br \/><\/span><\/b><span style=\"color: #333333;\">Mia\u0142a\u015b wtedy osiemna\u015bcie lat, gdy do miasta przyby\u0142 on<br \/>Mia\u0142 na sobie wi\u0119cej \u0142at, ni\u017c ze sob\u0105 forsy wzi\u0105\u0142<br \/>M\u00f3wi\u0142 ci, \u017ce zwiedzi\u0142 ca\u0142y \u015bwiat, prawda, nie by\u0142 z twoich stron<br \/>Co mu da\u0142a\u015b, wypi\u0142 wi\u0119c i zjad\u0142, potem ci\u0119 za \u017con\u0119 wzi\u0105\u0142<\/span><\/span><\/p>\n<p><span style=\"font-family: verdana, geneva, sans-serif; color: #333333;\">Widzisz, ma\u0142a, jak to jest, tyle serca, taki gest<\/span><br \/><span style=\"font-family: verdana, geneva, sans-serif; color: #333333;\">Widzisz, ma\u0142a, jak to jest, tyle serca, taki gest<\/span><\/p>\n<p><span style=\"font-family: verdana, geneva, sans-serif; color: #333333;\">Elegancki to on zawsze by\u0142, trzy koszule w jeden dzie\u0144<\/span><br \/><span style=\"font-family: verdana, geneva, sans-serif; color: #333333;\">Ty prasujesz, a on \u015bpi lub do rana bawi si\u0119<\/span><br \/><span style=\"font-family: verdana, geneva, sans-serif; color: #333333;\">Gdy o \u015bwicie do dom wraca\u0142 zn\u00f3w, cho\u0107 pijany albo z\u0142y<\/span><br \/><span style=\"font-family: verdana, geneva, sans-serif; color: #333333;\">Ty si\u0119 cieszysz, \u017ce jest ca\u0142y, zdr\u00f3w i \u017ce przy nim jeste\u015b ty<\/span><\/p>\n<p><span style=\"font-family: verdana, geneva, sans-serif; color: #333333;\">Widzisz, ma\u0142a, jak to jest, tyle serca, taki gest<\/span><br \/><span style=\"font-family: verdana, geneva, sans-serif; color: #333333;\">widzisz, ma\u0142a, jak to jest, tyle serca, taki gest<\/span><\/p>\n<p><span style=\"font-family: verdana, geneva, sans-serif; color: #333333;\">Do wi\u0119zienia potem trafi\u0142 on, cho\u0107 nie na \u015bmier\u0107 wtedy bi\u0142<\/span><br \/><span style=\"font-family: verdana, geneva, sans-serif; color: #333333;\">Ty p\u0142aka\u0142a\u015b, jak by\u0142 s\u0105d, \u017ce si\u0119 trzeba \u017cegna\u0107 z nim<\/span><br \/><span style=\"font-family: verdana, geneva, sans-serif; color: #333333;\">Przychodzi\u0142a\u015b do wi\u0119zienia bram, co dzie\u0144 paczka albo list<\/span><br \/><span style=\"font-family: verdana, geneva, sans-serif; color: #333333;\">Kto\u015b si\u0119 nawet z tob\u0105 \u017ceni\u0107 chcia\u0142, nie odpowiedzia\u0142a\u015b nic<\/span><\/p>\n<p><span style=\"font-family: verdana, geneva, sans-serif; color: #333333;\">Widzisz, ma\u0142a, jak to jest, tyle serca, taki gest<\/span><br \/><span style=\"font-family: verdana, geneva, sans-serif; color: #333333;\">widzisz, ma\u0142a, jak to jest, tyle serca, taki gest<\/span><\/p>\n<p><span style=\"font-family: verdana, geneva, sans-serif; color: #333333;\">Przemin\u0119\u0142o siedem twardych lat, gdy z wi\u0119zienia wyszed\u0142 on<\/span><br \/><span style=\"font-family: verdana, geneva, sans-serif; color: #333333;\">Zn\u00f3w mu szcz\u0119\u015bcie chcia\u0142a\u015b da\u0107, ale on ju\u017c inn\u0105 wzi\u0105\u0142<\/span><br \/><span style=\"font-family: verdana, geneva, sans-serif; color: #333333;\">Wyp\u0142aka\u0142a\u015b ca\u0142e oczy swe &#8211; popatrz, ile ty masz lat?<\/span><br \/><span style=\"font-family: verdana, geneva, sans-serif; color: #333333;\">A on jeszcze hula, bawi si\u0119, a on jeszcze m\u0142ody jest<\/span><\/p>\n<p><span style=\"font-family: verdana, geneva, sans-serif; color: #333333;\">Widzisz, ma\u0142a, jak to jest, tyle serca, taki gest<\/span><br \/><span style=\"font-family: verdana, geneva, sans-serif; color: #333333;\">widzisz, ma\u0142a, jak to jest tyle serca taki gest<\/span><\/p>\n<p>&nbsp;<\/p>\n<audio class=\"wp-audio-shortcode\" id=\"audio-1757-1\" preload=\"none\" style=\"width: 100%;\" controls=\"controls\"><source type=\"audio\/mpeg\" src=\"http:\/\/magdaumer.pl\/home\/wp-content\/uploads\/2014\/12\/widziszmala.mp3?_=1\" \/><a href=\"http:\/\/magdaumer.pl\/home\/wp-content\/uploads\/2014\/12\/widziszmala.mp3\">http:\/\/magdaumer.pl\/home\/wp-content\/uploads\/2014\/12\/widziszmala.mp3<\/a><\/audio>\n","protected":false},"excerpt":{"rendered":"<p>Widzisz ma\u0142a(s\u0142. A. Osiecka, muz. J. Abramow)Mia\u0142a\u015b wtedy osiemna\u015bcie lat, gdy do miasta przyby\u0142 onMia\u0142 na sobie wi\u0119cej \u0142at, ni\u017c ze sob\u0105 forsy wzi\u0105\u0142M\u00f3wi\u0142 ci, \u017ce zwiedzi\u0142 ca\u0142y \u015bwiat, prawda, nie by\u0142 z twoich stronCo mu da\u0142a\u015b, wypi\u0142 wi\u0119c i zjad\u0142, potem ci\u0119 za \u017con\u0119 wzi\u0105\u0142 Widzisz, ma\u0142a, jak to jest, tyle serca, taki gestWidzisz, &hellip; <a href=\"https:\/\/magdaumer.pl\/home\/spiewnik\/widzisz-mala\/\" class=\"more-link\">Czytaj dalej <span class=\"screen-reader-text\">Widzisz ma\u0142a<\/span> <span class=\"meta-nav\">&rarr;<\/span><\/a><\/p>\n","protected":false},"author":1,"featured_media":0,"parent":29,"menu_order":150,"comment_status":"closed","ping_status":"closed","template":"","meta":{"footnotes":""},"class_list":["post-1757","page","type-page","status-publish","hentry"],"_links":{"self":[{"href":"https:\/\/magdaumer.pl\/home\/wp-json\/wp\/v2\/pages\/1757","targetHints":{"allow":["GET"]}}],"collection":[{"href":"https:\/\/magdaumer.pl\/home\/wp-json\/wp\/v2\/pages"}],"about":[{"href":"https:\/\/magdaumer.pl\/home\/wp-json\/wp\/v2\/types\/page"}],"author":[{"embeddable":true,"href":"https:\/\/magdaumer.pl\/home\/wp-json\/wp\/v2\/users\/1"}],"replies":[{"embeddable":true,"href":"https:\/\/magdaumer.pl\/home\/wp-json\/wp\/v2\/comments?post=1757"}],"version-history":[{"count":4,"href":"https:\/\/magdaumer.pl\/home\/wp-json\/wp\/v2\/pages\/1757\/revisions"}],"predecessor-version":[{"id":2203,"href":"https:\/\/magdaumer.pl\/home\/wp-json\/wp\/v2\/pages\/1757\/revisions\/2203"}],"up":[{"embeddable":true,"href":"https:\/\/magdaumer.pl\/home\/wp-json\/wp\/v2\/pages\/29"}],"wp:attachment":[{"href":"https:\/\/magdaumer.pl\/home\/wp-json\/wp\/v2\/media?parent=1757"}],"curies":[{"name":"wp","href":"https:\/\/api.w.org\/{rel}","templated":true}]}}