{"id":1673,"date":"2016-01-18T00:18:14","date_gmt":"2016-01-18T00:18:14","guid":{"rendered":"http:\/\/magdaumer.pl\/home\/?page_id=1673"},"modified":"2016-01-18T00:19:25","modified_gmt":"2016-01-18T00:19:25","slug":"ucisz-serce","status":"publish","type":"page","link":"https:\/\/magdaumer.pl\/home\/spiewnik\/ucisz-serce\/","title":{"rendered":"Ucisz serce"},"content":{"rendered":"<p><span style=\"font-family: verdana, geneva, sans-serif;\"><b><span style=\"color: #000080; font-size: 14pt;\">Ucisz serce<\/span><br \/>\n<span style=\"color: #6699ff; font-size: small;\">(s\u0142. A. Osiecka, muz. Z. Konieczny)<\/span><span style=\"color: #3399ff; font-size: small;\"><br \/>\n<\/span><br \/>\n<\/b><span style=\"color: #333333;\"><br \/>\nKto przys\u0142oni\u0142 te ksi\u0119\u017cyce nad dachami<br \/>\nm\u0105dr\u0105 g\u0142ow\u0119 mia\u0142<br \/>\nChcia\u0142 by \u017cony ca\u0142owa\u0142y si\u0119 z m\u0119\u017cami, nie wpada\u0142y<br \/>\nm\u00f3j kochany w sza\u0142<br \/>\nPo co biegniesz za ksi\u0119\u017cycem w dal na \u0142owy<br \/>\ngdy masz w domu kwiat?<br \/>\nWiernym ludziom serca b\u0142yszcz\u0105 jak podkowy<br \/>\na z\u0142ym ludziom czarno kwitnie sad<\/span><\/span><\/p>\n<p><span style=\"font-family: verdana, geneva, sans-serif; color: #333333;\">Uplot\u0119 Ci z\u0142oty ko\u0142acz z moich z\u0142ocistych promieni<\/span><br \/>\n<span style=\"font-family: verdana, geneva, sans-serif; color: #333333;\"> Ju\u017c Ty si\u0119, cz\u0142owieku, nie ko\u0142acz, niech Ci si\u0119 na dobre odmieni<\/span><br \/>\n<span style=\"font-family: verdana, geneva, sans-serif; color: #333333;\"> Ja Twoje b\u00f3le utul\u0119, otworz\u0119 Ci niebo sn\u00f3w<\/span><br \/>\n<span style=\"font-family: verdana, geneva, sans-serif; color: #333333;\"> Ja swoje \u017cale oddal\u0119, wr\u00f3\u0107\u017ce tu<\/span><br \/>\n<span style=\"font-family: verdana, geneva, sans-serif; color: #333333;\"> Pora ju\u017c siada\u0107 do sto\u0142u, czas ju\u017c do Boga biec<\/span><br \/>\n<span style=\"font-family: verdana, geneva, sans-serif; color: #333333;\"> I nasze serca uciszy\u0107 w blasku \u015bwiec<\/span><\/p>\n<p><span style=\"font-family: verdana, geneva, sans-serif; color: #333333;\">Ucisz serce, ucisz serce, w bia\u0142ym \u015bwietle szabasowych \u015bwiec<\/span><br \/>\n<span style=\"font-family: verdana, geneva, sans-serif; color: #333333;\"> Ucisz serce, ucisz serce, jedno z tylu, jedno z tylu serc<\/span><br \/>\n<span style=\"font-family: verdana, geneva, sans-serif; color: #333333;\"> Wielki Panie winoro\u015bli, Stworzycielu gwiazd<\/span><br \/>\n<span style=\"font-family: verdana, geneva, sans-serif; color: #333333;\"> Prosz\u0105 dzieci i doro\u015bli, nie zapomnij, nie zapomnij nas<\/span><\/p>\n<p><span style=\"font-family: verdana, geneva, sans-serif; color: #333333;\">Ty, co g\u0142adzisz oceany i prowadzisz w dal bezpieczn\u0105<\/span><br \/>\n<span style=\"font-family: verdana, geneva, sans-serif; color: #333333;\"> Spojrzyj te\u017c na nasze rany, na ko\u0142ysk\u0119 i miasteczko<\/span><br \/>\n<span style=\"font-family: verdana, geneva, sans-serif; color: #333333;\"> Rozes\u0142ano ju\u017c kobierce w bia\u0142ym \u015bwietle szabasowych \u015bwiec<\/span><br \/>\n<span style=\"font-family: verdana, geneva, sans-serif; color: #333333;\"> Ucisz serce, ucisz serce, jedno z wielu serc<\/span><\/p>\n<p><span style=\"font-family: verdana, geneva, sans-serif; color: #333333;\">Ty, co z\u0142ocisz \u0142any zbo\u017ca, mielisz m\u0105ki py\u0142<\/span><br \/>\n<span style=\"font-family: verdana, geneva, sans-serif; color: #333333;\"> Od po\u017caru i od no\u017ca chro\u0144 nas z ca\u0142ych si\u0142<\/span><br \/>\n<span style=\"font-family: verdana, geneva, sans-serif; color: #333333;\"> Daj nam rodzi\u0107 si\u0119 w pokoju i umiera\u0107 w noc serdeczn\u0105<\/span><br \/>\n<span style=\"font-family: verdana, geneva, sans-serif; color: #333333;\"> Wod\u0105 z kr\u00f3lewskiego zdroju pob\u0142ogos\u0142aw to miasteczko<\/span><br \/>\n<span style=\"font-family: verdana, geneva, sans-serif; color: #333333;\"> Ucisz serce, ucisz serce, w bia\u0142ym \u015bwietle szabasowych \u015bwiec<\/span><br \/>\n<span style=\"font-family: verdana, geneva, sans-serif; color: #333333;\"> Ucisz serce, ucisz serce, czarne gwiazdy serc<\/span><\/p>\n<p>&nbsp;<\/p>\n<audio class=\"wp-audio-shortcode\" id=\"audio-1673-1\" preload=\"none\" style=\"width: 100%;\" controls=\"controls\"><source type=\"audio\/mpeg\" src=\"http:\/\/magdaumer.pl\/home\/wp-content\/uploads\/2014\/12\/uciszserce.mp3?_=1\" \/><a href=\"http:\/\/magdaumer.pl\/home\/wp-content\/uploads\/2014\/12\/uciszserce.mp3\">http:\/\/magdaumer.pl\/home\/wp-content\/uploads\/2014\/12\/uciszserce.mp3<\/a><\/audio>\n","protected":false},"excerpt":{"rendered":"<p>Ucisz serce (s\u0142. A. Osiecka, muz. Z. Konieczny) Kto przys\u0142oni\u0142 te ksi\u0119\u017cyce nad dachami m\u0105dr\u0105 g\u0142ow\u0119 mia\u0142 Chcia\u0142 by \u017cony ca\u0142owa\u0142y si\u0119 z m\u0119\u017cami, nie wpada\u0142y m\u00f3j kochany w sza\u0142 Po co biegniesz za ksi\u0119\u017cycem w dal na \u0142owy gdy masz w domu kwiat? Wiernym ludziom serca b\u0142yszcz\u0105 jak podkowy a z\u0142ym ludziom czarno kwitnie &hellip; <a href=\"https:\/\/magdaumer.pl\/home\/spiewnik\/ucisz-serce\/\" class=\"more-link\">Czytaj dalej <span class=\"screen-reader-text\">Ucisz serce<\/span> <span class=\"meta-nav\">&rarr;<\/span><\/a><\/p>\n","protected":false},"author":1,"featured_media":0,"parent":29,"menu_order":144,"comment_status":"closed","ping_status":"closed","template":"","meta":{"footnotes":""},"class_list":["post-1673","page","type-page","status-publish","hentry"],"_links":{"self":[{"href":"https:\/\/magdaumer.pl\/home\/wp-json\/wp\/v2\/pages\/1673","targetHints":{"allow":["GET"]}}],"collection":[{"href":"https:\/\/magdaumer.pl\/home\/wp-json\/wp\/v2\/pages"}],"about":[{"href":"https:\/\/magdaumer.pl\/home\/wp-json\/wp\/v2\/types\/page"}],"author":[{"embeddable":true,"href":"https:\/\/magdaumer.pl\/home\/wp-json\/wp\/v2\/users\/1"}],"replies":[{"embeddable":true,"href":"https:\/\/magdaumer.pl\/home\/wp-json\/wp\/v2\/comments?post=1673"}],"version-history":[{"count":3,"href":"https:\/\/magdaumer.pl\/home\/wp-json\/wp\/v2\/pages\/1673\/revisions"}],"predecessor-version":[{"id":1676,"href":"https:\/\/magdaumer.pl\/home\/wp-json\/wp\/v2\/pages\/1673\/revisions\/1676"}],"up":[{"embeddable":true,"href":"https:\/\/magdaumer.pl\/home\/wp-json\/wp\/v2\/pages\/29"}],"wp:attachment":[{"href":"https:\/\/magdaumer.pl\/home\/wp-json\/wp\/v2\/media?parent=1673"}],"curies":[{"name":"wp","href":"https:\/\/api.w.org\/{rel}","templated":true}]}}