{"id":1623,"date":"2016-01-17T23:31:32","date_gmt":"2016-01-17T23:31:32","guid":{"rendered":"http:\/\/magdaumer.pl\/home\/?page_id=1623"},"modified":"2016-01-18T00:29:11","modified_gmt":"2016-01-18T00:29:11","slug":"spij-kochanie","status":"publish","type":"page","link":"https:\/\/magdaumer.pl\/home\/spiewnik\/spij-kochanie\/","title":{"rendered":"\u015apij kochanie"},"content":{"rendered":"<p><span style=\"font-family: verdana, geneva, sans-serif;\"><b><span style=\"color: #000080; font-size: 14pt;\">\u015apij kochanie<\/span><br \/>\n<span style=\"color: #6699ff; font-size: small;\">(s\u0142. L. Starski, muz. H. Wars)<\/span><span style=\"color: #3399ff; font-size: small;\"><br \/>\n<\/span><br \/>\n<span style=\"color: #666666;\"><br \/>\n<\/span><\/b><span style=\"color: #333333;\">W g\u00f3rze tyle gwiazd<br \/>\nw dole tyle miast<br \/>\ngwiazdy miastu daj\u0105 zna\u0107<br \/>\n\u017ce dzieci musz\u0105 spa\u0107<\/span><\/span><\/p>\n<p><span style=\"font-family: verdana, geneva, sans-serif; color: #333333;\">Ach \u015bpij kochanie<\/span><br \/>\n<span style=\"font-family: verdana, geneva, sans-serif; color: #333333;\"> Je\u015bli gwiazdk\u0119 z nieba chcesz &#8211; dostaniesz<\/span><br \/>\n<span style=\"font-family: verdana, geneva, sans-serif; color: #333333;\"> czego pragniesz, daj mi zna\u0107<\/span><br \/>\n<span style=\"font-family: verdana, geneva, sans-serif; color: #333333;\"> ja ci wszystko mog\u0119 da\u0107<\/span><br \/>\n<span style=\"font-family: verdana, geneva, sans-serif; color: #333333;\"> wi\u0119c dlaczego nie chcesz spa\u0107?<\/span><\/p>\n<p><span style=\"font-family: verdana, geneva, sans-serif; color: #333333;\">Ach \u015bpij, bo noc\u0105<\/span><br \/>\n<span style=\"font-family: verdana, geneva, sans-serif; color: #333333;\"> kiedy gwiazdy si\u0119 na niebie z\u0142oc\u0105<\/span><br \/>\n<span style=\"font-family: verdana, geneva, sans-serif; color: #333333;\"> wszystkie dzieci, nawet z\u0142e<\/span><br \/>\n<span style=\"font-family: verdana, geneva, sans-serif; color: #333333;\"> pogr\u0105\u017cone s\u0105 we \u015bnie<\/span><br \/>\n<span style=\"font-family: verdana, geneva, sans-serif; color: #333333;\"> a ty jeden tylko nie<\/span><\/p>\n<p><span style=\"font-family: verdana, geneva, sans-serif; color: #333333;\">Aaa, aaa<\/span><br \/>\n<span style=\"font-family: verdana, geneva, sans-serif; color: #333333;\"> by\u0142y sobie kotki dwa<\/span><br \/>\n<span style=\"font-family: verdana, geneva, sans-serif; color: #333333;\"> aaa, aaa<\/span><br \/>\n<span style=\"font-family: verdana, geneva, sans-serif; color: #333333;\"> szarobure, szarobure obydwa<\/span><\/p>\n<p><span style=\"font-family: verdana, geneva, sans-serif; color: #333333;\">Ach \u015bpij, bo w\u0142a\u015bnie<\/span><br \/>\n<span style=\"font-family: verdana, geneva, sans-serif; color: #333333;\"> ksi\u0119\u017cyc ziewa i za chwil\u0119 za\u015bnie<\/span><br \/>\n<span style=\"font-family: verdana, geneva, sans-serif; color: #333333;\"> a gdy rano przyjdzie \u015bwit<\/span><br \/>\n<span style=\"font-family: verdana, geneva, sans-serif; color: #333333;\"> ksi\u0119\u017cycowi b\u0119dzie wstyd<\/span><br \/>\n<span style=\"font-family: verdana, geneva, sans-serif; color: #333333;\"> \u017ce on zasn\u0105\u0142, a nie ty<\/span><\/p>\n<p><span style=\"font-family: verdana, geneva, sans-serif; color: #333333;\">Aaa, aaa<\/span><br \/>\n<span style=\"font-family: verdana, geneva, sans-serif; color: #333333;\"> by\u0142y sobie kotki dwa<\/span><br \/>\n<span style=\"font-family: verdana, geneva, sans-serif; color: #333333;\"> aaa, aaa<\/span><br \/>\n<span style=\"font-family: verdana, geneva, sans-serif; color: #333333;\"> szarobure, szarobure obydwa<\/span><\/p>\n<p><span style=\"font-family: verdana, geneva, sans-serif; color: #333333;\">W g\u00f3rze tyle gwiazd<\/span><br \/>\n<span style=\"font-family: verdana, geneva, sans-serif; color: #333333;\"> w dole tyle miast<\/span><br \/>\n<span style=\"font-family: verdana, geneva, sans-serif; color: #333333;\"> gwiazdy miastu daj\u0105 zna\u0107<\/span><br \/>\n<span style=\"font-family: verdana, geneva, sans-serif; color: #333333;\"> \u017ce dzieci musz\u0105 spa\u0107<\/span><\/p>\n<p><span style=\"font-family: verdana, geneva, sans-serif; color: #333333;\">Wi\u0119c \u015bpij kochanie<\/span><br \/>\n<span style=\"font-family: verdana, geneva, sans-serif; color: #333333;\"> Gwiazdk\u0119 z nieba je\u015bli chcesz &#8211; dostaniesz<\/span><br \/>\n<span style=\"font-family: verdana, geneva, sans-serif; color: #333333;\"> czego pragniesz, daj mi zna\u0107<\/span><br \/>\n<span style=\"font-family: verdana, geneva, sans-serif; color: #333333;\"> ja ci wszystko mog\u0119 da\u0107<\/span><br \/>\n<span style=\"font-family: verdana, geneva, sans-serif; color: #333333;\"> wi\u0119c dlaczego nie chcesz spa\u0107?<\/span><\/p>\n<p><span style=\"font-family: verdana, geneva, sans-serif; color: #333333;\">Ach \u015bpij, bo w\u0142a\u015bnie<\/span><br \/>\n<span style=\"font-family: verdana, geneva, sans-serif; color: #333333;\"> ksi\u0119\u017cyc ziewa i za chwil\u0119 za\u015bnie<\/span><br \/>\n<span style=\"font-family: verdana, geneva, sans-serif; color: #333333;\"> a gdy rano przyjdzie \u015bwit<\/span><br \/>\n<span style=\"font-family: verdana, geneva, sans-serif; color: #333333;\"> ksi\u0119\u017cycowi b\u0119dzie wstyd<\/span><br \/>\n<span style=\"font-family: verdana, geneva, sans-serif; color: #333333;\"> \u017ce on zasn\u0105\u0142, a nie ty<\/span><\/p>\n<p>&nbsp;<\/p>\n<audio class=\"wp-audio-shortcode\" id=\"audio-1623-1\" preload=\"none\" style=\"width: 100%;\" controls=\"controls\"><source type=\"audio\/mpeg\" src=\"http:\/\/magdaumer.pl\/home\/wp-content\/uploads\/2014\/12\/spijkochanie.mp3?_=1\" \/><a href=\"http:\/\/magdaumer.pl\/home\/wp-content\/uploads\/2014\/12\/spijkochanie.mp3\">http:\/\/magdaumer.pl\/home\/wp-content\/uploads\/2014\/12\/spijkochanie.mp3<\/a><\/audio>\n","protected":false},"excerpt":{"rendered":"<p>\u015apij kochanie (s\u0142. L. Starski, muz. H. Wars) W g\u00f3rze tyle gwiazd w dole tyle miast gwiazdy miastu daj\u0105 zna\u0107 \u017ce dzieci musz\u0105 spa\u0107 Ach \u015bpij kochanie Je\u015bli gwiazdk\u0119 z nieba chcesz &#8211; dostaniesz czego pragniesz, daj mi zna\u0107 ja ci wszystko mog\u0119 da\u0107 wi\u0119c dlaczego nie chcesz spa\u0107? Ach \u015bpij, bo noc\u0105 kiedy gwiazdy &hellip; <a href=\"https:\/\/magdaumer.pl\/home\/spiewnik\/spij-kochanie\/\" class=\"more-link\">Czytaj dalej <span class=\"screen-reader-text\">\u015apij kochanie<\/span> <span class=\"meta-nav\">&rarr;<\/span><\/a><\/p>\n","protected":false},"author":1,"featured_media":0,"parent":29,"menu_order":132,"comment_status":"closed","ping_status":"closed","template":"","meta":{"footnotes":""},"class_list":["post-1623","page","type-page","status-publish","hentry"],"_links":{"self":[{"href":"https:\/\/magdaumer.pl\/home\/wp-json\/wp\/v2\/pages\/1623","targetHints":{"allow":["GET"]}}],"collection":[{"href":"https:\/\/magdaumer.pl\/home\/wp-json\/wp\/v2\/pages"}],"about":[{"href":"https:\/\/magdaumer.pl\/home\/wp-json\/wp\/v2\/types\/page"}],"author":[{"embeddable":true,"href":"https:\/\/magdaumer.pl\/home\/wp-json\/wp\/v2\/users\/1"}],"replies":[{"embeddable":true,"href":"https:\/\/magdaumer.pl\/home\/wp-json\/wp\/v2\/comments?post=1623"}],"version-history":[{"count":4,"href":"https:\/\/magdaumer.pl\/home\/wp-json\/wp\/v2\/pages\/1623\/revisions"}],"predecessor-version":[{"id":1684,"href":"https:\/\/magdaumer.pl\/home\/wp-json\/wp\/v2\/pages\/1623\/revisions\/1684"}],"up":[{"embeddable":true,"href":"https:\/\/magdaumer.pl\/home\/wp-json\/wp\/v2\/pages\/29"}],"wp:attachment":[{"href":"https:\/\/magdaumer.pl\/home\/wp-json\/wp\/v2\/media?parent=1623"}],"curies":[{"name":"wp","href":"https:\/\/api.w.org\/{rel}","templated":true}]}}