{"id":1615,"date":"2016-01-17T23:18:40","date_gmt":"2016-01-17T23:18:40","guid":{"rendered":"http:\/\/magdaumer.pl\/home\/?page_id=1615"},"modified":"2016-03-01T22:29:34","modified_gmt":"2016-03-01T22:29:34","slug":"sni-sie-lisciom-nieskonczonosc","status":"publish","type":"page","link":"https:\/\/magdaumer.pl\/home\/spiewnik\/sni-sie-lisciom-nieskonczonosc\/","title":{"rendered":"\u015ani si\u0119 li\u015bciom niesko\u0144czono\u015b\u0107"},"content":{"rendered":"<p><span style=\"font-family: verdana, geneva, sans-serif;\"><b><span style=\"color: #000080; font-size: 14pt;\">\u015ani si\u0119 li\u015bciom niesko\u0144czono\u015b\u0107<\/span><br \/> <span style=\"color: #6699ff; font-size: small;\">(s\u0142. B. Le\u015bmian, muz. S. Syrewicz)<\/span><span style=\"color: #3399ff; font-size: small;\"><br \/> <\/span><br \/> <span style=\"color: #666666;\"><br \/> <\/span><\/b><span style=\"color: #333333;\">\u015ani si\u0119 li\u015bciom niesko\u0144czono\u015b\u0107<br \/> \u015ani si\u0119 wios\u0142om dno i \u0142\u00f3dka<br \/> Odtr\u0105cone zorze raz na zawsze bledn\u0105&#8230;<br \/> Czy \u015bmier\u0107 w nic nas roz\u015bmieje<br \/> Czy nas z nowych \u0142ez utka<br \/> Wszystko jedno tchu ostatni, wszystko jedno!<\/span><\/span><\/p>\n<p><span style=\"font-family: verdana, geneva, sans-serif;\">Tam wysoko i najwy\u017cej<\/span><br \/> <span style=\"font-family: verdana, geneva, sans-serif;\"> Mi\u0119dzy niebem a nadrzewiem<\/span><br \/> <span style=\"font-family: verdana, geneva, sans-serif;\"> W\u0142\u00f3czy si\u0119 srebrnawo cisza i znikomo\u015b\u0107\u2026<\/span><\/p>\n<p><span style=\"font-family: verdana, geneva, sans-serif;\">Tak o tobie nic nie wiem<\/span><br \/> <span style=\"font-family: verdana, geneva, sans-serif;\"> Tak cudownie nic nie wiem<\/span><br \/> <span style=\"font-family: verdana, geneva, sans-serif;\"> \u017be mi\u0142o\u015bci\u0105 jest ta moja niewiadomo\u015b\u0107!<\/span><\/p>\n<p><span style=\"font-family: verdana, geneva, sans-serif;\">\u015ani si\u0119 li\u015bciom niesko\u0144czono\u015b\u0107<\/span><br \/> <span style=\"font-family: verdana, geneva, sans-serif;\"> \u015ani si\u0119 wios\u0142om dno i \u0142\u00f3dka<\/span><br \/> <span style=\"font-family: verdana, geneva, sans-serif;\"> Odtr\u0105cone zorze raz na zawsze bledn\u0105&#8230;<\/span><br \/> <span style=\"font-family: verdana, geneva, sans-serif;\"> Czy \u015bmier\u0107 w nic nas roz\u015bmieje<\/span><br \/> <span style=\"font-family: verdana, geneva, sans-serif;\"> Czy nas z nowych \u0142ez utka<\/span><br \/> <span style=\"font-family: verdana, geneva, sans-serif;\"> Wszystko jedno tchu ostatni, wszystko jedno!<\/span><\/p>\n<p>&nbsp;<\/p>\n<audio class=\"wp-audio-shortcode\" id=\"audio-1615-1\" preload=\"none\" style=\"width: 100%;\" controls=\"controls\"><source type=\"audio\/mpeg\" src=\"http:\/\/magdaumer.pl\/home\/wp-content\/uploads\/2014\/12\/snisielisciomnieskonczonosc.mp3?_=1\" \/><a href=\"http:\/\/magdaumer.pl\/home\/wp-content\/uploads\/2014\/12\/snisielisciomnieskonczonosc.mp3\">http:\/\/magdaumer.pl\/home\/wp-content\/uploads\/2014\/12\/snisielisciomnieskonczonosc.mp3<\/a><\/audio>\n","protected":false},"excerpt":{"rendered":"<p>\u015ani si\u0119 li\u015bciom niesko\u0144czono\u015b\u0107 (s\u0142. B. Le\u015bmian, muz. S. Syrewicz) \u015ani si\u0119 li\u015bciom niesko\u0144czono\u015b\u0107 \u015ani si\u0119 wios\u0142om dno i \u0142\u00f3dka Odtr\u0105cone zorze raz na zawsze bledn\u0105&#8230; Czy \u015bmier\u0107 w nic nas roz\u015bmieje Czy nas z nowych \u0142ez utka Wszystko jedno tchu ostatni, wszystko jedno! Tam wysoko i najwy\u017cej Mi\u0119dzy niebem a nadrzewiem W\u0142\u00f3czy si\u0119 srebrnawo &hellip; <a href=\"https:\/\/magdaumer.pl\/home\/spiewnik\/sni-sie-lisciom-nieskonczonosc\/\" class=\"more-link\">Czytaj dalej <span class=\"screen-reader-text\">\u015ani si\u0119 li\u015bciom niesko\u0144czono\u015b\u0107<\/span> <span class=\"meta-nav\">&rarr;<\/span><\/a><\/p>\n","protected":false},"author":1,"featured_media":0,"parent":29,"menu_order":130,"comment_status":"closed","ping_status":"closed","template":"","meta":{"footnotes":""},"class_list":["post-1615","page","type-page","status-publish","hentry"],"_links":{"self":[{"href":"https:\/\/magdaumer.pl\/home\/wp-json\/wp\/v2\/pages\/1615","targetHints":{"allow":["GET"]}}],"collection":[{"href":"https:\/\/magdaumer.pl\/home\/wp-json\/wp\/v2\/pages"}],"about":[{"href":"https:\/\/magdaumer.pl\/home\/wp-json\/wp\/v2\/types\/page"}],"author":[{"embeddable":true,"href":"https:\/\/magdaumer.pl\/home\/wp-json\/wp\/v2\/users\/1"}],"replies":[{"embeddable":true,"href":"https:\/\/magdaumer.pl\/home\/wp-json\/wp\/v2\/comments?post=1615"}],"version-history":[{"count":4,"href":"https:\/\/magdaumer.pl\/home\/wp-json\/wp\/v2\/pages\/1615\/revisions"}],"predecessor-version":[{"id":2197,"href":"https:\/\/magdaumer.pl\/home\/wp-json\/wp\/v2\/pages\/1615\/revisions\/2197"}],"up":[{"embeddable":true,"href":"https:\/\/magdaumer.pl\/home\/wp-json\/wp\/v2\/pages\/29"}],"wp:attachment":[{"href":"https:\/\/magdaumer.pl\/home\/wp-json\/wp\/v2\/media?parent=1615"}],"curies":[{"name":"wp","href":"https:\/\/api.w.org\/{rel}","templated":true}]}}