{"id":1606,"date":"2016-01-17T22:55:11","date_gmt":"2016-01-17T22:55:11","guid":{"rendered":"http:\/\/magdaumer.pl\/home\/?page_id=1606"},"modified":"2016-01-17T22:57:37","modified_gmt":"2016-01-17T22:57:37","slug":"szyby","status":"publish","type":"page","link":"https:\/\/magdaumer.pl\/home\/spiewnik\/szyby\/","title":{"rendered":"Szyby"},"content":{"rendered":"<p><span style=\"font-family: verdana, geneva, sans-serif;\"><b><span style=\"color: #000080; font-size: 14pt;\">Szyby<\/span><br \/>\n<span style=\"color: #6699ff; font-size: small;\">(s\u0142. E. Lipska, muz. M. B\u0119\u0107kowski)<\/span><span style=\"color: #3399ff; font-size: small;\"><br \/>\n<\/span><br \/>\n<span style=\"color: #666666;\"><br \/>\n<\/span><\/b><span style=\"color: #333333;\">Jak ci\u0119\u017cko jest patrze\u0107 w te szyby pod\u0142u\u017cne<br \/>\nKobiety p\u00f3\u0142senne r\u00f3\u017c z twarzy strzepuj\u0105<br \/>\nA obok pos\u0119pni przechodz\u0105 podr\u00f3\u017cni<br \/>\nZa nimi jest pejza\u017c&#8230;.wojsko maszeruje&#8230;<\/span><\/span><\/p>\n<p><span style=\"font-family: verdana, geneva, sans-serif; color: #333333;\">W pejza\u017cu s\u0105 sto\u0142y. Na sto\u0142ach jest wino<\/span><br \/>\n<span style=\"font-family: verdana, geneva, sans-serif; color: #333333;\"> Przy stole dziewczyna. W dziewczynie jest \u015bmiech<\/span><br \/>\n<span style=\"font-family: verdana, geneva, sans-serif; color: #333333;\"> A w \u015bmiechu jest smutek. I wszystko jak w kinie<\/span><br \/>\n<span style=\"font-family: verdana, geneva, sans-serif; color: #333333;\"> W tych szybach pod\u0142u\u017cnych. W dziewczynie jest \u015bmiech&#8230;<\/span><\/p>\n<p><span style=\"font-family: verdana, geneva, sans-serif; color: #333333;\">I ci\u0119\u017cko jest patrze\u0107: kobiety p\u00f3\u0142senne&#8230;<\/span><br \/>\n<span style=\"font-family: verdana, geneva, sans-serif; color: #333333;\"> W kobietach jest mi\u0142o\u015b\u0107. W mi\u0142o\u015bci jest kres<\/span><br \/>\n<span style=\"font-family: verdana, geneva, sans-serif; color: #333333;\"> A potem ju\u017c tylko s\u0105 szyby pod\u0142u\u017cne<\/span><br \/>\n<span style=\"font-family: verdana, geneva, sans-serif; color: #333333;\"> I smutek&#8230;podr\u00f3\u017cni&#8230;w mi\u0142o\u015bci jest kres<\/span><\/p>\n<p><span style=\"font-family: verdana, geneva, sans-serif; color: #333333;\">W podr\u00f3\u017cnych jest poci\u0105g, stukaj\u0105 w nim ko\u0142a<\/span><br \/>\n<span style=\"font-family: verdana, geneva, sans-serif; color: #333333;\"> A w ko\u0142ach jest wieczno\u015b\u0107, w wieczno\u015bci jest strach<\/span><br \/>\n<span style=\"font-family: verdana, geneva, sans-serif; color: #333333;\"> A w strachu jest cisza. A w ciszy najciszej&#8230;<\/span><br \/>\n<span style=\"font-family: verdana, geneva, sans-serif; color: #333333;\"> W podr\u00f3\u017cnych jest poci\u0105g i ci\u0105g\u0142a k\u00f3\u0142 gra&#8230;<\/span><\/p>\n<p><span style=\"font-family: verdana, geneva, sans-serif; color: #333333;\">Jak ci\u0119\u017cko jest patrze\u0107-wojsko maszeruje&#8230;<\/span><br \/>\n<span style=\"font-family: verdana, geneva, sans-serif; color: #333333;\"> W \u017co\u0142nierzu jest kula. A w kuli jest \u015bmier\u0107<\/span><br \/>\n<span style=\"font-family: verdana, geneva, sans-serif; color: #333333;\"> A w \u015bmierci jest wszystko. I nic nie ma w \u015bmierci<\/span><br \/>\n<span style=\"font-family: verdana, geneva, sans-serif; color: #333333;\"> A w \u015bmiechu jest smutek. W mi\u0142o\u015bci jest kres<\/span><\/p>\n<p><span style=\"font-family: verdana, geneva, sans-serif; color: #333333;\">Przy stole dziewczyna. W dziewczynie jest serce<\/span><br \/>\n<span style=\"font-family: verdana, geneva, sans-serif; color: #333333;\"> A w sercu jest \u017co\u0142nierz. W \u017co\u0142nierzu jest kula<\/span><br \/>\n<span style=\"font-family: verdana, geneva, sans-serif; color: #333333;\"> I cia\u0142o \u017co\u0142nierza ju\u017c ziemia przytula&#8230;<\/span><br \/>\n<span style=\"font-family: verdana, geneva, sans-serif; color: #333333;\"> I p\u0142acze dziewczyna&#8230; mijaj\u0105 podr\u00f3\u017cni&#8230;<\/span><\/p>\n<p>&nbsp;<\/p>\n<audio class=\"wp-audio-shortcode\" id=\"audio-1606-1\" preload=\"none\" style=\"width: 100%;\" controls=\"controls\"><source type=\"audio\/mpeg\" src=\"http:\/\/magdaumer.pl\/home\/wp-content\/uploads\/2014\/12\/szyby.mp3?_=1\" \/><a href=\"http:\/\/magdaumer.pl\/home\/wp-content\/uploads\/2014\/12\/szyby.mp3\">http:\/\/magdaumer.pl\/home\/wp-content\/uploads\/2014\/12\/szyby.mp3<\/a><\/audio>\n","protected":false},"excerpt":{"rendered":"<p>Szyby (s\u0142. E. Lipska, muz. M. B\u0119\u0107kowski) Jak ci\u0119\u017cko jest patrze\u0107 w te szyby pod\u0142u\u017cne Kobiety p\u00f3\u0142senne r\u00f3\u017c z twarzy strzepuj\u0105 A obok pos\u0119pni przechodz\u0105 podr\u00f3\u017cni Za nimi jest pejza\u017c&#8230;.wojsko maszeruje&#8230; W pejza\u017cu s\u0105 sto\u0142y. Na sto\u0142ach jest wino Przy stole dziewczyna. W dziewczynie jest \u015bmiech A w \u015bmiechu jest smutek. I wszystko jak w &hellip; <a href=\"https:\/\/magdaumer.pl\/home\/spiewnik\/szyby\/\" class=\"more-link\">Czytaj dalej <span class=\"screen-reader-text\">Szyby<\/span> <span class=\"meta-nav\">&rarr;<\/span><\/a><\/p>\n","protected":false},"author":1,"featured_media":0,"parent":29,"menu_order":128,"comment_status":"closed","ping_status":"closed","template":"","meta":{"footnotes":""},"class_list":["post-1606","page","type-page","status-publish","hentry"],"_links":{"self":[{"href":"https:\/\/magdaumer.pl\/home\/wp-json\/wp\/v2\/pages\/1606","targetHints":{"allow":["GET"]}}],"collection":[{"href":"https:\/\/magdaumer.pl\/home\/wp-json\/wp\/v2\/pages"}],"about":[{"href":"https:\/\/magdaumer.pl\/home\/wp-json\/wp\/v2\/types\/page"}],"author":[{"embeddable":true,"href":"https:\/\/magdaumer.pl\/home\/wp-json\/wp\/v2\/users\/1"}],"replies":[{"embeddable":true,"href":"https:\/\/magdaumer.pl\/home\/wp-json\/wp\/v2\/comments?post=1606"}],"version-history":[{"count":3,"href":"https:\/\/magdaumer.pl\/home\/wp-json\/wp\/v2\/pages\/1606\/revisions"}],"predecessor-version":[{"id":1608,"href":"https:\/\/magdaumer.pl\/home\/wp-json\/wp\/v2\/pages\/1606\/revisions\/1608"}],"up":[{"embeddable":true,"href":"https:\/\/magdaumer.pl\/home\/wp-json\/wp\/v2\/pages\/29"}],"wp:attachment":[{"href":"https:\/\/magdaumer.pl\/home\/wp-json\/wp\/v2\/media?parent=1606"}],"curies":[{"name":"wp","href":"https:\/\/api.w.org\/{rel}","templated":true}]}}