{"id":1592,"date":"2016-01-17T22:39:06","date_gmt":"2016-01-17T22:39:06","guid":{"rendered":"http:\/\/magdaumer.pl\/home\/?page_id=1592"},"modified":"2016-03-01T22:24:44","modified_gmt":"2016-03-01T22:24:44","slug":"szkoda-roz","status":"publish","type":"page","link":"https:\/\/magdaumer.pl\/home\/spiewnik\/szkoda-roz\/","title":{"rendered":"Szkoda r\u00f3\u017c"},"content":{"rendered":"<p><span style=\"font-family: verdana, geneva, sans-serif;\"><b><span style=\"color: #000080; font-size: 14pt;\">Szkoda r\u00f3\u017c<\/span><br \/> <span style=\"color: #6699ff; font-size: small;\">(s\u0142. J. Kofta, muz. J. Loranc)<\/span><span style=\"color: #3399ff; font-size: small;\"><br \/> <\/span><br \/> <span style=\"color: #666666;\"><br \/><\/span><\/b><span style=\"color: #666666;\"><span style=\"color: #333333;\">Ju\u017c ch\u0142\u00f3d jesienne zwarzy\u0142 kwiaty<\/span><br \/> <span style=\"color: #333333;\"> I r\u00f3\u017c czerwony p\u0142omie\u0144 nagle zgas\u0142<\/span><br \/> <span style=\"color: #333333;\"> A ja nie potrafi\u0119 westchn\u0105\u0107: c\u00f3\u017c<\/span><br \/> <span style=\"color: #333333;\"> Gdy m\u00f3wisz mi z u\u015bmiechem: szkoda r\u00f3\u017c<\/span><\/span><\/span><\/p>\n<p><span style=\"font-family: verdana, geneva, sans-serif; color: #333333;\">Szkoda r\u00f3\u017c, szkoda nas<\/span><br \/> <span style=\"font-family: verdana, geneva, sans-serif; color: #333333;\"> M\u00f3wisz: jesie\u0144, a my\u015blisz: to czas<\/span><br \/> <span style=\"font-family: verdana, geneva, sans-serif; color: #333333;\"> Szkoda r\u00f3\u017c, szkoda nas<\/span><br \/> <span style=\"font-family: verdana, geneva, sans-serif; color: #333333;\"> Nie zaczniemy ju\u017c nic jeszcze raz<\/span><br \/> <span style=\"font-family: verdana, geneva, sans-serif; color: #333333;\"> Szkoda r\u00f3\u017c, szkoda nas<\/span><br \/> <span style=\"font-family: verdana, geneva, sans-serif; color: #333333;\"> Spoza chmur nie dojrzymy ju\u017c gwiazd<\/span><br \/> <span style=\"font-family: verdana, geneva, sans-serif; color: #333333;\"> Tylko w ciemne oddale patrzymy po kres<\/span><br \/> <span style=\"font-family: verdana, geneva, sans-serif; color: #333333;\"> Do \u0142ez, do \u0142ez, do \u0142ez<\/span><\/p>\n<p><span style=\"font-family: verdana, geneva, sans-serif; color: #333333;\">Nie pierwszy raz przecie\u017c<\/span><br \/> <span style=\"font-family: verdana, geneva, sans-serif; color: #333333;\"> S\u0105 chmury tak nisko<\/span><br \/> <span style=\"font-family: verdana, geneva, sans-serif; color: #333333;\"> Cho\u0107 nic si\u0119 nie sta\u0142o<\/span><br \/> <span style=\"font-family: verdana, geneva, sans-serif; color: #333333;\"> To sta\u0142o si\u0119 wszystko<\/span><br \/> <span style=\"font-family: verdana, geneva, sans-serif; color: #333333;\"> A mo\u017ce nam serca wiatrem owia\u0142o<\/span><br \/> <span style=\"font-family: verdana, geneva, sans-serif; color: #333333;\"> Wyzi\u0119b\u0142y do dna<\/span><br \/> <span style=\"font-family: verdana, geneva, sans-serif; color: #333333;\"> No i st\u0105d taki \u017cal<\/span><\/p>\n<p><span style=\"font-family: verdana, geneva, sans-serif; color: #333333;\">Szkoda r\u00f3\u017c, szkoda nas<\/span><br \/> <span style=\"font-family: verdana, geneva, sans-serif; color: #333333;\"> Spoza chmur nie dojrzymy ju\u017c gwiazd<\/span><br \/> <span style=\"font-family: verdana, geneva, sans-serif; color: #333333;\"> Tylko w ciemne oddale patrzymy po kres<\/span><br \/> <span style=\"font-family: verdana, geneva, sans-serif; color: #333333;\"> Do \u0142ez, do \u0142ez, do \u0142ez<\/span><\/p>\n<p><span style=\"font-family: verdana, geneva, sans-serif; color: #333333;\">Czy z tym nie godzimy si\u0119 zbyt \u0142atwo<\/span><br \/> <span style=\"font-family: verdana, geneva, sans-serif; color: #333333;\"> Jak dym, \u015bwiat przes\u0142ania szara mg\u0142a<\/span><br \/> <span style=\"font-family: verdana, geneva, sans-serif; color: #333333;\"> Sp\u00f3jrz, koniec naszych dobrych wr\u00f3\u017cb<\/span><br \/> <span style=\"font-family: verdana, geneva, sans-serif; color: #333333;\"> Rozsypa\u0142 wiatr<\/span><br \/> <span style=\"font-family: verdana, geneva, sans-serif; color: #333333;\"> Zwarzone p\u0142atki r\u00f3\u017c<\/span><\/p>\n<p><span style=\"font-family: verdana, geneva, sans-serif; color: #333333;\">Szkoda r\u00f3\u017c, szkoda nas<\/span><br \/> <span style=\"font-family: verdana, geneva, sans-serif; color: #333333;\"> M\u00f3wisz: jesie\u0144, a my\u015blisz: to czas<\/span><br \/> <span style=\"font-family: verdana, geneva, sans-serif; color: #333333;\"> Szkoda r\u00f3\u017c, szkoda nas<\/span><br \/> <span style=\"font-family: verdana, geneva, sans-serif; color: #333333;\"> Nie zaczniemy ju\u017c nic jeszcze raz<\/span><br \/> <span style=\"font-family: verdana, geneva, sans-serif; color: #333333;\"> Szkoda r\u00f3\u017c, szkoda nas<\/span><br \/> <span style=\"font-family: verdana, geneva, sans-serif; color: #333333;\"> Spoza chmur nie dojrzymy ju\u017c gwiazd<\/span><br \/> <span style=\"font-family: verdana, geneva, sans-serif; color: #333333;\"> Tylko w ciemne oddale patrzymy po kres<\/span><br \/> <span style=\"font-family: verdana, geneva, sans-serif; color: #333333;\"> Do \u0142ez, do \u0142ez, do \u0142ez<\/span><\/p>\n<p><span style=\"font-family: verdana, geneva, sans-serif; color: #333333;\">Wiatr \u0142zy nam osuszy<\/span><br \/> <span style=\"font-family: verdana, geneva, sans-serif; color: #333333;\"> I s\u0142owa uniesie<\/span><br \/> <span style=\"font-family: verdana, geneva, sans-serif; color: #333333;\"> Ju\u017c nie ma mi\u0142o\u015bci<\/span><br \/> <span style=\"font-family: verdana, geneva, sans-serif; color: #333333;\"> Ju\u017c mieszka w nas jesie\u0144<\/span><br \/> <span style=\"font-family: verdana, geneva, sans-serif; color: #333333;\"> A mo\u017ce to tylko<\/span><br \/> <span style=\"font-family: verdana, geneva, sans-serif; color: #333333;\"> Smutek co mija<\/span><br \/> <span style=\"font-family: verdana, geneva, sans-serif; color: #333333;\"> Niczyja jest dal<\/span><br \/> <span style=\"font-family: verdana, geneva, sans-serif; color: #333333;\"> Ale sk\u0105d taki \u017cal<\/span><\/p>\n<p><span style=\"font-family: verdana, geneva, sans-serif; color: #333333;\">Szkoda r\u00f3\u017c, szkoda nas<\/span><br \/> <span style=\"font-family: verdana, geneva, sans-serif; color: #333333;\"> Spoza chmur nie dojrzymy ju\u017c gwiazd<\/span><br \/> <span style=\"font-family: verdana, geneva, sans-serif; color: #333333;\"> Tylko w ciemne oddale patrzymy po kres<\/span><br \/> <span style=\"font-family: verdana, geneva, sans-serif; color: #333333;\"> Do \u0142ez do \u0142ez do \u0142ez&#8230;<\/span><\/p>\n<p>&nbsp;<\/p>\n<audio class=\"wp-audio-shortcode\" id=\"audio-1592-1\" preload=\"none\" style=\"width: 100%;\" controls=\"controls\"><source type=\"audio\/mpeg\" src=\"http:\/\/magdaumer.pl\/home\/wp-content\/uploads\/2014\/12\/szkodaroz.mp3?_=1\" \/><a href=\"http:\/\/magdaumer.pl\/home\/wp-content\/uploads\/2014\/12\/szkodaroz.mp3\">http:\/\/magdaumer.pl\/home\/wp-content\/uploads\/2014\/12\/szkodaroz.mp3<\/a><\/audio>\n","protected":false},"excerpt":{"rendered":"<p>Szkoda r\u00f3\u017c (s\u0142. J. Kofta, muz. J. Loranc) Ju\u017c ch\u0142\u00f3d jesienne zwarzy\u0142 kwiaty I r\u00f3\u017c czerwony p\u0142omie\u0144 nagle zgas\u0142 A ja nie potrafi\u0119 westchn\u0105\u0107: c\u00f3\u017c Gdy m\u00f3wisz mi z u\u015bmiechem: szkoda r\u00f3\u017c Szkoda r\u00f3\u017c, szkoda nas M\u00f3wisz: jesie\u0144, a my\u015blisz: to czas Szkoda r\u00f3\u017c, szkoda nas Nie zaczniemy ju\u017c nic jeszcze raz Szkoda r\u00f3\u017c, szkoda &hellip; <a href=\"https:\/\/magdaumer.pl\/home\/spiewnik\/szkoda-roz\/\" class=\"more-link\">Czytaj dalej <span class=\"screen-reader-text\">Szkoda r\u00f3\u017c<\/span> <span class=\"meta-nav\">&rarr;<\/span><\/a><\/p>\n","protected":false},"author":1,"featured_media":0,"parent":29,"menu_order":125,"comment_status":"closed","ping_status":"closed","template":"","meta":{"footnotes":""},"class_list":["post-1592","page","type-page","status-publish","hentry"],"_links":{"self":[{"href":"https:\/\/magdaumer.pl\/home\/wp-json\/wp\/v2\/pages\/1592","targetHints":{"allow":["GET"]}}],"collection":[{"href":"https:\/\/magdaumer.pl\/home\/wp-json\/wp\/v2\/pages"}],"about":[{"href":"https:\/\/magdaumer.pl\/home\/wp-json\/wp\/v2\/types\/page"}],"author":[{"embeddable":true,"href":"https:\/\/magdaumer.pl\/home\/wp-json\/wp\/v2\/users\/1"}],"replies":[{"embeddable":true,"href":"https:\/\/magdaumer.pl\/home\/wp-json\/wp\/v2\/comments?post=1592"}],"version-history":[{"count":5,"href":"https:\/\/magdaumer.pl\/home\/wp-json\/wp\/v2\/pages\/1592\/revisions"}],"predecessor-version":[{"id":2195,"href":"https:\/\/magdaumer.pl\/home\/wp-json\/wp\/v2\/pages\/1592\/revisions\/2195"}],"up":[{"embeddable":true,"href":"https:\/\/magdaumer.pl\/home\/wp-json\/wp\/v2\/pages\/29"}],"wp:attachment":[{"href":"https:\/\/magdaumer.pl\/home\/wp-json\/wp\/v2\/media?parent=1592"}],"curies":[{"name":"wp","href":"https:\/\/api.w.org\/{rel}","templated":true}]}}