{"id":1577,"date":"2016-01-17T22:22:53","date_gmt":"2016-01-17T22:22:53","guid":{"rendered":"http:\/\/magdaumer.pl\/home\/?page_id=1577"},"modified":"2016-01-17T22:25:18","modified_gmt":"2016-01-17T22:25:18","slug":"staw-sie-zaplatal","status":"publish","type":"page","link":"https:\/\/magdaumer.pl\/home\/spiewnik\/staw-sie-zaplatal\/","title":{"rendered":"Staw si\u0119 zapl\u0105ta\u0142"},"content":{"rendered":"<p><span style=\"font-family: verdana, geneva, sans-serif;\"><b><span style=\"color: #000080; font-size: 14pt;\">Staw si\u0119 zapl\u0105ta\u0142<\/span><br \/>\n<span style=\"color: #6699ff; font-size: small;\">(s\u0142. Z. Stroi\u0144ski, muz. S. Syrewicz)<\/span><span style=\"color: #3399ff; font-size: small;\"><br \/>\n<\/span><br \/>\n<span style=\"color: #666666;\"><br \/>\n<\/span><\/b><span style=\"color: #333333;\">Staw si\u0119 zapl\u0105ta\u0142 w sieciach tataraku<br \/>\nw trzcinach si\u0119 zgubi\u0142 jasny wiatr<br \/>\ncichy jak zach\u00f3d, widoczny gdzie\u015b we \u015bnie<br \/>\nna dnie trzepoc\u0105 smuk\u0142e skrzyd\u0142a ptak\u00f3w<br \/>\nw wodzie i w niebie jednocze\u015bnie<\/span><\/span><\/p>\n<p><span style=\"font-family: verdana, geneva, sans-serif; color: #333333;\">A s\u0142o\u0144ce kre\u015bli czerwone zagadki<\/span><br \/>\n<span style=\"font-family: verdana, geneva, sans-serif; color: #333333;\"> z twarzy na twarze przerzuca jak most<\/span><br \/>\n<span style=\"font-family: verdana, geneva, sans-serif; color: #333333;\"> my\u015bli si\u0119 snuj\u0105, jak bia\u0142e \u0142ab\u0119dzie<\/span><br \/>\n<span style=\"font-family: verdana, geneva, sans-serif; color: #333333;\"> gdzie\u015b zagubione w nadmiarze czy braku<\/span><br \/>\n<span style=\"font-family: verdana, geneva, sans-serif; color: #333333;\"> w wodzie, w niebie, wsz\u0119dzie<\/span><br \/>\n<span style=\"font-family: verdana, geneva, sans-serif; color: #333333;\"> Gdzie\u015b jak ptaki, gdzie\u015b na wprost<\/span><br \/>\n<span style=\"font-family: verdana, geneva, sans-serif; color: #333333;\"> a\u017c w ko\u0144cu niebo zesz\u0142o si\u0119 z wod\u0105<\/span><br \/>\n<span style=\"font-family: verdana, geneva, sans-serif; color: #333333;\"> a trzciny ci\u0119\u017cko \u015bpiewa\u0142y im<\/span><br \/>\n<span style=\"font-family: verdana, geneva, sans-serif; color: #333333;\"> i zach\u00f3d by\u0142 w stawie \u2013 staw w sercu zachodu<\/span><br \/>\n<span style=\"font-family: verdana, geneva, sans-serif; color: #333333;\"> na \u0142\u00f3dk\u0119 podlecia\u0142, jak ze zmierzchu utkany<\/span><br \/>\n<span style=\"font-family: verdana, geneva, sans-serif; color: #333333;\"> duch s\u0142o\u0144ca i wiosny\u2026<\/span><\/p>\n<p>&nbsp;<\/p>\n<audio class=\"wp-audio-shortcode\" id=\"audio-1577-1\" preload=\"none\" style=\"width: 100%;\" controls=\"controls\"><source type=\"audio\/mpeg\" src=\"http:\/\/magdaumer.pl\/home\/wp-content\/uploads\/2014\/12\/stawsiezaplatal.mp3?_=1\" \/><a href=\"http:\/\/magdaumer.pl\/home\/wp-content\/uploads\/2014\/12\/stawsiezaplatal.mp3\">http:\/\/magdaumer.pl\/home\/wp-content\/uploads\/2014\/12\/stawsiezaplatal.mp3<\/a><\/audio>\n","protected":false},"excerpt":{"rendered":"<p>Staw si\u0119 zapl\u0105ta\u0142 (s\u0142. Z. Stroi\u0144ski, muz. S. Syrewicz) Staw si\u0119 zapl\u0105ta\u0142 w sieciach tataraku w trzcinach si\u0119 zgubi\u0142 jasny wiatr cichy jak zach\u00f3d, widoczny gdzie\u015b we \u015bnie na dnie trzepoc\u0105 smuk\u0142e skrzyd\u0142a ptak\u00f3w w wodzie i w niebie jednocze\u015bnie A s\u0142o\u0144ce kre\u015bli czerwone zagadki z twarzy na twarze przerzuca jak most my\u015bli si\u0119 snuj\u0105, &hellip; <a href=\"https:\/\/magdaumer.pl\/home\/spiewnik\/staw-sie-zaplatal\/\" class=\"more-link\">Czytaj dalej <span class=\"screen-reader-text\">Staw si\u0119 zapl\u0105ta\u0142<\/span> <span class=\"meta-nav\">&rarr;<\/span><\/a><\/p>\n","protected":false},"author":1,"featured_media":0,"parent":29,"menu_order":121,"comment_status":"closed","ping_status":"closed","template":"","meta":{"footnotes":""},"class_list":["post-1577","page","type-page","status-publish","hentry"],"_links":{"self":[{"href":"https:\/\/magdaumer.pl\/home\/wp-json\/wp\/v2\/pages\/1577","targetHints":{"allow":["GET"]}}],"collection":[{"href":"https:\/\/magdaumer.pl\/home\/wp-json\/wp\/v2\/pages"}],"about":[{"href":"https:\/\/magdaumer.pl\/home\/wp-json\/wp\/v2\/types\/page"}],"author":[{"embeddable":true,"href":"https:\/\/magdaumer.pl\/home\/wp-json\/wp\/v2\/users\/1"}],"replies":[{"embeddable":true,"href":"https:\/\/magdaumer.pl\/home\/wp-json\/wp\/v2\/comments?post=1577"}],"version-history":[{"count":4,"href":"https:\/\/magdaumer.pl\/home\/wp-json\/wp\/v2\/pages\/1577\/revisions"}],"predecessor-version":[{"id":1581,"href":"https:\/\/magdaumer.pl\/home\/wp-json\/wp\/v2\/pages\/1577\/revisions\/1581"}],"up":[{"embeddable":true,"href":"https:\/\/magdaumer.pl\/home\/wp-json\/wp\/v2\/pages\/29"}],"wp:attachment":[{"href":"https:\/\/magdaumer.pl\/home\/wp-json\/wp\/v2\/media?parent=1577"}],"curies":[{"name":"wp","href":"https:\/\/api.w.org\/{rel}","templated":true}]}}