{"id":1567,"date":"2016-01-17T22:12:09","date_gmt":"2016-01-17T22:12:09","guid":{"rendered":"http:\/\/magdaumer.pl\/home\/?page_id=1567"},"modified":"2016-01-17T22:15:33","modified_gmt":"2016-01-17T22:15:33","slug":"spokoj-wieczoru","status":"publish","type":"page","link":"https:\/\/magdaumer.pl\/home\/spiewnik\/spokoj-wieczoru\/","title":{"rendered":"Spok\u00f3j wieczoru"},"content":{"rendered":"<p><span style=\"font-family: verdana, geneva, sans-serif;\"><b><span style=\"color: #000080; font-size: 14pt;\">Spok\u00f3j wieczoru<\/span><br \/>\n<span style=\"color: #6699ff; font-size: small;\">(s\u0142. I. Iredy\u0144ski, muz. J. Derfel)<\/span><span style=\"color: #3399ff; font-size: small;\"><br \/>\n<\/span><br \/>\n<span style=\"color: #666666;\"><br \/>\n<\/span><\/b><span style=\"color: #333333;\">Ob\u0142oki r\u00f3\u017cem prze\u015bwietlone<br \/>\nW\u0119druj\u0105 wolno nad dolin\u0105<br \/>\nI pachnie dymem i trawami<br \/>\nI nuty jak oddechy p\u0142yn\u0105<br \/>\nPies na kolanach g\u0142ow\u0119 k\u0142adzie<br \/>\nI w jego oczach si\u0119 odbija<br \/>\nR\u00f3\u017cem \u015bwiec\u0105cy lekki ob\u0142ok<br \/>\nI ob\u0142ok w oczach tych przemija<\/span><\/span><\/p>\n<p><span style=\"font-family: verdana, geneva, sans-serif; color: #333333;\">Spok\u00f3j, spok\u00f3j wieczoru<\/span><br \/>\n<span style=\"font-family: verdana, geneva, sans-serif; color: #333333;\"> I \u0107wir, \u0107wir ptasich spor\u00f3w<\/span><br \/>\n<span style=\"font-family: verdana, geneva, sans-serif; color: #333333;\"> \u0141agodno\u015b\u0107, serca \u0142agodno\u015b\u0107<\/span><br \/>\n<span style=\"font-family: verdana, geneva, sans-serif; color: #333333;\"> Ziemi i nieba wieczorna godno\u015b\u0107<\/span><\/p>\n<p><span style=\"font-family: verdana, geneva, sans-serif; color: #333333;\">Ob\u0142oki srebrem ju\u017c bielej\u0105<\/span><br \/>\n<span style=\"font-family: verdana, geneva, sans-serif; color: #333333;\"> I cie\u0144 si\u0119 k\u0142adzie na dolinie<\/span><br \/>\n<span style=\"font-family: verdana, geneva, sans-serif; color: #333333;\"> Pociemnia\u0142 dom sk\u0105pany w zmierzchu<\/span><br \/>\n<span style=\"font-family: verdana, geneva, sans-serif; color: #333333;\"> Jakby sk\u0105pany w dzikim winie<\/span><br \/>\n<span style=\"font-family: verdana, geneva, sans-serif; color: #333333;\"> Pies z kolan g\u0142ow\u0119 ju\u017c zdejmuje<\/span><br \/>\n<span style=\"font-family: verdana, geneva, sans-serif; color: #333333;\"> I z \u0142awki wstaje si\u0119 powoli<\/span><br \/>\n<span style=\"font-family: verdana, geneva, sans-serif; color: #333333;\"> Jak gwizd poci\u0105gu jest dalekie<\/span><br \/>\n<span style=\"font-family: verdana, geneva, sans-serif; color: #333333;\"> Wszystko co dr\u0119czy i co boli<\/span><\/p>\n<p><span style=\"font-family: verdana, geneva, sans-serif; color: #333333;\">Spok\u00f3j, spok\u00f3j wieczoru<\/span><br \/>\n<span style=\"font-family: verdana, geneva, sans-serif; color: #333333;\"> I \u0107wir, \u0107wir ptasich spor\u00f3w<\/span><br \/>\n<span style=\"font-family: verdana, geneva, sans-serif; color: #333333;\"> \u0141agodno\u015b\u0107, serca \u0142agodno\u015b\u0107<\/span><br \/>\n<span style=\"font-family: verdana, geneva, sans-serif; color: #333333;\"> Ziemi i nieba wieczorna godno\u015b\u0107<\/span><\/p>\n<p>&nbsp;<\/p>\n<audio class=\"wp-audio-shortcode\" id=\"audio-1567-1\" preload=\"none\" style=\"width: 100%;\" controls=\"controls\"><source type=\"audio\/mpeg\" src=\"http:\/\/magdaumer.pl\/home\/wp-content\/uploads\/2014\/12\/spokojwieczoru.mp3?_=1\" \/><a href=\"http:\/\/magdaumer.pl\/home\/wp-content\/uploads\/2014\/12\/spokojwieczoru.mp3\">http:\/\/magdaumer.pl\/home\/wp-content\/uploads\/2014\/12\/spokojwieczoru.mp3<\/a><\/audio>\n","protected":false},"excerpt":{"rendered":"<p>Spok\u00f3j wieczoru (s\u0142. I. Iredy\u0144ski, muz. J. Derfel) Ob\u0142oki r\u00f3\u017cem prze\u015bwietlone W\u0119druj\u0105 wolno nad dolin\u0105 I pachnie dymem i trawami I nuty jak oddechy p\u0142yn\u0105 Pies na kolanach g\u0142ow\u0119 k\u0142adzie I w jego oczach si\u0119 odbija R\u00f3\u017cem \u015bwiec\u0105cy lekki ob\u0142ok I ob\u0142ok w oczach tych przemija Spok\u00f3j, spok\u00f3j wieczoru I \u0107wir, \u0107wir ptasich spor\u00f3w \u0141agodno\u015b\u0107, &hellip; <a href=\"https:\/\/magdaumer.pl\/home\/spiewnik\/spokoj-wieczoru\/\" class=\"more-link\">Czytaj dalej <span class=\"screen-reader-text\">Spok\u00f3j wieczoru<\/span> <span class=\"meta-nav\">&rarr;<\/span><\/a><\/p>\n","protected":false},"author":1,"featured_media":0,"parent":29,"menu_order":119,"comment_status":"closed","ping_status":"closed","template":"","meta":{"footnotes":""},"class_list":["post-1567","page","type-page","status-publish","hentry"],"_links":{"self":[{"href":"https:\/\/magdaumer.pl\/home\/wp-json\/wp\/v2\/pages\/1567","targetHints":{"allow":["GET"]}}],"collection":[{"href":"https:\/\/magdaumer.pl\/home\/wp-json\/wp\/v2\/pages"}],"about":[{"href":"https:\/\/magdaumer.pl\/home\/wp-json\/wp\/v2\/types\/page"}],"author":[{"embeddable":true,"href":"https:\/\/magdaumer.pl\/home\/wp-json\/wp\/v2\/users\/1"}],"replies":[{"embeddable":true,"href":"https:\/\/magdaumer.pl\/home\/wp-json\/wp\/v2\/comments?post=1567"}],"version-history":[{"count":4,"href":"https:\/\/magdaumer.pl\/home\/wp-json\/wp\/v2\/pages\/1567\/revisions"}],"predecessor-version":[{"id":1572,"href":"https:\/\/magdaumer.pl\/home\/wp-json\/wp\/v2\/pages\/1567\/revisions\/1572"}],"up":[{"embeddable":true,"href":"https:\/\/magdaumer.pl\/home\/wp-json\/wp\/v2\/pages\/29"}],"wp:attachment":[{"href":"https:\/\/magdaumer.pl\/home\/wp-json\/wp\/v2\/media?parent=1567"}],"curies":[{"name":"wp","href":"https:\/\/api.w.org\/{rel}","templated":true}]}}