{"id":1563,"date":"2016-01-17T22:05:28","date_gmt":"2016-01-17T22:05:28","guid":{"rendered":"http:\/\/magdaumer.pl\/home\/?page_id=1563"},"modified":"2016-01-17T22:11:03","modified_gmt":"2016-01-17T22:11:03","slug":"slynny-niebieski-prochowiec","status":"publish","type":"page","link":"https:\/\/magdaumer.pl\/home\/spiewnik\/slynny-niebieski-prochowiec\/","title":{"rendered":"S\u0142ynny niebieski prochowiec"},"content":{"rendered":"<p><span style=\"font-family: verdana, geneva, sans-serif;\"><b><span style=\"color: #000080; font-size: 14pt;\">S\u0142ynny niebieski prochowiec<\/span><br \/>\n<span style=\"color: #6699ff; font-size: small;\">(s\u0142. i muz. L. Cohen, t\u0142um. M. Zembaty)<\/span><span style=\"color: #3399ff; font-size: small;\"><br \/>\n<\/span><br \/>\n<\/b><\/span><\/p>\n<p><span style=\"font-family: verdana, geneva, sans-serif; color: #333333;\">Jest czwarta nad ranem<\/span><br \/>\n<span style=\"font-family: verdana, geneva, sans-serif; color: #333333;\"> Ju\u017c ko\u0144czy si\u0119 grudzie\u0144<\/span><br \/>\n<span style=\"font-family: verdana, geneva, sans-serif; color: #333333;\"> List pisz\u0119 do ciebie<\/span><br \/>\n<span style=\"font-family: verdana, geneva, sans-serif; color: #333333;\"> Czy dobrze si\u0119 czujesz<\/span><br \/>\n<span style=\"font-family: verdana, geneva, sans-serif; color: #333333;\"> W New Yorku jest zimno<\/span><br \/>\n<span style=\"font-family: verdana, geneva, sans-serif; color: #333333;\"> Poza tym w porz\u0105dku<\/span><br \/>\n<span style=\"font-family: verdana, geneva, sans-serif; color: #333333;\"> Muzyka na Clinton Street<\/span><br \/>\n<span style=\"font-family: verdana, geneva, sans-serif; color: #333333;\"> Gra na okr\u0105g\u0142o<\/span><\/p>\n<p><span style=\"font-family: verdana, geneva, sans-serif; color: #333333;\">Podobno budujesz<\/span><br \/>\n<span style=\"font-family: verdana, geneva, sans-serif; color: #333333;\"> Sw\u00f3j w\u0142asny dom<\/span><br \/>\n<span style=\"font-family: verdana, geneva, sans-serif; color: #333333;\"> W g\u0142\u0119bi pustyni<\/span><br \/>\n<span style=\"font-family: verdana, geneva, sans-serif; color: #333333;\"> Od \u017cycia nie chcesz ju\u017c nic<\/span><br \/>\n<span style=\"font-family: verdana, geneva, sans-serif; color: #333333;\"> Lecz musia\u0142a\u015b zachowa\u0107<\/span><br \/>\n<span style=\"font-family: verdana, geneva, sans-serif; color: #333333;\"> Wspomnienia<\/span><\/p>\n<p><span style=\"font-family: verdana, geneva, sans-serif; color: #333333;\">Tak<\/span><br \/>\n<span style=\"font-family: verdana, geneva, sans-serif; color: #333333;\"> A on do dzi\u015b<\/span><br \/>\n<span style=\"font-family: verdana, geneva, sans-serif; color: #333333;\"> Kosmyk w\u0142os\u00f3w ma Twych<\/span><br \/>\n<span style=\"font-family: verdana, geneva, sans-serif; color: #333333;\"> Wiem, \u017ce gdy dawa\u0142e\u015b go mu<\/span><br \/>\n<span style=\"font-family: verdana, geneva, sans-serif; color: #333333;\"> My\u015bla\u0142a\u015b ju\u017c o tym by zwia\u0107<\/span><br \/>\n<span style=\"font-family: verdana, geneva, sans-serif; color: #333333;\"> Lecz nie\u0142atwo jest zwia\u0107<\/span><\/p>\n<p><span style=\"font-family: verdana, geneva, sans-serif; color: #333333;\">Gdy tu by\u0142a\u015b ostatnio<\/span><br \/>\n<span style=\"font-family: verdana, geneva, sans-serif; color: #333333;\"> Wygl\u0105da\u0142a\u015b zn\u00f3w starzej<\/span><br \/>\n<span style=\"font-family: verdana, geneva, sans-serif; color: #333333;\"> Podniszczy\u0142a\u015b sw\u00f3j s\u0142ynny<\/span><br \/>\n<span style=\"font-family: verdana, geneva, sans-serif; color: #333333;\"> Niebieski prochowiec<\/span><br \/>\n<span style=\"font-family: verdana, geneva, sans-serif; color: #333333;\"> Do ka\u017cdego poci\u0105gu<\/span><br \/>\n<span style=\"font-family: verdana, geneva, sans-serif; color: #333333;\"> Wychodzi\u0142a\u015b na dworzec<\/span><br \/>\n<span style=\"font-family: verdana, geneva, sans-serif; color: #333333;\"> A\u017c wsiad\u0142a\u015b w ostatni<\/span><br \/>\n<span style=\"font-family: verdana, geneva, sans-serif; color: #333333;\"> I uciek\u0142a\u015b jak z\u0142odziej&#8230;<\/span><\/p>\n<p><span style=\"font-family: verdana, geneva, sans-serif; color: #333333;\">Da\u0142a\u015b memu m\u0119\u017cczy\u017anie<\/span><br \/>\n<span style=\"font-family: verdana, geneva, sans-serif; color: #333333;\"> Twego \u017cycia<\/span><br \/>\n<span style=\"font-family: verdana, geneva, sans-serif; color: #333333;\"> Ledwie strz\u0119p<\/span><br \/>\n<span style=\"font-family: verdana, geneva, sans-serif; color: #333333;\"> Nie jest ju\u017c moim m\u0119\u017cem<\/span><br \/>\n<span style=\"font-family: verdana, geneva, sans-serif; color: #333333;\"> No ale twoim te\u017c nie<\/span><\/p>\n<p><span style=\"font-family: verdana, geneva, sans-serif; color: #333333;\">Ci\u0105gle widz\u0119 Ci\u0119<\/span><br \/>\n<span style=\"font-family: verdana, geneva, sans-serif; color: #333333;\"> Z r\u00f3\u017c\u0105 w z\u0119bach cho\u0107 wiem<\/span><br \/>\n<span style=\"font-family: verdana, geneva, sans-serif; color: #333333;\"> \u017be to tani by\u0142 greps<\/span><br \/>\n<span style=\"font-family: verdana, geneva, sans-serif; color: #333333;\"> On zachwyci\u0142 nim si\u0119<\/span><br \/>\n<span style=\"font-family: verdana, geneva, sans-serif; color: #333333;\"> I zachwyci\u0142 Ci\u0119 te\u017c<\/span><\/p>\n<p><span style=\"font-family: verdana, geneva, sans-serif; color: #333333;\">C\u00f3\u017c mam Ci powiedzie\u0107<\/span><br \/>\n<span style=\"font-family: verdana, geneva, sans-serif; color: #333333;\"> O siostro okrutna<\/span><br \/>\n<span style=\"font-family: verdana, geneva, sans-serif; color: #333333;\"> Nie wiem czy pisa\u0107<\/span><br \/>\n<span style=\"font-family: verdana, geneva, sans-serif; color: #333333;\"> Czy nie &#8230;<\/span><br \/>\n<span style=\"font-family: verdana, geneva, sans-serif; color: #333333;\"> Brakuje mi ciebie<\/span><br \/>\n<span style=\"font-family: verdana, geneva, sans-serif; color: #333333;\"> Przebaczam od siebie<\/span><br \/>\n<span style=\"font-family: verdana, geneva, sans-serif; color: #333333;\"> To dobrze<\/span><br \/>\n<span style=\"font-family: verdana, geneva, sans-serif; color: #333333;\"> Cho\u0107 sta\u0142o si\u0119 \u017ale<\/span><\/p>\n<p><span style=\"font-family: verdana, geneva, sans-serif; color: #333333;\">A mo\u017ce by\u015b<\/span><br \/>\n<span style=\"font-family: verdana, geneva, sans-serif; color: #333333;\"> Tak wpad\u0142a tu<\/span><br \/>\n<span style=\"font-family: verdana, geneva, sans-serif; color: #333333;\"> Do niego<\/span><br \/>\n<span style=\"font-family: verdana, geneva, sans-serif; color: #333333;\"> Lub mnie<\/span><br \/>\n<span style=\"font-family: verdana, geneva, sans-serif; color: #333333;\"> Tw\u00f3j wr\u00f3g sypia nadal twardo<\/span><br \/>\n<span style=\"font-family: verdana, geneva, sans-serif; color: #333333;\"> A on<\/span><br \/>\n<span style=\"font-family: verdana, geneva, sans-serif; color: #333333;\"> M\u0119czy si\u0119<\/span><\/p>\n<p><span style=\"font-family: verdana, geneva, sans-serif; color: #333333;\">Dzi\u0119kuj\u0119 ci \u017ce<\/span><br \/>\n<span style=\"font-family: verdana, geneva, sans-serif; color: #333333;\"> Wyp\u0119dzi\u0142a\u015b mu z oczu<\/span><br \/>\n<span style=\"font-family: verdana, geneva, sans-serif; color: #333333;\"> ten \u017cal<\/span><br \/>\n<span style=\"font-family: verdana, geneva, sans-serif; color: #333333;\"> Ja wiedzia\u0142am, \u017ce musi by\u0107 tak<\/span><br \/>\n<span style=\"font-family: verdana, geneva, sans-serif; color: #333333;\"> Nie stara\u0142em si\u0119 wi\u0119c<\/span><br \/>\n<span style=\"font-family: verdana, geneva, sans-serif; color: #333333;\"> No a on<\/span><br \/>\n<span style=\"font-family: verdana, geneva, sans-serif; color: #333333;\"> Do dzi\u015b<\/span><br \/>\n<span style=\"font-family: verdana, geneva, sans-serif; color: #333333;\"> Kosmyk w\u0142os\u00f3w ma twych<\/span><br \/>\n<span style=\"font-family: verdana, geneva, sans-serif; color: #333333;\"> Wiem, \u017ce gdy dawa\u0142a\u015b go mu<\/span><br \/>\n<span style=\"font-family: verdana, geneva, sans-serif; color: #333333;\"> My\u015bla\u0142a\u015b ju\u017c o tym by zwia\u0107<\/span><\/p>\n<p><span style=\"font-family: verdana, geneva, sans-serif; color: #333333;\">Z powa\u017caniem mi\u0142uj\u0105cy Ci\u0119 wr\u00f3g<\/span><\/p>\n<p>&nbsp;<\/p>\n<audio class=\"wp-audio-shortcode\" id=\"audio-1563-1\" preload=\"none\" style=\"width: 100%;\" controls=\"controls\"><source type=\"audio\/mpeg\" src=\"http:\/\/magdaumer.pl\/home\/wp-content\/uploads\/2014\/12\/slynnyniebieskiprochowiec.mp3?_=1\" \/><a href=\"http:\/\/magdaumer.pl\/home\/wp-content\/uploads\/2014\/12\/slynnyniebieskiprochowiec.mp3\">http:\/\/magdaumer.pl\/home\/wp-content\/uploads\/2014\/12\/slynnyniebieskiprochowiec.mp3<\/a><\/audio>\n","protected":false},"excerpt":{"rendered":"<p>S\u0142ynny niebieski prochowiec (s\u0142. i muz. L. Cohen, t\u0142um. M. Zembaty) Jest czwarta nad ranem Ju\u017c ko\u0144czy si\u0119 grudzie\u0144 List pisz\u0119 do ciebie Czy dobrze si\u0119 czujesz W New Yorku jest zimno Poza tym w porz\u0105dku Muzyka na Clinton Street Gra na okr\u0105g\u0142o Podobno budujesz Sw\u00f3j w\u0142asny dom W g\u0142\u0119bi pustyni Od \u017cycia nie chcesz &hellip; <a href=\"https:\/\/magdaumer.pl\/home\/spiewnik\/slynny-niebieski-prochowiec\/\" class=\"more-link\">Czytaj dalej <span class=\"screen-reader-text\">S\u0142ynny niebieski prochowiec<\/span> <span class=\"meta-nav\">&rarr;<\/span><\/a><\/p>\n","protected":false},"author":1,"featured_media":0,"parent":29,"menu_order":118,"comment_status":"closed","ping_status":"closed","template":"","meta":{"footnotes":""},"class_list":["post-1563","page","type-page","status-publish","hentry"],"_links":{"self":[{"href":"https:\/\/magdaumer.pl\/home\/wp-json\/wp\/v2\/pages\/1563","targetHints":{"allow":["GET"]}}],"collection":[{"href":"https:\/\/magdaumer.pl\/home\/wp-json\/wp\/v2\/pages"}],"about":[{"href":"https:\/\/magdaumer.pl\/home\/wp-json\/wp\/v2\/types\/page"}],"author":[{"embeddable":true,"href":"https:\/\/magdaumer.pl\/home\/wp-json\/wp\/v2\/users\/1"}],"replies":[{"embeddable":true,"href":"https:\/\/magdaumer.pl\/home\/wp-json\/wp\/v2\/comments?post=1563"}],"version-history":[{"count":3,"href":"https:\/\/magdaumer.pl\/home\/wp-json\/wp\/v2\/pages\/1563\/revisions"}],"predecessor-version":[{"id":1565,"href":"https:\/\/magdaumer.pl\/home\/wp-json\/wp\/v2\/pages\/1563\/revisions\/1565"}],"up":[{"embeddable":true,"href":"https:\/\/magdaumer.pl\/home\/wp-json\/wp\/v2\/pages\/29"}],"wp:attachment":[{"href":"https:\/\/magdaumer.pl\/home\/wp-json\/wp\/v2\/media?parent=1563"}],"curies":[{"name":"wp","href":"https:\/\/api.w.org\/{rel}","templated":true}]}}