{"id":1560,"date":"2016-01-17T22:02:11","date_gmt":"2016-01-17T22:02:11","guid":{"rendered":"http:\/\/magdaumer.pl\/home\/?page_id=1560"},"modified":"2016-01-17T22:03:59","modified_gmt":"2016-01-17T22:03:59","slug":"sloneczko-juz","status":"publish","type":"page","link":"https:\/\/magdaumer.pl\/home\/spiewnik\/sloneczko-juz\/","title":{"rendered":"S\u0142oneczko ju\u017c&#8230;"},"content":{"rendered":"<p><span style=\"font-family: verdana, geneva, sans-serif;\"><b><span style=\"color: #000080; font-size: 14pt;\">S\u0142oneczko ju\u017c&#8230;<\/span><br \/>\n<span style=\"color: #6699ff; font-size: small;\">(s\u0142. i mel. tradycyjne)<\/span><span style=\"color: #3399ff; font-size: small;\"><br \/>\n<\/span><br \/>\n<span style=\"color: #666666;\"><br \/>\n<\/span><\/b><span style=\"color: #333333;\">S\u0142oneczko ju\u017c gasi z\u0142oty blask<br \/>\nZa chwil\u0119 niebo b\u0142y\u015bnie czarem gwiazd<br \/>\nDobranoc&#8230;<br \/>\nDobranoc&#8230;<br \/>\nDobranoc&#8230;<br \/>\nDobranoc&#8230;<br \/>\nDobranoc ju\u017c&#8230;<\/span><\/span><\/p>\n<p>&nbsp;<\/p>\n<audio class=\"wp-audio-shortcode\" id=\"audio-1560-1\" preload=\"none\" style=\"width: 100%;\" controls=\"controls\"><source type=\"audio\/mpeg\" src=\"http:\/\/magdaumer.pl\/home\/wp-content\/uploads\/2014\/12\/sloneczkojuz.mp3?_=1\" \/><a href=\"http:\/\/magdaumer.pl\/home\/wp-content\/uploads\/2014\/12\/sloneczkojuz.mp3\">http:\/\/magdaumer.pl\/home\/wp-content\/uploads\/2014\/12\/sloneczkojuz.mp3<\/a><\/audio>\n","protected":false},"excerpt":{"rendered":"<p>S\u0142oneczko ju\u017c&#8230; (s\u0142. i mel. tradycyjne) S\u0142oneczko ju\u017c gasi z\u0142oty blask Za chwil\u0119 niebo b\u0142y\u015bnie czarem gwiazd Dobranoc&#8230; Dobranoc&#8230; Dobranoc&#8230; Dobranoc&#8230; Dobranoc ju\u017c&#8230; &nbsp;<\/p>\n","protected":false},"author":1,"featured_media":0,"parent":29,"menu_order":117,"comment_status":"closed","ping_status":"closed","template":"","meta":{"footnotes":""},"class_list":["post-1560","page","type-page","status-publish","hentry"],"_links":{"self":[{"href":"https:\/\/magdaumer.pl\/home\/wp-json\/wp\/v2\/pages\/1560","targetHints":{"allow":["GET"]}}],"collection":[{"href":"https:\/\/magdaumer.pl\/home\/wp-json\/wp\/v2\/pages"}],"about":[{"href":"https:\/\/magdaumer.pl\/home\/wp-json\/wp\/v2\/types\/page"}],"author":[{"embeddable":true,"href":"https:\/\/magdaumer.pl\/home\/wp-json\/wp\/v2\/users\/1"}],"replies":[{"embeddable":true,"href":"https:\/\/magdaumer.pl\/home\/wp-json\/wp\/v2\/comments?post=1560"}],"version-history":[{"count":2,"href":"https:\/\/magdaumer.pl\/home\/wp-json\/wp\/v2\/pages\/1560\/revisions"}],"predecessor-version":[{"id":1562,"href":"https:\/\/magdaumer.pl\/home\/wp-json\/wp\/v2\/pages\/1560\/revisions\/1562"}],"up":[{"embeddable":true,"href":"https:\/\/magdaumer.pl\/home\/wp-json\/wp\/v2\/pages\/29"}],"wp:attachment":[{"href":"https:\/\/magdaumer.pl\/home\/wp-json\/wp\/v2\/media?parent=1560"}],"curies":[{"name":"wp","href":"https:\/\/api.w.org\/{rel}","templated":true}]}}