{"id":1538,"date":"2016-01-17T21:39:00","date_gmt":"2016-01-17T21:39:00","guid":{"rendered":"http:\/\/magdaumer.pl\/home\/?page_id=1538"},"modified":"2016-03-01T22:13:10","modified_gmt":"2016-03-01T22:13:10","slug":"refreny-witkacego-i","status":"publish","type":"page","link":"https:\/\/magdaumer.pl\/home\/spiewnik\/refreny-witkacego-i\/","title":{"rendered":"Refreny Witkacego I"},"content":{"rendered":"<p><span style=\"font-family: verdana, geneva, sans-serif;\"><b><span style=\"color: #000080; font-size: 14pt;\">Refreny Witkacego I<\/span><br \/> <span style=\"color: #6699ff; font-size: small;\">(s\u0142. Witkacy, muz. M. Grechuta, J. K. Pawlu\u015bkiewicz)<\/span><span style=\"color: #3399ff; font-size: small;\"><br \/> <\/span><br \/> <span style=\"color: #666666;\"><br \/> <\/span><\/b><\/span><span style=\"color: #333333; font-family: verdana, geneva, sans-serif;\">We\u017a mnie ze sob\u0105 na te kwietne \u0142\u0105ki<br \/> gdzie\u015bmy b\u0142\u0119kitne zbierali kwiateczki<br \/> i w letnim s\u0142o\u0144cu bzykiwa\u0142y b\u0105ki<br \/> i mi\u00f3d zbiera\u0142y w swe dziwne woreczki<\/span><\/p>\n<p><span style=\"font-family: verdana, geneva, sans-serif; color: #333333;\">Z g\u0142\u0119biny nocy niepoj\u0119tej<\/span><br \/><span style=\"font-family: verdana, geneva, sans-serif; color: #333333;\"> sen modrooki na mnie kiwa<\/span><br \/><span style=\"font-family: verdana, geneva, sans-serif; color: #333333;\"> w postaci dziwnej, wniebowzi\u0119tej<\/span><br \/><span style=\"font-family: verdana, geneva, sans-serif; color: #333333;\"> ku \u015bwiatom swoim mnie przyzywa<\/span><\/p>\n<p><span style=\"font-family: verdana, geneva, sans-serif; color: #333333;\">We\u017a mnie ze sob\u0105 na te kwietne \u0142\u0105ki<\/span><br \/><span style=\"font-family: verdana, geneva, sans-serif; color: #333333;\"> gdzie\u015bmy b\u0142\u0119kitne zbierali kwiateczki<\/span><br \/><span style=\"font-family: verdana, geneva, sans-serif; color: #333333;\"> i w letnim s\u0142o\u0144cu bzykiwa\u0142y b\u0105ki<\/span><br \/><span style=\"font-family: verdana, geneva, sans-serif; color: #333333;\"> i mi\u00f3d zbiera\u0142y w swe dziwne woreczki<\/span><\/p>\n<p><span style=\"font-family: verdana, geneva, sans-serif; color: #333333;\">Lecz tam na podniebnej skale<\/span><br \/><span style=\"font-family: verdana, geneva, sans-serif; color: #333333;\"> w kt\u00f3r\u0105 swe k\u0142y spienione zatapia fala la<\/span><br \/><span style=\"font-family: verdana, geneva, sans-serif; color: #333333;\"> Tam stan\u0119 jak kr\u00f3l zimnej po\u017cogi<\/span><br \/><span style=\"font-family: verdana, geneva, sans-serif; color: #333333;\"> z kt\u00f3r\u0105 si\u0119 nico\u015b\u0107 uciele\u015bnia<\/span><br \/><span style=\"font-family: verdana, geneva, sans-serif; color: #333333;\"> i tajemnica pokorna<\/span><br \/><span style=\"font-family: verdana, geneva, sans-serif; color: #333333;\"> jak jakie\u015b ma\u0142e zwierz\u0105tko<\/span><br \/><span style=\"font-family: verdana, geneva, sans-serif; color: #333333;\"> przype\u0142znie mi do n\u00f3g<\/span><\/p>\n<p>&nbsp;<\/p>\n<audio class=\"wp-audio-shortcode\" id=\"audio-1538-1\" preload=\"none\" style=\"width: 100%;\" controls=\"controls\"><source type=\"audio\/mpeg\" src=\"http:\/\/magdaumer.pl\/home\/wp-content\/uploads\/2014\/12\/refrenywitkacegoi.mp3?_=1\" \/><a href=\"http:\/\/magdaumer.pl\/home\/wp-content\/uploads\/2014\/12\/refrenywitkacegoi.mp3\">http:\/\/magdaumer.pl\/home\/wp-content\/uploads\/2014\/12\/refrenywitkacegoi.mp3<\/a><\/audio>\n","protected":false},"excerpt":{"rendered":"<p>Refreny Witkacego I (s\u0142. Witkacy, muz. M. Grechuta, J. K. Pawlu\u015bkiewicz) We\u017a mnie ze sob\u0105 na te kwietne \u0142\u0105ki gdzie\u015bmy b\u0142\u0119kitne zbierali kwiateczki i w letnim s\u0142o\u0144cu bzykiwa\u0142y b\u0105ki i mi\u00f3d zbiera\u0142y w swe dziwne woreczki Z g\u0142\u0119biny nocy niepoj\u0119tej sen modrooki na mnie kiwa w postaci dziwnej, wniebowzi\u0119tej ku \u015bwiatom swoim mnie przyzywa We\u017a &hellip; <a href=\"https:\/\/magdaumer.pl\/home\/spiewnik\/refreny-witkacego-i\/\" class=\"more-link\">Czytaj dalej <span class=\"screen-reader-text\">Refreny Witkacego I<\/span> <span class=\"meta-nav\">&rarr;<\/span><\/a><\/p>\n","protected":false},"author":1,"featured_media":0,"parent":29,"menu_order":111,"comment_status":"closed","ping_status":"closed","template":"","meta":{"footnotes":""},"class_list":["post-1538","page","type-page","status-publish","hentry"],"_links":{"self":[{"href":"https:\/\/magdaumer.pl\/home\/wp-json\/wp\/v2\/pages\/1538","targetHints":{"allow":["GET"]}}],"collection":[{"href":"https:\/\/magdaumer.pl\/home\/wp-json\/wp\/v2\/pages"}],"about":[{"href":"https:\/\/magdaumer.pl\/home\/wp-json\/wp\/v2\/types\/page"}],"author":[{"embeddable":true,"href":"https:\/\/magdaumer.pl\/home\/wp-json\/wp\/v2\/users\/1"}],"replies":[{"embeddable":true,"href":"https:\/\/magdaumer.pl\/home\/wp-json\/wp\/v2\/comments?post=1538"}],"version-history":[{"count":2,"href":"https:\/\/magdaumer.pl\/home\/wp-json\/wp\/v2\/pages\/1538\/revisions"}],"predecessor-version":[{"id":2188,"href":"https:\/\/magdaumer.pl\/home\/wp-json\/wp\/v2\/pages\/1538\/revisions\/2188"}],"up":[{"embeddable":true,"href":"https:\/\/magdaumer.pl\/home\/wp-json\/wp\/v2\/pages\/29"}],"wp:attachment":[{"href":"https:\/\/magdaumer.pl\/home\/wp-json\/wp\/v2\/media?parent=1538"}],"curies":[{"name":"wp","href":"https:\/\/api.w.org\/{rel}","templated":true}]}}