{"id":1534,"date":"2016-01-17T21:32:37","date_gmt":"2016-01-17T21:32:37","guid":{"rendered":"http:\/\/magdaumer.pl\/home\/?page_id=1534"},"modified":"2016-03-01T22:12:16","modified_gmt":"2016-03-01T22:12:16","slug":"pylem-ksiezycowym","status":"publish","type":"page","link":"https:\/\/magdaumer.pl\/home\/spiewnik\/pylem-ksiezycowym\/","title":{"rendered":"Py\u0142em ksi\u0119\u017cycowym"},"content":{"rendered":"<p><span style=\"font-family: verdana, geneva, sans-serif;\"><b><span style=\"color: #000080; font-size: 14pt;\">Py\u0142em ksi\u0119\u017cycowym<\/span><br \/> <span style=\"color: #6699ff; font-size: small;\">(s\u0142. K. I. Ga\u0142czy\u0144ski, muz. S. Syrewicz)<\/span><span style=\"color: #3399ff; font-size: small;\"><br \/> <\/span><br \/> <span style=\"color: #333333;\"><br \/> <\/span><\/b><span style=\"color: #333333;\">Py\u0142em ksi\u0119\u017cycowym<br \/> by\u0107 na twoich stopach<br \/> Wiatrem przy twej wst\u0105\u017cce<br \/> Mlekiem w twoim kubku<br \/> Papierosem w ustach<br \/> \u015acie\u017ck\u0105 po\u015br\u00f3d chabr\u00f3w<br \/> \u0141awk\u0105, gdzie spoczywasz<br \/> Ksi\u0105\u017ck\u0105, kt\u00f3r\u0105 czytasz<\/span><\/span><\/p>\n<p><span style=\"font-family: verdana, geneva, sans-serif; color: #333333;\">Przeszy\u0107 ci\u0119 jak nitk\u0105<\/span><br \/><span style=\"font-family: verdana, geneva, sans-serif; color: #333333;\"> Otoczy\u0107 jak przestw\u00f3r<\/span><br \/><span style=\"font-family: verdana, geneva, sans-serif; color: #333333;\"> By\u0107 porami roku dla twych drogich oczu<\/span><br \/><span style=\"font-family: verdana, geneva, sans-serif; color: #333333;\"> I ogniem w kominku<\/span><br \/><span style=\"font-family: verdana, geneva, sans-serif; color: #333333;\"> i dachem, co chroni<\/span><br \/><span style=\"font-family: verdana, geneva, sans-serif; color: #333333;\"> przed deszczem\u2026<\/span><\/p>\n<p>&nbsp;<\/p>\n<audio class=\"wp-audio-shortcode\" id=\"audio-1534-1\" preload=\"none\" style=\"width: 100%;\" controls=\"controls\"><source type=\"audio\/mpeg\" src=\"http:\/\/magdaumer.pl\/home\/wp-content\/uploads\/2014\/12\/pylemksiezycowym.mp3?_=1\" \/><a href=\"http:\/\/magdaumer.pl\/home\/wp-content\/uploads\/2014\/12\/pylemksiezycowym.mp3\">http:\/\/magdaumer.pl\/home\/wp-content\/uploads\/2014\/12\/pylemksiezycowym.mp3<\/a><\/audio>\n","protected":false},"excerpt":{"rendered":"<p>Py\u0142em ksi\u0119\u017cycowym (s\u0142. K. I. Ga\u0142czy\u0144ski, muz. S. Syrewicz) Py\u0142em ksi\u0119\u017cycowym by\u0107 na twoich stopach Wiatrem przy twej wst\u0105\u017cce Mlekiem w twoim kubku Papierosem w ustach \u015acie\u017ck\u0105 po\u015br\u00f3d chabr\u00f3w \u0141awk\u0105, gdzie spoczywasz Ksi\u0105\u017ck\u0105, kt\u00f3r\u0105 czytasz Przeszy\u0107 ci\u0119 jak nitk\u0105 Otoczy\u0107 jak przestw\u00f3r By\u0107 porami roku dla twych drogich oczu I ogniem w kominku i dachem, &hellip; <a href=\"https:\/\/magdaumer.pl\/home\/spiewnik\/pylem-ksiezycowym\/\" class=\"more-link\">Czytaj dalej <span class=\"screen-reader-text\">Py\u0142em ksi\u0119\u017cycowym<\/span> <span class=\"meta-nav\">&rarr;<\/span><\/a><\/p>\n","protected":false},"author":1,"featured_media":0,"parent":29,"menu_order":110,"comment_status":"closed","ping_status":"closed","template":"","meta":{"footnotes":""},"class_list":["post-1534","page","type-page","status-publish","hentry"],"_links":{"self":[{"href":"https:\/\/magdaumer.pl\/home\/wp-json\/wp\/v2\/pages\/1534","targetHints":{"allow":["GET"]}}],"collection":[{"href":"https:\/\/magdaumer.pl\/home\/wp-json\/wp\/v2\/pages"}],"about":[{"href":"https:\/\/magdaumer.pl\/home\/wp-json\/wp\/v2\/types\/page"}],"author":[{"embeddable":true,"href":"https:\/\/magdaumer.pl\/home\/wp-json\/wp\/v2\/users\/1"}],"replies":[{"embeddable":true,"href":"https:\/\/magdaumer.pl\/home\/wp-json\/wp\/v2\/comments?post=1534"}],"version-history":[{"count":2,"href":"https:\/\/magdaumer.pl\/home\/wp-json\/wp\/v2\/pages\/1534\/revisions"}],"predecessor-version":[{"id":2187,"href":"https:\/\/magdaumer.pl\/home\/wp-json\/wp\/v2\/pages\/1534\/revisions\/2187"}],"up":[{"embeddable":true,"href":"https:\/\/magdaumer.pl\/home\/wp-json\/wp\/v2\/pages\/29"}],"wp:attachment":[{"href":"https:\/\/magdaumer.pl\/home\/wp-json\/wp\/v2\/media?parent=1534"}],"curies":[{"name":"wp","href":"https:\/\/api.w.org\/{rel}","templated":true}]}}