{"id":1525,"date":"2016-01-17T21:19:54","date_gmt":"2016-01-17T21:19:54","guid":{"rendered":"http:\/\/magdaumer.pl\/home\/?page_id=1525"},"modified":"2016-01-18T00:42:15","modified_gmt":"2016-01-18T00:42:15","slug":"psalm-o-wodach-czystych","status":"publish","type":"page","link":"https:\/\/magdaumer.pl\/home\/spiewnik\/psalm-o-wodach-czystych\/","title":{"rendered":"Psalm o wodach czystych"},"content":{"rendered":"<p><b><span style=\"font-family: Arial;\"><span style=\"color: #000080; font-family: verdana, geneva, sans-serif; font-size: 14pt;\">Psalm o wodach czystych<\/span><br \/>\n<span style=\"font-family: verdana, geneva, sans-serif;\"><span style=\"color: #6699ff; font-size: small;\">(s\u0142. T. Nowak, muz. M. Grechuta)<\/span><span style=\"color: #3399ff; font-size: small;\"><br \/>\n<\/span><\/span><br \/>\n<span style=\"color: #666666;\"><br \/>\n<\/span><\/span><\/b><span style=\"color: #333333;\"><span style=\"font-family: Arial;\"><span style=\"font-family: verdana, geneva, sans-serif;\">Wody s\u0105 czyste, pi\u00f3rko po nich p\u0142ynie<\/span><\/span><span style=\"font-family: Arial;\"><br \/>\n<span style=\"font-family: verdana, geneva, sans-serif;\">Bielsze od \u017calu po straconym maju<\/span><br \/>\n<span style=\"font-family: verdana, geneva, sans-serif;\">Przez jego witki drobniejsze ni\u017c sen<\/span><br \/>\n<span style=\"font-family: verdana, geneva, sans-serif;\">Oczy nie widz\u0105c patrz\u0105 i kochaj\u0105<\/span><\/span><\/span><\/p>\n<p><span style=\"font-family: verdana, geneva, sans-serif;\">Piasek od pi\u00f3rka bielszy i od \u017calu<\/span><br \/>\n<span style=\"font-family: verdana, geneva, sans-serif;\">Ksi\u0119g\u0119 rodzaju na piasku spisan\u0105<\/span><br \/>\n<span style=\"font-family: verdana, geneva, sans-serif;\">Pismem o kt\u00f3rym, m\u00f3wi si\u0119 tajemnie<\/span><br \/>\n<span style=\"font-family: verdana, geneva, sans-serif;\">\u017be jest odwiecznie j\u0105trz\u0105c\u0105 si\u0119 ran\u0105<\/span><\/p>\n<p><span style=\"font-family: verdana, geneva, sans-serif;\">Wody s\u0105 czyste, ga\u015bnie w nich planeta<\/span><br \/>\n<span style=\"font-family: verdana, geneva, sans-serif;\">I gasn\u0105 pod ni\u0105 pocz\u0119te zwierz\u0119ta<\/span><br \/>\n<span style=\"font-family: verdana, geneva, sans-serif;\">I wiary gasn\u0105 jako ten dmuchawiec<\/span><br \/>\n<span style=\"font-family: verdana, geneva, sans-serif;\">I o nich tylko \u015blepy kret pami\u0119ta<\/span><\/p>\n<p><span style=\"font-family: verdana, geneva, sans-serif;\">\u015alepy jak ch\u0142opiec, co ubieg\u0142ej wiosny<\/span><br \/>\n<span style=\"font-family: verdana, geneva, sans-serif;\">Nie wiedz\u0105c o tym odszed\u0142 w traw litanie<\/span><br \/>\n<span style=\"font-family: verdana, geneva, sans-serif;\">Wody s\u0105 czyste, modl\u0105 si\u0119 za ch\u0142opca<\/span><br \/>\n<span style=\"font-family: Arial;\"><span style=\"font-family: verdana, geneva, sans-serif;\">A my o zmierzchu pom\u00f3dlmy si\u0119 za nie<\/span><\/span><b><span style=\"font-family: Arial;\"><span style=\"color: #666666;\"><br \/>\n<\/span><\/span><\/b><\/p>\n<p>&nbsp;<\/p>\n<audio class=\"wp-audio-shortcode\" id=\"audio-1525-1\" preload=\"none\" style=\"width: 100%;\" controls=\"controls\"><source type=\"audio\/mpeg\" src=\"http:\/\/magdaumer.pl\/home\/wp-content\/uploads\/2014\/12\/psalmowodachczystych.mp3?_=1\" \/><a href=\"http:\/\/magdaumer.pl\/home\/wp-content\/uploads\/2014\/12\/psalmowodachczystych.mp3\">http:\/\/magdaumer.pl\/home\/wp-content\/uploads\/2014\/12\/psalmowodachczystych.mp3<\/a><\/audio>\n","protected":false},"excerpt":{"rendered":"<p>Psalm o wodach czystych (s\u0142. T. Nowak, muz. M. Grechuta) Wody s\u0105 czyste, pi\u00f3rko po nich p\u0142ynie Bielsze od \u017calu po straconym maju Przez jego witki drobniejsze ni\u017c sen Oczy nie widz\u0105c patrz\u0105 i kochaj\u0105 Piasek od pi\u00f3rka bielszy i od \u017calu Ksi\u0119g\u0119 rodzaju na piasku spisan\u0105 Pismem o kt\u00f3rym, m\u00f3wi si\u0119 tajemnie \u017be jest &hellip; <a href=\"https:\/\/magdaumer.pl\/home\/spiewnik\/psalm-o-wodach-czystych\/\" class=\"more-link\">Czytaj dalej <span class=\"screen-reader-text\">Psalm o wodach czystych<\/span> <span class=\"meta-nav\">&rarr;<\/span><\/a><\/p>\n","protected":false},"author":1,"featured_media":0,"parent":29,"menu_order":107,"comment_status":"closed","ping_status":"closed","template":"","meta":{"footnotes":""},"class_list":["post-1525","page","type-page","status-publish","hentry"],"_links":{"self":[{"href":"https:\/\/magdaumer.pl\/home\/wp-json\/wp\/v2\/pages\/1525","targetHints":{"allow":["GET"]}}],"collection":[{"href":"https:\/\/magdaumer.pl\/home\/wp-json\/wp\/v2\/pages"}],"about":[{"href":"https:\/\/magdaumer.pl\/home\/wp-json\/wp\/v2\/types\/page"}],"author":[{"embeddable":true,"href":"https:\/\/magdaumer.pl\/home\/wp-json\/wp\/v2\/users\/1"}],"replies":[{"embeddable":true,"href":"https:\/\/magdaumer.pl\/home\/wp-json\/wp\/v2\/comments?post=1525"}],"version-history":[{"count":3,"href":"https:\/\/magdaumer.pl\/home\/wp-json\/wp\/v2\/pages\/1525\/revisions"}],"predecessor-version":[{"id":1693,"href":"https:\/\/magdaumer.pl\/home\/wp-json\/wp\/v2\/pages\/1525\/revisions\/1693"}],"up":[{"embeddable":true,"href":"https:\/\/magdaumer.pl\/home\/wp-json\/wp\/v2\/pages\/29"}],"wp:attachment":[{"href":"https:\/\/magdaumer.pl\/home\/wp-json\/wp\/v2\/media?parent=1525"}],"curies":[{"name":"wp","href":"https:\/\/api.w.org\/{rel}","templated":true}]}}