{"id":1522,"date":"2016-01-17T21:16:11","date_gmt":"2016-01-17T21:16:11","guid":{"rendered":"http:\/\/magdaumer.pl\/home\/?page_id=1522"},"modified":"2016-01-18T00:41:40","modified_gmt":"2016-01-18T00:41:40","slug":"przyszlismy-do-siebie-z-deszczem","status":"publish","type":"page","link":"https:\/\/magdaumer.pl\/home\/spiewnik\/przyszlismy-do-siebie-z-deszczem\/","title":{"rendered":"Przyszli\u015bmy do siebie z deszczem"},"content":{"rendered":"<p><b><span style=\"font-family: Arial;\"><span style=\"color: #000080; font-size: 14pt; font-family: verdana, geneva, sans-serif;\">Przyszli\u015bmy do siebie z deszczem<\/span><br \/>\n<span style=\"font-family: verdana, geneva, sans-serif;\"><span style=\"color: #6699ff; font-size: small;\">(s\u0142. W. Szperl, muz. W. Ciepli\u0144ski)<\/span><span style=\"color: #3399ff; font-size: small;\"><br \/>\n<\/span><\/span><br \/>\n<span style=\"color: #666666;\"><br \/>\n<\/span><\/span><\/b><span style=\"color: #333333;\"><span style=\"font-family: Arial; font-size: 12pt;\"><span style=\"font-family: verdana, geneva, sans-serif;\">Przyszli\u015bmy do siebie z deszczem<\/span><\/span><span style=\"font-family: Arial;\"><br \/>\n<span style=\"font-family: verdana, geneva, sans-serif; font-size: 12pt;\">Z deszczem gdzie\u015b si\u0119 zagubimy<\/span><br \/>\n<span style=\"font-family: verdana, geneva, sans-serif; font-size: 12pt;\">Nie znajdziemy nic na szcz\u0119\u015bcie<\/span><br \/>\n<span style=\"font-family: verdana, geneva, sans-serif; font-size: 12pt;\">Nie przetrwamy nowej zimy<\/span><\/span><\/span><\/p>\n<p><span style=\"font-family: verdana, geneva, sans-serif;\">Nie ok\u0142ama\u0142e\u015b ju\u017c nikogo<\/span><br \/>\n<span style=\"font-family: verdana, geneva, sans-serif;\">Pobieg\u0142e\u015b szybko przez podw\u00f3rze<\/span><br \/>\n<span style=\"font-family: verdana, geneva, sans-serif;\">A b\u0142\u0119kit nieba tli\u0142 si\u0119 blado<\/span><br \/>\n<span style=\"font-family: verdana, geneva, sans-serif;\">Tak bywa przed, albo i po burzy<\/span><\/p>\n<p><span style=\"font-family: verdana, geneva, sans-serif;\">A\u017c znowu zjawisz si\u0119 zmoczona<\/span><br \/>\n<span style=\"font-family: verdana, geneva, sans-serif;\">Nios\u0105c przed sob\u0105 gar\u015bcie rosy<\/span><br \/>\n<span style=\"font-family: verdana, geneva, sans-serif;\">poranna mgie\u0142k\u0105 otulona<\/span><br \/>\n<span style=\"font-family: verdana, geneva, sans-serif;\">Z jutrzenk\u0105 jasnobladow\u0142os\u0105<\/span><\/p>\n<p><span style=\"font-family: verdana, geneva, sans-serif;\">W deszczu znowu od\u017cyjemy<\/span><br \/>\n<span style=\"font-family: verdana, geneva, sans-serif;\">W mg\u0142ach deszczowych si\u0119 spotkamy<\/span><br \/>\n<span style=\"font-family: verdana, geneva, sans-serif;\">Gniazdo z kropli uwijemy<\/span><br \/>\n<span style=\"font-family: Arial;\"><span style=\"font-family: verdana, geneva, sans-serif;\">D\u017cd\u017cystym szcz\u0119\u015bciem zakochani<\/span><\/span><b><span style=\"font-family: Arial;\"><span style=\"color: #666666;\"><br \/>\n<\/span><\/span><\/b><\/p>\n<p>&nbsp;<\/p>\n<audio class=\"wp-audio-shortcode\" id=\"audio-1522-1\" preload=\"none\" style=\"width: 100%;\" controls=\"controls\"><source type=\"audio\/mpeg\" src=\"http:\/\/magdaumer.pl\/home\/wp-content\/uploads\/2014\/12\/przyszlismydosiebiezdeszczem.mp3?_=1\" \/><a href=\"http:\/\/magdaumer.pl\/home\/wp-content\/uploads\/2014\/12\/przyszlismydosiebiezdeszczem.mp3\">http:\/\/magdaumer.pl\/home\/wp-content\/uploads\/2014\/12\/przyszlismydosiebiezdeszczem.mp3<\/a><\/audio>\n","protected":false},"excerpt":{"rendered":"<p>Przyszli\u015bmy do siebie z deszczem (s\u0142. W. Szperl, muz. W. Ciepli\u0144ski) Przyszli\u015bmy do siebie z deszczem Z deszczem gdzie\u015b si\u0119 zagubimy Nie znajdziemy nic na szcz\u0119\u015bcie Nie przetrwamy nowej zimy Nie ok\u0142ama\u0142e\u015b ju\u017c nikogo Pobieg\u0142e\u015b szybko przez podw\u00f3rze A b\u0142\u0119kit nieba tli\u0142 si\u0119 blado Tak bywa przed, albo i po burzy A\u017c znowu zjawisz si\u0119 &hellip; <a href=\"https:\/\/magdaumer.pl\/home\/spiewnik\/przyszlismy-do-siebie-z-deszczem\/\" class=\"more-link\">Czytaj dalej <span class=\"screen-reader-text\">Przyszli\u015bmy do siebie z deszczem<\/span> <span class=\"meta-nav\">&rarr;<\/span><\/a><\/p>\n","protected":false},"author":1,"featured_media":0,"parent":29,"menu_order":106,"comment_status":"closed","ping_status":"closed","template":"","meta":{"footnotes":""},"class_list":["post-1522","page","type-page","status-publish","hentry"],"_links":{"self":[{"href":"https:\/\/magdaumer.pl\/home\/wp-json\/wp\/v2\/pages\/1522","targetHints":{"allow":["GET"]}}],"collection":[{"href":"https:\/\/magdaumer.pl\/home\/wp-json\/wp\/v2\/pages"}],"about":[{"href":"https:\/\/magdaumer.pl\/home\/wp-json\/wp\/v2\/types\/page"}],"author":[{"embeddable":true,"href":"https:\/\/magdaumer.pl\/home\/wp-json\/wp\/v2\/users\/1"}],"replies":[{"embeddable":true,"href":"https:\/\/magdaumer.pl\/home\/wp-json\/wp\/v2\/comments?post=1522"}],"version-history":[{"count":4,"href":"https:\/\/magdaumer.pl\/home\/wp-json\/wp\/v2\/pages\/1522\/revisions"}],"predecessor-version":[{"id":1692,"href":"https:\/\/magdaumer.pl\/home\/wp-json\/wp\/v2\/pages\/1522\/revisions\/1692"}],"up":[{"embeddable":true,"href":"https:\/\/magdaumer.pl\/home\/wp-json\/wp\/v2\/pages\/29"}],"wp:attachment":[{"href":"https:\/\/magdaumer.pl\/home\/wp-json\/wp\/v2\/media?parent=1522"}],"curies":[{"name":"wp","href":"https:\/\/api.w.org\/{rel}","templated":true}]}}