{"id":1509,"date":"2016-01-10T22:36:20","date_gmt":"2016-01-10T22:36:20","guid":{"rendered":"http:\/\/magdaumer.pl\/home\/?page_id=1509"},"modified":"2016-03-01T22:05:51","modified_gmt":"2016-03-01T22:05:51","slug":"przechowajmy-sie","status":"publish","type":"page","link":"https:\/\/magdaumer.pl\/home\/spiewnik\/przechowajmy-sie\/","title":{"rendered":"Przechowajmy si\u0119"},"content":{"rendered":"<p><span style=\"font-family: verdana, geneva, sans-serif;\"><b><span style=\"color: #000080; font-size: 14pt;\">Przechowajmy si\u0119<\/span><br \/> <span style=\"color: #6699ff; font-size: small;\">(s\u0142. A. Poniedzielski, muz. E. Adamiak)<\/span><span style=\"color: #3399ff; font-size: small;\"><br \/> <\/span><br \/> <span style=\"color: #666666;\"><br \/> <\/span><\/b><span style=\"color: #333333;\">Zanim sp\u0142ynie na nas wyczekany, wy\u015bniony sensu sens<br \/> Zanim r\u0105bkiem reklamy nasza m\u0142odo\u015b\u0107 si\u0119 oka\u017ce\u2026<br \/> Przechowajmy si\u0119, zostawmy si\u0119 na czasy lepsze<br \/> Poczekajmy, a\u017c si\u0119 zmieni \u015bwiat i ludzie, i powietrze<\/span><\/span><\/p>\n<p><span style=\"font-family: verdana, geneva, sans-serif; color: #333333;\">Nim w internetu internet uderzy brum<\/span><br \/><span style=\"font-family: verdana, geneva, sans-serif; color: #333333;\"> Prze\u015bpiewajmy to \u017cycie przez palce klawiszy i strun\u2026<\/span><br \/><span style=\"font-family: verdana, geneva, sans-serif; color: #333333;\"> Przechowajmy si\u0119, zostawmy si\u0119 na czasy lepsze<\/span><br \/><span style=\"font-family: verdana, geneva, sans-serif; color: #333333;\"> Poczekajmy, a\u017c si\u0119 zmieni \u015bwiat i ludzie, i powietrze<\/span><\/p>\n<p><span style=\"font-family: verdana, geneva, sans-serif; color: #333333;\">Zanim zechce z nami pogada\u0107 pewien siwy pan<\/span><br \/><span style=\"font-family: verdana, geneva, sans-serif; color: #333333;\"> Wy\u015bpiewamy to \u017cycie, bo przecie\u017c na nim zale\u017cy nam\u2026<\/span><br \/><span style=\"font-family: verdana, geneva, sans-serif; color: #333333;\"> Przechowajmy si\u0119, zostawmy si\u0119 na czasy lepsze<\/span><br \/><span style=\"font-family: verdana, geneva, sans-serif; color: #333333;\"> Poczekajmy, a\u017c si\u0119 zmieni \u015bwiat i ludzie, i powietrze<\/span><\/p>\n<p>&nbsp;<\/p>\n<audio class=\"wp-audio-shortcode\" id=\"audio-1509-1\" preload=\"none\" style=\"width: 100%;\" controls=\"controls\"><source type=\"audio\/mpeg\" src=\"http:\/\/magdaumer.pl\/home\/wp-content\/uploads\/2014\/12\/przechowajmysie.mp3?_=1\" \/><a href=\"http:\/\/magdaumer.pl\/home\/wp-content\/uploads\/2014\/12\/przechowajmysie.mp3\">http:\/\/magdaumer.pl\/home\/wp-content\/uploads\/2014\/12\/przechowajmysie.mp3<\/a><\/audio>\n","protected":false},"excerpt":{"rendered":"<p>Przechowajmy si\u0119 (s\u0142. A. Poniedzielski, muz. E. Adamiak) Zanim sp\u0142ynie na nas wyczekany, wy\u015bniony sensu sens Zanim r\u0105bkiem reklamy nasza m\u0142odo\u015b\u0107 si\u0119 oka\u017ce\u2026 Przechowajmy si\u0119, zostawmy si\u0119 na czasy lepsze Poczekajmy, a\u017c si\u0119 zmieni \u015bwiat i ludzie, i powietrze Nim w internetu internet uderzy brum Prze\u015bpiewajmy to \u017cycie przez palce klawiszy i strun\u2026 Przechowajmy si\u0119, &hellip; <a href=\"https:\/\/magdaumer.pl\/home\/spiewnik\/przechowajmy-sie\/\" class=\"more-link\">Czytaj dalej <span class=\"screen-reader-text\">Przechowajmy si\u0119<\/span> <span class=\"meta-nav\">&rarr;<\/span><\/a><\/p>\n","protected":false},"author":1,"featured_media":0,"parent":29,"menu_order":103,"comment_status":"closed","ping_status":"closed","template":"","meta":{"footnotes":""},"class_list":["post-1509","page","type-page","status-publish","hentry"],"_links":{"self":[{"href":"https:\/\/magdaumer.pl\/home\/wp-json\/wp\/v2\/pages\/1509","targetHints":{"allow":["GET"]}}],"collection":[{"href":"https:\/\/magdaumer.pl\/home\/wp-json\/wp\/v2\/pages"}],"about":[{"href":"https:\/\/magdaumer.pl\/home\/wp-json\/wp\/v2\/types\/page"}],"author":[{"embeddable":true,"href":"https:\/\/magdaumer.pl\/home\/wp-json\/wp\/v2\/users\/1"}],"replies":[{"embeddable":true,"href":"https:\/\/magdaumer.pl\/home\/wp-json\/wp\/v2\/comments?post=1509"}],"version-history":[{"count":5,"href":"https:\/\/magdaumer.pl\/home\/wp-json\/wp\/v2\/pages\/1509\/revisions"}],"predecessor-version":[{"id":2182,"href":"https:\/\/magdaumer.pl\/home\/wp-json\/wp\/v2\/pages\/1509\/revisions\/2182"}],"up":[{"embeddable":true,"href":"https:\/\/magdaumer.pl\/home\/wp-json\/wp\/v2\/pages\/29"}],"wp:attachment":[{"href":"https:\/\/magdaumer.pl\/home\/wp-json\/wp\/v2\/media?parent=1509"}],"curies":[{"name":"wp","href":"https:\/\/api.w.org\/{rel}","templated":true}]}}