{"id":1504,"date":"2016-01-10T22:01:51","date_gmt":"2016-01-10T22:01:51","guid":{"rendered":"http:\/\/magdaumer.pl\/home\/?page_id=1504"},"modified":"2016-01-10T22:54:17","modified_gmt":"2016-01-10T22:54:17","slug":"prosba-o-wyspy-szczesliwe","status":"publish","type":"page","link":"https:\/\/magdaumer.pl\/home\/spiewnik\/prosba-o-wyspy-szczesliwe\/","title":{"rendered":"Pro\u015bba o wyspy szcz\u0119\u015bliwe"},"content":{"rendered":"<p><b><span style=\"font-family: Arial;\"><span style=\"color: #000080; font-size: large; font-family: verdana, geneva, sans-serif;\">Pro\u015bba o wyspy szcz\u0119\u015bliwe<\/span><br \/>\n<span style=\"font-family: verdana, geneva, sans-serif;\"><span style=\"color: #6699ff; font-size: small;\">(s\u0142. K. I. Ga\u0142czy\u0144ski, muz. S. Syrewicz)<\/span><span style=\"color: #3399ff; font-size: small;\"><br \/>\n<\/span><\/span><br \/>\n<span style=\"color: #666666;\"><br \/>\n<\/span><\/span><\/b><span style=\"color: #333333;\"><span style=\"font-family: Arial; font-size: 12pt;\"><span style=\"font-family: verdana, geneva, sans-serif;\">A ty mnie na wyspy szcz\u0119\u015bliwe zawie\u017a<\/span><\/span><span style=\"font-family: Arial;\"><br \/>\n<span style=\"font-family: verdana, geneva, sans-serif;\">Wiatrem \u0142agodnym w\u0142osy jak kwiaty rozwiej, zaca\u0142uj<\/span><br \/>\n<span style=\"font-family: verdana, geneva, sans-serif;\">Ty mnie uko\u0142ysz i u\u015bpij<\/span><br \/>\n<span style=\"font-family: verdana, geneva, sans-serif;\">Snem muzykalnym zasyp, otuma\u0144<\/span><br \/>\n<span style=\"font-family: verdana, geneva, sans-serif;\">We \u015bnie na wyspach szcz\u0119\u015bliwych nie przebud\u017a ze snu<\/span><\/span><\/span><\/p>\n<p><span style=\"font-family: verdana, geneva, sans-serif;\">Poka\u017c mi wody ogromne i wody ciche<\/span><br \/>\n<span style=\"font-family: verdana, geneva, sans-serif;\">Rozmowy gwiazd na ga\u0142\u0119ziach pozw\u00f3l mi s\u0142ysze\u0107 zielonych<\/span><br \/>\n<span style=\"font-family: verdana, geneva, sans-serif;\">Du\u017co motyli mi poka\u017c<\/span><br \/>\n<span style=\"font-family: verdana, geneva, sans-serif;\">Serca motyli mi przybli\u017c i przytul<\/span><\/p>\n<p><span style=\"font-family: verdana, geneva, sans-serif;\">My\u015bli spokojne ponad wodami pochyl mi\u0142o\u015bci\u0105\u2026<\/span><br \/>\n<span style=\"font-family: verdana, geneva, sans-serif;\">My\u015bli spokojne ponad wodami pochyl mi\u0142o\u015bci\u0105\u2026 <\/span><br \/>\n<span style=\"font-family: Arial;\"><span style=\"font-family: verdana, geneva, sans-serif;\">My\u015bli spokojne ponad wodami pochyl mi\u0142o\u015bci\u0105\u2026<\/span><\/span><b><span style=\"font-family: Arial;\"><span style=\"color: #666666;\"><br \/>\n<\/span><\/span><\/b><\/p>\n<p>&nbsp;<\/p>\n<audio class=\"wp-audio-shortcode\" id=\"audio-1504-1\" preload=\"none\" style=\"width: 100%;\" controls=\"controls\"><source type=\"audio\/mpeg\" src=\"http:\/\/magdaumer.pl\/home\/wp-content\/uploads\/2014\/12\/prosbaowyspyszczesliwe.mp3?_=1\" \/><a href=\"http:\/\/magdaumer.pl\/home\/wp-content\/uploads\/2014\/12\/prosbaowyspyszczesliwe.mp3\">http:\/\/magdaumer.pl\/home\/wp-content\/uploads\/2014\/12\/prosbaowyspyszczesliwe.mp3<\/a><\/audio>\n","protected":false},"excerpt":{"rendered":"<p>Pro\u015bba o wyspy szcz\u0119\u015bliwe (s\u0142. K. I. Ga\u0142czy\u0144ski, muz. S. Syrewicz) A ty mnie na wyspy szcz\u0119\u015bliwe zawie\u017a Wiatrem \u0142agodnym w\u0142osy jak kwiaty rozwiej, zaca\u0142uj Ty mnie uko\u0142ysz i u\u015bpij Snem muzykalnym zasyp, otuma\u0144 We \u015bnie na wyspach szcz\u0119\u015bliwych nie przebud\u017a ze snu Poka\u017c mi wody ogromne i wody ciche Rozmowy gwiazd na ga\u0142\u0119ziach pozw\u00f3l &hellip; <a href=\"https:\/\/magdaumer.pl\/home\/spiewnik\/prosba-o-wyspy-szczesliwe\/\" class=\"more-link\">Czytaj dalej <span class=\"screen-reader-text\">Pro\u015bba o wyspy szcz\u0119\u015bliwe<\/span> <span class=\"meta-nav\">&rarr;<\/span><\/a><\/p>\n","protected":false},"author":1,"featured_media":0,"parent":29,"menu_order":102,"comment_status":"closed","ping_status":"closed","template":"","meta":{"footnotes":""},"class_list":["post-1504","page","type-page","status-publish","hentry"],"_links":{"self":[{"href":"https:\/\/magdaumer.pl\/home\/wp-json\/wp\/v2\/pages\/1504","targetHints":{"allow":["GET"]}}],"collection":[{"href":"https:\/\/magdaumer.pl\/home\/wp-json\/wp\/v2\/pages"}],"about":[{"href":"https:\/\/magdaumer.pl\/home\/wp-json\/wp\/v2\/types\/page"}],"author":[{"embeddable":true,"href":"https:\/\/magdaumer.pl\/home\/wp-json\/wp\/v2\/users\/1"}],"replies":[{"embeddable":true,"href":"https:\/\/magdaumer.pl\/home\/wp-json\/wp\/v2\/comments?post=1504"}],"version-history":[{"count":2,"href":"https:\/\/magdaumer.pl\/home\/wp-json\/wp\/v2\/pages\/1504\/revisions"}],"predecessor-version":[{"id":1517,"href":"https:\/\/magdaumer.pl\/home\/wp-json\/wp\/v2\/pages\/1504\/revisions\/1517"}],"up":[{"embeddable":true,"href":"https:\/\/magdaumer.pl\/home\/wp-json\/wp\/v2\/pages\/29"}],"wp:attachment":[{"href":"https:\/\/magdaumer.pl\/home\/wp-json\/wp\/v2\/media?parent=1504"}],"curies":[{"name":"wp","href":"https:\/\/api.w.org\/{rel}","templated":true}]}}