{"id":1495,"date":"2016-01-10T21:10:17","date_gmt":"2016-01-10T21:10:17","guid":{"rendered":"http:\/\/magdaumer.pl\/home\/?page_id=1495"},"modified":"2016-03-02T20:22:51","modified_gmt":"2016-03-02T20:22:51","slug":"pozegnania","status":"publish","type":"page","link":"https:\/\/magdaumer.pl\/home\/spiewnik\/pozegnania\/","title":{"rendered":"Po\u017cegnania"},"content":{"rendered":"<p><span style=\"font-family: verdana, geneva, sans-serif;\"><b><span style=\"color: #000080; font-size: large;\">Po\u017cegnania<\/span><br \/> <span style=\"color: #6699ff; font-size: small;\">(s\u0142. A. Czekalski, R. Pluci\u0144ski, muz. L. Kaszyski)<\/span><span style=\"color: #3399ff; font-size: small;\"><br \/> <\/span><br \/> <\/b><\/span><\/p>\n<p><span style=\"font-family: verdana, geneva, sans-serif;\"><span style=\"color: #333333;\">Pami\u0119tasz, by\u0142a jesie\u0144 ,ma\u0142y hotel &#8222;Pod r\u00f3\u017cami&#8221;, pok\u00f3j numer osiem<br \/> Staruszek portier z u\u015bmiechem dawa\u0142 klucz<br \/> Na schodach niecierpliwie ca\u0142owa\u0142e\u015b po kryjomu moje w\u0142osy<br \/> Czy wi\u0119cej z\u0142otych li\u015bci by\u0142o czy twych pieszczot, mi\u0142y dzisiaj nie wiem ju\u017c<\/span><\/span><\/p>\n<p><span style=\"font-family: verdana, geneva, sans-serif;\">Odszed\u0142e\u015b potem nagle, drzwi otwarte<\/span><br \/> <span style=\"font-family: verdana, geneva, sans-serif;\"> Li\u015b\u0107 powiewem wiatru pad\u0142 mi do n\u00f3g<\/span><br \/> <span style=\"font-family: verdana, geneva, sans-serif;\"> l wtedy zrozumia\u0142am: to si\u0119 ko\u0144czy<\/span><br \/> <span style=\"font-family: verdana, geneva, sans-serif;\"> Po\u017cegnania czas ju\u017c przekroczy\u0107 pr\u00f3g<\/span><br \/> <span style=\"font-family: verdana, geneva, sans-serif;\"> Pami\u0119tasz, by\u0142a jesie\u0144<\/span><br \/> <span style=\"font-family: verdana, geneva, sans-serif;\"> Pok\u00f3j numer osiem, korytarza mrok<\/span><br \/> <span style=\"font-family: verdana, geneva, sans-serif;\"> Ju\u017c nigdy nie zapomn\u0119 hoteliku &#8222;Pod r\u00f3\u017cami&#8221;<\/span><br \/> <span style=\"font-family: verdana, geneva, sans-serif;\"> Cho\u0107 ju\u017c min\u0105\u0142 rok<\/span><\/p>\n<p><span style=\"font-family: verdana, geneva, sans-serif;\">Kochany, wr\u00f3\u0107 do mnie, ja t\u0119skni\u0119 za tob\u0105<\/span><br \/> <span style=\"font-family: verdana, geneva, sans-serif;\"> l niech rozstania, kochany, nie dziel\u0105 nas ju\u017c<\/span><br \/> <span style=\"font-family: verdana, geneva, sans-serif;\"> Poci\u0105gi wstrzyma\u0107, niech nigdy ju\u017c listonosz<\/span><br \/> <span style=\"font-family: verdana, geneva, sans-serif;\"> Z\u0142ych list\u00f3w nie przynosi pod hotelik r\u00f3\u017c<\/span><br \/> <span style=\"font-family: verdana, geneva, sans-serif;\"> Odszed\u0142e\u015b potem nagle, drzwi otwarte<\/span><br \/> <span style=\"font-family: verdana, geneva, sans-serif;\"> Li\u015b\u0107 powiewem wiatru pad\u0142 mi do n\u00f3g<\/span><br \/> <span style=\"font-family: verdana, geneva, sans-serif;\"> l wtedy zrozumia\u0142am: to si\u0119 ko\u0144czy<\/span><br \/> <span style=\"font-family: verdana, geneva, sans-serif;\"> Po\u017cegnania czas ju\u017c przekroczy\u0107 pr\u00f3g<\/span><br \/> <span style=\"font-family: verdana, geneva, sans-serif;\">Pami\u0119tasz, by\u0142a jesie\u0144\u00a0<\/span><br \/> <span style=\"font-family: verdana, geneva, sans-serif;\"><span style=\"color: #333333;\">Pok\u00f3j numer osiem, korytarza mrok<br \/> Ju\u017c nigdy nie zapomn\u0119 hoteliku &#8222;Pod r\u00f3\u017cami&#8221;<br \/> Cho\u0107 ju\u017c min\u0105\u0142 rok<\/span><\/span><\/p>\n<p>&nbsp;<\/p>\n<audio class=\"wp-audio-shortcode\" id=\"audio-1495-1\" preload=\"none\" style=\"width: 100%;\" controls=\"controls\"><source type=\"audio\/mpeg\" src=\"http:\/\/magdaumer.pl\/home\/wp-content\/uploads\/2014\/12\/pozegnania.mp3?_=1\" \/><a href=\"http:\/\/magdaumer.pl\/home\/wp-content\/uploads\/2014\/12\/pozegnania.mp3\">http:\/\/magdaumer.pl\/home\/wp-content\/uploads\/2014\/12\/pozegnania.mp3<\/a><\/audio>\n","protected":false},"excerpt":{"rendered":"<p>Po\u017cegnania (s\u0142. A. Czekalski, R. Pluci\u0144ski, muz. L. Kaszyski) Pami\u0119tasz, by\u0142a jesie\u0144 ,ma\u0142y hotel &#8222;Pod r\u00f3\u017cami&#8221;, pok\u00f3j numer osiem Staruszek portier z u\u015bmiechem dawa\u0142 klucz Na schodach niecierpliwie ca\u0142owa\u0142e\u015b po kryjomu moje w\u0142osy Czy wi\u0119cej z\u0142otych li\u015bci by\u0142o czy twych pieszczot, mi\u0142y dzisiaj nie wiem ju\u017c Odszed\u0142e\u015b potem nagle, drzwi otwarte Li\u015b\u0107 powiewem wiatru pad\u0142 &hellip; <a href=\"https:\/\/magdaumer.pl\/home\/spiewnik\/pozegnania\/\" class=\"more-link\">Czytaj dalej <span class=\"screen-reader-text\">Po\u017cegnania<\/span> <span class=\"meta-nav\">&rarr;<\/span><\/a><\/p>\n","protected":false},"author":1,"featured_media":0,"parent":29,"menu_order":101,"comment_status":"closed","ping_status":"closed","template":"","meta":{"footnotes":""},"class_list":["post-1495","page","type-page","status-publish","hentry"],"_links":{"self":[{"href":"https:\/\/magdaumer.pl\/home\/wp-json\/wp\/v2\/pages\/1495","targetHints":{"allow":["GET"]}}],"collection":[{"href":"https:\/\/magdaumer.pl\/home\/wp-json\/wp\/v2\/pages"}],"about":[{"href":"https:\/\/magdaumer.pl\/home\/wp-json\/wp\/v2\/types\/page"}],"author":[{"embeddable":true,"href":"https:\/\/magdaumer.pl\/home\/wp-json\/wp\/v2\/users\/1"}],"replies":[{"embeddable":true,"href":"https:\/\/magdaumer.pl\/home\/wp-json\/wp\/v2\/comments?post=1495"}],"version-history":[{"count":6,"href":"https:\/\/magdaumer.pl\/home\/wp-json\/wp\/v2\/pages\/1495\/revisions"}],"predecessor-version":[{"id":2363,"href":"https:\/\/magdaumer.pl\/home\/wp-json\/wp\/v2\/pages\/1495\/revisions\/2363"}],"up":[{"embeddable":true,"href":"https:\/\/magdaumer.pl\/home\/wp-json\/wp\/v2\/pages\/29"}],"wp:attachment":[{"href":"https:\/\/magdaumer.pl\/home\/wp-json\/wp\/v2\/media?parent=1495"}],"curies":[{"name":"wp","href":"https:\/\/api.w.org\/{rel}","templated":true}]}}