{"id":1407,"date":"2016-01-02T13:47:24","date_gmt":"2016-01-02T13:47:24","guid":{"rendered":"http:\/\/magdaumer.pl\/home\/?page_id=1407"},"modified":"2016-03-02T20:06:12","modified_gmt":"2016-03-02T20:06:12","slug":"pamietajcie-o-ogrodach","status":"publish","type":"page","link":"https:\/\/magdaumer.pl\/home\/spiewnik\/pamietajcie-o-ogrodach\/","title":{"rendered":"Pami\u0119tajcie o ogrodach"},"content":{"rendered":"<p><span style=\"font-family: verdana, geneva, sans-serif;\"><b><span style=\"color: #000080; font-size: 14pt;\">Pami\u0119tajcie o ogrodach<\/span><br \/><span style=\"color: #6699ff; font-size: small;\">(s\u0142. J. Kofta, muz. J. Pietrzak)<\/span><span style=\"color: #3399ff; font-size: small;\"><br \/><\/span><br \/><span style=\"color: #666666;\"><br \/><\/span><\/b><span style=\"color: #333333;\">Bluszczem ku oknom<br \/>Kwiatem w samotno\u015b\u0107<br \/>Poszumem traw<br \/>Drzewem co stoi<br \/>Uspokojeniem<br \/>W\u015br\u00f3d tylu spraw<br \/>Pami\u0119tajcie o ogrodach<br \/>Przecie\u017c stamt\u0105d przyszli\u015bcie<br \/>W \u017car epoki u\u017cycz\u0105 wam ch\u0142odu<br \/>Tylko drzewa, tylko li\u015bcie<\/span><\/span><\/p>\n<p><span style=\"font-family: verdana, geneva, sans-serif; color: #333333;\">Pami\u0119tajcie o ogrodach<\/span><br \/><span style=\"font-family: verdana, geneva, sans-serif; color: #333333;\">Czy tak trudno by\u0107 poet\u0105<\/span><br \/><span style=\"font-family: verdana, geneva, sans-serif; color: #333333;\">W \u017car epoki nie u\u017cyczy wam ch\u0142odu<\/span><br \/><span style=\"font-family: verdana, geneva, sans-serif; color: #333333;\">\u017baden schron, \u017caden beton<\/span><br \/><span style=\"font-family: verdana, geneva, sans-serif; color: #333333;\">Kropl\u0105 pami\u0119ci<\/span><br \/><span style=\"font-family: verdana, geneva, sans-serif; color: #333333;\">Nici\u0105 paj\u0119cz\u0105<\/span><br \/><span style=\"font-family: verdana, geneva, sans-serif; color: #333333;\">Zapachem bzu<\/span><br \/><span style=\"font-family: verdana, geneva, sans-serif; color: #333333;\">Wiesz ju\u017c na pewno<\/span><br \/><span style=\"font-family: verdana, geneva, sans-serif; color: #333333;\">\u015awie\u017co\u015bci\u0105 rzewn\u0105<\/span><br \/><span style=\"font-family: verdana, geneva, sans-serif; color: #333333;\">To w\u0142a\u015bnie tu<\/span><\/p>\n<p><span style=\"font-family: verdana, geneva, sans-serif; color: #333333;\">Pami\u0119tajcie o ogrodach<\/span><br \/><span style=\"font-family: verdana, geneva, sans-serif; color: #333333;\">Przecie\u017c stamt\u0105d przyszli\u015bcie<\/span><br \/><span style=\"font-family: verdana, geneva, sans-serif; color: #333333;\">W \u017car epoki u\u017cycz\u0105 wam ch\u0142odu<\/span><br \/><span style=\"font-family: verdana, geneva, sans-serif; color: #333333;\">Tylko drzewa, tylko li\u015bcie<\/span><br \/><span style=\"font-family: verdana, geneva, sans-serif; color: #333333;\">Pami\u0119tajcie o ogrodach<\/span><br \/><span style=\"font-family: verdana, geneva, sans-serif; color: #333333;\">Czy tak trudno by\u0107 poet\u0105<\/span><br \/><span style=\"font-family: verdana, geneva, sans-serif; color: #333333;\">W \u017car epoki nie u\u017cyczy wam ch\u0142odu<\/span><br \/><span style=\"font-family: verdana, geneva, sans-serif; color: #333333;\">\u017baden schron, \u017caden beton<\/span><\/p>\n<p><span style=\"font-family: verdana, geneva, sans-serif; color: #333333;\">I dok\u0105d uciec<\/span><br \/><span style=\"font-family: verdana, geneva, sans-serif; color: #333333;\">W za ciasnym bucie<\/span><br \/><span style=\"font-family: verdana, geneva, sans-serif; color: #333333;\">Gdy twardy bruk<\/span><br \/><span style=\"font-family: verdana, geneva, sans-serif; color: #333333;\">S\u0105 gdzie\u015b daleko<\/span><br \/><span style=\"font-family: verdana, geneva, sans-serif; color: #333333;\">Przejrzyste rzeki<\/span><br \/><span style=\"font-family: verdana, geneva, sans-serif; color: #333333;\">I mamy XX wiek<\/span><\/p>\n<p><span style=\"font-family: verdana, geneva, sans-serif; color: #333333;\">Pami\u0119tajcie o ogrodach<\/span><br \/><span style=\"font-family: verdana, geneva, sans-serif; color: #333333;\">Przecie\u017c stamt\u0105d przyszli\u015bcie<\/span><br \/><span style=\"font-family: verdana, geneva, sans-serif; color: #333333;\">W \u017car epoki u\u017cycz\u0105 wam ch\u0142odu<\/span><br \/><span style=\"font-family: verdana, geneva, sans-serif; color: #333333;\">Tylko drzewa, tylko li\u015bcie<\/span><\/p>\n<p><span style=\"font-family: verdana, geneva, sans-serif; color: #333333;\">Pami\u0119tajcie o ogrodach<\/span><br \/><span style=\"font-family: verdana, geneva, sans-serif; color: #333333;\">Czy tak trudno by\u0107 poet\u0105<\/span><br \/><span style=\"font-family: verdana, geneva, sans-serif; color: #333333;\">W \u017car epoki nie u\u017cyczy wam ch\u0142odu<\/span><br \/><span style=\"font-family: verdana, geneva, sans-serif; color: #333333;\">\u017baden schron, \u017caden beton<\/span><\/p>\n","protected":false},"excerpt":{"rendered":"<p>Pami\u0119tajcie o ogrodach(s\u0142. J. Kofta, muz. J. Pietrzak)Bluszczem ku oknomKwiatem w samotno\u015b\u0107Poszumem trawDrzewem co stoiUspokojeniemW\u015br\u00f3d tylu sprawPami\u0119tajcie o ogrodachPrzecie\u017c stamt\u0105d przyszli\u015bcieW \u017car epoki u\u017cycz\u0105 wam ch\u0142oduTylko drzewa, tylko li\u015bcie Pami\u0119tajcie o ogrodachCzy tak trudno by\u0107 poet\u0105W \u017car epoki nie u\u017cyczy wam ch\u0142odu\u017baden schron, \u017caden betonKropl\u0105 pami\u0119ciNici\u0105 paj\u0119cz\u0105Zapachem bzuWiesz ju\u017c na pewno\u015awie\u017co\u015bci\u0105 rzewn\u0105To w\u0142a\u015bnie tu Pami\u0119tajcie &hellip; <a href=\"https:\/\/magdaumer.pl\/home\/spiewnik\/pamietajcie-o-ogrodach\/\" class=\"more-link\">Czytaj dalej <span class=\"screen-reader-text\">Pami\u0119tajcie o ogrodach<\/span> <span class=\"meta-nav\">&rarr;<\/span><\/a><\/p>\n","protected":false},"author":1,"featured_media":0,"parent":29,"menu_order":90,"comment_status":"closed","ping_status":"closed","template":"","meta":{"footnotes":""},"class_list":["post-1407","page","type-page","status-publish","hentry"],"_links":{"self":[{"href":"https:\/\/magdaumer.pl\/home\/wp-json\/wp\/v2\/pages\/1407","targetHints":{"allow":["GET"]}}],"collection":[{"href":"https:\/\/magdaumer.pl\/home\/wp-json\/wp\/v2\/pages"}],"about":[{"href":"https:\/\/magdaumer.pl\/home\/wp-json\/wp\/v2\/types\/page"}],"author":[{"embeddable":true,"href":"https:\/\/magdaumer.pl\/home\/wp-json\/wp\/v2\/users\/1"}],"replies":[{"embeddable":true,"href":"https:\/\/magdaumer.pl\/home\/wp-json\/wp\/v2\/comments?post=1407"}],"version-history":[{"count":4,"href":"https:\/\/magdaumer.pl\/home\/wp-json\/wp\/v2\/pages\/1407\/revisions"}],"predecessor-version":[{"id":2358,"href":"https:\/\/magdaumer.pl\/home\/wp-json\/wp\/v2\/pages\/1407\/revisions\/2358"}],"up":[{"embeddable":true,"href":"https:\/\/magdaumer.pl\/home\/wp-json\/wp\/v2\/pages\/29"}],"wp:attachment":[{"href":"https:\/\/magdaumer.pl\/home\/wp-json\/wp\/v2\/media?parent=1407"}],"curies":[{"name":"wp","href":"https:\/\/api.w.org\/{rel}","templated":true}]}}