{"id":1387,"date":"2016-01-02T13:37:12","date_gmt":"2016-01-02T13:37:12","guid":{"rendered":"http:\/\/magdaumer.pl\/home\/?page_id=1387"},"modified":"2016-03-02T19:49:33","modified_gmt":"2016-03-02T19:49:33","slug":"o-romeo","status":"publish","type":"page","link":"https:\/\/magdaumer.pl\/home\/spiewnik\/o-romeo\/","title":{"rendered":"O Romeo!"},"content":{"rendered":"<p><span style=\"font-family: verdana, geneva, sans-serif;\"><b><span style=\"color: #000080;\"><span style=\"font-size: large;\">O Romeo!<\/span><\/span><br \/><span style=\"color: #6699ff; font-size: small;\">(s\u0142. J. Przybora, muz. J. Wasowski)<\/span><span style=\"color: #3399ff; font-size: small;\"><br \/><\/span><br \/><span style=\"color: #666666;\"><br \/><\/span><\/b><span style=\"color: #333333;\">Po wieczerzy ju\u017c zmyte naczynka<br \/>We \u015bnie le\u017cy spowita dziecinka<br \/>Kt\u00f3r\u0105 los na pociech\u0119 mi da\u0142<br \/>Za kolejn\u0105 pomy\u0142k\u0119 dw\u00f3ch cia\u0142<br \/>Nastawiony ju\u017c budzik na sz\u00f3st\u0105<br \/>M\u0119tnie senne odbija mnie lustro<br \/>Tylko ja czuwam jeszcze<br \/>W moim oknie na pi\u0119trze<br \/>I w u\u015bpion\u0105 uliczk\u0119 m\u0105 krzycz\u0119<\/span><\/span><\/p>\n<p><span style=\"font-family: verdana, geneva, sans-serif;\">O Romeo, s\u0142owiczy sokole<\/span><br \/><span style=\"font-family: verdana, geneva, sans-serif;\">O t\u0119sknoto niewie\u015bcich pokole\u0144<\/span><br \/><span style=\"font-family: verdana, geneva, sans-serif;\">Otworzy\u0142am Ci okno<\/span><br \/><span style=\"font-family: verdana, geneva, sans-serif;\">Na t\u0119 moj\u0105 samotno\u015b\u0107<\/span><br \/><span style=\"font-family: verdana, geneva, sans-serif;\">O Romeo<\/span><br \/><span style=\"font-family: verdana, geneva, sans-serif;\">Czy jeste\u015b na dole<\/span><br \/><span style=\"font-family: verdana, geneva, sans-serif;\">Czy jeste\u015b na dole<\/span><\/p>\n<p><span style=\"font-family: verdana, geneva, sans-serif;\">A na dole jak zwykle nikogo<\/span><br \/><span style=\"font-family: verdana, geneva, sans-serif;\">mo\u017ce kolej z Werony za drogo?<\/span><br \/><span style=\"font-family: verdana, geneva, sans-serif;\">Mo\u017ce konno wyruszy\u0142<\/span><br \/><span style=\"font-family: verdana, geneva, sans-serif;\">A ko\u0144 nie\u017cyczliwie odnosi\u0142 si\u0119 do\u0144<\/span><br \/><span style=\"font-family: verdana, geneva, sans-serif;\">Mo\u017ce nie ma na klimat nasz palta<\/span><br \/><span style=\"font-family: verdana, geneva, sans-serif;\">Mo\u017ce w\u0142a\u015bnie doka\u0144cza Tybalta<\/span><br \/><span style=\"font-family: verdana, geneva, sans-serif;\">Mo\u017ce z\u0142y mu Kapulet<\/span><br \/><span style=\"font-family: verdana, geneva, sans-serif;\">Sprzeniewierzy\u0142 amulet<\/span><br \/><span style=\"font-family: verdana, geneva, sans-serif;\">Wi\u0119c w u\u015bpion\u0105 uliczk\u0119 zn\u00f3w krzycz\u0119<\/span><\/p>\n<p><span style=\"font-family: verdana, geneva, sans-serif;\">O Romeo, kochanku pokole\u0144<\/span><br \/><span style=\"font-family: verdana, geneva, sans-serif;\">O Romeo, ju\u017c na mnie jest kolej<\/span><br \/><span style=\"font-family: verdana, geneva, sans-serif;\">Otworzy\u0142am Ci okno<\/span><br \/><span style=\"font-family: verdana, geneva, sans-serif;\">Na t\u0119 moj\u0105 samotno\u015b\u0107<\/span><br \/><span style=\"font-family: verdana, geneva, sans-serif;\">O Romeo<\/span><br \/><span style=\"font-family: verdana, geneva, sans-serif;\">Czy jeste\u015b na dole<\/span><br \/><span style=\"font-family: verdana, geneva, sans-serif;\">Czy jeste\u015b na dole<\/span><\/p>\n<p><span style=\"font-family: verdana, geneva, sans-serif;\">A na dole odpowied\u017a jest cisz\u0105<\/span><br \/><span style=\"font-family: verdana, geneva, sans-serif;\">A na czole mym troska o przysz\u0142o\u015b\u0107<\/span><br \/><span style=\"font-family: verdana, geneva, sans-serif;\">Co to b\u0119dzie za miesi\u0105c jak wiek<\/span><br \/><span style=\"font-family: verdana, geneva, sans-serif;\">Kiedy drogi zawieje Ci \u015bnieg<\/span><br \/><span style=\"font-family: verdana, geneva, sans-serif;\">Co dzie\u0144 gorsza, Romeo, pogoda<\/span><br \/><span style=\"font-family: verdana, geneva, sans-serif;\">I ja jestem codziennie mniej m\u0142oda<\/span><br \/><span style=\"font-family: verdana, geneva, sans-serif;\">Do klasztoru Ci zbiegn\u0119<\/span><br \/><span style=\"font-family: verdana, geneva, sans-serif;\">Lub innemu ulegn\u0119<\/span><br \/><span style=\"font-family: verdana, geneva, sans-serif;\">\u017beby potem zn\u00f3w krzycze\u0107 w uliczk\u0119<\/span><\/p>\n<p><span style=\"font-family: verdana, geneva, sans-serif;\">Nie ma Ciebie, Romeo, na dole<\/span><br \/><span style=\"font-family: verdana, geneva, sans-serif;\">O Godocie niewie\u015bcich pokole\u0144<\/span><br \/><span style=\"font-family: verdana, geneva, sans-serif;\">Otwieramy wci\u0105\u017c okna<\/span><br \/><span style=\"font-family: verdana, geneva, sans-serif;\">W ka\u017cdym oknie samotna<\/span><br \/><span style=\"font-family: verdana, geneva, sans-serif;\">Patrzy w pole<\/span><br \/><span style=\"font-family: verdana, geneva, sans-serif;\">Gdzie\u015b wywi\u00f3d\u0142 j\u0105<\/span><\/p>\n<p>&nbsp;<\/p>\n<audio class=\"wp-audio-shortcode\" id=\"audio-1387-1\" preload=\"none\" style=\"width: 100%;\" controls=\"controls\"><source type=\"audio\/mpeg\" src=\"http:\/\/magdaumer.pl\/home\/wp-content\/uploads\/2014\/12\/oromeo.mp3?_=1\" \/><a href=\"http:\/\/magdaumer.pl\/home\/wp-content\/uploads\/2014\/12\/oromeo.mp3\">http:\/\/magdaumer.pl\/home\/wp-content\/uploads\/2014\/12\/oromeo.mp3<\/a><\/audio>\n","protected":false},"excerpt":{"rendered":"<p>O Romeo!(s\u0142. J. Przybora, muz. J. Wasowski)Po wieczerzy ju\u017c zmyte naczynkaWe \u015bnie le\u017cy spowita dziecinkaKt\u00f3r\u0105 los na pociech\u0119 mi da\u0142Za kolejn\u0105 pomy\u0142k\u0119 dw\u00f3ch cia\u0142Nastawiony ju\u017c budzik na sz\u00f3st\u0105M\u0119tnie senne odbija mnie lustroTylko ja czuwam jeszczeW moim oknie na pi\u0119trzeI w u\u015bpion\u0105 uliczk\u0119 m\u0105 krzycz\u0119 O Romeo, s\u0142owiczy sokoleO t\u0119sknoto niewie\u015bcich pokole\u0144Otworzy\u0142am Ci oknoNa t\u0119 moj\u0105 &hellip; <a href=\"https:\/\/magdaumer.pl\/home\/spiewnik\/o-romeo\/\" class=\"more-link\">Czytaj dalej <span class=\"screen-reader-text\">O Romeo!<\/span> <span class=\"meta-nav\">&rarr;<\/span><\/a><\/p>\n","protected":false},"author":1,"featured_media":0,"parent":29,"menu_order":80,"comment_status":"closed","ping_status":"closed","template":"","meta":{"footnotes":""},"class_list":["post-1387","page","type-page","status-publish","hentry"],"_links":{"self":[{"href":"https:\/\/magdaumer.pl\/home\/wp-json\/wp\/v2\/pages\/1387","targetHints":{"allow":["GET"]}}],"collection":[{"href":"https:\/\/magdaumer.pl\/home\/wp-json\/wp\/v2\/pages"}],"about":[{"href":"https:\/\/magdaumer.pl\/home\/wp-json\/wp\/v2\/types\/page"}],"author":[{"embeddable":true,"href":"https:\/\/magdaumer.pl\/home\/wp-json\/wp\/v2\/users\/1"}],"replies":[{"embeddable":true,"href":"https:\/\/magdaumer.pl\/home\/wp-json\/wp\/v2\/comments?post=1387"}],"version-history":[{"count":4,"href":"https:\/\/magdaumer.pl\/home\/wp-json\/wp\/v2\/pages\/1387\/revisions"}],"predecessor-version":[{"id":2353,"href":"https:\/\/magdaumer.pl\/home\/wp-json\/wp\/v2\/pages\/1387\/revisions\/2353"}],"up":[{"embeddable":true,"href":"https:\/\/magdaumer.pl\/home\/wp-json\/wp\/v2\/pages\/29"}],"wp:attachment":[{"href":"https:\/\/magdaumer.pl\/home\/wp-json\/wp\/v2\/media?parent=1387"}],"curies":[{"name":"wp","href":"https:\/\/api.w.org\/{rel}","templated":true}]}}