{"id":1375,"date":"2016-01-02T12:49:18","date_gmt":"2016-01-02T12:49:18","guid":{"rendered":"http:\/\/magdaumer.pl\/home\/?page_id=1375"},"modified":"2016-03-02T19:43:05","modified_gmt":"2016-03-02T19:43:05","slug":"1375-2","status":"publish","type":"page","link":"https:\/\/magdaumer.pl\/home\/spiewnik\/1375-2\/","title":{"rendered":"Nikt, tylko Ty"},"content":{"rendered":"<p><span style=\"font-family: verdana, geneva, sans-serif;\"><b><span style=\"color: #000080; font-size: 14pt;\">Nikt, tylko Ty<\/span><br \/> <span style=\"color: #6699ff; font-size: small;\">(s\u0142. pol. M. Hemar, muz. A. Johnstone)<\/span><\/b><\/span><\/p>\n<p><span style=\"font-family: verdana, geneva, sans-serif;\"><br \/>Ju\u017c nie m\u00f3w nic, na pr\u00f3\u017cno t\u0142umaczy\u0142by\u015b<\/span><br \/><span style=\"color: #333333; font-family: verdana, geneva, sans-serif; line-height: 1.5;\">Ju\u017c r\u00f3b co chcesz, nie \u015bci\u0105gaj tak brwi<br \/><\/span><span style=\"color: #333333; font-family: verdana, geneva, sans-serif; line-height: 1.5;\">Przebaczasz mi&#8230;? Nie, ju\u017c nie przebaczy\u0142by\u015b<br \/><\/span><span style=\"color: #333333; font-family: verdana, geneva, sans-serif; line-height: 1.5;\">Za du\u017co ju\u017c wiesz<br \/><\/span><span style=\"color: #333333; font-family: verdana, geneva, sans-serif; line-height: 1.5;\">A zreszt\u0105 za p\u00f3\u017ano<\/span><\/p>\n<p><span style=\"font-family: verdana, geneva, sans-serif; color: #333333;\">Nikt, tylko Ty<\/span><br \/><span style=\"font-family: verdana, geneva, sans-serif; color: #333333;\"> Nikt inny nie by\u0142 tak potrzebny<\/span><br \/><span style=\"font-family: verdana, geneva, sans-serif; color: #333333;\"> Kochany, z\u0142oty, cudny, srebrny<\/span><br \/><span style=\"font-family: verdana, geneva, sans-serif; color: #333333;\"> Nikt, tylko Ty<\/span><br \/><span style=\"font-family: verdana, geneva, sans-serif; color: #333333;\"> Nikt, tylko Ty<\/span><br \/><span style=\"font-family: verdana, geneva, sans-serif; color: #333333;\"> Nikt inny ni przez p\u00f3\u0142 godziny<\/span><br \/><span style=\"font-family: verdana, geneva, sans-serif; color: #333333;\"> ju\u017c potem nie by\u0142 tak jedyny<\/span><br \/><span style=\"font-family: verdana, geneva, sans-serif; color: #333333;\"> jak Ty, tylko Ty<\/span><\/p>\n<p><span style=\"font-family: verdana, geneva, sans-serif; color: #333333;\">Po tobie potem zna\u0142am wielu<\/span><br \/><span style=\"font-family: verdana, geneva, sans-serif; color: #333333;\"> zgorszenie widz\u0119 w oczach Twych<\/span><br \/><span style=\"font-family: verdana, geneva, sans-serif; color: #333333;\"> ach, widzisz, drogi przyjacielu<\/span><br \/><span style=\"font-family: verdana, geneva, sans-serif; color: #333333;\"> wci\u0105\u017c szuka\u0142am Ciebie w nich<\/span><br \/><span style=\"font-family: verdana, geneva, sans-serif; color: #333333;\"> na pr\u00f3\u017cno<\/span><\/p>\n<p><span style=\"font-family: verdana, geneva, sans-serif; color: #333333;\">Nikt, tylko Ty<\/span><br \/><span style=\"font-family: verdana, geneva, sans-serif; color: #333333;\"> Ach! Gdyby\u015b wtedy wr\u00f3ci\u0107 zechcia\u0142<\/span><br \/><span style=\"font-family: verdana, geneva, sans-serif; color: #333333;\"> Bo mog\u0142e\u015b wr\u00f3ci\u0107, ale\u015b nie chcia\u0142<\/span><br \/><span style=\"font-family: verdana, geneva, sans-serif; color: #333333;\"> jak nikt, tylko Ty<\/span><\/p>\n<p><span style=\"font-family: verdana, geneva, sans-serif; color: #333333;\">A widzisz dzi\u015b, dzi\u015b inna ju\u017c sprawa jest<\/span><br \/><span style=\"font-family: verdana, geneva, sans-serif; color: #333333;\"> Na pr\u00f3\u017cno r\u00f3b z\u0142e oczy sprzed lat<\/span><br \/><span style=\"font-family: verdana, geneva, sans-serif; color: #333333;\"> Ju\u017c tamto gr\u00f3b. Na grobie ju\u017c trawa jest<\/span><br \/><span style=\"font-family: verdana, geneva, sans-serif; color: #333333;\"> A w trawie jak kwiat p\u00f3\u0142 smutna piosenka<\/span><\/p>\n<p><span style=\"font-family: verdana, geneva, sans-serif; color: #333333;\">Nikt, tylko Ty<\/span><br \/><span style=\"font-family: verdana, geneva, sans-serif; color: #333333;\"> T\u0119 piosnk\u0119 zawsze Ci \u015bpiewa\u0142am<\/span><br \/><span style=\"font-family: verdana, geneva, sans-serif; color: #333333;\"> M\u00f3j Bo\u017ce, jak ja Ci\u0119 kocha\u0142am<\/span><br \/><span style=\"font-family: verdana, geneva, sans-serif; color: #333333;\"> Nikt, tylko Ty<\/span><br \/><span style=\"font-family: verdana, geneva, sans-serif; color: #333333;\"> Nikt, tylko Ty<\/span><br \/><span style=\"font-family: verdana, geneva, sans-serif; color: #333333;\"> Ty przecie\u017c dla mnie by\u0142e\u015b wszystko<\/span><br \/><span style=\"font-family: verdana, geneva, sans-serif; color: #333333;\"> B\u00f3g by\u0142 daleko, Ty\u015b by\u0142 blisko<\/span><br \/><span style=\"font-family: verdana, geneva, sans-serif; color: #333333;\"> jak nikt, tylko Ty<\/span><\/p>\n<p><span style=\"font-family: verdana, geneva, sans-serif; color: #333333;\">A potem przysz\u0142o \u017cycie zwyk\u0142e<\/span><br \/><span style=\"font-family: verdana, geneva, sans-serif; color: #333333;\"> i sw\u0105 rob\u00f3tk\u0119 zrobi\u0142 czas<\/span><br \/><span style=\"font-family: verdana, geneva, sans-serif; color: #333333;\"> wspomnienie coraz bardziej nik\u0142e<\/span><br \/><span style=\"font-family: verdana, geneva, sans-serif; color: #333333;\"> jak ksi\u0105\u017cka przeczytana, zapomniana<\/span><\/p>\n<p><span style=\"font-family: verdana, geneva, sans-serif; color: #333333;\">Nikt, tylko Ty<\/span><br \/><span style=\"font-family: verdana, geneva, sans-serif; color: #333333;\"> Ty jeden tylko i nikt inny<\/span><br \/><span style=\"font-family: verdana, geneva, sans-serif; color: #333333;\"> I czas jest tylko temu winny<\/span><br \/><span style=\"font-family: verdana, geneva, sans-serif; color: #333333;\"> \u017be to ju\u017c nie Ty\u2026<\/span><\/p>\n<p>&nbsp;<\/p>\n<audio class=\"wp-audio-shortcode\" id=\"audio-1375-1\" preload=\"none\" style=\"width: 100%;\" controls=\"controls\"><source type=\"audio\/mpeg\" src=\"http:\/\/magdaumer.pl\/home\/wp-content\/uploads\/2014\/12\/nikttylkoty.mp3?_=1\" \/><a href=\"http:\/\/magdaumer.pl\/home\/wp-content\/uploads\/2014\/12\/nikttylkoty.mp3\">http:\/\/magdaumer.pl\/home\/wp-content\/uploads\/2014\/12\/nikttylkoty.mp3<\/a><\/audio>\n","protected":false},"excerpt":{"rendered":"<p>Nikt, tylko Ty (s\u0142. pol. M. Hemar, muz. A. Johnstone) Ju\u017c nie m\u00f3w nic, na pr\u00f3\u017cno t\u0142umaczy\u0142by\u015bJu\u017c r\u00f3b co chcesz, nie \u015bci\u0105gaj tak brwiPrzebaczasz mi&#8230;? Nie, ju\u017c nie przebaczy\u0142by\u015bZa du\u017co ju\u017c wieszA zreszt\u0105 za p\u00f3\u017ano Nikt, tylko Ty Nikt inny nie by\u0142 tak potrzebny Kochany, z\u0142oty, cudny, srebrny Nikt, tylko Ty Nikt, tylko Ty Nikt &hellip; <a href=\"https:\/\/magdaumer.pl\/home\/spiewnik\/1375-2\/\" class=\"more-link\">Czytaj dalej <span class=\"screen-reader-text\">Nikt, tylko Ty<\/span> <span class=\"meta-nav\">&rarr;<\/span><\/a><\/p>\n","protected":false},"author":1,"featured_media":0,"parent":29,"menu_order":76,"comment_status":"closed","ping_status":"closed","template":"","meta":{"footnotes":""},"class_list":["post-1375","page","type-page","status-publish","hentry"],"_links":{"self":[{"href":"https:\/\/magdaumer.pl\/home\/wp-json\/wp\/v2\/pages\/1375","targetHints":{"allow":["GET"]}}],"collection":[{"href":"https:\/\/magdaumer.pl\/home\/wp-json\/wp\/v2\/pages"}],"about":[{"href":"https:\/\/magdaumer.pl\/home\/wp-json\/wp\/v2\/types\/page"}],"author":[{"embeddable":true,"href":"https:\/\/magdaumer.pl\/home\/wp-json\/wp\/v2\/users\/1"}],"replies":[{"embeddable":true,"href":"https:\/\/magdaumer.pl\/home\/wp-json\/wp\/v2\/comments?post=1375"}],"version-history":[{"count":5,"href":"https:\/\/magdaumer.pl\/home\/wp-json\/wp\/v2\/pages\/1375\/revisions"}],"predecessor-version":[{"id":2349,"href":"https:\/\/magdaumer.pl\/home\/wp-json\/wp\/v2\/pages\/1375\/revisions\/2349"}],"up":[{"embeddable":true,"href":"https:\/\/magdaumer.pl\/home\/wp-json\/wp\/v2\/pages\/29"}],"wp:attachment":[{"href":"https:\/\/magdaumer.pl\/home\/wp-json\/wp\/v2\/media?parent=1375"}],"curies":[{"name":"wp","href":"https:\/\/api.w.org\/{rel}","templated":true}]}}