{"id":1364,"date":"2016-01-02T12:25:44","date_gmt":"2016-01-02T12:25:44","guid":{"rendered":"http:\/\/magdaumer.pl\/home\/?page_id=1364"},"modified":"2016-03-02T19:37:13","modified_gmt":"2016-03-02T19:37:13","slug":"nie-ma-nas","status":"publish","type":"page","link":"https:\/\/magdaumer.pl\/home\/spiewnik\/nie-ma-nas\/","title":{"rendered":"Nie ma nas"},"content":{"rendered":"<p><span style=\"font-family: verdana, geneva, sans-serif;\"><b><span style=\"color: #000080; font-size: 14pt;\">Nie ma nas<\/span><br \/> <span style=\"color: #6699ff; font-size: small;\">(s\u0142. i muz. Leszek D\u0142ugosz)<\/span><\/b><\/span><\/p>\n<p><span style=\"font-family: verdana, geneva, sans-serif;\"><br \/>Kt\u00f3\u017c to tak si\u0119 zapami\u0119ta\u0142, \u017ce zapomnia\u0142 o nas samych<\/span><br \/><span style=\"color: #333333; font-family: verdana, geneva, sans-serif; line-height: 1.5;\">Zawieruszy\u0142 si\u0119, odwr\u00f3ci\u0142, kt\u00f3\u017c to tak?<br \/><\/span><span style=\"color: #333333; font-family: verdana, geneva, sans-serif; line-height: 1.5;\">Tak, to my i cho\u0107 siedzimy tak naprzeciw<br \/><\/span><span style=\"color: #333333; font-family: verdana, geneva, sans-serif; line-height: 1.5;\">Niby razem, ale nie ma nas ju\u017c, sp\u00f3jrz\u2026<br \/><\/span><span style=\"color: #333333; font-family: verdana, geneva, sans-serif; line-height: 1.5;\">Jesie\u0144 li\u015b\u0107mi zasypuje ju\u017c w\u0105wozy<br \/><\/span><span style=\"color: #333333; font-family: verdana, geneva, sans-serif; line-height: 1.5;\">A na smyczy, zobacz, przy niej biegnie lis<br \/><\/span><span style=\"color: #333333; font-family: verdana, geneva, sans-serif; line-height: 1.5;\">Jeszcze mogliby\u015bmy razem w z\u0142otorude krajobrazy<br \/><\/span><span style=\"color: #333333; font-family: verdana, geneva, sans-serif; line-height: 1.5;\">Jeszcze za ni\u0105 si\u0119 przemyka\u0107, jeszcze s\u0142ucha\u0107 tej muzyki, kt\u00f3r\u0105 gra<br \/><\/span><span style=\"color: #333333; font-family: verdana, geneva, sans-serif; line-height: 1.5;\">Ale nas ju\u017c przecie\u017c nie ma, ani tu i ani tam\u2026<\/span><\/p>\n<p><span style=\"font-family: verdana, geneva, sans-serif; color: #333333;\">Tylko sk\u0105d si\u0119 wije, sk\u0105d pami\u0119ta<\/span><br \/><span style=\"font-family: verdana, geneva, sans-serif; color: #333333;\"> Taka melodyjka, \u0107wier\u0107piosenka<\/span><br \/><span style=\"font-family: verdana, geneva, sans-serif; color: #333333;\"> Co tak podpowiada, wci\u0105\u017c t\u0142umaczy<\/span><br \/><span style=\"font-family: verdana, geneva, sans-serif; color: #333333;\"> \u017be to wszystko mog\u0142o\u2026<\/span><br \/><span style=\"font-family: verdana, geneva, sans-serif; color: #333333;\"> Mog\u0142o by\u0107 inaczej\u2026<\/span><\/p>\n<p><span style=\"font-family: verdana, geneva, sans-serif; color: #333333;\">I w zdumieniu rosn\u0105 cienie na werandzie<\/span><br \/><span style=\"font-family: verdana, geneva, sans-serif; color: #333333;\"> Wiklinowy nagle za nas westchn\u0105\u0142 st\u00f3\u0142<\/span><br \/><span style=\"font-family: verdana, geneva, sans-serif; color: #333333;\"> Taka cisza, taka chwila, tak naprzeciw\u2026<\/span><br \/><span style=\"font-family: verdana, geneva, sans-serif; color: #333333;\"> Niby razem, ale nie ma nas ju\u017c, sp\u00f3jrz<\/span><br \/><span style=\"font-family: verdana, geneva, sans-serif; color: #333333;\"> I s\u0105 rzeczy i s\u0105 miejsca, gdzie\u015bmy byli<\/span><br \/><span style=\"font-family: verdana, geneva, sans-serif; color: #333333;\"> Biegn\u0105 schody do ogrodu, jak co dnia<\/span><br \/><span style=\"font-family: verdana, geneva, sans-serif; color: #333333;\"> Jeszcze przecie\u017c na nich trwamy, ale jak\u017ce nie ci sami<\/span><br \/><span style=\"font-family: verdana, geneva, sans-serif; color: #333333;\"> Raczej bardziej z przypomnienia, coraz wi\u0119cej w nas milczenia<\/span><br \/><span style=\"font-family: verdana, geneva, sans-serif; color: #333333;\"> Nie ma nas<\/span><br \/><span style=\"font-family: verdana, geneva, sans-serif; color: #333333;\"> Sam si\u0119 dziwisz, m\u00f3wisz szkoda, \u017ce to ju\u017c i \u017ce a\u017c tak\u2026<\/span><\/p>\n<p><span style=\"font-family: verdana, geneva, sans-serif; color: #333333;\">Tylko sk\u0105d si\u0119 wije, sk\u0105d pami\u0119ta<\/span><br \/><span style=\"font-family: verdana, geneva, sans-serif; color: #333333;\"> taka melodyjka, \u0107wier\u0107piosenka<\/span><br \/><span style=\"font-family: verdana, geneva, sans-serif; color: #333333;\"> Co tak podpowiada, wci\u0105\u017c t\u0142umaczy<\/span><br \/><span style=\"font-family: verdana, geneva, sans-serif; color: #333333;\"> \u017be to wszystko mog\u0142o\u2026<\/span><br \/><span style=\"font-family: verdana, geneva, sans-serif; color: #333333;\"> Mog\u0142o by\u0107 inaczej\u2026!<\/span><\/p>\n<p>&nbsp;<\/p>\n<audio class=\"wp-audio-shortcode\" id=\"audio-1364-1\" preload=\"none\" style=\"width: 100%;\" controls=\"controls\"><source type=\"audio\/mpeg\" src=\"http:\/\/magdaumer.pl\/home\/wp-content\/uploads\/2014\/12\/niemanas.mp3?_=1\" \/><a href=\"http:\/\/magdaumer.pl\/home\/wp-content\/uploads\/2014\/12\/niemanas.mp3\">http:\/\/magdaumer.pl\/home\/wp-content\/uploads\/2014\/12\/niemanas.mp3<\/a><\/audio>\n","protected":false},"excerpt":{"rendered":"<p>Nie ma nas (s\u0142. i muz. Leszek D\u0142ugosz) Kt\u00f3\u017c to tak si\u0119 zapami\u0119ta\u0142, \u017ce zapomnia\u0142 o nas samychZawieruszy\u0142 si\u0119, odwr\u00f3ci\u0142, kt\u00f3\u017c to tak?Tak, to my i cho\u0107 siedzimy tak naprzeciwNiby razem, ale nie ma nas ju\u017c, sp\u00f3jrz\u2026Jesie\u0144 li\u015b\u0107mi zasypuje ju\u017c w\u0105wozyA na smyczy, zobacz, przy niej biegnie lisJeszcze mogliby\u015bmy razem w z\u0142otorude krajobrazyJeszcze za ni\u0105 &hellip; <a href=\"https:\/\/magdaumer.pl\/home\/spiewnik\/nie-ma-nas\/\" class=\"more-link\">Czytaj dalej <span class=\"screen-reader-text\">Nie ma nas<\/span> <span class=\"meta-nav\">&rarr;<\/span><\/a><\/p>\n","protected":false},"author":1,"featured_media":0,"parent":29,"menu_order":72,"comment_status":"closed","ping_status":"closed","template":"","meta":{"footnotes":""},"class_list":["post-1364","page","type-page","status-publish","hentry"],"_links":{"self":[{"href":"https:\/\/magdaumer.pl\/home\/wp-json\/wp\/v2\/pages\/1364","targetHints":{"allow":["GET"]}}],"collection":[{"href":"https:\/\/magdaumer.pl\/home\/wp-json\/wp\/v2\/pages"}],"about":[{"href":"https:\/\/magdaumer.pl\/home\/wp-json\/wp\/v2\/types\/page"}],"author":[{"embeddable":true,"href":"https:\/\/magdaumer.pl\/home\/wp-json\/wp\/v2\/users\/1"}],"replies":[{"embeddable":true,"href":"https:\/\/magdaumer.pl\/home\/wp-json\/wp\/v2\/comments?post=1364"}],"version-history":[{"count":5,"href":"https:\/\/magdaumer.pl\/home\/wp-json\/wp\/v2\/pages\/1364\/revisions"}],"predecessor-version":[{"id":2344,"href":"https:\/\/magdaumer.pl\/home\/wp-json\/wp\/v2\/pages\/1364\/revisions\/2344"}],"up":[{"embeddable":true,"href":"https:\/\/magdaumer.pl\/home\/wp-json\/wp\/v2\/pages\/29"}],"wp:attachment":[{"href":"https:\/\/magdaumer.pl\/home\/wp-json\/wp\/v2\/media?parent=1364"}],"curies":[{"name":"wp","href":"https:\/\/api.w.org\/{rel}","templated":true}]}}