{"id":1361,"date":"2016-01-02T12:23:10","date_gmt":"2016-01-02T12:23:10","guid":{"rendered":"http:\/\/magdaumer.pl\/home\/?page_id=1361"},"modified":"2016-03-02T19:35:48","modified_gmt":"2016-03-02T19:35:48","slug":"nie-deptac-trawnikow","status":"publish","type":"page","link":"https:\/\/magdaumer.pl\/home\/spiewnik\/nie-deptac-trawnikow\/","title":{"rendered":"Nie depta\u0107 trawnik\u00f3w"},"content":{"rendered":"<p><span style=\"font-family: verdana, geneva, sans-serif;\"><b><span style=\"color: #000080; font-size: 14pt;\">Nie depta\u0107 trawnik\u00f3w<\/span><br \/> <span style=\"color: #6699ff; font-size: small;\">(s\u0142. J. Przybora, muz. J. Wasowski)<\/span><\/b><\/span><\/p>\n<p><span style=\"color: #333333; font-family: verdana, geneva, sans-serif; line-height: 1.5;\"><br \/>Nie depta\u0107 trawnik\u00f3w, nie depta\u0107 trawnik\u00f3w<br \/><\/span><span style=\"color: #333333; font-family: verdana, geneva, sans-serif; line-height: 1.5;\">Deptanie trawnik\u00f3w to ha\u0144ba trzewik\u00f3w<br \/><\/span><span style=\"color: #333333; font-family: verdana, geneva, sans-serif; line-height: 1.5;\">Bo trawnik zdeptany jak cze\u015b\u0107 lub uczucie<br \/><\/span><span style=\"color: #333333; font-family: verdana, geneva, sans-serif; line-height: 1.5;\">Jak krew pozostawi chlorofil na bucie<br \/><\/span><span style=\"color: #333333; font-family: verdana, geneva, sans-serif; line-height: 1.5;\">Wojskowy, i cywilu nie marnuj chlorofilu!<br \/><\/span><span style=\"color: #333333; font-family: verdana, geneva, sans-serif; line-height: 1.5;\">Wojskowy, i cywilu nie marnuj (chlo)rofilu!<\/span><\/p>\n<p><span style=\"font-family: verdana, geneva, sans-serif; color: #333333;\">Nie depta\u0107 trawnik\u00f3w, nie depta\u0107 trawnik\u00f3w<\/span><br \/><span style=\"font-family: verdana, geneva, sans-serif; color: #333333;\"> W trawnikach bez liku jest polnych konik\u00f3w<\/span><br \/><span style=\"font-family: verdana, geneva, sans-serif; color: #333333;\"> I polne tam klaczki, i polne \u017arebaczki<\/span><br \/><span style=\"font-family: verdana, geneva, sans-serif; color: #333333;\"> Ogierki, wa\u0142aszki, ojej!<\/span><br \/><span style=\"font-family: verdana, geneva, sans-serif; color: #333333;\"> Deptanie dla tych stworze\u0144, to pasmo upokorze\u0144!<\/span><br \/><span style=\"font-family: verdana, geneva, sans-serif; color: #333333;\"> Deptanie dla tych stworze\u0144, to pasmo (u)pokorze\u0144!<\/span><\/p>\n<p>&nbsp;<\/p>\n<audio class=\"wp-audio-shortcode\" id=\"audio-1361-1\" preload=\"none\" style=\"width: 100%;\" controls=\"controls\"><source type=\"audio\/mpeg\" src=\"http:\/\/magdaumer.pl\/home\/wp-content\/uploads\/2014\/12\/niedeptactrawnikow.mp3?_=1\" \/><a href=\"http:\/\/magdaumer.pl\/home\/wp-content\/uploads\/2014\/12\/niedeptactrawnikow.mp3\">http:\/\/magdaumer.pl\/home\/wp-content\/uploads\/2014\/12\/niedeptactrawnikow.mp3<\/a><\/audio>\n","protected":false},"excerpt":{"rendered":"<p>Nie depta\u0107 trawnik\u00f3w (s\u0142. J. Przybora, muz. J. Wasowski) Nie depta\u0107 trawnik\u00f3w, nie depta\u0107 trawnik\u00f3wDeptanie trawnik\u00f3w to ha\u0144ba trzewik\u00f3wBo trawnik zdeptany jak cze\u015b\u0107 lub uczucieJak krew pozostawi chlorofil na bucieWojskowy, i cywilu nie marnuj chlorofilu!Wojskowy, i cywilu nie marnuj (chlo)rofilu! Nie depta\u0107 trawnik\u00f3w, nie depta\u0107 trawnik\u00f3w W trawnikach bez liku jest polnych konik\u00f3w I polne &hellip; <a href=\"https:\/\/magdaumer.pl\/home\/spiewnik\/nie-deptac-trawnikow\/\" class=\"more-link\">Czytaj dalej <span class=\"screen-reader-text\">Nie depta\u0107 trawnik\u00f3w<\/span> <span class=\"meta-nav\">&rarr;<\/span><\/a><\/p>\n","protected":false},"author":1,"featured_media":0,"parent":29,"menu_order":71,"comment_status":"closed","ping_status":"closed","template":"","meta":{"footnotes":""},"class_list":["post-1361","page","type-page","status-publish","hentry"],"_links":{"self":[{"href":"https:\/\/magdaumer.pl\/home\/wp-json\/wp\/v2\/pages\/1361","targetHints":{"allow":["GET"]}}],"collection":[{"href":"https:\/\/magdaumer.pl\/home\/wp-json\/wp\/v2\/pages"}],"about":[{"href":"https:\/\/magdaumer.pl\/home\/wp-json\/wp\/v2\/types\/page"}],"author":[{"embeddable":true,"href":"https:\/\/magdaumer.pl\/home\/wp-json\/wp\/v2\/users\/1"}],"replies":[{"embeddable":true,"href":"https:\/\/magdaumer.pl\/home\/wp-json\/wp\/v2\/comments?post=1361"}],"version-history":[{"count":6,"href":"https:\/\/magdaumer.pl\/home\/wp-json\/wp\/v2\/pages\/1361\/revisions"}],"predecessor-version":[{"id":2343,"href":"https:\/\/magdaumer.pl\/home\/wp-json\/wp\/v2\/pages\/1361\/revisions\/2343"}],"up":[{"embeddable":true,"href":"https:\/\/magdaumer.pl\/home\/wp-json\/wp\/v2\/pages\/29"}],"wp:attachment":[{"href":"https:\/\/magdaumer.pl\/home\/wp-json\/wp\/v2\/media?parent=1361"}],"curies":[{"name":"wp","href":"https:\/\/api.w.org\/{rel}","templated":true}]}}