{"id":1340,"date":"2016-01-02T11:35:44","date_gmt":"2016-01-02T11:35:44","guid":{"rendered":"http:\/\/magdaumer.pl\/home\/?page_id=1340"},"modified":"2016-02-29T21:54:36","modified_gmt":"2016-02-29T21:54:36","slug":"mimo-woli-zaplatalam-sie","status":"publish","type":"page","link":"https:\/\/magdaumer.pl\/home\/spiewnik\/mimo-woli-zaplatalam-sie\/","title":{"rendered":"Mimo woli zapl\u0105ta\u0142am si\u0119"},"content":{"rendered":"<p><span style=\"font-family: verdana, geneva, sans-serif;\"><b><span style=\"color: #000080; font-size: 14pt;\">Mimo woli zapl\u0105ta\u0142am si\u0119<\/span><br \/> <span style=\"color: #6699ff; font-size: small;\">(s\u0142. A. Bianusz, muz. W. Kolankowski)<\/span><span style=\"color: #3399ff; font-size: small;\"><br \/> <\/span><br \/> <span style=\"color: #666666;\"><br \/> <\/span><\/b><span style=\"color: #333333;\">Mimo woli zapl\u0105ta\u0142am si\u0119<br \/> Wpad\u0142am w swoj\u0105 w\u0142asn\u0105 sie\u0107<br \/> Przecie\u017c tak mia\u0142o by\u0107<br \/> \u017be ty mnie, \u017ce to ty<br \/> Mnie mia\u0142e\u015b chcie\u0107<br \/> Mia\u0142e\u015b \u0142azi\u0107 za mn\u0105 wiele dni<br \/> Mia\u0142o by\u0107 ci bardzo \u017ale<br \/> Mia\u0142e\u015b cierpie\u0107, a ja mia\u0142am ci<br \/> Mia\u0142am ci m\u00f3wi\u0107 \u201enie\u201d<\/span><\/span><\/p>\n<p><span style=\"font-family: verdana, geneva, sans-serif; color: #333333;\">Wi\u0119c jak jest, \u017ce to mnie<\/span><br \/><span style=\"font-family: verdana, geneva, sans-serif; color: #333333;\"> Teraz czego\u015b brak<\/span><br \/><span style=\"font-family: verdana, geneva, sans-serif; color: #333333;\"> \u017be zamiast \u201enie\u201d<\/span><br \/><span style=\"font-family: verdana, geneva, sans-serif; color: #333333;\"> Nagle m\u00f3wi\u0119 \u201etak\u201d<\/span><br \/><span style=\"font-family: verdana, geneva, sans-serif; color: #333333;\"> M\u00f3wi\u0119 \u201etak\u201d<\/span><br \/><span style=\"font-family: verdana, geneva, sans-serif; color: #333333;\"> A ty nie s\u0142yszysz mnie<\/span><br \/><span style=\"font-family: verdana, geneva, sans-serif; color: #333333;\"> Ciebie nawet nie ma tu<\/span><br \/><span style=\"font-family: verdana, geneva, sans-serif; color: #333333;\"> Ach, jak bardzo zapl\u0105ta\u0142am si\u0119<\/span><br \/><span style=\"font-family: verdana, geneva, sans-serif; color: #333333;\"> I tak jest dzie\u0144 po dniu<\/span><\/p>\n<p><span style=\"font-family: verdana, geneva, sans-serif; color: #333333;\">Wi\u0119c jak to jest, \u017ce to ja<\/span><br \/><span style=\"font-family: verdana, geneva, sans-serif; color: #333333;\"> Nagle nie mam si\u0142<\/span><br \/><span style=\"font-family: verdana, geneva, sans-serif; color: #333333;\"> \u017be marz\u0119 wci\u0105\u017c, \u017ceby\u015b by\u0142<\/span><br \/><span style=\"font-family: verdana, geneva, sans-serif; color: #333333;\"> \u017beby\u015b tylko by\u0142<\/span><br \/><span style=\"font-family: verdana, geneva, sans-serif; color: #333333;\"> Przecie\u017c tak by\u0107 mia\u0142o<\/span><br \/><span style=\"font-family: verdana, geneva, sans-serif; color: #333333;\"> \u017be ty mnie, to ty mnie<\/span><br \/><span style=\"font-family: verdana, geneva, sans-serif; color: #333333;\"> Tak mia\u0142e\u015b chcie\u0107<\/span><br \/><span style=\"font-family: verdana, geneva, sans-serif; color: #333333;\"> Mimo woli zapl\u0105ta\u0142am si\u0119<\/span><br \/><span style=\"font-family: verdana, geneva, sans-serif; color: #333333;\"> Wpad\u0142am w sw\u0105 w\u0142asn\u0105 sie\u0107<\/span><\/p>\n","protected":false},"excerpt":{"rendered":"<p>Mimo woli zapl\u0105ta\u0142am si\u0119 (s\u0142. A. Bianusz, muz. W. Kolankowski) Mimo woli zapl\u0105ta\u0142am si\u0119 Wpad\u0142am w swoj\u0105 w\u0142asn\u0105 sie\u0107 Przecie\u017c tak mia\u0142o by\u0107 \u017be ty mnie, \u017ce to ty Mnie mia\u0142e\u015b chcie\u0107 Mia\u0142e\u015b \u0142azi\u0107 za mn\u0105 wiele dni Mia\u0142o by\u0107 ci bardzo \u017ale Mia\u0142e\u015b cierpie\u0107, a ja mia\u0142am ci Mia\u0142am ci m\u00f3wi\u0107 \u201enie\u201d Wi\u0119c jak &hellip; <a href=\"https:\/\/magdaumer.pl\/home\/spiewnik\/mimo-woli-zaplatalam-sie\/\" class=\"more-link\">Czytaj dalej <span class=\"screen-reader-text\">Mimo woli zapl\u0105ta\u0142am si\u0119<\/span> <span class=\"meta-nav\">&rarr;<\/span><\/a><\/p>\n","protected":false},"author":1,"featured_media":0,"parent":29,"menu_order":65,"comment_status":"closed","ping_status":"closed","template":"","meta":{"footnotes":""},"class_list":["post-1340","page","type-page","status-publish","hentry"],"_links":{"self":[{"href":"https:\/\/magdaumer.pl\/home\/wp-json\/wp\/v2\/pages\/1340","targetHints":{"allow":["GET"]}}],"collection":[{"href":"https:\/\/magdaumer.pl\/home\/wp-json\/wp\/v2\/pages"}],"about":[{"href":"https:\/\/magdaumer.pl\/home\/wp-json\/wp\/v2\/types\/page"}],"author":[{"embeddable":true,"href":"https:\/\/magdaumer.pl\/home\/wp-json\/wp\/v2\/users\/1"}],"replies":[{"embeddable":true,"href":"https:\/\/magdaumer.pl\/home\/wp-json\/wp\/v2\/comments?post=1340"}],"version-history":[{"count":4,"href":"https:\/\/magdaumer.pl\/home\/wp-json\/wp\/v2\/pages\/1340\/revisions"}],"predecessor-version":[{"id":2063,"href":"https:\/\/magdaumer.pl\/home\/wp-json\/wp\/v2\/pages\/1340\/revisions\/2063"}],"up":[{"embeddable":true,"href":"https:\/\/magdaumer.pl\/home\/wp-json\/wp\/v2\/pages\/29"}],"wp:attachment":[{"href":"https:\/\/magdaumer.pl\/home\/wp-json\/wp\/v2\/media?parent=1340"}],"curies":[{"name":"wp","href":"https:\/\/api.w.org\/{rel}","templated":true}]}}